{"id":64,"date":"2015-03-09T17:59:10","date_gmt":"2015-03-09T17:59:10","guid":{"rendered":"http:\/\/pages.pedf.cuni.cz\/ksppg\/?page_id=64"},"modified":"2021-02-09T01:25:35","modified_gmt":"2021-02-09T00:25:35","slug":"statni-zaverecne-zkousky","status":"publish","type":"page","link":"https:\/\/pages.pedf.cuni.cz\/ksppg\/statni-zaverecne-zkousky","title":{"rendered":"St\u00e1tn\u00ed z\u00e1v\u011bre\u010dn\u00e9 zkou\u0161ky"},"content":{"rendered":"<p style=\"text-align: justify\"><strong>Ke st\u00e1tn\u00ed z\u00e1v\u011bre\u010dn\u00e9 zkou\u0161ce<\/strong> <strong>a obhajob\u011b<\/strong> se studenti p\u0159ihla\u0161uj\u00ed p\u0159es<strong><span style=\"color: #003300\"> <a style=\"color: #003300\" href=\"https:\/\/is.cuni.cz\/studium\/index.php?sso_id=daebfb8e03335a16e61162ebccde133f\">SIS<\/a><\/span><\/strong>, v dob\u011b stanoven\u00e9 harmonogramem p\u0159\u00edslu\u0161n\u00e9ho akademick\u00e9ho roku.<\/p>\n<p style=\"text-align: justify\">Bakal\u00e1\u0159sk\u00e9 a diplomov\u00e9 pr\u00e1ce se odevzd\u00e1vaj\u00ed p\u0159es <strong><span style=\"color: #003300\"><a style=\"color: #003300\" href=\"https:\/\/is.cuni.cz\/studium\/index.php?sso_id=daebfb8e03335a16e61162ebccde133f\">SIS<\/a> <\/span><\/strong>do data uveden\u00e9ho v harmonogamu p\u0159\u00edslu\u0161n\u00e9ho akademick\u00e9ho roku<strong>\u00a0<\/strong>a\u00a0jsou vypracov\u00e1ny podle\u00a0 <a href=\"http:\/\/wwwmod.pedf.cuni.cz\/udeska\/files\/opatreni_dekana\/opad_k_podrobnostem_zaverecne_prace_2020.pdf\"><span style=\"color: #ff0000\"><span style=\"color: #003300\"><strong>Opat\u0159en\u00ed d\u011bkana \u010d. 38\/2020<\/strong>.<\/span><\/span><\/a><\/p>\n<ul>\n<li><strong>Podrobn\u011bj\u0161\u00ed<span style=\"color: #ff0000\"> <a style=\"color: #ff0000\" href=\"https:\/\/pages.pedf.cuni.cz\/ksppg\/szz-bakalarske\"><span style=\"color: #003300\">informace<\/span><\/a><\/span> k bakal\u00e1\u0159sk\u00fdm st\u00e1tn\u00edm zkou\u0161k\u00e1m<\/strong><\/li>\n<li><strong>Podrobn\u011bj\u0161\u00ed<span style=\"color: #003300\"><a style=\"color: #003300\" href=\"https:\/\/pages.pedf.cuni.cz\/ksppg\/szz-navazujici-magisterske\"> informace<\/a><\/span> k navazuj\u00edc\u00edm magistersk\u00fdm st\u00e1tn\u00edm zkou\u0161k\u00e1m<br \/>\n<\/strong><\/li>\n<\/ul>\n<p style=\"text-align: left\">V\u0161ichni studenti vypracuj\u00ed k jednotliv\u00fdm p\u0159edm\u011bt\u016fm SZZ p\u00edsemn\u00fd seznam prostudovan\u00e9 odborn\u00e9 literatury.<\/p>\n<p style=\"text-align: justify\"><strong>Na ka\u017edou \u010d\u00e1st st\u00e1tn\u00ed z\u00e1v\u011bre\u010dn\u00e9 zkou\u0161ky se student p\u0159ihla\u0161uje prost\u0159ednictv\u00edm <a href=\"https:\/\/is.cuni.cz\/studium\/index.php?sso_id=daebfb8e03335a16e61162ebccde133f\"><span style=\"color: #003300\">SIS<\/span><\/a><\/strong>, a to ve lh\u016ft\u011b\u00a0stanoven\u00e9 harmonogramem akademick\u00e9ho roku. Pokud se student k term\u00ednu nem\u016f\u017ee dostavit\u00a0nebo nespl\u0148uje podm\u00ednky pro kon\u00e1n\u00ed dan\u00e9 \u010d\u00e1sti st\u00e1tn\u00ed z\u00e1v\u011bre\u010dn\u00e9 zkou\u0161ky, je povinen se p\u00edsemn\u011b omluvit vedouc\u00edmu p\u0159\u00edslu\u0161n\u00e9 katedry. Pov\u011b\u0159en\u00fd pracovn\u00edk\u00a0katedry omluvu vyzna\u010d\u00ed v SIS. Pokud se student nedostavil ze z\u00e1va\u017en\u00fdch zdravotn\u00edch d\u016fvod\u016f,\u00a0m\u016f\u017ee se omluvit nejpozd\u011bji do p\u011bti kalend\u00e1\u0159n\u00edch dn\u016f po tomto term\u00ednu. O \u0159\u00e1dnosti omluvy\u00a0rozhoduje p\u0159edseda komise.<\/p>\n","protected":false},"excerpt":{"rendered":"<p>Ke st\u00e1tn\u00ed z\u00e1v\u011bre\u010dn\u00e9 zkou\u0161ce a obhajob\u011b se studenti p\u0159ihla\u0161uj\u00ed p\u0159es SIS, v dob\u011b stanoven\u00e9 harmonogramem p\u0159\u00edslu\u0161n\u00e9ho akademick\u00e9ho roku. Bakal\u00e1\u0159sk\u00e9 a diplomov\u00e9 pr\u00e1ce se odevzd\u00e1vaj\u00ed p\u0159es SIS do data uveden\u00e9ho v&#8230; <\/p>\n","protected":false},"author":126,"featured_media":0,"parent":0,"menu_order":0,"comment_status":"closed","ping_status":"closed","template":"","meta":{"footnotes":""},"class_list":["post-64","page","type-page","status-publish","hentry"],"_links":{"self":[{"href":"https:\/\/pages.pedf.cuni.cz\/ksppg\/wp-json\/wp\/v2\/pages\/64","targetHints":{"allow":["GET"]}}],"collection":[{"href":"https:\/\/pages.pedf.cuni.cz\/ksppg\/wp-json\/wp\/v2\/pages"}],"about":[{"href":"https:\/\/pages.pedf.cuni.cz\/ksppg\/wp-json\/wp\/v2\/types\/page"}],"author":[{"embeddable":true,"href":"https:\/\/pages.pedf.cuni.cz\/ksppg\/wp-json\/wp\/v2\/users\/126"}],"replies":[{"embeddable":true,"href":"https:\/\/pages.pedf.cuni.cz\/ksppg\/wp-json\/wp\/v2\/comments?post=64"}],"version-history":[{"count":13,"href":"https:\/\/pages.pedf.cuni.cz\/ksppg\/wp-json\/wp\/v2\/pages\/64\/revisions"}],"predecessor-version":[{"id":1557,"href":"https:\/\/pages.pedf.cuni.cz\/ksppg\/wp-json\/wp\/v2\/pages\/64\/revisions\/1557"}],"wp:attachment":[{"href":"https:\/\/pages.pedf.cuni.cz\/ksppg\/wp-json\/wp\/v2\/media?parent=64"}],"curies":[{"name":"wp","href":"https:\/\/api.w.org\/{rel}","templated":true}]}}