{"id":66,"date":"2015-03-09T17:59:21","date_gmt":"2015-03-09T17:59:21","guid":{"rendered":"http:\/\/pages.pedf.cuni.cz\/ksppg\/?page_id=66"},"modified":"2025-12-07T18:51:32","modified_gmt":"2025-12-07T17:51:32","slug":"zaverecne-prace","status":"publish","type":"page","link":"https:\/\/pages.pedf.cuni.cz\/ksppg\/zaverecne-prace","title":{"rendered":"Z\u00e1v\u011bre\u010dn\u00e9 pr\u00e1ce"},"content":{"rendered":"<p><strong>Po\u017eadavky pro tvorbu z\u00e1vere\u010dn\u00e9 pr\u00e1ce na Kated\u0159e speci\u00e1ln\u00ed pedagogiky <span style=\"color: #008000\"><a style=\"color: #008000\" href=\"https:\/\/pages.pedf.cuni.cz\/ksppg\/files\/2022\/10\/Pozadavky-a-doporuceni-pro-ZP-sppg.pdf\">ZDE<\/a><\/span><br \/><\/strong><\/p>\r\n<p><span style=\"color: #333333\"><strong>T\u00e9mata z\u00e1v\u011bre\u010dn\u00fdch prac\u00ed:<\/strong><\/span><\/p>\r\n<ul>\r\n<li><span style=\"color: #008000\"><a href=\"https:\/\/pages.pedf.cuni.cz\/ksppg\/files\/2025\/12\/Temata-BP-_SPEC_2025.pdf\">T\u00e9mata bakal\u00e1\u0159sk\u00fdch prac\u00ed studijn\u00edho programu Speci\u00e1ln\u00ed pedagogika<\/a><\/span><\/li>\r\n<li><span style=\"color: #008000\"><a href=\"https:\/\/pages.pedf.cuni.cz\/ksppg\/files\/2025\/11\/BC-LOGO_2025.pdf\"><span style=\"color: #008000\">T\u00e9mata bakal\u00e1\u0159sk\u00fdch prac\u00ed studijn\u00edho programu Speci\u00e1ln\u00ed pedagogika\/Logopedie<\/span><\/a><\/span><\/li>\r\n<li><span style=\"color: #008000\"><a style=\"color: #008000\" href=\"https:\/\/pages.pedf.cuni.cz\/ksppg\/files\/2025\/11\/Temata-DP_SPEC_2025.pdf\">T\u00e9mata diplomov\u00fdch prac\u00ed studijn\u00edho programu Speci\u00e1ln\u00ed pedagogika<\/a><\/span><\/li>\r\n<li><span style=\"color: #008000\"><a href=\"https:\/\/pages.pedf.cuni.cz\/ksppg\/files\/2025\/11\/DP-LOGO_2025.pdf\"><span style=\"color: #008000\">T\u00e9mata diplomov\u00fdch prac\u00ed studijn\u00edho programu Logopedie<\/span><\/a><\/span><\/li>\r\n<\/ul>\r\n<p><strong>Formul\u00e1\u0159e zad\u00e1n\u00ed z\u00e1v\u011bre\u010dn\u00fdch prac\u00ed:<\/strong><\/p>\r\n<ul>\r\n<li><span style=\"color: #008000\"><a style=\"color: #008000\" href=\"https:\/\/pages.pedf.cuni.cz\/ksppg\/files\/2022\/02\/Formular_Zadani-BP.docx\">Bakal\u00e1\u0159sk\u00e1 pr\u00e1ce \u2013 Speci\u00e1ln\u00ed pedagogika<\/a><\/span><\/li>\r\n<li><span style=\"color: #008000\"><a style=\"color: #008000\" href=\"https:\/\/pages.pedf.cuni.cz\/ksppg\/files\/2022\/02\/Formular-_Zadani-DP-1.docx\">Diplomov\u00e1 pr\u00e1ce \u2013 Speci\u00e1ln\u00ed pedagogika<\/a><\/span><\/li>\r\n<\/ul>\r\n<p><\/p>\r\n<p><span style=\"color: #333333\">K obhajob\u011b se studenti p\u0159ihla\u0161uj\u00ed p\u0159es <a href=\"https:\/\/is.cuni.cz\/studium\/index.php?sso_id=40dc2a5603ca30f03c46465fca9d6835\"><strong><span style=\"color: #008000\">SIS<\/span><\/strong><\/a>, obdobn\u011b jako k SZZ. <\/span><\/p>\r\n<p style=\"text-align: justify\">Upozor\u0148ujeme, \u017ee podle \u010dl\u00e1nku 19 odst. 4 nov\u00fdch Pravidel pro organizaci studia na PedF <strong>odevzd\u00e1vaj\u00ed studenti z\u00e1v\u011bre\u010dn\u00e9 pr\u00e1ce (bakal\u00e1\u0159sk\u00e9 i diplomov\u00e9) pouze v elektronick\u00e9 podob\u011b<\/strong>.\u00a0<\/p>\r\n<p><em><strong>Ti\u0161t\u011bn\u00e1 verze DP\/BP nen\u00ed z\u00e1vaznou povinnost\u00ed student\u016f<\/strong>. <\/em>Katedra speci\u00e1ln\u00ed pedagogiky v\u0161ak student\u016fm <strong>doporu\u010duje doru\u010dit na fakultu (v sou\u010dasn\u00e9 situaci nap\u0159. po\u0161tou) jeden v\u00fdtisk: oboustrann\u00fd v krou\u017ekov\u00e9 vazb\u011b<\/strong>. \u00a0Tento v\u00fdtisk je po obhajob\u011b studentce\/studentovi vr\u00e1cen.<\/p>\r\n<p><strong>Doru\u010dovac\u00ed adresa pro BP a DP:<\/strong><br \/>sekret\u00e1\u0159ka katedry Blanka Fi\u0161erov\u00e1 (<a href=\"mailto:ivana.hubalova@pedf.cuni.cz\">blanka.fiserova@pedf.cuni.cz<\/a>)<br \/>Katedra speci\u00e1ln\u00ed pedagogiky<br \/>Pedagogick\u00e1\u00a0fakulta\u00a0Univerztity\u00a0Karlovy<br \/>Jungmannova 32\/25, 110 00 Praha 1<\/p>\r\n<p><em>Jedn\u00e1me tak proto, \u017ee n\u011bkte\u0159\u00ed oponenti rad\u011bji posuzuj\u00ed vyti\u0161t\u011bn\u00fd text. Pokud je v\u00fdtisk k dispozici p\u0159i obhajob\u011b, je umo\u017en\u011bno do n\u011bho nahl\u00ed\u017eet i v\u0161em \u010dlen\u016fm komise.<\/em><\/p>\r\n<p>&nbsp;<\/p>\r\n<p><span style=\"color: #333333\">\u00a0<\/span><\/p>\r\n<div class=\"post-single clearfix\">\r\n<p>&nbsp;<\/p>\r\n<\/div>\r\n<p>&nbsp;<\/p>\r\n<p><\/p>","protected":false},"excerpt":{"rendered":"<p>Po\u017eadavky pro tvorbu z\u00e1vere\u010dn\u00e9 pr\u00e1ce na Kated\u0159e speci\u00e1ln\u00ed pedagogiky ZDE T\u00e9mata z\u00e1v\u011bre\u010dn\u00fdch prac\u00ed: T\u00e9mata bakal\u00e1\u0159sk\u00fdch prac\u00ed studijn\u00edho programu Speci\u00e1ln\u00ed pedagogika T\u00e9mata bakal\u00e1\u0159sk\u00fdch prac\u00ed studijn\u00edho programu Speci\u00e1ln\u00ed pedagogika\/Logopedie T\u00e9mata diplomov\u00fdch prac\u00ed&#8230; <\/p>\n","protected":false},"author":126,"featured_media":0,"parent":0,"menu_order":0,"comment_status":"closed","ping_status":"closed","template":"","meta":{"footnotes":""},"class_list":["post-66","page","type-page","status-publish","hentry"],"_links":{"self":[{"href":"https:\/\/pages.pedf.cuni.cz\/ksppg\/wp-json\/wp\/v2\/pages\/66","targetHints":{"allow":["GET"]}}],"collection":[{"href":"https:\/\/pages.pedf.cuni.cz\/ksppg\/wp-json\/wp\/v2\/pages"}],"about":[{"href":"https:\/\/pages.pedf.cuni.cz\/ksppg\/wp-json\/wp\/v2\/types\/page"}],"author":[{"embeddable":true,"href":"https:\/\/pages.pedf.cuni.cz\/ksppg\/wp-json\/wp\/v2\/users\/126"}],"replies":[{"embeddable":true,"href":"https:\/\/pages.pedf.cuni.cz\/ksppg\/wp-json\/wp\/v2\/comments?post=66"}],"version-history":[{"count":71,"href":"https:\/\/pages.pedf.cuni.cz\/ksppg\/wp-json\/wp\/v2\/pages\/66\/revisions"}],"predecessor-version":[{"id":4146,"href":"https:\/\/pages.pedf.cuni.cz\/ksppg\/wp-json\/wp\/v2\/pages\/66\/revisions\/4146"}],"wp:attachment":[{"href":"https:\/\/pages.pedf.cuni.cz\/ksppg\/wp-json\/wp\/v2\/media?parent=66"}],"curies":[{"name":"wp","href":"https:\/\/api.w.org\/{rel}","templated":true}]}}