{"id":68,"date":"2015-03-09T17:59:56","date_gmt":"2015-03-09T17:59:56","guid":{"rendered":"http:\/\/pages.pedf.cuni.cz\/ksppg\/?page_id=68"},"modified":"2026-02-23T14:34:02","modified_gmt":"2026-02-23T13:34:02","slug":"poradna-pro-studenty-s-handicapem","status":"publish","type":"page","link":"https:\/\/pages.pedf.cuni.cz\/ksppg\/poradna-pro-studenty-s-handicapem","title":{"rendered":"Akademick\u00e9 poradny pro studenty"},"content":{"rendered":"<p><a href=\"https:\/\/pages.pedf.cuni.cz\/poradna\/\"><img loading=\"lazy\" decoding=\"async\" class=\"alignnone wp-image-1701 size-medium\" src=\"https:\/\/pages.pedf.cuni.cz\/ksppg\/files\/2021\/03\/Akademicke-poradny-300x45.png\" alt=\"\" width=\"300\" height=\"45\" srcset=\"https:\/\/pages.pedf.cuni.cz\/ksppg\/files\/2021\/03\/Akademicke-poradny-300x45.png 300w, https:\/\/pages.pedf.cuni.cz\/ksppg\/files\/2021\/03\/Akademicke-poradny.png 636w\" sizes=\"auto, (max-width: 300px) 100vw, 300px\" \/><\/a><\/p>\n<p>Webov\u00e9 str\u00e1nky &#8211; <a href=\"https:\/\/akademickaporadna.pedf.cuni.cz\/\"><span style=\"color: #800000\"><strong>Akademick\u00e1 poradna pro studenty<\/strong><\/span><\/a><\/p>\n","protected":false},"excerpt":{"rendered":"<p>Webov\u00e9 str\u00e1nky &#8211; Akademick\u00e1 poradna pro studenty<\/p>\n","protected":false},"author":126,"featured_media":0,"parent":0,"menu_order":0,"comment_status":"closed","ping_status":"closed","template":"","meta":{"footnotes":""},"class_list":["post-68","page","type-page","status-publish","hentry"],"_links":{"self":[{"href":"https:\/\/pages.pedf.cuni.cz\/ksppg\/wp-json\/wp\/v2\/pages\/68","targetHints":{"allow":["GET"]}}],"collection":[{"href":"https:\/\/pages.pedf.cuni.cz\/ksppg\/wp-json\/wp\/v2\/pages"}],"about":[{"href":"https:\/\/pages.pedf.cuni.cz\/ksppg\/wp-json\/wp\/v2\/types\/page"}],"author":[{"embeddable":true,"href":"https:\/\/pages.pedf.cuni.cz\/ksppg\/wp-json\/wp\/v2\/users\/126"}],"replies":[{"embeddable":true,"href":"https:\/\/pages.pedf.cuni.cz\/ksppg\/wp-json\/wp\/v2\/comments?post=68"}],"version-history":[{"count":8,"href":"https:\/\/pages.pedf.cuni.cz\/ksppg\/wp-json\/wp\/v2\/pages\/68\/revisions"}],"predecessor-version":[{"id":4188,"href":"https:\/\/pages.pedf.cuni.cz\/ksppg\/wp-json\/wp\/v2\/pages\/68\/revisions\/4188"}],"wp:attachment":[{"href":"https:\/\/pages.pedf.cuni.cz\/ksppg\/wp-json\/wp\/v2\/media?parent=68"}],"curies":[{"name":"wp","href":"https:\/\/api.w.org\/{rel}","templated":true}]}}