{"id":7,"date":"2014-10-24T10:13:56","date_gmt":"2014-10-24T10:13:56","guid":{"rendered":"http:\/\/pages.pedf.cuni.cz\/ksppg\/?page_id=7"},"modified":"2021-01-14T09:23:18","modified_gmt":"2021-01-14T08:23:18","slug":"lide","status":"publish","type":"page","link":"https:\/\/pages.pedf.cuni.cz\/ksppg\/lide","title":{"rendered":"Lid\u00e9"},"content":{"rendered":"<p class=\"hlavicka\"><em>Vedouc\u00ed katedry:<\/em><\/p>\n<p class=\"hlavicka\"><b>Doc. PhDr. Lea Kv\u011bto\u0148ov\u00e1, Ph.D.<\/b><br \/>\ntel.: <span id=\"skype_c2c_container\" class=\"skype_c2c_container notranslate\" dir=\"ltr\"><span class=\"skype_c2c_highlighting_inactive_common\" dir=\"ltr\"><span id=\"non_free_num_ui\" class=\"skype_c2c_textarea_span\"><img loading=\"lazy\" decoding=\"async\" class=\"skype_c2c_logo_img\" src=\"\/\/lifbcibllhkdhoafpjfnlhfpfgnpldfl\/call_skype_logo.png\" alt=\"\" width=\"0\" height=\"0\" \/><span class=\"skype_c2c_text_span\">+420 221 900 246<\/span><\/span><\/span><\/span><br \/>\nE-mail: <a href=\"mailto:lea.kvetonova@pedf.cuni.cz\">lea.kvetonova@pedf.cuni.cz<\/a><\/p>\n<p class=\"hlavicka\"><em>Z\u00e1stupce vedouc\u00ed katedry pro prezen\u010dn\u00ed studium:<\/em><\/p>\n<p class=\"hlavicka\"><b>Doc. PaedDr. Vanda H\u00e1jkov\u00e1, Ph.D.<\/b><br \/>\ntel.: <span id=\"skype_c2c_container\" class=\"skype_c2c_container notranslate\" dir=\"ltr\"><span class=\"skype_c2c_highlighting_inactive_common\" dir=\"ltr\"><span id=\"non_free_num_ui\" class=\"skype_c2c_textarea_span\"><img loading=\"lazy\" decoding=\"async\" class=\"skype_c2c_logo_img\" src=\"\/\/lifbcibllhkdhoafpjfnlhfpfgnpldfl\/call_skype_logo.png\" alt=\"\" width=\"0\" height=\"0\" \/><span class=\"skype_c2c_text_span\">+420 221 900 270<\/span><\/span><\/span><\/span><br \/>\nE-mail: <a href=\"mailto:vanda.hajkova@pedf.cuni.cz\">vanda.hajkova@pedf.cuni.cz<\/a><\/p>\n<p class=\"hlavicka\"><em>Z\u00e1stupce vedouc\u00ed katedry pro kombinovan\u00e9 studium:<\/em><\/p>\n<p class=\"hlavicka\"><b>Doc. PhDr. Kate\u0159ina H\u00e1dkov\u00e1, Ph.D.<\/b><br \/>\ntel.: <span id=\"skype_c2c_container\" class=\"skype_c2c_container notranslate\" dir=\"ltr\"><span class=\"skype_c2c_highlighting_inactive_common\" dir=\"ltr\"><span id=\"non_free_num_ui\" class=\"skype_c2c_textarea_span\"><img loading=\"lazy\" decoding=\"async\" class=\"skype_c2c_logo_img\" src=\"\/\/lifbcibllhkdhoafpjfnlhfpfgnpldfl\/call_skype_logo.png\" alt=\"\" width=\"0\" height=\"0\" \/><span class=\"skype_c2c_text_span\">+420 221 900 270<\/span><\/span><\/span><\/span><br \/>\nE-mail: <a href=\"mailto:jaroslava.zemkova@pedf.cuni.cz\">katerina.hadkova@pedf.cuni.cz<\/a><\/p>\n<p class=\"hlavicka\"><em>Tajemn\u00edk katedry:<\/em><\/p>\n<p class=\"hlavicka\"><b>PhDr. Zbyn\u011bk N\u011bmec, Ph.D.<\/b><br \/>\nE-mail: <a href=\"mailto:monika.muzakova@pedf.cuni.cz\">zbynek.nemec@pedf.cuni.cz<\/a><\/p>\n<p class=\"hlavicka\"><em>Sekretari\u00e1t:<\/em><\/p>\n<p class=\"hlavicka\"><b>Ivana Hubalov\u00e1<br \/>\n<\/b>tel.: <span id=\"skype_c2c_container\" class=\"skype_c2c_container notranslate\" dir=\"ltr\"><span class=\"skype_c2c_highlighting_inactive_common\" dir=\"ltr\"><span id=\"non_free_num_ui\" class=\"skype_c2c_textarea_span\"><img loading=\"lazy\" decoding=\"async\" class=\"skype_c2c_logo_img\" src=\"\/\/lifbcibllhkdhoafpjfnlhfpfgnpldfl\/call_skype_logo.png\" alt=\"\" width=\"0\" height=\"0\" \/><span class=\"skype_c2c_text_span\">+420 221 900 279<\/span><\/span><\/span><\/span><b><br \/>\n<\/b>E-mail: <a href=\"mailto:ivana.hubalova@pedf.cuni.cz\">ivana.hubalova@pedf.cuni.cz<\/a><\/p>\n<p><strong>Pracovn\u00edci katedry<\/strong><\/p>\n<ul>\n<li>prof. PaedDr. Miroslava Barto\u0148ov\u00e1, Ph.D.<\/li>\n<li>PhDr. Lenka Felcmanov\u00e1, Ph.D.<\/li>\n<li>Mgr. Ing. Jana Horynov\u00e1<\/li>\n<li>PhDr. Tereza Hradilov\u00e1, Ph.D.<\/li>\n<li>doc. PaedDr. Ji\u0159ina Klenkov\u00e1, Ph.D.<\/li>\n<li>Mgr. Marie Komorn\u00e1<\/li>\n<li>Mgr. Zuzana Korandov\u00e1<\/li>\n<li>PhDr. Miroslava Kotvov\u00e1, Ph.D.<\/li>\n<li>Mgr. Anna Kub\u00ed\u010dkov\u00e1<\/li>\n<li>PaedDr. Eva Mar\u00e1dov\u00e1, CSc.<\/li>\n<li>doc. PhDr. Jan \u0160i\u0161ka, Ph.D.<\/li>\n<li>PhDr. Mgr. Pavl\u00edna \u0160umn\u00edkov\u00e1, Ph.D.<\/li>\n<li>PaedDr. Ing. Jan Tirp\u00e1k<\/li>\n<li>Mgr. Barbara Vale\u0161ov\u00e1 Malecov\u00e1, Ph.D.<\/li>\n<li>PaedDr. Jaroslava Zemkov\u00e1, Ph.D.<\/li>\n<li>Mgr. Marija Zuli\u0107, Ph.D.<\/li>\n<\/ul>\n","protected":false},"excerpt":{"rendered":"<p>Vedouc\u00ed katedry: Doc. PhDr. Lea Kv\u011bto\u0148ov\u00e1, Ph.D. tel.: +420 221 900 246 E-mail: lea.kvetonova@pedf.cuni.cz Z\u00e1stupce vedouc\u00ed katedry pro prezen\u010dn\u00ed studium: Doc. PaedDr. Vanda H\u00e1jkov\u00e1, Ph.D. tel.: +420 221 900 270&#8230; <\/p>\n","protected":false},"author":1,"featured_media":0,"parent":0,"menu_order":0,"comment_status":"closed","ping_status":"closed","template":"","meta":{"footnotes":""},"class_list":["post-7","page","type-page","status-publish","hentry"],"_links":{"self":[{"href":"https:\/\/pages.pedf.cuni.cz\/ksppg\/wp-json\/wp\/v2\/pages\/7","targetHints":{"allow":["GET"]}}],"collection":[{"href":"https:\/\/pages.pedf.cuni.cz\/ksppg\/wp-json\/wp\/v2\/pages"}],"about":[{"href":"https:\/\/pages.pedf.cuni.cz\/ksppg\/wp-json\/wp\/v2\/types\/page"}],"author":[{"embeddable":true,"href":"https:\/\/pages.pedf.cuni.cz\/ksppg\/wp-json\/wp\/v2\/users\/1"}],"replies":[{"embeddable":true,"href":"https:\/\/pages.pedf.cuni.cz\/ksppg\/wp-json\/wp\/v2\/comments?post=7"}],"version-history":[{"count":8,"href":"https:\/\/pages.pedf.cuni.cz\/ksppg\/wp-json\/wp\/v2\/pages\/7\/revisions"}],"predecessor-version":[{"id":886,"href":"https:\/\/pages.pedf.cuni.cz\/ksppg\/wp-json\/wp\/v2\/pages\/7\/revisions\/886"}],"wp:attachment":[{"href":"https:\/\/pages.pedf.cuni.cz\/ksppg\/wp-json\/wp\/v2\/media?parent=7"}],"curies":[{"name":"wp","href":"https:\/\/api.w.org\/{rel}","templated":true}]}}