{"id":969,"date":"2021-02-02T16:03:19","date_gmt":"2021-02-02T15:03:19","guid":{"rendered":"http:\/\/pages.pedf.cuni.cz\/ksppg\/?page_id=969"},"modified":"2021-02-02T22:42:43","modified_gmt":"2021-02-02T21:42:43","slug":"pedagogicka-fakulta","status":"publish","type":"page","link":"https:\/\/pages.pedf.cuni.cz\/ksppg\/pedagogicka-fakulta","title":{"rendered":"Pedagogick\u00e1 fakulta"},"content":{"rendered":"<p><a href=\"https:\/\/pedf.cuni.cz\/PEDF-1.html\"><img loading=\"lazy\" decoding=\"async\" class=\"wp-image-981 size-full alignnone\" src=\"https:\/\/pages.pedf.cuni.cz\/ksppg\/files\/2021\/02\/PedF-UK.png\" alt=\"\" width=\"743\" height=\"140\" srcset=\"https:\/\/pages.pedf.cuni.cz\/ksppg\/files\/2021\/02\/PedF-UK.png 743w, https:\/\/pages.pedf.cuni.cz\/ksppg\/files\/2021\/02\/PedF-UK-300x57.png 300w\" sizes=\"auto, (max-width: 743px) 100vw, 743px\" \/><\/a><span style=\"color: #333333\"><strong>Webov\u00e9 str\u00e1nky &#8211;<\/strong><span style=\"color: #800000\"><a href=\"https:\/\/pedf.cuni.cz\/PEDF-1.html\"><span style=\"color: #800000\"><strong> Pedagogick\u00e1 fakulta <\/strong><\/span><strong><span style=\"color: #800000\">Univerzity Karlovy<\/span><\/strong><\/a><\/span><\/span><\/p>\n","protected":false},"excerpt":{"rendered":"<p>Webov\u00e9 str\u00e1nky &#8211; Pedagogick\u00e1 fakulta Univerzity Karlovy<\/p>\n","protected":false},"author":465,"featured_media":0,"parent":0,"menu_order":0,"comment_status":"closed","ping_status":"closed","template":"","meta":{"footnotes":""},"class_list":["post-969","page","type-page","status-publish","hentry"],"_links":{"self":[{"href":"https:\/\/pages.pedf.cuni.cz\/ksppg\/wp-json\/wp\/v2\/pages\/969","targetHints":{"allow":["GET"]}}],"collection":[{"href":"https:\/\/pages.pedf.cuni.cz\/ksppg\/wp-json\/wp\/v2\/pages"}],"about":[{"href":"https:\/\/pages.pedf.cuni.cz\/ksppg\/wp-json\/wp\/v2\/types\/page"}],"author":[{"embeddable":true,"href":"https:\/\/pages.pedf.cuni.cz\/ksppg\/wp-json\/wp\/v2\/users\/465"}],"replies":[{"embeddable":true,"href":"https:\/\/pages.pedf.cuni.cz\/ksppg\/wp-json\/wp\/v2\/comments?post=969"}],"version-history":[{"count":11,"href":"https:\/\/pages.pedf.cuni.cz\/ksppg\/wp-json\/wp\/v2\/pages\/969\/revisions"}],"predecessor-version":[{"id":1056,"href":"https:\/\/pages.pedf.cuni.cz\/ksppg\/wp-json\/wp\/v2\/pages\/969\/revisions\/1056"}],"wp:attachment":[{"href":"https:\/\/pages.pedf.cuni.cz\/ksppg\/wp-json\/wp\/v2\/media?parent=969"}],"curies":[{"name":"wp","href":"https:\/\/api.w.org\/{rel}","templated":true}]}}