{"id":7,"date":"2020-10-22T10:13:56","date_gmt":"2020-10-22T08:13:56","guid":{"rendered":"http:\/\/pages.pedf.cuni.cz\/nedostatekucitelu\/?page_id=7"},"modified":"2026-01-07T12:03:05","modified_gmt":"2026-01-07T11:03:05","slug":"lide","status":"publish","type":"page","link":"https:\/\/pages.pedf.cuni.cz\/nedostatekucitelu\/lide\/","title":{"rendered":"\u0158e\u0161itelsk\u00fd t\u00fdm projektu"},"content":{"rendered":"\n<div style=\"height:100px\" aria-hidden=\"true\" class=\"wp-block-spacer\"><\/div>\n\n\n\n<h5 class=\"wp-block-heading has-text-color\" style=\"color:#7a7a7a\">Hlavn\u00ed garant projektu<\/h5>\n\n\n\n<p><strong>Ing. Jan Kouck\u00fd, Ph.D.<\/strong> <br>vedouc\u00ed St\u0159ediska vzd\u011bl\u00e1vac\u00ed politiky Pedagogick\u00e9 fakulty UK<\/p>\n\n\n\n<div style=\"height:32px\" aria-hidden=\"true\" class=\"wp-block-spacer\"><\/div>\n\n\n\n<h5 class=\"wp-block-heading has-text-color\" style=\"color:#7a7a7a\">\u0158e\u0161itelsk\u00fd t\u00fdm projektu (v abecedn\u00edm po\u0159ad\u00ed)<\/h5>\n\n\n\n<p><strong>Ing. Ale\u0161 Bartu\u0161ek<\/strong><\/p>\n\n\n\n<p><strong>Mgr. Lucie Frantesov\u00e1<\/strong><\/p>\n\n\n\n<p><strong>PhDr. Yvona Kosteleck\u00e1, Ph.D.<\/strong><\/p>\n\n\n\n<p><strong>RNDr. David Sou\u010dek<\/strong><\/p>\n\n\n\n<p><strong>Bc. Alena Tyl\u0161ov\u00e1<\/strong><\/p>\n\n\n\n<p><strong>Mgr. Martin Zelenka, Ph.D.<\/strong><\/p>\n\n\n\n<p><strong>Mgr. Anna Zelinkov\u00e1<\/strong><\/p>\n\n\n\n<p><strong>Mgr. Al\u017eb\u011bta Zrckov\u00e1<\/strong><\/p>\n\n\n\n<div style=\"height:32px\" aria-hidden=\"true\" class=\"wp-block-spacer\"><\/div>\n\n\n\n<h5 class=\"wp-block-heading has-text-color\" style=\"color:#7a7a7a\">Garanti v\u00fdstup\u016f projektu<\/h5>\n\n\n\n<p><strong>Doc. RNDr. Jana Strakov\u00e1, Ph.D.<\/strong><\/p>\n\n\n\n<p><strong>Prof., PhDr. Stanislav \u0160tech, CSc.<\/strong><\/p>\n\n\n\n<p><strong>Prof. PhDr. Vladim\u00edra Spilkov\u00e1, CSc.<\/strong><\/p>\n","protected":false},"excerpt":{"rendered":"<p>Hlavn\u00ed garant projektu Ing. Jan Kouck\u00fd, Ph.D. vedouc\u00ed St\u0159ediska vzd\u011bl\u00e1vac\u00ed politiky Pedagogick\u00e9 fakulty UK \u0158e\u0161itelsk\u00fd t\u00fdm projektu (v abecedn\u00edm po\u0159ad\u00ed) Ing. Ale\u0161 Bartu\u0161ek Mgr. Lucie Frantesov\u00e1 PhDr. Yvona Kosteleck\u00e1, Ph.D. RNDr. David Sou\u010dek Bc. Alena Tyl\u0161ov\u00e1 Mgr. Martin Zelenka, Ph.D.<\/p>\n","protected":false},"author":1,"featured_media":0,"parent":0,"menu_order":1,"comment_status":"closed","ping_status":"closed","template":"","meta":{"footnotes":""},"class_list":["post-7","page","type-page","status-publish","hentry"],"_links":{"self":[{"href":"https:\/\/pages.pedf.cuni.cz\/nedostatekucitelu\/wp-json\/wp\/v2\/pages\/7","targetHints":{"allow":["GET"]}}],"collection":[{"href":"https:\/\/pages.pedf.cuni.cz\/nedostatekucitelu\/wp-json\/wp\/v2\/pages"}],"about":[{"href":"https:\/\/pages.pedf.cuni.cz\/nedostatekucitelu\/wp-json\/wp\/v2\/types\/page"}],"author":[{"embeddable":true,"href":"https:\/\/pages.pedf.cuni.cz\/nedostatekucitelu\/wp-json\/wp\/v2\/users\/1"}],"replies":[{"embeddable":true,"href":"https:\/\/pages.pedf.cuni.cz\/nedostatekucitelu\/wp-json\/wp\/v2\/comments?post=7"}],"version-history":[{"count":11,"href":"https:\/\/pages.pedf.cuni.cz\/nedostatekucitelu\/wp-json\/wp\/v2\/pages\/7\/revisions"}],"predecessor-version":[{"id":948,"href":"https:\/\/pages.pedf.cuni.cz\/nedostatekucitelu\/wp-json\/wp\/v2\/pages\/7\/revisions\/948"}],"wp:attachment":[{"href":"https:\/\/pages.pedf.cuni.cz\/nedostatekucitelu\/wp-json\/wp\/v2\/media?parent=7"}],"curies":[{"name":"wp","href":"https:\/\/api.w.org\/{rel}","templated":true}]}}