{"id":198,"date":"2023-03-17T23:35:19","date_gmt":"2023-03-17T22:35:19","guid":{"rendered":"https:\/\/pages.pedf.cuni.cz\/odbory\/?page_id=198"},"modified":"2023-04-13T02:47:26","modified_gmt":"2023-04-13T00:47:26","slug":"zavora","status":"publish","type":"page","link":"https:\/\/pages.pedf.cuni.cz\/odbory\/","title":{"rendered":"P\u0159em\u00edst\u011bn\u00ed webu"},"content":{"rendered":"<h2 style=\"text-align: center\"><strong>Ve\u0161ker\u00e9 informace a dokumenty odborov\u00e9 organizace PedF UK<\/strong><\/h2>\n<h2 style=\"text-align: center\"><strong>jsou nyn\u00ed na Intranetu fakulty <\/strong><strong>v sekci<\/strong><\/h2>\n<h2 style=\"text-align: center\"><strong>Z\u00e1kladn\u00ed informace &#8211; Z\u00e1pisy &#8211; Z\u00e1pisy z jedn\u00e1n\u00ed fakultn\u00edho v\u00fdboru odborov\u00e9 organizace<\/strong><\/h2>\n<h2 style=\"text-align: center\"><a href=\"https:\/\/pedfcuni.sharepoint.com\/intranet\/SitePages\/Start.aspx\">https:\/\/pedfcuni.sharepoint.com\/intranet\/SitePages\/Start.aspx<\/a><\/h2>\n<p>&nbsp;<\/p>\n","protected":false},"excerpt":{"rendered":"<p>Ve\u0161ker\u00e9 informace a dokumenty odborov\u00e9 organizace PedF UK jsou nyn\u00ed na Intranetu fakulty v sekci Z\u00e1kladn\u00ed informace &#8211; Z\u00e1pisy &#8211; Z\u00e1pisy z jedn\u00e1n\u00ed fakultn\u00edho v\u00fdboru odborov\u00e9 organizace https:\/\/pedfcuni.sharepoint.com\/intranet\/SitePages\/Start.aspx &nbsp;<\/p>\n","protected":false},"author":461,"featured_media":0,"parent":0,"menu_order":0,"comment_status":"closed","ping_status":"closed","template":"","meta":{"footnotes":""},"class_list":["post-198","page","type-page","status-publish","hentry"],"_links":{"self":[{"href":"https:\/\/pages.pedf.cuni.cz\/odbory\/wp-json\/wp\/v2\/pages\/198","targetHints":{"allow":["GET"]}}],"collection":[{"href":"https:\/\/pages.pedf.cuni.cz\/odbory\/wp-json\/wp\/v2\/pages"}],"about":[{"href":"https:\/\/pages.pedf.cuni.cz\/odbory\/wp-json\/wp\/v2\/types\/page"}],"author":[{"embeddable":true,"href":"https:\/\/pages.pedf.cuni.cz\/odbory\/wp-json\/wp\/v2\/users\/461"}],"replies":[{"embeddable":true,"href":"https:\/\/pages.pedf.cuni.cz\/odbory\/wp-json\/wp\/v2\/comments?post=198"}],"version-history":[{"count":6,"href":"https:\/\/pages.pedf.cuni.cz\/odbory\/wp-json\/wp\/v2\/pages\/198\/revisions"}],"predecessor-version":[{"id":204,"href":"https:\/\/pages.pedf.cuni.cz\/odbory\/wp-json\/wp\/v2\/pages\/198\/revisions\/204"}],"wp:attachment":[{"href":"https:\/\/pages.pedf.cuni.cz\/odbory\/wp-json\/wp\/v2\/media?parent=198"}],"curies":[{"name":"wp","href":"https:\/\/api.w.org\/{rel}","templated":true}]}}