{"id":31,"date":"2017-06-17T21:49:29","date_gmt":"2017-06-17T19:49:29","guid":{"rendered":"http:\/\/pages.pedf.cuni.cz\/orp\/?page_id=31"},"modified":"2017-07-02T10:46:39","modified_gmt":"2017-07-02T08:46:39","slug":"kontakt","status":"publish","type":"page","link":"https:\/\/pages.pedf.cuni.cz\/orp\/kontakt\/","title":{"rendered":"Kontakt"},"content":{"rendered":"<div><\/div>\n<div><\/div>\n<div><strong>Igor \u010cerven\u00fd<\/strong><br \/>\nvedouc\u00ed odd\u011blen\u00ed pro rozvoj a projekty<br \/>\nI. 353<br \/>\nigor.cerveny@pedf.cuni.cz<\/div>\n<div>projekty EU (OP VVV, OP PPR, OPZ)<\/div>\n<p><b>Ing. Petra Tobol\u00e1\u0159ov\u00e1<\/b><br \/>\nl. 350<br \/>\npetra.tobolarova@pedf.cuni.cz<br \/>\nprojekty ESF\/ERDF (OP VK, OPPA, OP VVV), podpora iFIS<\/p>\n<p><b>Ivana Choutkov\u00e1<\/b><br \/>\nl. 227<br \/>\nivana.choutkova@pedf.cuni.cz<br \/>\nv\u00fdb\u011brov\u00e1 \u0159\u00edzen\u00ed, ve\u0159ejn\u00e9 zak\u00e1zky<\/p>\n<p><b>Anna R\u00e1\u017eov\u00e1<\/b><br \/>\nl. 227<br \/>\nanna.razova@pedf.cuni.cz<br \/>\nv\u00fdb\u011brov\u00e1 \u0159\u00edzen\u00ed, ve\u0159ejn\u00e9 zak\u00e1zky, objedn\u00e1vky kancel\u00e1\u0159sk\u00e9ho materi\u00e1lu<\/p>\n<p><b>Ing. Jitka Pr\u00e1\u0161ilov\u00e1<\/b><br \/>\nl. 348<br \/>\njitka.prasilova@pedf.cuni.cz<br \/>\nprojekty ESF\/ERDF (OP VK, OPPA, OP VVV), v\u00fdb\u011brov\u00e1 \u0159\u00edzen\u00ed, ve\u0159ejn\u00e9 zak\u00e1zky<\/p>\n","protected":false},"excerpt":{"rendered":"","protected":false},"author":1,"featured_media":0,"parent":0,"menu_order":0,"comment_status":"closed","ping_status":"closed","template":"","meta":{"footnotes":""},"class_list":["post-31","page","type-page","status-publish","hentry"],"_links":{"self":[{"href":"https:\/\/pages.pedf.cuni.cz\/orp\/wp-json\/wp\/v2\/pages\/31","targetHints":{"allow":["GET"]}}],"collection":[{"href":"https:\/\/pages.pedf.cuni.cz\/orp\/wp-json\/wp\/v2\/pages"}],"about":[{"href":"https:\/\/pages.pedf.cuni.cz\/orp\/wp-json\/wp\/v2\/types\/page"}],"author":[{"embeddable":true,"href":"https:\/\/pages.pedf.cuni.cz\/orp\/wp-json\/wp\/v2\/users\/1"}],"replies":[{"embeddable":true,"href":"https:\/\/pages.pedf.cuni.cz\/orp\/wp-json\/wp\/v2\/comments?post=31"}],"version-history":[{"count":3,"href":"https:\/\/pages.pedf.cuni.cz\/orp\/wp-json\/wp\/v2\/pages\/31\/revisions"}],"predecessor-version":[{"id":59,"href":"https:\/\/pages.pedf.cuni.cz\/orp\/wp-json\/wp\/v2\/pages\/31\/revisions\/59"}],"wp:attachment":[{"href":"https:\/\/pages.pedf.cuni.cz\/orp\/wp-json\/wp\/v2\/media?parent=31"}],"curies":[{"name":"wp","href":"https:\/\/api.w.org\/{rel}","templated":true}]}}