{"id":1070,"date":"2020-05-21T19:09:14","date_gmt":"2020-05-21T17:09:14","guid":{"rendered":"http:\/\/pages.pedf.cuni.cz\/pbe\/?page_id=1070"},"modified":"2025-11-25T22:33:28","modified_gmt":"2025-11-25T21:33:28","slug":"aktuality","status":"publish","type":"page","link":"https:\/\/pages.pedf.cuni.cz\/pbe\/","title":{"rendered":"Aktuality"},"content":{"rendered":"<p><\/p>\n<h2>PBE 2024 sborn\u00edk empirick\u00fdch text\u016f<\/h2>\n<p><a href=\"https:\/\/pages.pedf.cuni.cz\/pbe\/files\/2025\/11\/PBE_2024_final.pdf\">Sborn\u00edk empirick\u00fdch text\u016f<\/a> z PBE 2024 byl pr\u00e1v\u011b publikov\u00e1n. U\u017eijte si jej, inspirujte se, sd\u00edlejte a citujte dle libosti.<\/p>\n<h2><a href=\"https:\/\/pages.pedf.cuni.cz\/pbe\/files\/2025\/11\/PBE-2025-program-web.pdf\"><img loading=\"lazy\" decoding=\"async\" class=\"alignnone size-medium wp-image-2406\" src=\"https:\/\/pages.pedf.cuni.cz\/pbe\/files\/2025\/11\/OBE-2024-programme-212x300.png\" alt=\"\" width=\"212\" height=\"300\" srcset=\"https:\/\/pages.pedf.cuni.cz\/pbe\/files\/2025\/11\/OBE-2024-programme-212x300.png 212w, https:\/\/pages.pedf.cuni.cz\/pbe\/files\/2025\/11\/OBE-2024-programme-724x1024.png 724w, https:\/\/pages.pedf.cuni.cz\/pbe\/files\/2025\/11\/OBE-2024-programme-768x1086.png 768w, https:\/\/pages.pedf.cuni.cz\/pbe\/files\/2025\/11\/OBE-2024-programme-1086x1536.png 1086w, https:\/\/pages.pedf.cuni.cz\/pbe\/files\/2025\/11\/OBE-2024-programme.png 1414w\" sizes=\"auto, (max-width: 212px) 100vw, 212px\" \/><\/a><\/h2>\n<h2>Sborn\u00edk abstrakt\u016f byl pr\u00e1v\u011b zve\u0159ejn\u011bn<\/h2>\n<p><a href=\"https:\/\/pages.pedf.cuni.cz\/pbe\/files\/2025\/11\/bookofabstracts_PBE2025_update.pdf\">Sborn\u00edk abstrakt\u016f<\/a> z PBE 2025 byl pr\u00e1v\u011b zve\u0159ejn\u011bn. Pros\u00edme \u00fa\u010dastn\u00edky konference, aby si jej pro\u0161li.<\/p>\n<p>Pro \u00fa\u010dastn\u00edky z \u0159ad u\u010ditel\u016f je k dispozici separ\u00e1tn\u00ed <a href=\"https:\/\/pages.pedf.cuni.cz\/pbe\/files\/2025\/10\/Sbornik-abstraktu_ucitele.pdf\">sborn\u00edk abstrakt\u016f pro u\u010ditelskou sekci<\/a>.<\/p>\n<h2>Poznejte na\u0161e plenaristy<\/h2>\n<p>P\u0159\u00edsp\u011bvky plen\u00e1rn\u00edch \u0159e\u010dn\u00edk\u016f jsou dostupn\u00e9 <a href=\"https:\/\/pages.pedf.cuni.cz\/pbe\/plenarni-prednasky-2025\/\">zde<\/a>.<\/p>\n<h2>PBE 2025 se bude konat v prostor\u00e1ch MFF v Troji<\/h2>\n<p>Leto\u0161n\u00ed ro\u010dn\u00edk je po\u0159\u00e1d\u00e1n ve spolupr\u00e1ci s katedrou didaktiky fyziky Matematocko-fyzik\u00e1ln\u00ed fakulty. S ohledem na prob\u00edhaj\u00edc\u00ed rekonstrukci bude PBE 2025 prob\u00edhat v nov\u00fdch prostorech IMPAKT MFF.<\/p>\n<h2>Pr\u00e1v\u011b byl publikov\u00e1n\u00ed sborn\u00edk abstrakt\u016f z PBE 2024<\/h2>\n<p>Sborn\u00edk je dostupn\u00fd pod <a href=\"https:\/\/pages.pedf.cuni.cz\/pbe\/files\/2024\/11\/bookofabstracts_PBE2024_fin.pdf\">t\u00edmto odkazem<\/a>.<\/p>\n<h2><a href=\"https:\/\/pages.pedf.cuni.cz\/pbe\/files\/2024\/09\/PBE2023_final.pdf\">Sborn\u00edk<\/a> z PBE 2023 byl publikov\u00e1n!<\/h2>\n<p>&nbsp;<\/p>\n<ul>\n<li><strong><a href=\"https:\/\/pages.pedf.cuni.cz\/pbe\/instructions\/platba-konferencniho-poplatku\/\">Informace o platb\u00e1ch 2025<\/a><\/strong><\/li>\n<li><strong><a href=\"https:\/\/pages.pedf.cuni.cz\/pbe\/instructions\/for-authors\/\">D\u016fle\u017eit\u00e9 term\u00edny 2025<\/a><\/strong><\/li>\n<li><a href=\"https:\/\/pages.pedf.cuni.cz\/pbe\/kontakt\/\"><strong>Kontakt<\/strong><\/a><\/li>\n<\/ul>\n<p><\/p>","protected":false},"excerpt":{"rendered":"<p>PBE 2024 sborn\u00edk empirick\u00fdch text\u016f Sborn\u00edk empirick\u00fdch text\u016f z PBE 2024 byl pr\u00e1v\u011b publikov\u00e1n. U\u017eijte si jej, inspirujte se, sd\u00edlejte a citujte dle libosti. Sborn\u00edk abstrakt\u016f byl pr\u00e1v\u011b zve\u0159ejn\u011bn Sborn\u00edk abstrakt\u016f z PBE 2025 byl pr\u00e1v\u011b zve\u0159ejn\u011bn. Pros\u00edme \u00fa\u010dastn\u00edky konference, aby si jej pro\u0161li. Pro \u00fa\u010dastn\u00edky z \u0159ad u\u010ditel\u016f je k dispozici separ\u00e1tn\u00ed sborn\u00edk abstrakt\u016f &hellip; <\/p>\n<p class=\"link-more\"><a href=\"https:\/\/pages.pedf.cuni.cz\/pbe\/\" class=\"more-link\">Pokra\u010dovat ve \u010dten\u00ed<span class=\"screen-reader-text\"> &#8222;Aktuality&#8220;<\/span><\/a><\/p>\n","protected":false},"author":542,"featured_media":0,"parent":0,"menu_order":0,"comment_status":"closed","ping_status":"closed","template":"","meta":{"footnotes":""},"class_list":["post-1070","page","type-page","status-publish","hentry"],"_links":{"self":[{"href":"https:\/\/pages.pedf.cuni.cz\/pbe\/wp-json\/wp\/v2\/pages\/1070","targetHints":{"allow":["GET"]}}],"collection":[{"href":"https:\/\/pages.pedf.cuni.cz\/pbe\/wp-json\/wp\/v2\/pages"}],"about":[{"href":"https:\/\/pages.pedf.cuni.cz\/pbe\/wp-json\/wp\/v2\/types\/page"}],"author":[{"embeddable":true,"href":"https:\/\/pages.pedf.cuni.cz\/pbe\/wp-json\/wp\/v2\/users\/542"}],"replies":[{"embeddable":true,"href":"https:\/\/pages.pedf.cuni.cz\/pbe\/wp-json\/wp\/v2\/comments?post=1070"}],"version-history":[{"count":196,"href":"https:\/\/pages.pedf.cuni.cz\/pbe\/wp-json\/wp\/v2\/pages\/1070\/revisions"}],"predecessor-version":[{"id":2429,"href":"https:\/\/pages.pedf.cuni.cz\/pbe\/wp-json\/wp\/v2\/pages\/1070\/revisions\/2429"}],"wp:attachment":[{"href":"https:\/\/pages.pedf.cuni.cz\/pbe\/wp-json\/wp\/v2\/media?parent=1070"}],"curies":[{"name":"wp","href":"https:\/\/api.w.org\/{rel}","templated":true}]}}