{"id":1094,"date":"2020-05-24T19:32:10","date_gmt":"2020-05-24T17:32:10","guid":{"rendered":"http:\/\/pages.pedf.cuni.cz\/pbe\/?page_id=1094"},"modified":"2020-05-24T19:33:31","modified_gmt":"2020-05-24T17:33:31","slug":"cile-konference","status":"publish","type":"page","link":"https:\/\/pages.pedf.cuni.cz\/pbe\/about\/cile-konference\/","title":{"rendered":"C\u00edle konference"},"content":{"rendered":"<p><\/p>\n<p> C\u00edlem konference je p\u0159edev\u0161\u00edm sdru\u017eovat komunitu akt\u00e9r\u016f zainteresovan\u00fdch v t\u00e9matu projektov\u00e9ho vyu\u010dov\u00e1n\u00ed a dal\u0161\u00edch aktiviza\u010dn\u00edch strategi\u00ed \u0159\u00edzen\u00ed u\u010debn\u00ed \u010dinnosti \u017e\u00e1k\u016f. Konference slou\u017e\u00ed pro mo\u017enost prezentovat inovativn\u00ed zp\u016fsoby realizace jednotliv\u00fdch aktivit, st\u00e1le v\u00edce pak dal\u0161\u00edch souvisej\u00edc\u00edch t\u00e9mat. Dal\u0161\u00edm c\u00edlem je identifikovat aktu\u00e1ln\u00ed probl\u00e9my spojen\u00e9 se zapojov\u00e1n\u00edm aktiviza\u010d\u00edch strategi\u00ed do v\u00fduky p\u0159\u00edrodov\u011bdn\u00fdch p\u0159edm\u011bt\u016f.<\/p>\n<p> Ned\u00edlnou sou\u010d\u00e1st\u00ed pr\u00e1ce odborn\u00e9 komunity je publika\u010dn\u00ed \u010dinnost. C\u00edlem organiza\u010dn\u00edho t\u00fdmu je podporovat autory ve snaze o co nejkvalitn\u011bj\u0161\u00ed p\u0159\u00edsp\u011bvky. Jedn\u00edm z dosavadn\u00edch \u00fasp\u011bch\u016f je indexace sborn\u00edku z konferenc\u00ed do <a href=\"https:\/\/clarivate.com\/webofsciencegroup\/solutions\/webofscience-cpci\/\">CPCI<\/a> na Web of Science. Tato skute\u010dnost umo\u017e\u0148uje prezentovat v\u00fdsledky \u0161ir\u0161\u00ed ve\u0159ejnosti a z\u00e1rove\u0148, v d\u00e9ledob\u011bj\u0161\u00edm m\u011b\u0159\u00edtku, umo\u017e\u0148uje v\u00fdzkumn\u00edk\u016fm zvy\u0161ovat po\u010det vlastn\u00edch hodnocen\u00fdch publikac\u00ed, a t\u00edm zvy\u0161ovat jejich v\u011bdeck\u00fd kredit.<\/p>\n<p><\/p>","protected":false},"excerpt":{"rendered":"<p>C\u00edlem konference je p\u0159edev\u0161\u00edm sdru\u017eovat komunitu akt\u00e9r\u016f zainteresovan\u00fdch v t\u00e9matu projektov\u00e9ho vyu\u010dov\u00e1n\u00ed a dal\u0161\u00edch aktiviza\u010dn\u00edch strategi\u00ed \u0159\u00edzen\u00ed u\u010debn\u00ed \u010dinnosti \u017e\u00e1k\u016f. Konference slou\u017e\u00ed pro mo\u017enost prezentovat inovativn\u00ed zp\u016fsoby realizace jednotliv\u00fdch aktivit, st\u00e1le v\u00edce pak dal\u0161\u00edch souvisej\u00edc\u00edch t\u00e9mat. Dal\u0161\u00edm c\u00edlem je identifikovat aktu\u00e1ln\u00ed probl\u00e9my spojen\u00e9 se zapojov\u00e1n\u00edm aktiviza\u010d\u00edch strategi\u00ed do v\u00fduky p\u0159\u00edrodov\u011bdn\u00fdch p\u0159edm\u011bt\u016f. Ned\u00edlnou sou\u010d\u00e1st\u00ed pr\u00e1ce odborn\u00e9 &hellip; <\/p>\n<p class=\"link-more\"><a href=\"https:\/\/pages.pedf.cuni.cz\/pbe\/about\/cile-konference\/\" class=\"more-link\">Pokra\u010dovat ve \u010dten\u00ed<span class=\"screen-reader-text\"> &#8222;C\u00edle konference&#8220;<\/span><\/a><\/p>\n","protected":false},"author":542,"featured_media":0,"parent":2,"menu_order":0,"comment_status":"closed","ping_status":"closed","template":"","meta":{"footnotes":""},"class_list":["post-1094","page","type-page","status-publish","hentry"],"_links":{"self":[{"href":"https:\/\/pages.pedf.cuni.cz\/pbe\/wp-json\/wp\/v2\/pages\/1094","targetHints":{"allow":["GET"]}}],"collection":[{"href":"https:\/\/pages.pedf.cuni.cz\/pbe\/wp-json\/wp\/v2\/pages"}],"about":[{"href":"https:\/\/pages.pedf.cuni.cz\/pbe\/wp-json\/wp\/v2\/types\/page"}],"author":[{"embeddable":true,"href":"https:\/\/pages.pedf.cuni.cz\/pbe\/wp-json\/wp\/v2\/users\/542"}],"replies":[{"embeddable":true,"href":"https:\/\/pages.pedf.cuni.cz\/pbe\/wp-json\/wp\/v2\/comments?post=1094"}],"version-history":[{"count":1,"href":"https:\/\/pages.pedf.cuni.cz\/pbe\/wp-json\/wp\/v2\/pages\/1094\/revisions"}],"predecessor-version":[{"id":1095,"href":"https:\/\/pages.pedf.cuni.cz\/pbe\/wp-json\/wp\/v2\/pages\/1094\/revisions\/1095"}],"up":[{"embeddable":true,"href":"https:\/\/pages.pedf.cuni.cz\/pbe\/wp-json\/wp\/v2\/pages\/2"}],"wp:attachment":[{"href":"https:\/\/pages.pedf.cuni.cz\/pbe\/wp-json\/wp\/v2\/media?parent=1094"}],"curies":[{"name":"wp","href":"https:\/\/api.w.org\/{rel}","templated":true}]}}