{"id":1096,"date":"2020-05-24T19:34:35","date_gmt":"2020-05-24T17:34:35","guid":{"rendered":"http:\/\/pages.pedf.cuni.cz\/pbe\/?page_id=1096"},"modified":"2020-05-24T19:36:43","modified_gmt":"2020-05-24T17:36:43","slug":"vystupy-z-konference","status":"publish","type":"page","link":"https:\/\/pages.pedf.cuni.cz\/pbe\/about\/vystupy-z-konference\/","title":{"rendered":"V\u00fdstupy z konference"},"content":{"rendered":"<p><\/p>\n<p>P\u0159i prezentaci na konferenci obdr\u017e\u00ed \u00fa\u010dastn\u00edci <strong>sborn\u00edk abstrakt\u016f<\/strong>.<br \/>\nV\u00fdstupem z konference jsou pak recenzovan\u00e9 sborn\u00edky. Sborn\u00edk p\u0159\u00edsp\u011bvk\u016f empirick\u00e9ho zam\u011b\u0159en\u00ed je ka\u017edoro\u010dn\u011b odes\u00edl\u00e1n k evaluaci na WoS. Druh\u00fd sborn\u00edk obsahuje praktick\u00e9 n\u00e1m\u011bty \u010di teoretick\u00e9 p\u0159\u00edsp\u011bvky bez empirick\u00e9 slo\u017eky a slou\u017e\u00ed jako inspirace do praxe.<\/p>\n<p>Sborn\u00edky z p\u0159edchoz\u00edch let jsou k dispozici <a href=\"https:\/\/pages.pedf.cuni.cz\/pbe\/about\/sborniky\/\">zde<br \/>\n<\/a>.<\/p>\n<p><\/p>","protected":false},"excerpt":{"rendered":"<p>P\u0159i prezentaci na konferenci obdr\u017e\u00ed \u00fa\u010dastn\u00edci sborn\u00edk abstrakt\u016f. V\u00fdstupem z konference jsou pak recenzovan\u00e9 sborn\u00edky. Sborn\u00edk p\u0159\u00edsp\u011bvk\u016f empirick\u00e9ho zam\u011b\u0159en\u00ed je ka\u017edoro\u010dn\u011b odes\u00edl\u00e1n k evaluaci na WoS. Druh\u00fd sborn\u00edk obsahuje praktick\u00e9 n\u00e1m\u011bty \u010di teoretick\u00e9 p\u0159\u00edsp\u011bvky bez empirick\u00e9 slo\u017eky a slou\u017e\u00ed jako inspirace do praxe. Sborn\u00edky z p\u0159edchoz\u00edch let jsou k dispozici zde .<\/p>\n","protected":false},"author":542,"featured_media":0,"parent":2,"menu_order":0,"comment_status":"closed","ping_status":"closed","template":"","meta":{"footnotes":""},"class_list":["post-1096","page","type-page","status-publish","hentry"],"_links":{"self":[{"href":"https:\/\/pages.pedf.cuni.cz\/pbe\/wp-json\/wp\/v2\/pages\/1096","targetHints":{"allow":["GET"]}}],"collection":[{"href":"https:\/\/pages.pedf.cuni.cz\/pbe\/wp-json\/wp\/v2\/pages"}],"about":[{"href":"https:\/\/pages.pedf.cuni.cz\/pbe\/wp-json\/wp\/v2\/types\/page"}],"author":[{"embeddable":true,"href":"https:\/\/pages.pedf.cuni.cz\/pbe\/wp-json\/wp\/v2\/users\/542"}],"replies":[{"embeddable":true,"href":"https:\/\/pages.pedf.cuni.cz\/pbe\/wp-json\/wp\/v2\/comments?post=1096"}],"version-history":[{"count":3,"href":"https:\/\/pages.pedf.cuni.cz\/pbe\/wp-json\/wp\/v2\/pages\/1096\/revisions"}],"predecessor-version":[{"id":1099,"href":"https:\/\/pages.pedf.cuni.cz\/pbe\/wp-json\/wp\/v2\/pages\/1096\/revisions\/1099"}],"up":[{"embeddable":true,"href":"https:\/\/pages.pedf.cuni.cz\/pbe\/wp-json\/wp\/v2\/pages\/2"}],"wp:attachment":[{"href":"https:\/\/pages.pedf.cuni.cz\/pbe\/wp-json\/wp\/v2\/media?parent=1096"}],"curies":[{"name":"wp","href":"https:\/\/api.w.org\/{rel}","templated":true}]}}