{"id":1717,"date":"2020-11-13T21:31:49","date_gmt":"2020-11-13T20:31:49","guid":{"rendered":"http:\/\/pages.pedf.cuni.cz\/pbe\/?page_id=1717"},"modified":"2025-10-22T15:43:05","modified_gmt":"2025-10-22T13:43:05","slug":"plenarni-prednasky-2025","status":"publish","type":"page","link":"https:\/\/pages.pedf.cuni.cz\/pbe\/plenarni-prednasky-2025\/","title":{"rendered":"Plen\u00e1rn\u00ed p\u0159edn\u00e1\u0161ky 2025"},"content":{"rendered":"<p>&nbsp;<\/p>\n<table>\n<tbody>\n<tr>\n<td>P\u00e1te\u010dn\u00ed plen\u00e1rn\u00ed p\u0159edn\u00e1\u0161ka<br \/>\n<strong>Dr. Stefan K\u00fcchemann<\/strong><\/td>\n<td>Sobotn\u00ed plen\u00e1rn\u00ed p\u0159edn\u00e1\u0161ka<br \/>\n<strong>Univ.-Prof. Mag. Dr. Elisabeth Hofer<\/strong><\/td>\n<\/tr>\n<tr>\n<td>Ludwig-Maximilian University, Munich, Germany<\/td>\n<td>University of Vienna, Austria<\/td>\n<\/tr>\n<tr>\n<td><a href=\"https:\/\/pages.pedf.cuni.cz\/pbe\/english-empirical-evidence-on-opportunities-and-challenges-of-generative-ai-in-education\/\"><strong><em>Empirical evidence on opportunities and challenges of generative AI in education<\/em><\/strong><\/a><\/td>\n<td><a href=\"https:\/\/pages.pedf.cuni.cz\/pbe\/english-open-inquiry-based-learning-in-science-education-challenges-and-supportive-measures\/\"><strong><em>Open inquiry-based learning in science education &#8211; Challenges and supportive measures<\/em><\/strong><\/a><\/td>\n<\/tr>\n<tr>\n<td><a href=\"https:\/\/pages.pedf.cuni.cz\/pbe\/files\/2025\/10\/Kuchemann-scaled.jpg\"><img loading=\"lazy\" decoding=\"async\" class=\"alignnone size-medium wp-image-2357\" src=\"https:\/\/pages.pedf.cuni.cz\/pbe\/files\/2025\/10\/Kuchemann-225x300.jpg\" alt=\"\" width=\"225\" height=\"300\" srcset=\"https:\/\/pages.pedf.cuni.cz\/pbe\/files\/2025\/10\/Kuchemann-225x300.jpg 225w, https:\/\/pages.pedf.cuni.cz\/pbe\/files\/2025\/10\/Kuchemann-768x1024.jpg 768w, https:\/\/pages.pedf.cuni.cz\/pbe\/files\/2025\/10\/Kuchemann-1152x1536.jpg 1152w, https:\/\/pages.pedf.cuni.cz\/pbe\/files\/2025\/10\/Kuchemann-1536x2048.jpg 1536w, https:\/\/pages.pedf.cuni.cz\/pbe\/files\/2025\/10\/Kuchemann-scaled.jpg 1920w\" sizes=\"auto, (max-width: 225px) 100vw, 225px\" \/><\/a><\/td>\n<td><a href=\"https:\/\/pages.pedf.cuni.cz\/pbe\/files\/2025\/10\/Foto_Hofer_4_3.jpeg\"><img loading=\"lazy\" decoding=\"async\" class=\"alignnone size-medium wp-image-2356\" src=\"https:\/\/pages.pedf.cuni.cz\/pbe\/files\/2025\/10\/Foto_Hofer_4_3-225x300.jpeg\" alt=\"\" width=\"225\" height=\"300\" srcset=\"https:\/\/pages.pedf.cuni.cz\/pbe\/files\/2025\/10\/Foto_Hofer_4_3-225x300.jpeg 225w, https:\/\/pages.pedf.cuni.cz\/pbe\/files\/2025\/10\/Foto_Hofer_4_3.jpeg 240w\" sizes=\"auto, (max-width: 225px) 100vw, 225px\" \/><\/a><a href=\"https:\/\/pages.pedf.cuni.cz\/pbe\/files\/2021\/10\/Angela-1-scaled.jpg\"><br \/>\n<\/a><\/td>\n<\/tr>\n<\/tbody>\n<\/table>\n<p>&nbsp;<\/p>","protected":false},"excerpt":{"rendered":"<p>&nbsp; P\u00e1te\u010dn\u00ed plen\u00e1rn\u00ed p\u0159edn\u00e1\u0161ka Dr. Stefan K\u00fcchemann Sobotn\u00ed plen\u00e1rn\u00ed p\u0159edn\u00e1\u0161ka Univ.-Prof. Mag. Dr. Elisabeth Hofer Ludwig-Maximilian University, Munich, Germany University of Vienna, Austria Empirical evidence on opportunities and challenges of generative AI in education Open inquiry-based learning in science education &#8211; Challenges and supportive measures &nbsp;<\/p>\n","protected":false},"author":542,"featured_media":0,"parent":0,"menu_order":0,"comment_status":"closed","ping_status":"closed","template":"","meta":{"footnotes":""},"class_list":["post-1717","page","type-page","status-publish","hentry"],"_links":{"self":[{"href":"https:\/\/pages.pedf.cuni.cz\/pbe\/wp-json\/wp\/v2\/pages\/1717","targetHints":{"allow":["GET"]}}],"collection":[{"href":"https:\/\/pages.pedf.cuni.cz\/pbe\/wp-json\/wp\/v2\/pages"}],"about":[{"href":"https:\/\/pages.pedf.cuni.cz\/pbe\/wp-json\/wp\/v2\/types\/page"}],"author":[{"embeddable":true,"href":"https:\/\/pages.pedf.cuni.cz\/pbe\/wp-json\/wp\/v2\/users\/542"}],"replies":[{"embeddable":true,"href":"https:\/\/pages.pedf.cuni.cz\/pbe\/wp-json\/wp\/v2\/comments?post=1717"}],"version-history":[{"count":52,"href":"https:\/\/pages.pedf.cuni.cz\/pbe\/wp-json\/wp\/v2\/pages\/1717\/revisions"}],"predecessor-version":[{"id":2374,"href":"https:\/\/pages.pedf.cuni.cz\/pbe\/wp-json\/wp\/v2\/pages\/1717\/revisions\/2374"}],"wp:attachment":[{"href":"https:\/\/pages.pedf.cuni.cz\/pbe\/wp-json\/wp\/v2\/media?parent=1717"}],"curies":[{"name":"wp","href":"https:\/\/api.w.org\/{rel}","templated":true}]}}