{"id":1731,"date":"2020-11-13T22:00:52","date_gmt":"2020-11-13T21:00:52","guid":{"rendered":"http:\/\/pages.pedf.cuni.cz\/pbe\/?page_id=1731"},"modified":"2024-02-07T14:28:04","modified_gmt":"2024-02-07T13:28:04","slug":"english-publication-ethics-and-publication-malpractice-statement","status":"publish","type":"page","link":"https:\/\/pages.pedf.cuni.cz\/pbe\/english-publication-ethics-and-publication-malpractice-statement\/","title":{"rendered":"Editorial policies"},"content":{"rendered":"<p>Etick\u00e9 z\u00e1sady publikace jsou z\u00e1vazn\u00e9 pro v\u0161echny strany uveden\u00e9 v n\u00e1sleduj\u00edc\u00edm textu. V\u011bdeck\u00e1 rada konference p\u0159ij\u00edm\u00e1 ve\u0161ker\u00e1 nezbytn\u00e1 opat\u0159en\u00ed k prevenci proti plagi\u00e1torstv\u00ed nebo jin\u00e9mu neetick\u00e9mu chov\u00e1n\u00ed. V\u0161echny p\u0159ijat\u00e9 rukopisy mus\u00ed spl\u0148ovat stanoven\u00e9 standardy.<\/p>\n<p><strong>Publikace a autorstv\u00ed<\/strong><\/p>\n<p>\u010cl\u00e1nky mus\u00ed spl\u0148ovat pravidla pro v\u011bdeck\u00e1 sd\u011blen\u00ed. Je vy\u017eadov\u00e1n seznam pou\u017eit\u00fdch referenc\u00ed a uzn\u00e1n\u00ed ve\u0161ker\u00e9 finan\u010dn\u00ed podpory. Publikov\u00e1ny jsou pouze origin\u00e1ln\u00ed \u010dl\u00e1nky. Jak\u00e9koli \u010d\u00e1sti konferen\u010dn\u00edch p\u0159\u00edsp\u011bvk\u016f publikovan\u00fdch jinde mus\u00ed b\u00fdt pln\u011b uzn\u00e1ny. Pod\u00edvejte se n\u00ed\u017ee pro v\u00edce podrobnost\u00ed.<\/p>\n<p><strong>Odpov\u011bdnosti autor\u016f<\/strong><\/p>\n<p>Auto\u0159i mus\u00ed zajistit, \u017ee napsali zcela origin\u00e1ln\u00ed rukopis. V\u0161ichni spoluauto\u0159i rukopisu mus\u00ed v\u00fdznamn\u011b p\u0159isp\u011bt k pops\u00e1n\u00ed v\u00fdzkumu. Odesl\u00e1n\u00edm \u010dl\u00e1nku redaktor\u016fm hlavn\u00ed autor prohla\u0161uje, \u017ee jsou uvedeni v\u0161ichni auto\u0159i a finan\u010dn\u00ed podpora, a v\u0161ichni auto\u0159i jsou informov\u00e1ni o pod\u00e1van\u00e9m \u010dl\u00e1nku. Pokud auto\u0159i pou\u017eij\u00ed d\u0159\u00edve publikovan\u00e9 materi\u00e1ly, mus\u00ed je vhodn\u011b citovat. Mus\u00ed uv\u00e9st v\u0161echny pou\u017eit\u00e9 zdroje p\u0159i pr\u00e1ci na sv\u00fdch rukopisech (seznam referenc\u00ed, uzn\u00e1n\u00ed finan\u010dn\u00ed podpory). Kde se \u010d\u00e1sti obsahu p\u0159ekr\u00fdvaj\u00ed s publikovan\u00fdm nebo podan\u00fdm obsahem, auto\u0159i mus\u00ed tyto zdroje uznat a citovat je. Mus\u00ed z\u00edskat povolen\u00ed k reprodukci obsahu z jin\u00fdch zdroj\u016f (obrazov\u00e9 a jin\u00e9 materi\u00e1ly). Odesl\u00e1n\u00edm \u010dl\u00e1nku redaktor\u016fm auto\u0159i prohla\u0161uj\u00ed, \u017ee rukopis nebyl publikov\u00e1n jinde nebo nen\u00ed zva\u017eov\u00e1n nebo p\u0159ijat k publikaci jinde. Auto\u0159i mus\u00ed okam\u017eit\u011b informovat redak\u010dn\u00ed radu, pokud je jim zn\u00e1m\u00fd jak\u00fdkoli konflikt z\u00e1jm\u016f. Auto\u0159i mus\u00ed udr\u017eovat p\u0159esn\u00e9 z\u00e1znamy o datech spojen\u00fdch s jejich odeslan\u00fdm rukopisem a na \u017e\u00e1dost je poskytnout nebo umo\u017enit p\u0159\u00edstup k t\u011bmto dat\u016fm. Mus\u00ed potvrdit, \u017ee v\u0161echna data v rukopisu jsou skute\u010dn\u00e1 a autentick\u00e1. Auto\u0159i mus\u00ed okam\u017eit\u011b informovat redaktory, pokud byla v jejich publikaci zji\u0161t\u011bna v\u00fdznamn\u00e1 chyba, a spolupracovat s editorem na zve\u0159ejn\u011bn\u00ed dodatku nebo opravy nebo na st\u00e1hnut\u00ed \u010dl\u00e1nku, je-li to nutn\u00e9.<\/p>\n<p><strong>Odborn\u00e1 recenze \/ odpov\u011bdnost recenzent\u016f<\/strong><\/p>\n<p>Recenzenti p\u0159isp\u00edvaj\u00ed k rozhodovac\u00edmu procesu a pom\u00e1haj\u00ed zlep\u0161it kvalitu publikovan\u00e9ho \u010dl\u00e1nku t\u00edm, \u017ee recenzuj\u00ed \u010dl\u00e1nky objektivn\u011b, formativn\u011b a v\u010das. Recenzenti mus\u00ed zachov\u00e1vat d\u016fv\u011brnost ve\u0161ker\u00fdch informac\u00ed poskytnut\u00fdch editorem nebo autorem a nesm\u00ed si uchov\u00e1vat nebo kop\u00edrovat rukopis. Recenze je jednostrann\u00e1. Recenzenti by m\u011bli upozornit na relevantn\u00ed publikovanou pr\u00e1ci, kter\u00e1 je\u0161t\u011b nen\u00ed citov\u00e1na, a upozornit editora na jak\u00fdkoli publikovan\u00fd nebo podan\u00fd obsah, kter\u00fd je podstatn\u011b podobn\u00fd tomu, kter\u00fd je p\u0159edm\u011btem recenze. Recenzenti by m\u011bli b\u00fdt obezn\u00e1meni s mo\u017en\u00fdmi konflikty z\u00e1jm\u016f (finan\u010dn\u00edmi, institucion\u00e1ln\u00edmi, spolupracovn\u00edmi nebo jin\u00fdmi vztahy mezi recenzentem a autorem) a upozornit na n\u011b editora, p\u0159\u00edpadn\u011b st\u00e1hnout sv\u00e9 slu\u017eby pro rukopis. Tyto polo\u017eky jsou zahrnuty ve formul\u00e1\u0159i recenze.<\/p>\n<p><strong>Redak\u010dn\u00ed odpov\u011bdnosti<\/strong><\/p>\n<p>Redakto\u0159i by m\u011bli usilovat o to, aby byla odborn\u00e1 recenze spravedliv\u00e1, nestrann\u00e1 a v\u010dasn\u00e1. Redakto\u0159i jednaj\u00ed vyv\u00e1\u017een\u011b, objektivn\u011b a spravedliv\u011b, bez diskriminace na z\u00e1klad\u011b pohlav\u00ed, sexu\u00e1ln\u00ed orientace, n\u00e1bo\u017eensk\u00fdch nebo politick\u00fdch p\u0159esv\u011bd\u010den\u00ed, etnick\u00e9ho nebo geografick\u00e9ho p\u016fvodu autor\u016f. Nesm\u00ed m\u00edt \u017e\u00e1dn\u00fd konflikt z\u00e1jm\u016f v\u016f\u010di \u010dl\u00e1nk\u016fm, za kter\u00e9 jsou odpov\u011bdn\u00ed. \u010cl\u00e1nek, kter\u00fd je naps\u00e1n n\u011bkter\u00fdm z redaktor\u016f, je zpracov\u00e1n stejn\u011b jako jak\u00fdkoli jin\u00fd \u010dl\u00e1nek a je editov\u00e1n jin\u00fdm \u010dlenem redak\u010dn\u00edho t\u00fdmu. Redakto\u0159i maj\u00ed plnou odpov\u011bdnost a autoritu zam\u00edtnout\/p\u0159ijmout \u010dl\u00e1nek na z\u00e1klad\u011b objektivn\u00edch krit\u00e9ri\u00ed, tj. d\u016fle\u017eitosti \u010dl\u00e1nku, originality a srozumitelnosti, platnosti studie a jej\u00ed relevanci pro zad\u00e1n\u00ed sborn\u00edku. Redakto\u0159i mus\u00ed zajistit, \u017ee v\u0161echny publikovan\u00e9 zpr\u00e1vy a recenze.<\/p>","protected":false},"excerpt":{"rendered":"<p>Etick\u00e9 z\u00e1sady publikace jsou z\u00e1vazn\u00e9 pro v\u0161echny strany uveden\u00e9 v n\u00e1sleduj\u00edc\u00edm textu. V\u011bdeck\u00e1 rada konference p\u0159ij\u00edm\u00e1 ve\u0161ker\u00e1 nezbytn\u00e1 opat\u0159en\u00ed k prevenci proti plagi\u00e1torstv\u00ed nebo jin\u00e9mu neetick\u00e9mu chov\u00e1n\u00ed. V\u0161echny p\u0159ijat\u00e9 rukopisy mus\u00ed spl\u0148ovat stanoven\u00e9 standardy. Publikace a autorstv\u00ed \u010cl\u00e1nky mus\u00ed spl\u0148ovat pravidla pro v\u011bdeck\u00e1 sd\u011blen\u00ed. Je vy\u017eadov\u00e1n seznam pou\u017eit\u00fdch referenc\u00ed a uzn\u00e1n\u00ed ve\u0161ker\u00e9 finan\u010dn\u00ed podpory. Publikov\u00e1ny &hellip; <\/p>\n<p class=\"link-more\"><a href=\"https:\/\/pages.pedf.cuni.cz\/pbe\/english-publication-ethics-and-publication-malpractice-statement\/\" class=\"more-link\">Pokra\u010dovat ve \u010dten\u00ed<span class=\"screen-reader-text\"> &#8222;Editorial policies&#8220;<\/span><\/a><\/p>\n","protected":false},"author":297,"featured_media":0,"parent":0,"menu_order":0,"comment_status":"closed","ping_status":"closed","template":"","meta":{"footnotes":""},"class_list":["post-1731","page","type-page","status-publish","hentry"],"_links":{"self":[{"href":"https:\/\/pages.pedf.cuni.cz\/pbe\/wp-json\/wp\/v2\/pages\/1731","targetHints":{"allow":["GET"]}}],"collection":[{"href":"https:\/\/pages.pedf.cuni.cz\/pbe\/wp-json\/wp\/v2\/pages"}],"about":[{"href":"https:\/\/pages.pedf.cuni.cz\/pbe\/wp-json\/wp\/v2\/types\/page"}],"author":[{"embeddable":true,"href":"https:\/\/pages.pedf.cuni.cz\/pbe\/wp-json\/wp\/v2\/users\/297"}],"replies":[{"embeddable":true,"href":"https:\/\/pages.pedf.cuni.cz\/pbe\/wp-json\/wp\/v2\/comments?post=1731"}],"version-history":[{"count":9,"href":"https:\/\/pages.pedf.cuni.cz\/pbe\/wp-json\/wp\/v2\/pages\/1731\/revisions"}],"predecessor-version":[{"id":2235,"href":"https:\/\/pages.pedf.cuni.cz\/pbe\/wp-json\/wp\/v2\/pages\/1731\/revisions\/2235"}],"wp:attachment":[{"href":"https:\/\/pages.pedf.cuni.cz\/pbe\/wp-json\/wp\/v2\/media?parent=1731"}],"curies":[{"name":"wp","href":"https:\/\/api.w.org\/{rel}","templated":true}]}}