{"id":1763,"date":"2021-05-17T21:43:33","date_gmt":"2021-05-17T19:43:33","guid":{"rendered":"http:\/\/pages.pedf.cuni.cz\/pbe\/?page_id=1763"},"modified":"2025-11-06T22:18:43","modified_gmt":"2025-11-06T21:18:43","slug":"vedecky-vybor-konference","status":"publish","type":"page","link":"https:\/\/pages.pedf.cuni.cz\/pbe\/about\/vedecky-vybor-konference\/","title":{"rendered":"V\u011bdeck\u00fd v\u00fdbor konference"},"content":{"rendered":"<!-- \/wp:post-content -->\r\n<p>Chairman:<\/p>\r\n<p><!-- \/wp:paragraph -->\r\n\r\n<!-- wp:paragraph --><\/p>\r\n<p><strong>doc. PhDr. Martin Rusek, Ph.D. (CZ)<\/strong><\/p>\r\n<p><!-- \/wp:paragraph -->\r\n\r\n<!-- wp:paragraph --><\/p>\r\n<p>Charles University, Faculty of Education, Department of Chemistry and Chemistry Education<\/p>\r\n<p><!-- \/wp:paragraph -->\r\n\r\n<!-- wp:paragraph --><\/p>\r\n<p>Honorary chairman:<\/p>\r\n<p><!-- \/wp:paragraph -->\r\n\r\n<!-- wp:paragraph --><\/p>\r\n<p><strong>prof. RNDr. Pavel Bene\u0161, CSc. (CZ)<\/strong><\/p>\r\n<p><!-- \/wp:paragraph -->\r\n\r\n<!-- wp:paragraph --><\/p>\r\n<p>Charles University, Faculty of Education, Department of Chemistry and Chemistry Education<\/p>\r\n<p><!-- \/wp:paragraph --><\/p>\r\n<p>&nbsp;<\/p>\r\n<p><!-- wp:paragraph --><\/p>\r\n<p>Members:<\/p>\r\n<p><!-- \/wp:paragraph -->\r\n\r\n<!-- wp:paragraph --><\/p>\r\n<p><strong>assoc. prof. Sevil Akayg\u00fcn (TR)<\/strong><\/p>\r\n<p><!-- \/wp:paragraph -->\r\n\r\n<!-- wp:paragraph --><\/p>\r\n<p>Bo\u011fazi\u00e7i Univeristy, Faculty of Education, Mathematics and Science Education Department<\/p>\r\n<p><!-- \/wp:paragraph -->\r\n\r\n<!-- wp:paragraph \/-->\r\n\r\n<!-- wp:paragraph --><\/p>\r\n<p><strong>dr. hab. Pawe\u0142 Bernard (PL)<\/strong><\/p>\r\n<p><!-- \/wp:paragraph -->\r\n\r\n<!-- wp:paragraph --><\/p>\r\n<p>Jagiellonian University in Krakow, Faculty of Chemistry, Department of Chemical Education<\/p>\r\n<p><!-- \/wp:paragraph -->\r\n\r\n<!-- wp:paragraph \/-->\r\n\r\n<!-- wp:paragraph --><\/p>\r\n<p><strong>prof. PhDr. Martin B\u00edlek, Ph.D. (CZ)<\/strong><\/p>\r\n<p><!-- \/wp:paragraph -->\r\n\r\n<!-- wp:paragraph --><\/p>\r\n<p>Charles University, Faculty of Education, Department of Chemistry and Chemistry Education<\/p>\r\n<p><!-- \/wp:paragraph -->\r\n\r\n<!-- wp:paragraph --><\/p>\r\n<p><strong>Prof. Ron Blonder (IL)<\/strong><\/p>\r\n<p><!-- \/wp:paragraph -->\r\n\r\n<!-- wp:paragraph --><\/p>\r\n<p>Weizmann Institute of Science, Rehovot<\/p>\r\n<p><!-- \/wp:paragraph -->\r\n\r\n<!-- wp:paragraph --><\/p>\r\n<p><strong>prof. Dr. Iztok Devetak (SLO)<\/strong><\/p>\r\n<p><!-- \/wp:paragraph -->\r\n\r\n<!-- wp:paragraph --><\/p>\r\n<p>University of Ljubljana, Faculty of Education, Department of Biology, Chemistry and Home Economics<\/p>\r\n<p><!-- \/wp:paragraph -->\r\n\r\n<!-- wp:paragraph --><\/p>\r\n<p><strong>assoc. prof. R\u0131dvan Elmas (TR)<\/strong><\/p>\r\n<p><!-- \/wp:paragraph -->\r\n\r\n<!-- wp:paragraph --><\/p>\r\n<p>Afyon Kocatepe University, Faculty of Education, Department of Mathematics and Science Education<\/p>\r\n<p><strong>assoc. prof. Kristof Fenyv\u00e9si, PhD. (FI)<\/strong><\/p>\r\n<p><!-- \/wp:paragraph -->\r\n\r\n<!-- wp:paragraph --><\/p>\r\n<p>Finnish Institute for Educational Research<\/p>\r\n<p><!-- \/wp:paragraph --><\/p>\r\n<p><strong>Univ.-Prof. Mag. Dr. Elisabeth Hofer (AT)<\/strong><\/p>\r\n<p><!-- \/wp:paragraph -->\r\n\r\n<!-- wp:paragraph --><\/p>\r\n<p>University of Vienna, Faculty of Chemistry, Department of Didactics of Chemistry<\/p>\r\n<p><strong>doc. RNDr. Mari\u00e1n Kire\u0161 PhD. (SK)<\/strong><\/p>\r\n<p><!-- \/wp:paragraph -->\r\n\r\n<!-- wp:paragraph --><\/p>\r\n<p>Pavol Jozef \u0160af\u00e1rik University in Ko\u0161ice, Faculty of Science, Institute of Physics<\/p>\r\n<p><!-- \/wp:paragraph --><\/p>\r\n<p><strong>doc. RNDr. Jarmila Kme\u0165ov\u00e1, PhD., MBA (SK)<\/strong><\/p>\r\n<p><!-- \/wp:paragraph -->\r\n\r\n<!-- wp:paragraph --><\/p>\r\n<p>Matej Bel University, Faculty of Natural Sciences, Department of Chemistry<\/p>\r\n<p><strong>doc. PaedDr. Katar\u00edna Kotu\u013a\u00e1kov\u00e1, PhD. (SK)<\/strong><\/p>\r\n<p><!-- \/wp:paragraph -->\r\n\r\n<!-- wp:paragraph --><\/p>\r\n<p>Trnava University, Faculty of Education, Department of Chemistry<\/p>\r\n<p><!-- \/wp:paragraph --><\/p>\r\n<p><!-- \/wp:paragraph --><\/p>\r\n<p><strong>prof. Dr. Zsolt Lavicza (AUS)<\/strong><\/p>\r\n<p><!-- \/wp:paragraph --><\/p>\r\n<p><!-- wp:paragraph --><\/p>\r\n<p>Johannes Kepler University Linz, Linz School of Education, Department of STEM Education<\/p>\r\n<p><!-- wp:paragraph --><!-- \/wp:paragraph -->\r\n\r\n<!-- wp:paragraph --><\/p>\r\n<p><strong>prof. Dr. Martin Lindner (D)<\/strong><\/p>\r\n<p><!-- \/wp:paragraph -->\r\n\r\n<!-- wp:paragraph --><\/p>\r\n<p>Martin-Luther University, Faculty of Natural Sciences 1 \u2013 Biosciences, Department of Didactics of Biology<\/p>\r\n<p><!-- \/wp:paragraph -->\r\n\r\n<!-- wp:paragraph --><\/p>\r\n<p><strong>prof. Jan Lundell (FIN)<\/strong><\/p>\r\n<p><!-- \/wp:paragraph -->\r\n\r\n<!-- wp:paragraph --><\/p>\r\n<p>University of Helsinki, Faculty of Science, Department of Chemistry<\/p>\r\n<p><!-- \/wp:paragraph -->\r\n\r\n<!-- wp:paragraph --><\/p>\r\n<p><!-- \/wp:paragraph --><\/p>\r\n<p><strong>prof. Dr. Silvija Marki\u0107 (D)<\/strong><\/p>\r\n<p>Ludwig-Maxmillian University in Munich, Department of Chemistry<\/p>\r\n<p><strong>prof. Renee&#8216; Schwartz (US)<\/strong><\/p>\r\n<p><!-- \/wp:paragraph -->\r\n\r\n<!-- wp:paragraph --><\/p>\r\n<p>Georgia State University, Department of Middle-Secondary Education<\/p>","protected":false},"excerpt":{"rendered":"<p>Chairman: doc. PhDr. Martin Rusek, Ph.D. (CZ) Charles University, Faculty of Education, Department of Chemistry and Chemistry Education Honorary chairman: prof. RNDr. Pavel Bene\u0161, CSc. (CZ) Charles University, Faculty of Education, Department of Chemistry and Chemistry Education &nbsp; Members: assoc. prof. Sevil Akayg\u00fcn (TR) Bo\u011fazi\u00e7i Univeristy, Faculty of Education, Mathematics and Science Education Department dr. &hellip; <\/p>\n<p class=\"link-more\"><a href=\"https:\/\/pages.pedf.cuni.cz\/pbe\/about\/vedecky-vybor-konference\/\" class=\"more-link\">Pokra\u010dovat ve \u010dten\u00ed<span class=\"screen-reader-text\"> &#8222;V\u011bdeck\u00fd v\u00fdbor konference&#8220;<\/span><\/a><\/p>\n","protected":false},"author":542,"featured_media":0,"parent":2,"menu_order":0,"comment_status":"closed","ping_status":"closed","template":"","meta":{"footnotes":""},"class_list":["post-1763","page","type-page","status-publish","hentry"],"_links":{"self":[{"href":"https:\/\/pages.pedf.cuni.cz\/pbe\/wp-json\/wp\/v2\/pages\/1763","targetHints":{"allow":["GET"]}}],"collection":[{"href":"https:\/\/pages.pedf.cuni.cz\/pbe\/wp-json\/wp\/v2\/pages"}],"about":[{"href":"https:\/\/pages.pedf.cuni.cz\/pbe\/wp-json\/wp\/v2\/types\/page"}],"author":[{"embeddable":true,"href":"https:\/\/pages.pedf.cuni.cz\/pbe\/wp-json\/wp\/v2\/users\/542"}],"replies":[{"embeddable":true,"href":"https:\/\/pages.pedf.cuni.cz\/pbe\/wp-json\/wp\/v2\/comments?post=1763"}],"version-history":[{"count":38,"href":"https:\/\/pages.pedf.cuni.cz\/pbe\/wp-json\/wp\/v2\/pages\/1763\/revisions"}],"predecessor-version":[{"id":2421,"href":"https:\/\/pages.pedf.cuni.cz\/pbe\/wp-json\/wp\/v2\/pages\/1763\/revisions\/2421"}],"up":[{"embeddable":true,"href":"https:\/\/pages.pedf.cuni.cz\/pbe\/wp-json\/wp\/v2\/pages\/2"}],"wp:attachment":[{"href":"https:\/\/pages.pedf.cuni.cz\/pbe\/wp-json\/wp\/v2\/media?parent=1763"}],"curies":[{"name":"wp","href":"https:\/\/api.w.org\/{rel}","templated":true}]}}