{"id":1775,"date":"2021-05-17T22:19:23","date_gmt":"2021-05-17T20:19:23","guid":{"rendered":"http:\/\/pages.pedf.cuni.cz\/pbe\/?page_id=1775"},"modified":"2024-09-10T15:06:18","modified_gmt":"2024-09-10T13:06:18","slug":"publikacni-proces","status":"publish","type":"page","link":"https:\/\/pages.pedf.cuni.cz\/pbe\/about\/publikacni-proces\/","title":{"rendered":"Publika\u010dn\u00ed proces"},"content":{"rendered":"<p>Po zasl\u00e1n\u00ed \u010dl\u00e1nku na adresu pbe@pedf.cuni.cz je \u010dl\u00e1nek kontrolov\u00e1n technick\u00fdm editorem, kter\u00fd m\u016f\u017ee zaslan\u00fd \u010dl\u00e1nek vr\u00e1tit autor\u016fm, pokud nespl\u0148uje nastaven\u00e1 krit\u00e9ria (cita\u010dn\u00ed normu, \u0161ablonu, atd.). \u010cl\u00e1nek je n\u00e1sledn\u011b p\u0159ed\u00e1n k recenz\u00edm dv\u011bma recenzent\u016fm, kte\u0159\u00ed nejsou v\u016f\u010di autor\u016fm ve st\u0159etu z\u00e1lmu. To tak\u00e9 potvrzuj\u00ed v recenzn\u00edm formul\u00e1\u0159i. V p\u0159\u00edpad\u011b rozd\u00edl\u016f v recenz\u00edch je editorem osloven t\u0159et\u00ed recenzent. Recenzenti k rukopis\u016fm d\u00e1vaj\u00ed koment\u00e1\u0159e bu\u010fto prost\u0159ednictv\u00edm recenzn\u00edho formul\u00e1\u0159e nebo formou anonymizovan\u00fdch koment\u00e1\u0159\u016f rovnou do rukopisu. N\u00e1sledn\u011b navrhuj\u00ed editor\u016fm sv\u00e1 stanoviska s koment\u00e1\u0159i: p\u0159ijet\u00ed \u010dl\u00e1nku, p\u0159ijet\u00ed \u010dl\u00e1nku s drobn\u00fdmi \u00fapravami, p\u0159ijet\u00ed \u010dl\u00e1nku se z\u00e1sadn\u00edmi \u00fapravami a odm\u00edtnut\u00ed publikov\u00e1n\u00ed \u010dl\u00e1nku v konferen\u010dn\u00edm sborn\u00edku.<br \/>\nV p\u0159\u00edpad\u011b p\u0159ijet\u00ed \u010dl\u00e1nku autor obdr\u017e\u00ed p\u0159edpisovou verzi pro kontrolu sv\u00e9ho \u010dl\u00e1nku a vypln\u00ed autorsk\u00fd formul\u00e1\u0159 s deklarac\u00ed o st\u0159etu z\u00e1jm\u016f, souhlas se zapojen\u00edm v\u0161ech autor\u016f a informace o finan\u010dn\u00ed podpo\u0159e.<\/p>","protected":false},"excerpt":{"rendered":"<p>Po zasl\u00e1n\u00ed \u010dl\u00e1nku na adresu pbe@pedf.cuni.cz je \u010dl\u00e1nek kontrolov\u00e1n technick\u00fdm editorem, kter\u00fd m\u016f\u017ee zaslan\u00fd \u010dl\u00e1nek vr\u00e1tit autor\u016fm, pokud nespl\u0148uje nastaven\u00e1 krit\u00e9ria (cita\u010dn\u00ed normu, \u0161ablonu, atd.). \u010cl\u00e1nek je n\u00e1sledn\u011b p\u0159ed\u00e1n k recenz\u00edm dv\u011bma recenzent\u016fm, kte\u0159\u00ed nejsou v\u016f\u010di autor\u016fm ve st\u0159etu z\u00e1lmu. To tak\u00e9 potvrzuj\u00ed v recenzn\u00edm formul\u00e1\u0159i. V p\u0159\u00edpad\u011b rozd\u00edl\u016f v recenz\u00edch je editorem osloven t\u0159et\u00ed &hellip; <\/p>\n<p class=\"link-more\"><a href=\"https:\/\/pages.pedf.cuni.cz\/pbe\/about\/publikacni-proces\/\" class=\"more-link\">Pokra\u010dovat ve \u010dten\u00ed<span class=\"screen-reader-text\"> &#8222;Publika\u010dn\u00ed proces&#8220;<\/span><\/a><\/p>\n","protected":false},"author":542,"featured_media":0,"parent":2,"menu_order":0,"comment_status":"closed","ping_status":"closed","template":"","meta":{"footnotes":""},"class_list":["post-1775","page","type-page","status-publish","hentry"],"_links":{"self":[{"href":"https:\/\/pages.pedf.cuni.cz\/pbe\/wp-json\/wp\/v2\/pages\/1775","targetHints":{"allow":["GET"]}}],"collection":[{"href":"https:\/\/pages.pedf.cuni.cz\/pbe\/wp-json\/wp\/v2\/pages"}],"about":[{"href":"https:\/\/pages.pedf.cuni.cz\/pbe\/wp-json\/wp\/v2\/types\/page"}],"author":[{"embeddable":true,"href":"https:\/\/pages.pedf.cuni.cz\/pbe\/wp-json\/wp\/v2\/users\/542"}],"replies":[{"embeddable":true,"href":"https:\/\/pages.pedf.cuni.cz\/pbe\/wp-json\/wp\/v2\/comments?post=1775"}],"version-history":[{"count":5,"href":"https:\/\/pages.pedf.cuni.cz\/pbe\/wp-json\/wp\/v2\/pages\/1775\/revisions"}],"predecessor-version":[{"id":2273,"href":"https:\/\/pages.pedf.cuni.cz\/pbe\/wp-json\/wp\/v2\/pages\/1775\/revisions\/2273"}],"up":[{"embeddable":true,"href":"https:\/\/pages.pedf.cuni.cz\/pbe\/wp-json\/wp\/v2\/pages\/2"}],"wp:attachment":[{"href":"https:\/\/pages.pedf.cuni.cz\/pbe\/wp-json\/wp\/v2\/media?parent=1775"}],"curies":[{"name":"wp","href":"https:\/\/api.w.org\/{rel}","templated":true}]}}