{"id":1837,"date":"2021-09-16T08:04:32","date_gmt":"2021-09-16T06:04:32","guid":{"rendered":"http:\/\/pages.pedf.cuni.cz\/pbe\/?page_id=1837"},"modified":"2025-12-21T21:37:47","modified_gmt":"2025-12-21T20:37:47","slug":"sbornik","status":"publish","type":"page","link":"https:\/\/pages.pedf.cuni.cz\/pbe\/sbornik\/","title":{"rendered":"Sborn\u00edk"},"content":{"rendered":"<p><\/p>\n<h2>O sborn\u00edku<\/h2>\n<p>Konferen\u010dn\u00ed sborn\u00edk Project-based education and other activating strategies in science education je open access peer review periodikum vyd\u00e1van\u00e9 jednou ro\u010dn\u011b na Pedagogick\u00e9 fakult\u011b Univerzity Karlovy v n\u00e1vaznosti na po\u0159\u00e1danou konferenci PBE.<\/p>\n<p>Publikov\u00e1ny mohou b\u00fdt pouze odborn\u00e9 autorsk\u00e9 p\u0159\u00edsp\u011bvky, kter\u00e9 nebyly d\u0159\u00edve publikov\u00e1ny v jin\u00e9m periodiku, byly prezentovan\u00e9 na konferenci, a pro\u0161ly \u0159\u00e1dn\u00fdm recenzn\u00edm \u0159\u00edzen\u00edm.<\/p>\n<p>Od roku 2017 je sborn\u00edk vyd\u00e1v\u00e1n <strong>pouze online<\/strong>.<\/p>\n<p>Vydavatel:<\/p>\n<p>Univerzita Karlova, Pedagogick\u00e1 fakulta<\/p>\n<p>M. Rettigov\u00e9 4, 116 39 Praha 1<\/p>\n<p><strong>ISSN 2695-0626<\/strong><\/p>\n<h2>C\u00edle &amp; Zam\u011b\u0159en\u00ed<\/h2>\n<p>Konferen\u010dn\u00ed sborn\u00edk se zam\u011b\u0159uje na problematiku aktivn\u00edho u\u010den\u00ed \u017e\u00e1k\u016f ve v\u00fduce p\u0159\u00edrodn\u00edch v\u011bd z pohledu \u017e\u00e1k\u016f, budouc\u00edch i sou\u010dasn\u00fdch u\u010ditel\u016f, kurikula a u\u010debn\u00edch materi\u00e1l\u016f i v\u00fdsledk\u016f vzd\u011bl\u00e1v\u00e1n\u00ed. C\u00edlem periodika je podporovat rozvoj vyu\u017e\u00edv\u00e1n\u00ed aktiviza\u010dn\u00edch metod ve v\u00fduce p\u0159\u00edrodn\u00edch v\u011bd jak prost\u0159ednictv\u00edm teoretick\u00e9ho ukotven\u00ed, tak p\u0159\u00edklady dobr\u00e9 praxe podep\u0159en\u00e9 v\u00fdzkumn\u00fdmi v\u00fdsledky. Konferen\u010dn\u00ed sborn\u00edk tak c\u00edl\u00ed jak na odbornou komunitu v\u00fdzkumn\u00edk\u016f v oblasti p\u0159\u00edrodn\u00edch v\u011bd a teachers\u2018 educators, tak na u\u010ditele, kter\u00fdm poskytuje vhled do aktu\u00e1ln\u00edho pozn\u00e1n\u00ed v dan\u00e9 oblasti. Publikov\u00e1ny jsou\u00a0v\u00fdhradn\u011b <strong data-start=\"664\" data-end=\"699\">empiricky orientovan\u00e9 p\u0159\u00edsp\u011bvky<\/strong>, kter\u00e9 vych\u00e1zej\u00ed z pedagogick\u00e9ho v\u00fdzkumu nebo z jin\u00fdch systematick\u00fdch forem evidence-based pozn\u00e1n\u00ed. Samotn\u00e9 praktick\u00e9 n\u00e1m\u011bty, popisy experiment\u016f \u010di v\u00fdukov\u00fdch aktivit, pokud nejsou podlo\u017eeny v\u00fdzkumn\u00fdmi daty nebo analytickou reflex\u00ed, nejsou p\u0159ij\u00edm\u00e1ny k publikov\u00e1n\u00ed.<\/p>\n<h2>Publika\u010dn\u00ed poplatky<\/h2>\n<p>Pouze auto\u0159i, kte\u0159\u00ed uhradili konferen\u010dn\u00ed poplatek, mohou publikovat v konferen\u010dn\u00edm sborn\u00edku. \u017d\u00e1dn\u00e9 dal\u0161\u00ed platby spojen\u00e9 s publikac\u00ed nejsou vy\u017eadov\u00e1ny.<\/p>\n<h2>Zdroj p\u0159\u00edjm\u016f, reklama a marketing<\/h2>\n<p>Konferen\u010dn\u00ed sborn\u00edk je publikov\u00e1n za vyu\u017eit\u00ed zdroj\u016f Univerzity Karlovy, Pedagogick\u00e9 fakulty, s dopln\u011bn\u00edm o \u010d\u00e1st p\u0159\u00edjmu z \u00fa\u010dastnick\u00e9ho poplatku. Na stran\u011b autor\u016f p\u0159\u00edsp\u011bvk\u016f je vyu\u017e\u00edv\u00e1na podpora v\u00fdvojov\u00fdch nebo v\u011bdeck\u00fdch projekt\u016f. Publikace nez\u00e1vis\u00ed na \u017e\u00e1dn\u00e9 komer\u010dn\u00ed stran\u011b.<\/p>\n<p>Sborn\u00edk slou\u017e\u00ed pouze pro v\u011bdeck\u00e9 a vzd\u011bl\u00e1vac\u00ed \u00fa\u010dely. Nejsou v n\u011bm zve\u0159ej\u0148ov\u00e1ny \u017e\u00e1dn\u00e9 reklamy. Publikovan\u00e9 \u010dl\u00e1nky ani jin\u00e9 materi\u00e1ly neslou\u017e\u00ed pro komer\u010dn\u00ed \u00fa\u010dely.<\/p>\n<p>&nbsp;<\/p>\n<p><a href=\"https:\/\/pages.pedf.cuni.cz\/pbe\/sbornik\/english-conference-papers-publishing-process\/\">Proces publikov\u00e1n\u00ed konferen\u010dn\u00edho sborn\u00edku<\/a><\/p>\n<p><a href=\"https:\/\/pages.pedf.cuni.cz\/pbe\/sbornik\/redakcni-kruh-konference\/\">Redak\u010dn\u00ed rada<\/a><\/p>\n<p><a href=\"https:\/\/pages.pedf.cuni.cz\/pbe\/english-publication-ethics-and-publication-malpractice-statement\/\">Publika\u010dn\u00ed etika<\/a><\/p>\n<p><a href=\"https:\/\/pages.pedf.cuni.cz\/pbe\/english-open-access-and-copyright-policy\/\">Politika otev\u0159en\u00e9ho p\u0159\u00edstupu a autorsk\u00fdch pr\u00e1v<\/a><\/p>\n<p><a href=\"https:\/\/pages.pedf.cuni.cz\/pbe\/about\/sborniky\/\">Sborn\u00edky z p\u0159edchoz\u00edch ro\u010dn\u00edk\u016f konference<\/a><\/p>","protected":false},"excerpt":{"rendered":"<p>O sborn\u00edku Konferen\u010dn\u00ed sborn\u00edk Project-based education and other activating strategies in science education je open access peer review periodikum vyd\u00e1van\u00e9 jednou ro\u010dn\u011b na Pedagogick\u00e9 fakult\u011b Univerzity Karlovy v n\u00e1vaznosti na po\u0159\u00e1danou konferenci PBE. Publikov\u00e1ny mohou b\u00fdt pouze odborn\u00e9 autorsk\u00e9 p\u0159\u00edsp\u011bvky, kter\u00e9 nebyly d\u0159\u00edve publikov\u00e1ny v jin\u00e9m periodiku, byly prezentovan\u00e9 na konferenci, a pro\u0161ly \u0159\u00e1dn\u00fdm recenzn\u00edm &hellip; <\/p>\n<p class=\"link-more\"><a href=\"https:\/\/pages.pedf.cuni.cz\/pbe\/sbornik\/\" class=\"more-link\">Pokra\u010dovat ve \u010dten\u00ed<span class=\"screen-reader-text\"> &#8222;Sborn\u00edk&#8220;<\/span><\/a><\/p>\n","protected":false},"author":297,"featured_media":0,"parent":0,"menu_order":1,"comment_status":"closed","ping_status":"closed","template":"","meta":{"footnotes":""},"class_list":["post-1837","page","type-page","status-publish","hentry"],"_links":{"self":[{"href":"https:\/\/pages.pedf.cuni.cz\/pbe\/wp-json\/wp\/v2\/pages\/1837","targetHints":{"allow":["GET"]}}],"collection":[{"href":"https:\/\/pages.pedf.cuni.cz\/pbe\/wp-json\/wp\/v2\/pages"}],"about":[{"href":"https:\/\/pages.pedf.cuni.cz\/pbe\/wp-json\/wp\/v2\/types\/page"}],"author":[{"embeddable":true,"href":"https:\/\/pages.pedf.cuni.cz\/pbe\/wp-json\/wp\/v2\/users\/297"}],"replies":[{"embeddable":true,"href":"https:\/\/pages.pedf.cuni.cz\/pbe\/wp-json\/wp\/v2\/comments?post=1837"}],"version-history":[{"count":29,"href":"https:\/\/pages.pedf.cuni.cz\/pbe\/wp-json\/wp\/v2\/pages\/1837\/revisions"}],"predecessor-version":[{"id":2444,"href":"https:\/\/pages.pedf.cuni.cz\/pbe\/wp-json\/wp\/v2\/pages\/1837\/revisions\/2444"}],"wp:attachment":[{"href":"https:\/\/pages.pedf.cuni.cz\/pbe\/wp-json\/wp\/v2\/media?parent=1837"}],"curies":[{"name":"wp","href":"https:\/\/api.w.org\/{rel}","templated":true}]}}