{"id":184,"date":"2011-11-13T11:13:50","date_gmt":"2011-11-13T11:13:50","guid":{"rendered":"http:\/\/userweb.pedf.cuni.cz\/wp\/pvch\/"},"modified":"2025-11-25T22:41:00","modified_gmt":"2025-11-25T21:41:00","slug":"sborniky","status":"publish","type":"page","link":"https:\/\/pages.pedf.cuni.cz\/pbe\/about\/sborniky\/","title":{"rendered":"Vydan\u00e9 sborn\u00edky z PBE"},"content":{"rendered":"<p><strong>Sborn\u00edky jsou dostupn\u00e9 zde:<br \/>\n<\/strong><\/p>\n<ul>\n<li><a href=\"https:\/\/pages.pedf.cuni.cz\/pbe\/files\/2025\/11\/PBE_2024_final.pdf\">XXII. PBE 2024<\/a> ISSN 2695-0626<\/li>\n<li><a href=\"https:\/\/pages.pedf.cuni.cz\/pbe\/files\/2024\/09\/PBE2023_final.pdf\">XXI. PBE 2023<\/a> ISSN 2695-0626<\/li>\n<li><a href=\"https:\/\/pages.pedf.cuni.cz\/pbe\/files\/2023\/09\/ConferenceProceedings_PBE2022_final.pdf\">XX. PBE 2022<\/a> ISSN 2695-0626<\/li>\n<li><a href=\"https:\/\/pages.pedf.cuni.cz\/pbe\/files\/2022\/10\/ProceedingsPBE2021_final.pdf\">XIX. PBE 2021<\/a> ISSN 2695-0626<\/li>\n<li><a href=\"https:\/\/pages.pedf.cuni.cz\/pbe\/files\/2021\/05\/ProceedingsPBE2020_final.pdf\">XVIII. PBE 2020<\/a> ISSN 2695-0626<\/li>\n<li><a class=\"_ps2id\" href=\"https:\/\/pages.pedf.cuni.cz\/pbe\/files\/2020\/05\/PBE_2019_final.pdf\">XVII. &#8211; empirick\u00e9 texty (WoS) PBE (2019)<\/a><\/li>\n<li><a class=\"_ps2id\" href=\"https:\/\/pages.pedf.cuni.cz\/pbe\/files\/2020\/06\/PBE_pract_2019.pdf\">XVII. &#8211; neempirick\u00e9 texty PBE (2019)<\/a><\/li>\n<li><a href=\"https:\/\/pages.pedf.cuni.cz\/pbe\/files\/2019\/07\/sbornikPBE2018_wos.pdf\">XVI. &#8211; empirick\u00e9 texty (WoS) PBE<\/a> (2018)<\/li>\n<li><a href=\"https:\/\/pages.pedf.cuni.cz\/pbe\/files\/2019\/09\/sbornikPBE2018_praktick\u00fd_final.pdf\">XVI. &#8211; neempirick\u00e9 texty PBE<\/a> (2018)<\/li>\n<li><a href=\"https:\/\/pages.pedf.cuni.cz\/pbe\/files\/2018\/05\/PBE_2018_final.pdf\">XV. &#8211; empirick\u00e9 texty (WoS) PBE<\/a> (2017)<\/li>\n<li><a href=\"https:\/\/pages.pedf.cuni.cz\/pbe\/files\/2019\/09\/PBE2017_prakticke_final.pdf\">XV. &#8211; neempirick\u00e9 texty PBE<\/a> (2017)<\/li>\n<li><a href=\"https:\/\/pages.pedf.cuni.cz\/pbe\/files\/2011\/11\/PBE_XIV_final.pdf\">XIV. PBE<\/a> (2016)<\/li>\n<li><a href=\"https:\/\/pages.pedf.cuni.cz\/pbe\/files\/2016\/02\/proceedings_2015.pdf\">XIII. PBE<\/a> (2015)<\/li>\n<li><a href=\"https:\/\/pages.pedf.cuni.cz\/pbe\/files\/2011\/11\/PBE2014.pdf\">XII. PBE<\/a> (2014)<\/li>\n<li><a href=\"https:\/\/pages.pedf.cuni.cz\/pbe\/files\/2011\/11\/Sbornik11_final.pdf\">X. PBE<\/a> (2013)<\/li>\n<li><a href=\"https:\/\/pages.pedf.cuni.cz\/pbe\/files\/2011\/11\/Proceedings_X.pdf\">IX. PBE<\/a> (2012)<\/li>\n<li><a href=\"https:\/\/pages.pedf.cuni.cz\/pbe\/files\/2011\/11\/proceedings.pdf\">VIII. PBE<\/a> (2011)<\/li>\n<li style=\"list-style-type: none\"><\/li>\n<\/ul>\n<p><\/p>","protected":false},"excerpt":{"rendered":"<p>Sborn\u00edky jsou dostupn\u00e9 zde: XXII. PBE 2024 ISSN 2695-0626 XXI. PBE 2023 ISSN 2695-0626 XX. PBE 2022 ISSN 2695-0626 XIX. PBE 2021 ISSN 2695-0626 XVIII. PBE 2020 ISSN 2695-0626 XVII. &#8211; empirick\u00e9 texty (WoS) PBE (2019) XVII. &#8211; neempirick\u00e9 texty PBE (2019) XVI. &#8211; empirick\u00e9 texty (WoS) PBE (2018) XVI. &#8211; neempirick\u00e9 texty PBE (2018) &hellip; <\/p>\n<p class=\"link-more\"><a href=\"https:\/\/pages.pedf.cuni.cz\/pbe\/about\/sborniky\/\" class=\"more-link\">Pokra\u010dovat ve \u010dten\u00ed<span class=\"screen-reader-text\"> &#8222;Vydan\u00e9 sborn\u00edky z PBE&#8220;<\/span><\/a><\/p>\n","protected":false},"author":297,"featured_media":0,"parent":2,"menu_order":1,"comment_status":"closed","ping_status":"closed","template":"","meta":{"footnotes":""},"class_list":["post-184","page","type-page","status-publish","hentry"],"_links":{"self":[{"href":"https:\/\/pages.pedf.cuni.cz\/pbe\/wp-json\/wp\/v2\/pages\/184","targetHints":{"allow":["GET"]}}],"collection":[{"href":"https:\/\/pages.pedf.cuni.cz\/pbe\/wp-json\/wp\/v2\/pages"}],"about":[{"href":"https:\/\/pages.pedf.cuni.cz\/pbe\/wp-json\/wp\/v2\/types\/page"}],"author":[{"embeddable":true,"href":"https:\/\/pages.pedf.cuni.cz\/pbe\/wp-json\/wp\/v2\/users\/297"}],"replies":[{"embeddable":true,"href":"https:\/\/pages.pedf.cuni.cz\/pbe\/wp-json\/wp\/v2\/comments?post=184"}],"version-history":[{"count":44,"href":"https:\/\/pages.pedf.cuni.cz\/pbe\/wp-json\/wp\/v2\/pages\/184\/revisions"}],"predecessor-version":[{"id":2430,"href":"https:\/\/pages.pedf.cuni.cz\/pbe\/wp-json\/wp\/v2\/pages\/184\/revisions\/2430"}],"up":[{"embeddable":true,"href":"https:\/\/pages.pedf.cuni.cz\/pbe\/wp-json\/wp\/v2\/pages\/2"}],"wp:attachment":[{"href":"https:\/\/pages.pedf.cuni.cz\/pbe\/wp-json\/wp\/v2\/media?parent=184"}],"curies":[{"name":"wp","href":"https:\/\/api.w.org\/{rel}","templated":true}]}}