{"id":2,"date":"2011-04-07T09:04:13","date_gmt":"2011-04-07T09:04:13","guid":{"rendered":"http:\/\/userweb.pedf.cuni.cz\/wp\/pvch\/?page_id=2"},"modified":"2025-09-17T10:48:31","modified_gmt":"2025-09-17T08:48:31","slug":"about","status":"publish","type":"page","link":"https:\/\/pages.pedf.cuni.cz\/pbe\/about\/","title":{"rendered":"O konferenci"},"content":{"rendered":"<p>Konference k projektov\u00e9mu vyu\u010dov\u00e1n\u00ed a dal\u0161\u00edm aktiviza\u010dn\u00edm strategi\u00edm je organizov\u00e1na na UK PedF ve spolupr\u00e1ci s dal\u0161\u00edmi fakultami p\u0159ipravuj\u00edc\u00edmi u\u010ditele p\u0159\u00edrodov\u011bdn\u00fdch p\u0159edm\u011bt\u016f. K \u00fasp\u011b\u0161n\u00e9mu prosazov\u00e1n\u00ed p\u0159\u00edstupu zam\u011b\u0159en\u00e9ho na \u010dinnost \u017e\u00e1ka je vyso\u0161kolsk\u00e1 p\u0159\u00edprava zcela z\u00e1sadn\u00ed. S ohledem na empiricky z\u00edskan\u00e1 data je z\u0159ejm\u00e9, \u017ee je aktiviza\u010dn\u00ed strategie t\u0159eba nacvi\u010dit v pregradu\u00e1ln\u00ed p\u0159\u00edprav\u011b u\u010ditel\u016f, nebo\u0165 u\u010ditel, kter\u00fd danou aktivitu nezkusil s\u00e1m, ji velmi pravd\u011bpodobn\u011b v praxi neza\u0159ad\u00ed. Z\u00e1rove\u0148 se ukazuje, \u017ee zav\u00e1d\u011bn\u00ed t\u011bchto strategi\u00ed v praxi (p\u0159edev\u0161\u00edm projektov\u00e9 a badatelsky orientovan\u00e9 vyu\u010dov\u00e1n\u00ed) vy\u017eaduje postupn\u00e9 kroky. \u017d\u00e1ci si na vzr\u016fstaj\u00edc\u00ed autonomii sv\u00e9ho u\u010den\u00ed musej\u00ed postupn\u011b zvykat. Z pohledu u\u010ditelov\u00fdch kompetenc\u00ed je tak podstatn\u00e1 schopnost volit \u00fam\u011brn\u00e9 mno\u017estv\u00ed podpory a tu postupn\u011b sni\u017eovat.<\/p>\n<ul>\n<li><a href=\"https:\/\/pages.pedf.cuni.cz\/pbe\/about\/cile-konference\/\">C\u00edle konference<\/a><\/li>\n<li><a href=\"https:\/\/pages.pedf.cuni.cz\/pbe\/about\/vystupy-z-konference\/\">V\u00fdstupy z konference<\/a><\/li>\n<li><a href=\"https:\/\/pages.pedf.cuni.cz\/pbe\/about\/predesle-rocniky\/\">Historie konference<\/a><\/li>\n<li><a href=\"https:\/\/pages.pedf.cuni.cz\/pbe\/about\/vedecky-vybor-konference\/\">V\u011bdeck\u00fd v\u00fdbor konference<\/a><\/li>\n<li><a href=\"https:\/\/pages.pedf.cuni.cz\/pbe\/kontakt\/\">Organiza\u010dn\u00ed v\u00fdbor konference<\/a><\/li>\n<li><a href=\"https:\/\/pages.pedf.cuni.cz\/pbe\/english-publication-ethics-and-publication-malpractice-statement\/\">Editorial policies<\/a><\/li>\n<\/ul>\n<h4><\/h4>\n<h4><\/h4>\n<p><\/p>","protected":false},"excerpt":{"rendered":"<p>Konference k projektov\u00e9mu vyu\u010dov\u00e1n\u00ed a dal\u0161\u00edm aktiviza\u010dn\u00edm strategi\u00edm je organizov\u00e1na na UK PedF ve spolupr\u00e1ci s dal\u0161\u00edmi fakultami p\u0159ipravuj\u00edc\u00edmi u\u010ditele p\u0159\u00edrodov\u011bdn\u00fdch p\u0159edm\u011bt\u016f. K \u00fasp\u011b\u0161n\u00e9mu prosazov\u00e1n\u00ed p\u0159\u00edstupu zam\u011b\u0159en\u00e9ho na \u010dinnost \u017e\u00e1ka je vyso\u0161kolsk\u00e1 p\u0159\u00edprava zcela z\u00e1sadn\u00ed. S ohledem na empiricky z\u00edskan\u00e1 data je z\u0159ejm\u00e9, \u017ee je aktiviza\u010dn\u00ed strategie t\u0159eba nacvi\u010dit v pregradu\u00e1ln\u00ed p\u0159\u00edprav\u011b u\u010ditel\u016f, nebo\u0165 u\u010ditel, &hellip; <\/p>\n<p class=\"link-more\"><a href=\"https:\/\/pages.pedf.cuni.cz\/pbe\/about\/\" class=\"more-link\">Pokra\u010dovat ve \u010dten\u00ed<span class=\"screen-reader-text\"> &#8222;O konferenci&#8220;<\/span><\/a><\/p>\n","protected":false},"author":297,"featured_media":1007,"parent":0,"menu_order":1,"comment_status":"closed","ping_status":"closed","template":"","meta":{"footnotes":""},"class_list":["post-2","page","type-page","status-publish","has-post-thumbnail","hentry"],"_links":{"self":[{"href":"https:\/\/pages.pedf.cuni.cz\/pbe\/wp-json\/wp\/v2\/pages\/2","targetHints":{"allow":["GET"]}}],"collection":[{"href":"https:\/\/pages.pedf.cuni.cz\/pbe\/wp-json\/wp\/v2\/pages"}],"about":[{"href":"https:\/\/pages.pedf.cuni.cz\/pbe\/wp-json\/wp\/v2\/types\/page"}],"author":[{"embeddable":true,"href":"https:\/\/pages.pedf.cuni.cz\/pbe\/wp-json\/wp\/v2\/users\/297"}],"replies":[{"embeddable":true,"href":"https:\/\/pages.pedf.cuni.cz\/pbe\/wp-json\/wp\/v2\/comments?post=2"}],"version-history":[{"count":144,"href":"https:\/\/pages.pedf.cuni.cz\/pbe\/wp-json\/wp\/v2\/pages\/2\/revisions"}],"predecessor-version":[{"id":2332,"href":"https:\/\/pages.pedf.cuni.cz\/pbe\/wp-json\/wp\/v2\/pages\/2\/revisions\/2332"}],"wp:featuredmedia":[{"embeddable":true,"href":"https:\/\/pages.pedf.cuni.cz\/pbe\/wp-json\/wp\/v2\/media\/1007"}],"wp:attachment":[{"href":"https:\/\/pages.pedf.cuni.cz\/pbe\/wp-json\/wp\/v2\/media?parent=2"}],"curies":[{"name":"wp","href":"https:\/\/api.w.org\/{rel}","templated":true}]}}