{"id":26,"date":"2011-04-07T11:48:34","date_gmt":"2011-04-07T11:48:34","guid":{"rendered":"http:\/\/userweb.pedf.cuni.cz\/wp\/pvch\/"},"modified":"2025-10-12T23:22:22","modified_gmt":"2025-10-12T21:22:22","slug":"prihlaska","status":"publish","type":"page","link":"https:\/\/pages.pedf.cuni.cz\/pbe\/prihlaska\/","title":{"rendered":"P\u0159ihl\u00e1\u0161ka"},"content":{"rendered":"<p>Na konferenci se, pros\u00edm, registrujte v\u00fdhradn\u011b prot\u0159ednictv\u00edm <a href=\"https:\/\/forms.gle\/kQktMiimvJXxYkHQ7\">tohoto formul\u00e1\u0159e<\/a>. <strong>Bude p\u0159\u00edstupn\u00fd do 20. \u0159\u00edjna 2025.<br \/>\n<\/strong><\/p>\n<p>Pro p\u0159ihl\u00e1\u0161en\u00ed na konferenci je t\u0159eba p\u0159ihl\u00e1sit \u00fa\u010dastn\u00edky, aktivn\u00ed \u00fa\u010dastn\u00edci zvl\u00e1\u0161\u0165 p\u0159ihla\u0161uj\u00ed i p\u0159\u00edsp\u011bvek.<\/p>\n<p><strong>P\u0159ihla\u0161ovac\u00ed formul\u00e1\u0159e:<\/strong><\/p>\n<p>P\u0159ihla\u0161ov\u00e1n\u00ed bylo zah\u00e1jeno 15. 9. 2025<\/p>\n<p><em>V p\u0159\u00edpad\u011b jak\u00e9koli nejasnosti pros\u00edm pi\u0161te na: <a href=\"mailto:pbe@pedf.cuni.cz\">pbe@pedf.cuni.cz<\/a>.<\/em><\/p>\n<p>Po\u017eadavky na form\u00e1t i obsah publikac\u00ed jsou zve\u0159ejn\u011bny v <a href=\"https:\/\/pages.pedf.cuni.cz\/pbe\/instructions\/for-authors\/\">pokynech pro autory<\/a>.<\/p>","protected":false},"excerpt":{"rendered":"<p>Na konferenci se, pros\u00edm, registrujte v\u00fdhradn\u011b prot\u0159ednictv\u00edm tohoto formul\u00e1\u0159e. Bude p\u0159\u00edstupn\u00fd do 20. \u0159\u00edjna 2025. Pro p\u0159ihl\u00e1\u0161en\u00ed na konferenci je t\u0159eba p\u0159ihl\u00e1sit \u00fa\u010dastn\u00edky, aktivn\u00ed \u00fa\u010dastn\u00edci zvl\u00e1\u0161\u0165 p\u0159ihla\u0161uj\u00ed i p\u0159\u00edsp\u011bvek. P\u0159ihla\u0161ovac\u00ed formul\u00e1\u0159e: P\u0159ihla\u0161ov\u00e1n\u00ed bylo zah\u00e1jeno 15. 9. 2025 V p\u0159\u00edpad\u011b jak\u00e9koli nejasnosti pros\u00edm pi\u0161te na: pbe@pedf.cuni.cz. Po\u017eadavky na form\u00e1t i obsah publikac\u00ed jsou zve\u0159ejn\u011bny v pokynech &hellip; <\/p>\n<p class=\"link-more\"><a href=\"https:\/\/pages.pedf.cuni.cz\/pbe\/prihlaska\/\" class=\"more-link\">Pokra\u010dovat ve \u010dten\u00ed<span class=\"screen-reader-text\"> &#8222;P\u0159ihl\u00e1\u0161ka&#8220;<\/span><\/a><\/p>\n","protected":false},"author":297,"featured_media":1009,"parent":0,"menu_order":3,"comment_status":"closed","ping_status":"closed","template":"","meta":{"footnotes":""},"class_list":["post-26","page","type-page","status-publish","has-post-thumbnail","hentry"],"_links":{"self":[{"href":"https:\/\/pages.pedf.cuni.cz\/pbe\/wp-json\/wp\/v2\/pages\/26","targetHints":{"allow":["GET"]}}],"collection":[{"href":"https:\/\/pages.pedf.cuni.cz\/pbe\/wp-json\/wp\/v2\/pages"}],"about":[{"href":"https:\/\/pages.pedf.cuni.cz\/pbe\/wp-json\/wp\/v2\/types\/page"}],"author":[{"embeddable":true,"href":"https:\/\/pages.pedf.cuni.cz\/pbe\/wp-json\/wp\/v2\/users\/297"}],"replies":[{"embeddable":true,"href":"https:\/\/pages.pedf.cuni.cz\/pbe\/wp-json\/wp\/v2\/comments?post=26"}],"version-history":[{"count":39,"href":"https:\/\/pages.pedf.cuni.cz\/pbe\/wp-json\/wp\/v2\/pages\/26\/revisions"}],"predecessor-version":[{"id":2352,"href":"https:\/\/pages.pedf.cuni.cz\/pbe\/wp-json\/wp\/v2\/pages\/26\/revisions\/2352"}],"wp:featuredmedia":[{"embeddable":true,"href":"https:\/\/pages.pedf.cuni.cz\/pbe\/wp-json\/wp\/v2\/media\/1009"}],"wp:attachment":[{"href":"https:\/\/pages.pedf.cuni.cz\/pbe\/wp-json\/wp\/v2\/media?parent=26"}],"curies":[{"name":"wp","href":"https:\/\/api.w.org\/{rel}","templated":true}]}}