{"id":28,"date":"2011-04-07T11:55:41","date_gmt":"2011-04-07T11:55:41","guid":{"rendered":"http:\/\/userweb.pedf.cuni.cz\/wp\/pvch\/"},"modified":"2025-09-26T10:13:47","modified_gmt":"2025-09-26T08:13:47","slug":"for-authors","status":"publish","type":"page","link":"https:\/\/pages.pedf.cuni.cz\/pbe\/instructions\/for-authors\/","title":{"rendered":"Pokyny pro autory"},"content":{"rendered":"<p><strong>Term\u00edny<\/strong><\/p>\n<table>\n<tbody>\n<tr>\n<td><strong>Zas\u00edl\u00e1n\u00ed p\u0159\u00edsp\u011bvk\u016f<\/strong><\/td>\n<td>30. 11. 2025<\/td>\n<\/tr>\n<tr>\n<td><strong>P\u0159ihla\u0161ov\u00e1n\u00ed<\/strong><\/td>\n<td>11. 9. &#8211; 15. 10. 2025<\/td>\n<\/tr>\n<tr>\n<td><strong>Platby<\/strong><\/td>\n<td><\/td>\n<\/tr>\n<tr>\n<td>Early bird<\/td>\n<td>10. 10. 2025<\/td>\n<\/tr>\n<tr>\n<td>B\u011b\u017en\u00e1 platba<\/td>\n<td>25. 10. 2025<\/td>\n<\/tr>\n<\/tbody>\n<\/table>\n<p><strong>P\u0159\u00edsp\u011bvek do konferen\u010dn\u00edho sborn\u00edku <\/strong><\/p>\n<p>Vzhledem k mezin\u00e1rodn\u00edmu dopadu konference \u010dl\u00e1nky p\u0159ij\u00edm\u00e1me v angli\u010dtin\u011b. Sou\u010d\u00e1st\u00ed \u010dl\u00e1nku jsou i abstrakt a kl\u00ed\u010dov\u00e1 slova v angli\u010dtin\u011b. \u010cl\u00e1nky mus\u00ed b\u00fdt origin\u00e1ln\u00edm d\u00edlem autora\/autor\u016f. Rozsah p\u0159\u00edsp\u011bvk\u016f je odvisl\u00fd od jejich povahy. Texty aspiruj\u00edc\u00ed do sborn\u00edku zam\u00fd\u0161len\u00e9ho pro Web of Science (texty empirick\u00e9 povahy) maj\u00ed stanoven\u00fd rozsah 10 normostran. Texty praktick\u00e9 povahy aspiruj\u00edc\u00ed na za\u0159azen\u00ed do sborn\u00edku maj\u00ed rozsah stanoven na 6 normostran v\u010detn\u011b nadpisu, abstraktu pou\u017eit\u00e9 literatury i kontaktu na autory. (Ve v\u00fdjime\u010dn\u00fdch, opodstatn\u011bn\u00fdch p\u0159\u00edpadech se m\u016f\u017ee d\u00e9lka zvy\u0161ovat.)<\/p>\n<p>K recenzi jsou p\u0159ij\u00edm\u00e1ny pouze \u010dl\u00e1nky odpov\u00eddaj\u00edc\u00ed <strong>publika\u010dn\u00ed etice<\/strong>. Povinnost\u00ed autor\u016f je dodr\u017eovat <a href=\"https:\/\/pages.pedf.cuni.cz\/pbe\/english-publication-ethics-and-publication-malpractice-statement\/\"><strong>Publication ethics and Publication Malpractice statement<\/strong><\/a><strong>.<\/strong><\/p>\n<h4>Form\u00e1t p\u0159\u00edsp\u011bvku<\/h4>\n<p>\u010cl\u00e1nky p\u0159ijat\u00e9 do sborn\u00edku mus\u00ed po form\u00e1ln\u00ed str\u00e1nce odpov\u00eddat n\u00e1sleduj\u00edc\u00ed<strong><a href=\"https:\/\/pages.pedf.cuni.cz\/pbe\/files\/2025\/09\/template2025.docx\"> \u0161ablon\u011b<\/a>.<\/strong><\/p>\n<p>Cel\u00fd \u010dl\u00e1nek pros\u00edm pos\u00edlejte prost\u0159ednictv\u00edm emailu na adresu <a href=\"mailto:pbe@pedf.cuni.cz\">pbe@pedf.cuni.cz<\/a><\/p>","protected":false},"excerpt":{"rendered":"<p>Term\u00edny Zas\u00edl\u00e1n\u00ed p\u0159\u00edsp\u011bvk\u016f 30. 11. 2025 P\u0159ihla\u0161ov\u00e1n\u00ed 11. 9. &#8211; 15. 10. 2025 Platby Early bird 10. 10. 2025 B\u011b\u017en\u00e1 platba 25. 10. 2025 P\u0159\u00edsp\u011bvek do konferen\u010dn\u00edho sborn\u00edku Vzhledem k mezin\u00e1rodn\u00edmu dopadu konference \u010dl\u00e1nky p\u0159ij\u00edm\u00e1me v angli\u010dtin\u011b. Sou\u010d\u00e1st\u00ed \u010dl\u00e1nku jsou i abstrakt a kl\u00ed\u010dov\u00e1 slova v angli\u010dtin\u011b. \u010cl\u00e1nky mus\u00ed b\u00fdt origin\u00e1ln\u00edm d\u00edlem autora\/autor\u016f. Rozsah p\u0159\u00edsp\u011bvk\u016f &hellip; <\/p>\n<p class=\"link-more\"><a href=\"https:\/\/pages.pedf.cuni.cz\/pbe\/instructions\/for-authors\/\" class=\"more-link\">Pokra\u010dovat ve \u010dten\u00ed<span class=\"screen-reader-text\"> &#8222;Pokyny pro autory&#8220;<\/span><\/a><\/p>\n","protected":false},"author":297,"featured_media":1009,"parent":23,"menu_order":0,"comment_status":"closed","ping_status":"closed","template":"","meta":{"footnotes":""},"class_list":["post-28","page","type-page","status-publish","has-post-thumbnail","hentry"],"_links":{"self":[{"href":"https:\/\/pages.pedf.cuni.cz\/pbe\/wp-json\/wp\/v2\/pages\/28","targetHints":{"allow":["GET"]}}],"collection":[{"href":"https:\/\/pages.pedf.cuni.cz\/pbe\/wp-json\/wp\/v2\/pages"}],"about":[{"href":"https:\/\/pages.pedf.cuni.cz\/pbe\/wp-json\/wp\/v2\/types\/page"}],"author":[{"embeddable":true,"href":"https:\/\/pages.pedf.cuni.cz\/pbe\/wp-json\/wp\/v2\/users\/297"}],"replies":[{"embeddable":true,"href":"https:\/\/pages.pedf.cuni.cz\/pbe\/wp-json\/wp\/v2\/comments?post=28"}],"version-history":[{"count":73,"href":"https:\/\/pages.pedf.cuni.cz\/pbe\/wp-json\/wp\/v2\/pages\/28\/revisions"}],"predecessor-version":[{"id":2342,"href":"https:\/\/pages.pedf.cuni.cz\/pbe\/wp-json\/wp\/v2\/pages\/28\/revisions\/2342"}],"up":[{"embeddable":true,"href":"https:\/\/pages.pedf.cuni.cz\/pbe\/wp-json\/wp\/v2\/pages\/23"}],"wp:featuredmedia":[{"embeddable":true,"href":"https:\/\/pages.pedf.cuni.cz\/pbe\/wp-json\/wp\/v2\/media\/1009"}],"wp:attachment":[{"href":"https:\/\/pages.pedf.cuni.cz\/pbe\/wp-json\/wp\/v2\/media?parent=28"}],"curies":[{"name":"wp","href":"https:\/\/api.w.org\/{rel}","templated":true}]}}