{"id":39,"date":"2011-04-09T17:04:49","date_gmt":"2011-04-09T17:04:49","guid":{"rendered":"http:\/\/userweb.pedf.cuni.cz\/wp\/pvch\/"},"modified":"2025-09-17T10:44:18","modified_gmt":"2025-09-17T08:44:18","slug":"kontakt","status":"publish","type":"page","link":"https:\/\/pages.pedf.cuni.cz\/pbe\/kontakt\/","title":{"rendered":"Kontakt"},"content":{"rendered":"<p>M\u00e1te dal\u0161\u00ed dotazy \u010di p\u0159ipom\u00ednky? Kontaktujte n\u00e1s!<br \/>\n<a href=\"mailto:pbe@pedf.cuni.cz\">pbe@pedf.cuni.cz<\/a><\/p>\n<p>&nbsp;<\/p>\n<table width=\"100%\" rules=\"none\" cellspacing=\"5\" cellpadding=\"5\">\n<tbody>\n<tr>\n<th>\u010cestn\u00fd p\u0159edseda<\/th>\n<th>P\u0159edseda<\/th>\n<\/tr>\n<tr>\n<td>prof. RNDr. Pavel Bene\u0161, CSc.<\/td>\n<td>doc. PhDr. Martin Rusek, Ph.D.<\/td>\n<\/tr>\n<tr>\n<td><a href=\"mailto:pavel.benes@pedf.cuni.cz\">pavel.benes@pedf.cuni.cz<\/a><\/td>\n<td><a href=\"mailto:martin.rusek@pedf.cuni.cz\">martin.rusek@pedf.cuni.cz<\/a><\/td>\n<\/tr>\n<tr>\n<td><a href=\"https:\/\/pages.pedf.cuni.cz\/pbe\/files\/2021\/09\/IMG_8332_edited.jpg\"><img loading=\"lazy\" decoding=\"async\" class=\"aligncenter size-medium wp-image-1829\" src=\"https:\/\/pages.pedf.cuni.cz\/pbe\/files\/2021\/09\/IMG_8332_edited-201x300.jpg\" alt=\"\" width=\"201\" height=\"300\" srcset=\"https:\/\/pages.pedf.cuni.cz\/pbe\/files\/2021\/09\/IMG_8332_edited-201x300.jpg 201w, https:\/\/pages.pedf.cuni.cz\/pbe\/files\/2021\/09\/IMG_8332_edited-685x1024.jpg 685w, https:\/\/pages.pedf.cuni.cz\/pbe\/files\/2021\/09\/IMG_8332_edited-768x1148.jpg 768w, https:\/\/pages.pedf.cuni.cz\/pbe\/files\/2021\/09\/IMG_8332_edited-1028x1536.jpg 1028w, https:\/\/pages.pedf.cuni.cz\/pbe\/files\/2021\/09\/IMG_8332_edited.jpg 1164w\" sizes=\"auto, (max-width: 201px) 100vw, 201px\" \/><\/a><\/td>\n<td><a href=\"https:\/\/pages.pedf.cuni.cz\/pbe\/files\/2021\/09\/IMG_8381_edited.jpg\"><img loading=\"lazy\" decoding=\"async\" class=\"aligncenter size-medium wp-image-1828\" src=\"https:\/\/pages.pedf.cuni.cz\/pbe\/files\/2021\/09\/IMG_8381_edited-225x300.jpg\" alt=\"\" width=\"225\" height=\"300\" srcset=\"https:\/\/pages.pedf.cuni.cz\/pbe\/files\/2021\/09\/IMG_8381_edited-225x300.jpg 225w, https:\/\/pages.pedf.cuni.cz\/pbe\/files\/2021\/09\/IMG_8381_edited-768x1023.jpg 768w, https:\/\/pages.pedf.cuni.cz\/pbe\/files\/2021\/09\/IMG_8381_edited-1153x1536.jpg 1153w, https:\/\/pages.pedf.cuni.cz\/pbe\/files\/2021\/09\/IMG_8381_edited.jpg 1194w\" sizes=\"auto, (max-width: 225px) 100vw, 225px\" \/><\/a><\/td>\n<\/tr>\n<\/tbody>\n<\/table>\n<p>&nbsp;<\/p>\n<table width=\"100%\" rules=\"none\" cellspacing=\"5\" cellpadding=\"5\">\n<tbody>\n<tr>\n<th>\u010clenov\u00e9<\/th>\n<th><\/th>\n<\/tr>\n<tr>\n<td>Mgr. Dominika Koperov\u00e1, PhD.<\/td>\n<td>Mgr. Tade\u00e1\u0161 Mat\u011bcha<\/td>\n<\/tr>\n<tr>\n<td><a href=\"mailto:dominika.koperova@pedf.cuni.cz\">dominika.koperova@pedf.cuni.cz<\/a><\/td>\n<td><a href=\"mailto:tadeas.matecha@pedf.cuni.cz\">tadeas.matecha@pedf.cuni.cz<\/a><\/td>\n<\/tr>\n<tr>\n<td><a href=\"https:\/\/pages.pedf.cuni.cz\/pbe\/files\/2024\/02\/koperova_dominika.jpg\"><img loading=\"lazy\" decoding=\"async\" class=\"size-medium wp-image-2222 aligncenter\" src=\"https:\/\/pages.pedf.cuni.cz\/pbe\/files\/2024\/02\/koperova_dominika-200x300.jpg\" alt=\"\" width=\"200\" height=\"300\" srcset=\"https:\/\/pages.pedf.cuni.cz\/pbe\/files\/2024\/02\/koperova_dominika-200x300.jpg 200w, https:\/\/pages.pedf.cuni.cz\/pbe\/files\/2024\/02\/koperova_dominika.jpg 560w\" sizes=\"auto, (max-width: 200px) 100vw, 200px\" \/><\/a><\/td>\n<td><a href=\"https:\/\/pages.pedf.cuni.cz\/pbe\/files\/2024\/02\/Tadeas.jpeg\"><img loading=\"lazy\" decoding=\"async\" class=\" wp-image-2224 aligncenter\" src=\"https:\/\/pages.pedf.cuni.cz\/pbe\/files\/2024\/02\/Tadeas-292x300.jpeg\" alt=\"\" width=\"281\" height=\"289\" srcset=\"https:\/\/pages.pedf.cuni.cz\/pbe\/files\/2024\/02\/Tadeas-292x300.jpeg 292w, https:\/\/pages.pedf.cuni.cz\/pbe\/files\/2024\/02\/Tadeas-997x1024.jpeg 997w, https:\/\/pages.pedf.cuni.cz\/pbe\/files\/2024\/02\/Tadeas-768x789.jpeg 768w, https:\/\/pages.pedf.cuni.cz\/pbe\/files\/2024\/02\/Tadeas.jpeg 1136w\" sizes=\"auto, (max-width: 281px) 100vw, 281px\" \/><\/a><\/td>\n<\/tr>\n<\/tbody>\n<\/table>\n<table style=\"height: 400px\" width=\"736\" rules=\"none\" cellspacing=\"5\" cellpadding=\"5\">\n<tbody>\n<tr>\n<td>Mgr. Tereza Tes\u00e1rkov\u00e1<\/td>\n<td>Mgr. Lucie Hamersk\u00e1<\/td>\n<\/tr>\n<tr>\n<td><a href=\"mailto:tereza.tesarkova@pedf.cuni.cz\">tereza.tesarkova@pedf.cuni.cz<\/a><\/td>\n<td><a href=\"mailto:lucie.hamerska@pedf.cuni.cz\">lucie.hamerska@pedf.cuni.cz<\/a><\/td>\n<\/tr>\n<tr>\n<td><a href=\"https:\/\/pages.pedf.cuni.cz\/pbe\/files\/2025\/09\/IMG_1672-2-scaled-e1758097241868.jpg\"><img loading=\"lazy\" decoding=\"async\" class=\"alignnone wp-image-2328 \" src=\"https:\/\/pages.pedf.cuni.cz\/pbe\/files\/2025\/09\/IMG_1672-2-scaled-e1758097241868-216x300.jpg\" alt=\"\" width=\"204\" height=\"283\" srcset=\"https:\/\/pages.pedf.cuni.cz\/pbe\/files\/2025\/09\/IMG_1672-2-scaled-e1758097241868-216x300.jpg 216w, https:\/\/pages.pedf.cuni.cz\/pbe\/files\/2025\/09\/IMG_1672-2-scaled-e1758097241868-739x1024.jpg 739w, https:\/\/pages.pedf.cuni.cz\/pbe\/files\/2025\/09\/IMG_1672-2-scaled-e1758097241868-768x1065.jpg 768w, https:\/\/pages.pedf.cuni.cz\/pbe\/files\/2025\/09\/IMG_1672-2-scaled-e1758097241868-1108x1536.jpg 1108w, https:\/\/pages.pedf.cuni.cz\/pbe\/files\/2025\/09\/IMG_1672-2-scaled-e1758097241868.jpg 1190w\" sizes=\"auto, (max-width: 204px) 100vw, 204px\" \/><\/a><\/td>\n<td><a href=\"https:\/\/pages.pedf.cuni.cz\/pbe\/files\/2024\/02\/foto_2-square300.png\"><img loading=\"lazy\" decoding=\"async\" class=\"alignnone wp-image-2225 \" src=\"https:\/\/pages.pedf.cuni.cz\/pbe\/files\/2024\/02\/foto_2-square300-e1758097419426.png\" alt=\"\" width=\"213\" height=\"252\" \/><\/a><\/td>\n<\/tr>\n<\/tbody>\n<\/table>\n<p>&nbsp;<\/p>\n<h4>Adresa:<\/h4>\n<p>Katedra chemie a didaktiky chemie<\/p>\n<p>Univerzita Karlova, Pedagogick\u00e1 fakulta<\/p>\n<p>M. Rettigov\u00e9 4<\/p>\n<p>116 39 Praha 1<\/p>\n<p>\u010cesk\u00e1 republika<\/p>","protected":false},"excerpt":{"rendered":"<p>M\u00e1te dal\u0161\u00ed dotazy \u010di p\u0159ipom\u00ednky? Kontaktujte n\u00e1s! pbe@pedf.cuni.cz &nbsp; \u010cestn\u00fd p\u0159edseda P\u0159edseda prof. RNDr. Pavel Bene\u0161, CSc. doc. PhDr. Martin Rusek, Ph.D. pavel.benes@pedf.cuni.cz martin.rusek@pedf.cuni.cz &nbsp; \u010clenov\u00e9 Mgr. Dominika Koperov\u00e1, PhD. Mgr. Tade\u00e1\u0161 Mat\u011bcha dominika.koperova@pedf.cuni.cz tadeas.matecha@pedf.cuni.cz Mgr. Tereza Tes\u00e1rkov\u00e1 Mgr. Lucie Hamersk\u00e1 tereza.tesarkova@pedf.cuni.cz lucie.hamerska@pedf.cuni.cz &nbsp; Adresa: Katedra chemie a didaktiky chemie Univerzita Karlova, Pedagogick\u00e1 fakulta M. &hellip; <\/p>\n<p class=\"link-more\"><a href=\"https:\/\/pages.pedf.cuni.cz\/pbe\/kontakt\/\" class=\"more-link\">Pokra\u010dovat ve \u010dten\u00ed<span class=\"screen-reader-text\"> &#8222;Kontakt&#8220;<\/span><\/a><\/p>\n","protected":false},"author":297,"featured_media":1077,"parent":0,"menu_order":7,"comment_status":"closed","ping_status":"closed","template":"","meta":{"footnotes":""},"class_list":["post-39","page","type-page","status-publish","has-post-thumbnail","hentry"],"_links":{"self":[{"href":"https:\/\/pages.pedf.cuni.cz\/pbe\/wp-json\/wp\/v2\/pages\/39","targetHints":{"allow":["GET"]}}],"collection":[{"href":"https:\/\/pages.pedf.cuni.cz\/pbe\/wp-json\/wp\/v2\/pages"}],"about":[{"href":"https:\/\/pages.pedf.cuni.cz\/pbe\/wp-json\/wp\/v2\/types\/page"}],"author":[{"embeddable":true,"href":"https:\/\/pages.pedf.cuni.cz\/pbe\/wp-json\/wp\/v2\/users\/297"}],"replies":[{"embeddable":true,"href":"https:\/\/pages.pedf.cuni.cz\/pbe\/wp-json\/wp\/v2\/comments?post=39"}],"version-history":[{"count":38,"href":"https:\/\/pages.pedf.cuni.cz\/pbe\/wp-json\/wp\/v2\/pages\/39\/revisions"}],"predecessor-version":[{"id":2331,"href":"https:\/\/pages.pedf.cuni.cz\/pbe\/wp-json\/wp\/v2\/pages\/39\/revisions\/2331"}],"wp:featuredmedia":[{"embeddable":true,"href":"https:\/\/pages.pedf.cuni.cz\/pbe\/wp-json\/wp\/v2\/media\/1077"}],"wp:attachment":[{"href":"https:\/\/pages.pedf.cuni.cz\/pbe\/wp-json\/wp\/v2\/media?parent=39"}],"curies":[{"name":"wp","href":"https:\/\/api.w.org\/{rel}","templated":true}]}}