{"id":546,"date":"2015-04-01T15:40:48","date_gmt":"2015-04-01T15:40:48","guid":{"rendered":"http:\/\/pages.pedf.cuni.cz\/pvch\/login\/"},"modified":"2015-04-01T15:40:48","modified_gmt":"2015-04-01T15:40:48","slug":"login","status":"publish","type":"page","link":"https:\/\/pages.pedf.cuni.cz\/pbe\/login\/","title":{"rendered":"P\u0159ihl\u00e1sit se"},"content":{"rendered":"<div class=\"tml tml-login\">\n<div class=\"tml-alerts\"><\/div><form name=\"login\" action=\"https:\/\/pages.pedf.cuni.cz\/pbe\/login\/\" method=\"post\">\n<div class=\"tml-field-wrap tml-log-wrap\">\n<label class=\"tml-label\" for=\"user_login\">U\u017eivatelsk\u00e9 jm\u00e9no nebo e-mail<\/label>\n<input name=\"log\" type=\"text\" value=\"\" id=\"user_login\" autocapitalize=\"off\" class=\"tml-field\">\n<\/div>\n\n<div class=\"tml-field-wrap tml-pwd-wrap\">\n<label class=\"tml-label\" for=\"user_pass\">Heslo<\/label>\n<input name=\"pwd\" type=\"password\" value=\"\" id=\"user_pass\" class=\"tml-field\">\n<\/div>\n\n\t\t<div id=\"auth-external-service-login\">\n\t\t\t\t\t\t\n\t\t\t\n\t\t\t\n\t\t\t\t\t\t\t<p><a class=\"button button-primary button-external button-cas\" href=\"https:\/\/pages.pedf.cuni.cz\/pbe\/login\/?redirect_to=https%3A%2F%2Fpages.pedf.cuni.cz%2Fpbe%2Fwp-json%2Fwp%2Fv2%2Fpages%2F546&amp;external=cas\">\n\t\t\t\t\t<span class=\"dashicons dashicons-lock\"><\/span>\n\t\t\t\t\t<span class=\"label\">\n\t\t\t\t\t\tSign in with CAS\t\t\t\t\t<\/span>\n\t\t\t\t<\/a><\/p>\n\t\t\t\t\t\t\t\n\t\t\t\t\t\t\t<h3> &mdash; or &mdash; <\/h3>\n\t\t\t\t\t<\/div>\n\t\t\n<div class=\"tml-field-wrap tml-rememberme-wrap\">\n<input name=\"rememberme\" type=\"checkbox\" value=\"forever\" id=\"rememberme\" class=\"tml-checkbox\">\n<label class=\"tml-label\" for=\"rememberme\">Pamatovat si m\u011b<\/label>\n<\/div>\n\n<div class=\"tml-field-wrap tml-submit-wrap\">\n<button name=\"submit\" type=\"submit\" class=\"tml-button\">P\u0159ihl\u00e1sit se<\/button>\n<\/div>\n\n<input name=\"redirect_to\" type=\"hidden\" value=\"https:\/\/pages.pedf.cuni.cz\/pbe\/wp-admin\/\">\n\n<\/form>\n<ul class=\"tml-links\"><li class=\"tml-lostpassword-link\"><a href=\"https:\/\/pages.pedf.cuni.cz\/lostpassword\/\">Zapomn\u011bli jste heslo?<\/a><\/li><\/ul><\/div>\n\n","protected":false},"excerpt":{"rendered":"","protected":false},"author":297,"featured_media":0,"parent":0,"menu_order":0,"comment_status":"closed","ping_status":"closed","template":"","meta":{"footnotes":""},"class_list":["post-546","page","type-page","status-publish","hentry"],"_links":{"self":[{"href":"https:\/\/pages.pedf.cuni.cz\/pbe\/wp-json\/wp\/v2\/pages\/546","targetHints":{"allow":["GET"]}}],"collection":[{"href":"https:\/\/pages.pedf.cuni.cz\/pbe\/wp-json\/wp\/v2\/pages"}],"about":[{"href":"https:\/\/pages.pedf.cuni.cz\/pbe\/wp-json\/wp\/v2\/types\/page"}],"author":[{"embeddable":true,"href":"https:\/\/pages.pedf.cuni.cz\/pbe\/wp-json\/wp\/v2\/users\/297"}],"replies":[{"embeddable":true,"href":"https:\/\/pages.pedf.cuni.cz\/pbe\/wp-json\/wp\/v2\/comments?post=546"}],"version-history":[{"count":0,"href":"https:\/\/pages.pedf.cuni.cz\/pbe\/wp-json\/wp\/v2\/pages\/546\/revisions"}],"wp:attachment":[{"href":"https:\/\/pages.pedf.cuni.cz\/pbe\/wp-json\/wp\/v2\/media?parent=546"}],"curies":[{"name":"wp","href":"https:\/\/api.w.org\/{rel}","templated":true}]}}