{"id":108,"date":"2016-05-21T19:54:41","date_gmt":"2016-05-21T17:54:41","guid":{"rendered":"http:\/\/pages.pedf.cuni.cz\/pedinfo\/?page_id=108"},"modified":"2025-10-21T13:12:48","modified_gmt":"2025-10-21T11:12:48","slug":"na-zacatek-studia","status":"publish","type":"page","link":"https:\/\/pages.pedf.cuni.cz\/pedinfo\/na-zacatek-studia\/","title":{"rendered":"Na za\u010d\u00e1tek studia (1. ro\u010dn\u00edky)"},"content":{"rendered":"<p>P\u0159ij\u00edmac\u00ed zkou\u0161ky na PedF UK jsou \u00fasp\u011b\u0161n\u011b za tebou (gratulujeme!). Nyn\u00ed je pot\u0159eba se\u00a0<strong>zapsat do studia<\/strong>.\u00a0Po z\u00e1pisu je pot\u0159eba za\u0159\u00eddit si <b>pr\u016fkaz studenta<\/b> (s\u00a0n\u00edm\u017e z\u00edsk\u00e1\u0161 i\u00a0p\u0159\u00edstup do <a href=\"http:\/\/is.cuni.cz\/studium\">Studijn\u00edho informa\u010dn\u00edho syst\u00e9mu<\/a> = SIS), za\u010d\u00edt pou\u017e\u00edvat\u00a0<strong>univerzitn\u00ed e-mailovou adresu<\/strong> a proj\u00edt <strong>\u0161kolen\u00edm BOZP a PO<\/strong>. V polovin\u011b z\u00e1\u0159\u00ed si <b>zap\u00ed\u0161e\u0161 p\u0159edm\u011bty<\/b>. M\u016f\u017ee\u0161 se \u00fa\u010dastnit <b>seznamovac\u00edch kurz\u016f<\/b>. Slavnostn\u00edm uveden\u00edm do akademick\u00e9 obce je <b>imatrikulace<\/b>.<\/p>\n<p>Hlavn\u00ed budova fakulty (Magdal\u00e9ny Rettigov\u00e9 4) moment\u00e1ln\u011b proch\u00e1z\u00ed <strong>rekonstrukc\u00ed<\/strong>. Aktu\u00e1ln\u00ed informace o zp\u0159\u00edstupn\u011bn\u00ed budovy a jej\u00edch \u010d\u00e1st\u00ed <strong>sleduj<\/strong> v z\u00e1lo\u017ece <em><strong><a href=\"https:\/\/pedf.cuni.cz\/PEDF-3460.html\">Rekonstrukce &#8211; Aktu\u00e1ln\u011b<\/a><\/strong>\u00a0<\/em>na fakultn\u00edm webu.<\/p>\n<p>Souhrnn\u00e9 informace nalezne\u0161 v n\u00e1sleduj\u00edc\u00edch kapitol\u00e1ch, v z\u00e1lo\u017ece <a href=\"https:\/\/pedf.cuni.cz\/PEDF-187.html\">Studenti<\/a> (p\u0159\u00edpadn\u011b konkr\u00e9tn\u011bji <a href=\"https:\/\/pedf.cuni.cz\/PEDF-214.html\">Pro 1. ro\u010dn\u00edky<\/a>) na fakultn\u00edm webu nebo na webov\u00e9 str\u00e1nce <a href=\"https:\/\/www.studuj.pedf.cuni.cz\/prvak\">studuj.pedf.cuni.cz<\/a>, kterou jsi je\u0161t\u011b jako uchaze\u010d jist\u011b celou p\u0159e\u010detl. Dopl\u0148uj\u00edc\u00ed informace pro studenty <strong>kombinovan\u00e9ho studia<\/strong> nalezne\u0161 v t\u00e9to <a href=\"https:\/\/pages.pedf.cuni.cz\/brozura\/\">bro\u017eu\u0159e<\/a>. Pozornost v\u011bnuj i <a href=\"https:\/\/www.youtube.com\/playlist?list=PL28ZjLb0fJ34J3p7T0_bJxLykzspCckww\">vide\u00edm<\/a> na fakultn\u00edm Youtube, kter\u00e9 t\u011b provedou studijn\u00edmi pl\u00e1ny, SISem a registrac\u00ed p\u0159edm\u011bt\u016f.<\/p>\n<h4>6 nezbytn\u00fdch krok\u016f k \u00fasp\u011b\u0161n\u00e9mu zah\u00e1jen\u00ed studia, kter\u00e9 nesm\u00ed\u0161 minout:<\/h4>\n<ul class=\"list-pages-shortcode child-pages\"><li class=\"page_item page-item-1160\"><a href=\"https:\/\/pages.pedf.cuni.cz\/pedinfo\/na-zacatek-studia\/zapis-do-1-rocniku\/\">Z\u00e1pis do 1. ro\u010dn\u00edku<\/a><\/li>\n<li class=\"page_item page-item-2009\"><a href=\"https:\/\/pages.pedf.cuni.cz\/pedinfo\/na-zacatek-studia\/skoleni-bozp-a-po\/\">\u0160kolen\u00ed BOZP a PO<\/a><\/li>\n<li class=\"page_item page-item-83\"><a href=\"https:\/\/pages.pedf.cuni.cz\/pedinfo\/na-zacatek-studia\/prukaz-studenta-chci-isic\/\">Pr\u016fkaz studenta<\/a><\/li>\n<li class=\"page_item page-item-2006\"><a href=\"https:\/\/pages.pedf.cuni.cz\/pedinfo\/na-zacatek-studia\/univerzitni-e-mailova-adresa\/\">Univerzitn\u00ed e-mailov\u00e1 adresa<\/a><\/li>\n<li class=\"page_item page-item-46\"><a href=\"https:\/\/pages.pedf.cuni.cz\/pedinfo\/na-zacatek-studia\/registrace-zapis-predmetu\/\">Registrace (z\u00e1pis) p\u0159edm\u011bt\u016f<\/a><\/li>\n<li class=\"page_item page-item-89\"><a href=\"https:\/\/pages.pedf.cuni.cz\/pedinfo\/na-zacatek-studia\/imatrikulace\/\">Imatrikulace<\/a><\/li>\n<\/ul>\n","protected":false},"excerpt":{"rendered":"<p>P\u0159ij\u00edmac\u00ed zkou\u0161ky na PedF UK jsou \u00fasp\u011b\u0161n\u011b za tebou (gratulujeme!). Nyn\u00ed je pot\u0159eba se\u00a0zapsat do studia.\u00a0Po z\u00e1pisu je pot\u0159eba za\u0159\u00eddit si pr\u016fkaz studenta (s\u00a0n\u00edm\u017e z\u00edsk\u00e1\u0161 i\u00a0p\u0159\u00edstup do Studijn\u00edho informa\u010dn\u00edho syst\u00e9mu = SIS), za\u010d\u00edt pou\u017e\u00edvat\u00a0univerzitn\u00ed e-mailovou adresu a proj\u00edt \u0161kolen\u00edm BOZP a PO. V polovin\u011b z\u00e1\u0159\u00ed si zap\u00ed\u0161e\u0161 p\u0159edm\u011bty. M\u016f\u017ee\u0161 se \u00fa\u010dastnit seznamovac\u00edch kurz\u016f. Slavnostn\u00edm uveden\u00edm &hellip; <a href=\"https:\/\/pages.pedf.cuni.cz\/pedinfo\/na-zacatek-studia\/\" class=\"more-link\">Pokra\u010dov\u00e1n\u00ed textu <span class=\"screen-reader-text\">Na za\u010d\u00e1tek studia (1. ro\u010dn\u00edky)<\/span><\/a><\/p>\n","protected":false},"author":421,"featured_media":0,"parent":0,"menu_order":0,"comment_status":"closed","ping_status":"closed","template":"","meta":{"footnotes":""},"class_list":["post-108","page","type-page","status-publish","hentry"],"_links":{"self":[{"href":"https:\/\/pages.pedf.cuni.cz\/pedinfo\/wp-json\/wp\/v2\/pages\/108","targetHints":{"allow":["GET"]}}],"collection":[{"href":"https:\/\/pages.pedf.cuni.cz\/pedinfo\/wp-json\/wp\/v2\/pages"}],"about":[{"href":"https:\/\/pages.pedf.cuni.cz\/pedinfo\/wp-json\/wp\/v2\/types\/page"}],"author":[{"embeddable":true,"href":"https:\/\/pages.pedf.cuni.cz\/pedinfo\/wp-json\/wp\/v2\/users\/421"}],"replies":[{"embeddable":true,"href":"https:\/\/pages.pedf.cuni.cz\/pedinfo\/wp-json\/wp\/v2\/comments?post=108"}],"version-history":[{"count":31,"href":"https:\/\/pages.pedf.cuni.cz\/pedinfo\/wp-json\/wp\/v2\/pages\/108\/revisions"}],"predecessor-version":[{"id":2086,"href":"https:\/\/pages.pedf.cuni.cz\/pedinfo\/wp-json\/wp\/v2\/pages\/108\/revisions\/2086"}],"wp:attachment":[{"href":"https:\/\/pages.pedf.cuni.cz\/pedinfo\/wp-json\/wp\/v2\/media?parent=108"}],"curies":[{"name":"wp","href":"https:\/\/api.w.org\/{rel}","templated":true}]}}