{"id":1376,"date":"2023-08-24T12:53:49","date_gmt":"2023-08-24T10:53:49","guid":{"rendered":"https:\/\/pages.pedf.cuni.cz\/pedinfo\/?page_id=1376"},"modified":"2025-12-09T21:55:02","modified_gmt":"2025-12-09T20:55:02","slug":"praxe","status":"publish","type":"page","link":"https:\/\/pages.pedf.cuni.cz\/pedinfo\/praxe\/","title":{"rendered":"Praxe"},"content":{"rendered":"\n<p>B\u011bhem sv\u00e9ho studia bude\u0161 muset povinn\u011b absolvovat r\u016fzn\u00e9 typy <strong>prax\u00ed<\/strong> v z\u00e1vislosti na tv\u00e9m studijn\u00edm pl\u00e1nu (viz <em><a href=\"https:\/\/pedf.cuni.cz\/pedf-216.html\">Karolinku<\/a><\/em>). Informace o nich nalezne\u0161 prim\u00e1rn\u011b v sylabu dan\u00e9 praxe v SIS, ale pot\u0159ebn\u00e9 informace v\u010detn\u011b po\u017eadovan\u00fdch formul\u00e1\u0159\u016f t\u00fdkaj\u00edc\u00edch se prax\u00ed z\u00edsk\u00e1\u0161 na str\u00e1nk\u00e1ch <a href=\"https:\/\/cprpp.pedf.cuni.cz\/\"><strong>Centra pro podporu a rozvoj pedagogick\u00fdch prax\u00ed<\/strong><\/a>.<\/p>\n\n\n\n<p><\/p>\n","protected":false},"excerpt":{"rendered":"<p>B\u011bhem sv\u00e9ho studia bude\u0161 muset povinn\u011b absolvovat r\u016fzn\u00e9 typy prax\u00ed v z\u00e1vislosti na tv\u00e9m studijn\u00edm pl\u00e1nu (viz Karolinku). Informace o nich nalezne\u0161 prim\u00e1rn\u011b v sylabu dan\u00e9 praxe v SIS, ale pot\u0159ebn\u00e9 informace v\u010detn\u011b po\u017eadovan\u00fdch formul\u00e1\u0159\u016f t\u00fdkaj\u00edc\u00edch se prax\u00ed z\u00edsk\u00e1\u0161 na str\u00e1nk\u00e1ch Centra pro podporu a rozvoj pedagogick\u00fdch prax\u00ed.<\/p>\n","protected":false},"author":676,"featured_media":0,"parent":0,"menu_order":1,"comment_status":"closed","ping_status":"closed","template":"","meta":{"footnotes":""},"class_list":["post-1376","page","type-page","status-publish","hentry"],"_links":{"self":[{"href":"https:\/\/pages.pedf.cuni.cz\/pedinfo\/wp-json\/wp\/v2\/pages\/1376","targetHints":{"allow":["GET"]}}],"collection":[{"href":"https:\/\/pages.pedf.cuni.cz\/pedinfo\/wp-json\/wp\/v2\/pages"}],"about":[{"href":"https:\/\/pages.pedf.cuni.cz\/pedinfo\/wp-json\/wp\/v2\/types\/page"}],"author":[{"embeddable":true,"href":"https:\/\/pages.pedf.cuni.cz\/pedinfo\/wp-json\/wp\/v2\/users\/676"}],"replies":[{"embeddable":true,"href":"https:\/\/pages.pedf.cuni.cz\/pedinfo\/wp-json\/wp\/v2\/comments?post=1376"}],"version-history":[{"count":9,"href":"https:\/\/pages.pedf.cuni.cz\/pedinfo\/wp-json\/wp\/v2\/pages\/1376\/revisions"}],"predecessor-version":[{"id":2117,"href":"https:\/\/pages.pedf.cuni.cz\/pedinfo\/wp-json\/wp\/v2\/pages\/1376\/revisions\/2117"}],"wp:attachment":[{"href":"https:\/\/pages.pedf.cuni.cz\/pedinfo\/wp-json\/wp\/v2\/media?parent=1376"}],"curies":[{"name":"wp","href":"https:\/\/api.w.org\/{rel}","templated":true}]}}