{"id":1393,"date":"2023-09-03T12:54:24","date_gmt":"2023-09-03T10:54:24","guid":{"rendered":"https:\/\/pages.pedf.cuni.cz\/pedinfo\/?page_id=1393"},"modified":"2025-05-10T08:38:02","modified_gmt":"2025-05-10T06:38:02","slug":"merch","status":"publish","type":"page","link":"https:\/\/pages.pedf.cuni.cz\/pedinfo\/merch\/","title":{"rendered":"Merch"},"content":{"rendered":"\n<p>Abys v\u0161em uk\u00e1zal\/a, \u017ee studuje\u0161 pr\u00e1v\u011b na na\u0161\u00ed fakult\u011b, m\u016f\u017ee\u0161 si na <strong><a href=\"https:\/\/eshop.pedf.cuni.cz\/simplifyworks\/eoc\/public\/products\">eshopu<\/a><\/strong> nebo v prodejn\u011b Vydavatelstv\u00ed (v p\u0159\u00edzem\u00ed vlevo p\u0159i cest\u011b do knihovny) po\u0159\u00eddit fakultn\u00ed mikinu, tri\u010dko a spoustu dal\u0161\u00edch p\u0159edm\u011bt\u016f z nov\u00e9 kolekce. Merch si nav\u00edc m\u016f\u017ee\u0161 dotvo\u0159it podle sebe d\u00edky \u0159ad\u011b origin\u00e1ln\u00edch na\u017eehlova\u010dek<sup>1<\/sup>.<br><br>N\u00e1\u0161 merch nen\u00ed jen tak oby\u010dejn\u00fdmi v\u011bcmi s fakultn\u00edm logem. O jeho v\u00fdznamu a vzniku si m\u016f\u017ee\u0161 p\u0159e\u010d\u00edst u tv\u016frc\u016f merche z <a href=\"https:\/\/vanek.studio\/prace\/pedagogicka-fakulta-univerzita-karlova-merch\/\">Van\u011bk.Studio<\/a> a v \u010dl\u00e1nku <a href=\"https:\/\/www.hatefree.cz\/clanky\/nova-kolekce-obleceni-pedf-univerzity-karlovy-oslavuje-jedinecnost-a-lasku\">HateFree Culture<\/a>. V albu si pak m\u016f\u017ee\u0161 prohl\u00e9dnout z\u00e1b\u011bry z focen\u00ed, na kter\u00e9m se jako modelov\u00e9 pod\u00edleli na\u0161i studenti.<br><br><em><sup>1<\/sup>Tepeln\u00fd lis, d\u00edky kter\u00e9mu na\u017eehlova\u010dku na oble\u010den\u00ed nebo ta\u0161ku spr\u00e1vn\u011b na\u017eehl\u00ed\u0161, najde\u0161 v prodejn\u011b.<\/em><\/p>\n","protected":false},"excerpt":{"rendered":"<p>Abys v\u0161em uk\u00e1zal\/a, \u017ee studuje\u0161 pr\u00e1v\u011b na na\u0161\u00ed fakult\u011b, m\u016f\u017ee\u0161 si na eshopu nebo v prodejn\u011b Vydavatelstv\u00ed (v p\u0159\u00edzem\u00ed vlevo p\u0159i cest\u011b do knihovny) po\u0159\u00eddit fakultn\u00ed mikinu, tri\u010dko a spoustu dal\u0161\u00edch p\u0159edm\u011bt\u016f z nov\u00e9 kolekce. Merch si nav\u00edc m\u016f\u017ee\u0161 dotvo\u0159it podle sebe d\u00edky \u0159ad\u011b origin\u00e1ln\u00edch na\u017eehlova\u010dek1. N\u00e1\u0161 merch nen\u00ed jen tak oby\u010dejn\u00fdmi v\u011bcmi s fakultn\u00edm &hellip; <a href=\"https:\/\/pages.pedf.cuni.cz\/pedinfo\/merch\/\" class=\"more-link\">Pokra\u010dov\u00e1n\u00ed textu <span class=\"screen-reader-text\">Merch<\/span><\/a><\/p>\n","protected":false},"author":676,"featured_media":0,"parent":0,"menu_order":0,"comment_status":"closed","ping_status":"closed","template":"","meta":{"footnotes":""},"class_list":["post-1393","page","type-page","status-publish","hentry"],"_links":{"self":[{"href":"https:\/\/pages.pedf.cuni.cz\/pedinfo\/wp-json\/wp\/v2\/pages\/1393","targetHints":{"allow":["GET"]}}],"collection":[{"href":"https:\/\/pages.pedf.cuni.cz\/pedinfo\/wp-json\/wp\/v2\/pages"}],"about":[{"href":"https:\/\/pages.pedf.cuni.cz\/pedinfo\/wp-json\/wp\/v2\/types\/page"}],"author":[{"embeddable":true,"href":"https:\/\/pages.pedf.cuni.cz\/pedinfo\/wp-json\/wp\/v2\/users\/676"}],"replies":[{"embeddable":true,"href":"https:\/\/pages.pedf.cuni.cz\/pedinfo\/wp-json\/wp\/v2\/comments?post=1393"}],"version-history":[{"count":11,"href":"https:\/\/pages.pedf.cuni.cz\/pedinfo\/wp-json\/wp\/v2\/pages\/1393\/revisions"}],"predecessor-version":[{"id":1757,"href":"https:\/\/pages.pedf.cuni.cz\/pedinfo\/wp-json\/wp\/v2\/pages\/1393\/revisions\/1757"}],"wp:attachment":[{"href":"https:\/\/pages.pedf.cuni.cz\/pedinfo\/wp-json\/wp\/v2\/media?parent=1393"}],"curies":[{"name":"wp","href":"https:\/\/api.w.org\/{rel}","templated":true}]}}