{"id":1580,"date":"2024-09-12T21:20:02","date_gmt":"2024-09-12T19:20:02","guid":{"rendered":"https:\/\/pages.pedf.cuni.cz\/pedinfo\/?page_id=1580"},"modified":"2025-04-21T14:46:34","modified_gmt":"2025-04-21T12:46:34","slug":"zapis-do-dalsiho-useku-studia-rocniku","status":"publish","type":"page","link":"https:\/\/pages.pedf.cuni.cz\/pedinfo\/zapis-do-dalsiho-useku-studia-rocniku\/","title":{"rendered":"Z\u00e1pis do dal\u0161\u00edho \u00faseku studia (ro\u010dn\u00edku)"},"content":{"rendered":"\n<p><a href=\"https:\/\/pedf.cuni.cz\/PEDF-1657.html\"><strong>Z\u00e1pis do dal\u0161\u00edho \u00faseku studia (2. a vy\u0161\u0161\u00edho ro\u010dn\u00edku)<\/strong><\/a> prob\u00edh\u00e1 <strong>od 1. 6. do 30. 9.<\/strong> u\u017e pouze\u00a0<strong>online<\/strong>\u00a0prost\u0159ednictv\u00edm SIS. V modulu<em>\u00a0V\u00fdsledky zkou\u0161ek<\/em>\u00a0\u2013\u00a0<em>prohl\u00ed\u017een\u00ed<\/em>\u00a0klikne\u0161 na\u00a0<em>Kontroly<\/em>\u00a0a zde si ud\u011bl\u00e1\u0161 kontrolu pro postup do dal\u0161\u00edho ro\u010dn\u00edku (SIS ti spo\u010d\u00edt\u00e1, zda m\u00e1\u0161 dostatek kredit\u016f), po proveden\u00ed kontroly se zap\u00ed\u0161e\u0161 do dal\u0161\u00edho ro\u010dn\u00edku. Studijn\u00ed odd\u011blen\u00ed vytvo\u0159ilo\u00a0<a href=\"https:\/\/pedf.cuni.cz\/PEDF-1657-version1-elektronicky_zapis_dalsi_usek_pedf_evpnpriloha4.pdf\"><strong>podrobn\u00fd n\u00e1vod<\/strong><\/a>, jak spr\u00e1vn\u011b z\u00e1pis do dal\u0161\u00edho \u00faseku studia prov\u00e9st.<\/p>\n","protected":false},"excerpt":{"rendered":"<p>Z\u00e1pis do dal\u0161\u00edho \u00faseku studia (2. a vy\u0161\u0161\u00edho ro\u010dn\u00edku) prob\u00edh\u00e1 od 1. 6. do 30. 9. u\u017e pouze\u00a0online\u00a0prost\u0159ednictv\u00edm SIS. V modulu\u00a0V\u00fdsledky zkou\u0161ek\u00a0\u2013\u00a0prohl\u00ed\u017een\u00ed\u00a0klikne\u0161 na\u00a0Kontroly\u00a0a zde si ud\u011bl\u00e1\u0161 kontrolu pro postup do dal\u0161\u00edho ro\u010dn\u00edku (SIS ti spo\u010d\u00edt\u00e1, zda m\u00e1\u0161 dostatek kredit\u016f), po proveden\u00ed kontroly se zap\u00ed\u0161e\u0161 do dal\u0161\u00edho ro\u010dn\u00edku. Studijn\u00ed odd\u011blen\u00ed vytvo\u0159ilo\u00a0podrobn\u00fd n\u00e1vod, jak spr\u00e1vn\u011b z\u00e1pis do &hellip; <a href=\"https:\/\/pages.pedf.cuni.cz\/pedinfo\/zapis-do-dalsiho-useku-studia-rocniku\/\" class=\"more-link\">Pokra\u010dov\u00e1n\u00ed textu <span class=\"screen-reader-text\">Z\u00e1pis do dal\u0161\u00edho \u00faseku studia (ro\u010dn\u00edku)<\/span><\/a><\/p>\n","protected":false},"author":676,"featured_media":0,"parent":0,"menu_order":0,"comment_status":"closed","ping_status":"closed","template":"","meta":{"footnotes":""},"class_list":["post-1580","page","type-page","status-publish","hentry"],"_links":{"self":[{"href":"https:\/\/pages.pedf.cuni.cz\/pedinfo\/wp-json\/wp\/v2\/pages\/1580","targetHints":{"allow":["GET"]}}],"collection":[{"href":"https:\/\/pages.pedf.cuni.cz\/pedinfo\/wp-json\/wp\/v2\/pages"}],"about":[{"href":"https:\/\/pages.pedf.cuni.cz\/pedinfo\/wp-json\/wp\/v2\/types\/page"}],"author":[{"embeddable":true,"href":"https:\/\/pages.pedf.cuni.cz\/pedinfo\/wp-json\/wp\/v2\/users\/676"}],"replies":[{"embeddable":true,"href":"https:\/\/pages.pedf.cuni.cz\/pedinfo\/wp-json\/wp\/v2\/comments?post=1580"}],"version-history":[{"count":3,"href":"https:\/\/pages.pedf.cuni.cz\/pedinfo\/wp-json\/wp\/v2\/pages\/1580\/revisions"}],"predecessor-version":[{"id":1678,"href":"https:\/\/pages.pedf.cuni.cz\/pedinfo\/wp-json\/wp\/v2\/pages\/1580\/revisions\/1678"}],"wp:attachment":[{"href":"https:\/\/pages.pedf.cuni.cz\/pedinfo\/wp-json\/wp\/v2\/media?parent=1580"}],"curies":[{"name":"wp","href":"https:\/\/api.w.org\/{rel}","templated":true}]}}