{"id":1615,"date":"2024-09-12T21:41:18","date_gmt":"2024-09-12T19:41:18","guid":{"rendered":"https:\/\/pages.pedf.cuni.cz\/pedinfo\/?page_id=1615"},"modified":"2024-09-12T21:41:18","modified_gmt":"2024-09-12T19:41:18","slug":"potvrzeni-o-studiu","status":"publish","type":"page","link":"https:\/\/pages.pedf.cuni.cz\/pedinfo\/potvrzeni-o-studiu\/","title":{"rendered":"Potvrzen\u00ed o\u00a0studiu"},"content":{"rendered":"\n<p>Pokud pot\u0159ebuje\u0161 potvrzen\u00ed o studiu, m\u016f\u017ee\u0161 si jej s\u00e1m vytisknout. Najde\u0161 ho v SIS, a to v modulu <em>Osobn\u00ed \u00fadaje<\/em> \u2192 <em>Potvrzen\u00ed o&nbsp;studiu<\/em>. Jak na to najde\u0161 i v <a href=\"https:\/\/helpdesksis.pedf.cuni.cz\/mod\/wiki\/view.php?pageid=56\"><strong>tomto n\u00e1vodu<\/strong><\/a>.&nbsp;<\/p>\n\n\n\n<p><\/p>\n","protected":false},"excerpt":{"rendered":"<p>Pokud pot\u0159ebuje\u0161 potvrzen\u00ed o studiu, m\u016f\u017ee\u0161 si jej s\u00e1m vytisknout. Najde\u0161 ho v SIS, a to v modulu Osobn\u00ed \u00fadaje \u2192 Potvrzen\u00ed o&nbsp;studiu. Jak na to najde\u0161 i v tomto n\u00e1vodu.&nbsp;<\/p>\n","protected":false},"author":676,"featured_media":0,"parent":0,"menu_order":0,"comment_status":"closed","ping_status":"closed","template":"","meta":{"footnotes":""},"class_list":["post-1615","page","type-page","status-publish","hentry"],"_links":{"self":[{"href":"https:\/\/pages.pedf.cuni.cz\/pedinfo\/wp-json\/wp\/v2\/pages\/1615","targetHints":{"allow":["GET"]}}],"collection":[{"href":"https:\/\/pages.pedf.cuni.cz\/pedinfo\/wp-json\/wp\/v2\/pages"}],"about":[{"href":"https:\/\/pages.pedf.cuni.cz\/pedinfo\/wp-json\/wp\/v2\/types\/page"}],"author":[{"embeddable":true,"href":"https:\/\/pages.pedf.cuni.cz\/pedinfo\/wp-json\/wp\/v2\/users\/676"}],"replies":[{"embeddable":true,"href":"https:\/\/pages.pedf.cuni.cz\/pedinfo\/wp-json\/wp\/v2\/comments?post=1615"}],"version-history":[{"count":1,"href":"https:\/\/pages.pedf.cuni.cz\/pedinfo\/wp-json\/wp\/v2\/pages\/1615\/revisions"}],"predecessor-version":[{"id":1618,"href":"https:\/\/pages.pedf.cuni.cz\/pedinfo\/wp-json\/wp\/v2\/pages\/1615\/revisions\/1618"}],"wp:attachment":[{"href":"https:\/\/pages.pedf.cuni.cz\/pedinfo\/wp-json\/wp\/v2\/media?parent=1615"}],"curies":[{"name":"wp","href":"https:\/\/api.w.org\/{rel}","templated":true}]}}