{"id":1630,"date":"2025-05-12T16:15:59","date_gmt":"2025-05-12T14:15:59","guid":{"rendered":"https:\/\/pages.pedf.cuni.cz\/pedinfo\/?page_id=1630"},"modified":"2025-06-23T15:50:33","modified_gmt":"2025-06-23T13:50:33","slug":"na-zaver-studia","status":"publish","type":"page","link":"https:\/\/pages.pedf.cuni.cz\/pedinfo\/na-zaver-studia\/","title":{"rendered":"Na z\u00e1v\u011br studia"},"content":{"rendered":"\n<p>Gratulujeme, splnil jsi v\u0161echny \u010d\u00e1sti SZ a stal\/a se z tebe absolvent\/ka! Nyn\u00ed je v\u0161ak pot\u0159eba u\u010dinit je\u0161t\u011b n\u011bkolik krok\u016f.<\/p>\n\n\n\n<ul class=\"wp-block-list\">\n<li>Do knihovny <strong>vra\u0165 v\u0161echny vyp\u016fj\u010den\u00e9 knihy<\/strong>.<\/li>\n\n\n\n<li>Jako absolvent m\u016f\u017ee\u0161 registrovat do fakultn\u00edho <strong><a href=\"https:\/\/pages.pedf.cuni.cz\/pedinfo\/alumni-klub\/\">Alumni klubu<\/a><\/strong>.<\/li>\n\n\n\n<li>Po\u010dk\u00e1\u0161 na pozv\u00e1nku k <strong><a href=\"https:\/\/pages.pedf.cuni.cz\/pedinfo\/promoce\/\">promoci<\/a><\/strong>, kde obdr\u017e\u00ed\u0161 sv\u016fj vysoko\u0161kolsk\u00fd diplom.<\/li>\n\n\n\n<li>Informuj se u sv\u00e9 zdravotn\u00ed poji\u0161\u0165ovny, jak to m\u00e1\u0161 po ukon\u010den\u00ed studia s placen\u00edm zdravotn\u00edho a soci\u00e1ln\u00edho poji\u0161t\u011bn\u00ed. To sam\u00e9 i s p\u0159\u00edpadn\u00fdm p\u0159ihl\u00e1\u0161en\u00edm na \u00daP.<\/li>\n<\/ul>\n","protected":false},"excerpt":{"rendered":"<ul>\n<li>St\u00e1tn\u00ed z\u00e1v\u011bre\u010dn\u00e9 zkou\u0161ky<\/li>\n<li>Z\u00e1v\u011bre\u010dn\u00e9 (bakal\u00e1\u0159sk\u00e9 a diplomov\u00e9) pr\u00e1ce<\/li>\n<li>Potvrzen\u00ed o absolvov\u00e1n\u00ed studia<\/li>\n<\/ul>\n","protected":false},"author":676,"featured_media":0,"parent":0,"menu_order":0,"comment_status":"closed","ping_status":"closed","template":"","meta":{"footnotes":""},"class_list":["post-1630","page","type-page","status-publish","hentry"],"_links":{"self":[{"href":"https:\/\/pages.pedf.cuni.cz\/pedinfo\/wp-json\/wp\/v2\/pages\/1630","targetHints":{"allow":["GET"]}}],"collection":[{"href":"https:\/\/pages.pedf.cuni.cz\/pedinfo\/wp-json\/wp\/v2\/pages"}],"about":[{"href":"https:\/\/pages.pedf.cuni.cz\/pedinfo\/wp-json\/wp\/v2\/types\/page"}],"author":[{"embeddable":true,"href":"https:\/\/pages.pedf.cuni.cz\/pedinfo\/wp-json\/wp\/v2\/users\/676"}],"replies":[{"embeddable":true,"href":"https:\/\/pages.pedf.cuni.cz\/pedinfo\/wp-json\/wp\/v2\/comments?post=1630"}],"version-history":[{"count":6,"href":"https:\/\/pages.pedf.cuni.cz\/pedinfo\/wp-json\/wp\/v2\/pages\/1630\/revisions"}],"predecessor-version":[{"id":1825,"href":"https:\/\/pages.pedf.cuni.cz\/pedinfo\/wp-json\/wp\/v2\/pages\/1630\/revisions\/1825"}],"wp:attachment":[{"href":"https:\/\/pages.pedf.cuni.cz\/pedinfo\/wp-json\/wp\/v2\/media?parent=1630"}],"curies":[{"name":"wp","href":"https:\/\/api.w.org\/{rel}","templated":true}]}}