{"id":1634,"date":"2024-10-07T10:48:58","date_gmt":"2024-10-07T08:48:58","guid":{"rendered":"https:\/\/pages.pedf.cuni.cz\/pedinfo\/?page_id=1634"},"modified":"2025-06-27T16:11:07","modified_gmt":"2025-06-27T14:11:07","slug":"alumni-klub","status":"publish","type":"page","link":"https:\/\/pages.pedf.cuni.cz\/pedinfo\/alumni-klub\/","title":{"rendered":"Alumni klub"},"content":{"rendered":"\n<p>Gratulujeme, stal\/a jsi se absolventem\/kou! <\/p>\n\n\n\n<p>Nyn\u00ed se m\u016f\u017ee\u0161 st\u00e1t \u010dlenem fakultn\u00edho <strong><a href=\"https:\/\/alumni.pedf.cuni.cz\/\">Alumni klubu<\/a><\/strong>, d\u00edky kter\u00e9mu z\u00edsk\u00e1\u0161 spoustu v\u00fdhod jako \u00fa\u010dastnit se r\u016fzn\u00fdch p\u0159edn\u00e1\u0161ek a workshop\u016f, z\u00edsk\u00e1vat novinky fakulty, pod\u00edlet se na budouc\u00edm sm\u011b\u0159ov\u00e1n\u00ed fakulty a spoustu dal\u0161\u00edho. Letos ji\u017e pot\u0159et\u00ed se bude <strong>11. 10. 2025<\/strong> konat <strong>Alumni den<\/strong>, b\u011bhem kter\u00e9ho se m\u016f\u017ee\u0161 z\u00fa\u010dastnit p\u0159edn\u00e1\u0161ek a workshop\u016f, poslechnout kapely a d\u00e1t si n\u011bco dobr\u00e9ho k j\u00eddlu a pit\u00ed, nav\u0161t\u00edvit programy jednotliv\u00fdch kateder a se spolu\u017e\u00e1ky zavzpom\u00ednat na studentsk\u00e9 \u010dasy. <\/p>\n\n\n\n<p>Pokud se Alumni dne chce\u0161 z\u00fa\u010dastnit, je <strong>nutn\u00e9 <a href=\"https:\/\/forms.office.com\/pages\/responsepage.aspx?id=2naS4DT5hkC_CIgWogQUonKjFbdUT9RNoJ6reVR8lZdUMTdUUFMySUczWUIxREFFVjFTU1k5TVpLMSQlQCN0PWcu&amp;fbclid=IwY2xjawFw9gxleHRuA2FlbQIxMAABHez3H713kyGtaZpXjMwC8tqioGV2Ak8DybSwEqyRaTKXCBuaAp8zZQEi9Q_aem_kBeTq4aJFr0d1JIRgQzj7A&amp;route=shorturl\">se p\u0159edem registrovat<\/a>.<\/strong><\/p>\n","protected":false},"excerpt":{"rendered":"<p>Gratulujeme, stal\/a jsi se absolventem\/kou! Nyn\u00ed se m\u016f\u017ee\u0161 st\u00e1t \u010dlenem fakultn\u00edho Alumni klubu, d\u00edky kter\u00e9mu z\u00edsk\u00e1\u0161 spoustu v\u00fdhod jako \u00fa\u010dastnit se r\u016fzn\u00fdch p\u0159edn\u00e1\u0161ek a workshop\u016f, z\u00edsk\u00e1vat novinky fakulty, pod\u00edlet se na budouc\u00edm sm\u011b\u0159ov\u00e1n\u00ed fakulty a spoustu dal\u0161\u00edho. Letos ji\u017e pot\u0159et\u00ed se bude 11. 10. 2025 konat Alumni den, b\u011bhem kter\u00e9ho se m\u016f\u017ee\u0161 z\u00fa\u010dastnit p\u0159edn\u00e1\u0161ek a &hellip; <a href=\"https:\/\/pages.pedf.cuni.cz\/pedinfo\/alumni-klub\/\" class=\"more-link\">Pokra\u010dov\u00e1n\u00ed textu <span class=\"screen-reader-text\">Alumni klub<\/span><\/a><\/p>\n","protected":false},"author":676,"featured_media":0,"parent":0,"menu_order":0,"comment_status":"closed","ping_status":"closed","template":"","meta":{"footnotes":""},"class_list":["post-1634","page","type-page","status-publish","hentry"],"_links":{"self":[{"href":"https:\/\/pages.pedf.cuni.cz\/pedinfo\/wp-json\/wp\/v2\/pages\/1634","targetHints":{"allow":["GET"]}}],"collection":[{"href":"https:\/\/pages.pedf.cuni.cz\/pedinfo\/wp-json\/wp\/v2\/pages"}],"about":[{"href":"https:\/\/pages.pedf.cuni.cz\/pedinfo\/wp-json\/wp\/v2\/types\/page"}],"author":[{"embeddable":true,"href":"https:\/\/pages.pedf.cuni.cz\/pedinfo\/wp-json\/wp\/v2\/users\/676"}],"replies":[{"embeddable":true,"href":"https:\/\/pages.pedf.cuni.cz\/pedinfo\/wp-json\/wp\/v2\/comments?post=1634"}],"version-history":[{"count":12,"href":"https:\/\/pages.pedf.cuni.cz\/pedinfo\/wp-json\/wp\/v2\/pages\/1634\/revisions"}],"predecessor-version":[{"id":1873,"href":"https:\/\/pages.pedf.cuni.cz\/pedinfo\/wp-json\/wp\/v2\/pages\/1634\/revisions\/1873"}],"wp:attachment":[{"href":"https:\/\/pages.pedf.cuni.cz\/pedinfo\/wp-json\/wp\/v2\/media?parent=1634"}],"curies":[{"name":"wp","href":"https:\/\/api.w.org\/{rel}","templated":true}]}}