{"id":1645,"date":"2024-10-08T10:13:21","date_gmt":"2024-10-08T08:13:21","guid":{"rendered":"https:\/\/pages.pedf.cuni.cz\/pedinfo\/?page_id=1645"},"modified":"2025-12-13T11:51:06","modified_gmt":"2025-12-13T10:51:06","slug":"promoce","status":"publish","type":"page","link":"https:\/\/pages.pedf.cuni.cz\/pedinfo\/promoce\/","title":{"rendered":"Promoce"},"content":{"rendered":"\n<p><strong><a href=\"https:\/\/pedf.cuni.cz\/PEDF-219.html\">Promoce<\/a><\/strong> je&nbsp;slavnostn\u00ed&nbsp;rozlou\u010den\u00ed Univerzity Karlovy s&nbsp;absolventem (bakal\u00e1\u0159em, magistrem, doktorem), v&nbsp;n\u00ed\u017e absolvent skl\u00e1d\u00e1 akademick\u00fd slib (latinsk\u00fd) a p\u0159ij\u00edm\u00e1 od promotora diplom, kter\u00fd ho oprav\u0148uje u\u017e\u00edvat akademick\u00e9 tituly. Promoce se konaj\u00ed ka\u017ed\u00fd rok zpravidla v b\u0159eznu, \u010dervenci, listopadu a prosinci na dvou m\u00edstech:<\/p>\n\n\n\n<ul class=\"wp-block-list\">\n<li><strong>bakal\u00e1\u0159sk\u00e9 <\/strong>v <strong>Profesn\u00edm dom\u011b<\/strong> na Malostransk\u00e9m n\u00e1m\u011bst\u00ed<\/li>\n\n\n\n<li><strong>magistersk\u00e9 <\/strong>a <strong>doktorsk\u00e9 <\/strong>ve <strong>Velk\u00e9 aule Karolina <\/strong>na Ovocn\u00e9m trhu<\/li>\n<\/ul>\n\n\n\n<p>P\u0159esn\u00e9 datum a \u010das tv\u00e9 promoce se dozv\u00ed\u0161 v modulu <em>Promoce<\/em> v SIS a takt\u00e9\u017e prost\u0159ednictv\u00edm <strong>e-mailu<\/strong>, kter\u00fd ti v\u010das p\u0159ed kon\u00e1n\u00edm promoce p\u0159ijde na e-mailovou adresu uvedenou v SIS. Svou \u00fa\u010dast potvrzovat nemus\u00ed\u0161, sta\u010d\u00ed se jen dostavit v\u010das alespo\u0148 <strong>30-45<\/strong> <strong>minut<\/strong> p\u0159ed uveden\u00fdm \u010dasem promoce kv\u016fli z\u00e1pisu do matri\u010dn\u00ed knihy (jestli\u017ee v\u010das nep\u0159ijde\u0161, referentky t\u011b ji\u017e do ceremoni\u00e1lu nepust\u00ed, tak\u017ee pozor!). Naopak pokud se promoce <strong>nem\u016f\u017ee\u0161 z\u00fa\u010dastnit<\/strong>, informuj o tom svou <strong>studijn\u00ed referentku<\/strong> (diplom si pot\u00e9 vyzvedne\u0161 na Studijn\u00edm odd\u011blen\u00ed). Samoz\u0159ejmost\u00ed je <strong>vhodn\u00fd spole\u010densk\u00fd od\u011bv<\/strong>.<\/p>\n\n\n\n<p>Na promoci mohou p\u0159ij\u00edt i tv\u00ed bl\u00edzc\u00ed. Jak\u00fd <strong>po\u010det <\/strong>ale m\u016f\u017ee p\u0159ij\u00edt? Na <strong>bakal\u00e1\u0159sk\u00e9 promoce <\/strong>je doporu\u010den\u00fd po\u010det <strong>4 lid\u00e9<\/strong>. Je to z toho d\u016fvodu, \u017ee promo\u010dn\u00ed s\u00e1l nen\u00ed p\u0159\u00edli\u0161 velk\u00fd a mus\u00ed se do n\u011bj vej\u00edt bl\u00edzc\u00ed v\u0161ech promuj\u00edc\u00edch. Dodr\u017euj proto toto doporu\u010den\u00ed, aby zbylo m\u00edsto na v\u0161echny. Naopak u <strong>magistersk\u00fdch <\/strong>a <strong>doktorsk\u00fdch promoc\u00ed <\/strong>je po\u010det t\u00e9m\u011b\u0159 <strong>neomezen\u00fd<\/strong>, jeliko\u017e Karolinum nab\u00edz\u00ed velk\u00e9 mno\u017estv\u00ed m\u00edst k sezen\u00ed. Bl\u00edzc\u00ed by vzhledem k form\u00e1lnosti ud\u00e1losti m\u011bli takt\u00e9\u017e volit <strong>vhodn\u00fd spole\u010densk\u00fd od\u011bv<\/strong>.<\/p>\n\n\n\n<p>Informace o tom, jak promoce prob\u00edh\u00e1 nebo kam zaj\u00edt po promoci na slavnostn\u00ed ob\u011bd, jsou uvedeny na samostatn\u00e9m <a href=\"https:\/\/promoce.pedf.cuni.cz\/\"><strong>webu<\/strong> <\/a>t\u00fdkaj\u00edc\u00ed se pouze promoc\u00ed. <\/p>\n","protected":false},"excerpt":{"rendered":"<p>Promoce je&nbsp;slavnostn\u00ed&nbsp;rozlou\u010den\u00ed Univerzity Karlovy s&nbsp;absolventem (bakal\u00e1\u0159em, magistrem, doktorem), v&nbsp;n\u00ed\u017e absolvent skl\u00e1d\u00e1 akademick\u00fd slib (latinsk\u00fd) a p\u0159ij\u00edm\u00e1 od promotora diplom, kter\u00fd ho oprav\u0148uje u\u017e\u00edvat akademick\u00e9 tituly. Promoce se konaj\u00ed ka\u017ed\u00fd rok zpravidla v b\u0159eznu, \u010dervenci, listopadu a prosinci na dvou m\u00edstech: P\u0159esn\u00e9 datum a \u010das tv\u00e9 promoce se dozv\u00ed\u0161 v modulu Promoce v SIS a takt\u00e9\u017e &hellip; <a href=\"https:\/\/pages.pedf.cuni.cz\/pedinfo\/promoce\/\" class=\"more-link\">Pokra\u010dov\u00e1n\u00ed textu <span class=\"screen-reader-text\">Promoce<\/span><\/a><\/p>\n","protected":false},"author":676,"featured_media":0,"parent":0,"menu_order":0,"comment_status":"closed","ping_status":"closed","template":"","meta":{"footnotes":""},"class_list":["post-1645","page","type-page","status-publish","hentry"],"_links":{"self":[{"href":"https:\/\/pages.pedf.cuni.cz\/pedinfo\/wp-json\/wp\/v2\/pages\/1645","targetHints":{"allow":["GET"]}}],"collection":[{"href":"https:\/\/pages.pedf.cuni.cz\/pedinfo\/wp-json\/wp\/v2\/pages"}],"about":[{"href":"https:\/\/pages.pedf.cuni.cz\/pedinfo\/wp-json\/wp\/v2\/types\/page"}],"author":[{"embeddable":true,"href":"https:\/\/pages.pedf.cuni.cz\/pedinfo\/wp-json\/wp\/v2\/users\/676"}],"replies":[{"embeddable":true,"href":"https:\/\/pages.pedf.cuni.cz\/pedinfo\/wp-json\/wp\/v2\/comments?post=1645"}],"version-history":[{"count":13,"href":"https:\/\/pages.pedf.cuni.cz\/pedinfo\/wp-json\/wp\/v2\/pages\/1645\/revisions"}],"predecessor-version":[{"id":2125,"href":"https:\/\/pages.pedf.cuni.cz\/pedinfo\/wp-json\/wp\/v2\/pages\/1645\/revisions\/2125"}],"wp:attachment":[{"href":"https:\/\/pages.pedf.cuni.cz\/pedinfo\/wp-json\/wp\/v2\/media?parent=1645"}],"curies":[{"name":"wp","href":"https:\/\/api.w.org\/{rel}","templated":true}]}}