{"id":1679,"date":"2025-05-10T08:12:38","date_gmt":"2025-05-10T06:12:38","guid":{"rendered":"https:\/\/pages.pedf.cuni.cz\/pedinfo\/?page_id=1679"},"modified":"2026-04-11T13:10:06","modified_gmt":"2026-04-11T11:10:06","slug":"zaverecne-prace","status":"publish","type":"page","link":"https:\/\/pages.pedf.cuni.cz\/pedinfo\/zaverecne-prace\/","title":{"rendered":"Z\u00e1v\u011bre\u010dn\u00e9 pr\u00e1ce"},"content":{"rendered":"\n<p><strong><em>Souhrn\u00e9 informace o zad\u00e1v\u00e1n\u00ed, zpracov\u00e1n\u00ed a odevzd\u00e1n\u00ed z\u00e1v\u011bre\u010dn\u00fdch prac\u00ed obsahuje <a href=\"https:\/\/wwwmod.pedf.cuni.cz\/udeska\/files\/opatreni_dekana\/opad_28_2024_prace.pdf\">OPAD \u010d. 28\/2024<\/a> (opravdu d\u016fle\u017eit\u00e9 p\u0159e\u010d\u00edst).<\/em><\/strong> <em>Dal\u0161\u00ed informace jsou uvedeny na str\u00e1nk\u00e1ch jednotliv\u00fdch kateder. Kter\u00e9ho vedouc\u00edho si vybrat nebo jak prob\u00edh\u00e1 obhajoba ti pomohou spolu\u017e\u00e1ci ve <a href=\"https:\/\/www.facebook.com\/groups\/192463387560890\">Studentech<\/a>.<\/em> <em>N\u011bkter\u00e9 spolky takt\u00e9\u017e pravideln\u011b organizuj\u00ed workshopy k psan\u00ed z\u00e1v\u011bre\u010dn\u00fdch prac\u00ed<\/em>. <em>U\u017eite\u010dn\u00e9 n\u00e1vody nejen pro odevzd\u00e1n\u00ed pr\u00e1ce nalezne\u0161 na str\u00e1nk\u00e1ch <a href=\"https:\/\/helpdesksis.pedf.cuni.cz\/mod\/wiki\/view.php?pageid=24\">Helpdesk SIS<\/a> nebo <a href=\"https:\/\/cuni.cz\/UK-9449.html\">Univerzity Karlovy<\/a><\/em>.<\/p>\n\n\n\n<h3 class=\"wp-block-heading\">Charakter z\u00e1v\u011bre\u010dn\u00e9 pr\u00e1ce<\/h3>\n\n\n\n<p>Jedna z d\u00edl\u010d\u00edch \u010d\u00e1st\u00ed SZ je zpracov\u00e1n\u00ed a obh\u00e1jen\u00ed <strong>z\u00e1v\u011bre\u010dn\u00e9 pr\u00e1ce<\/strong>. V bakal\u00e1\u0159sk\u00e9m studijn\u00edm programu zpracov\u00e1v\u00e1 student <strong>bakal\u00e1\u0159skou<\/strong> pr\u00e1ci, v magistersk\u00e9m a navazuj\u00edc\u00edm magistersk\u00e9m <strong>magisterskou<\/strong> pr\u00e1ci a v doktorsk\u00e9m <strong>rigor\u00f3zn\u00ed<\/strong> pr\u00e1ci. M\u00edsto <strong>akademick\u00e9<\/strong> bakal\u00e1\u0159sk\u00e9 pr\u00e1ce lze d\u00edky zm\u00edn\u011bm\u00e9mu OPADu zpracovat tzv. <strong>portfolio<\/strong>. Podoby portfoli\u00ed jsou vyps\u00e1ny v \u010dl. 3 OPADu. Pokud se pro tuto formu pr\u00e1ce rozhodne\u0161, <strong>mus\u00ed\u0161<\/strong> tuto skute\u010dnost<strong> uv\u00e9st<\/strong> do kolonky <em>&#8222;Z\u00e1sady pro vypracov\u00e1n\u00ed&#8220;<\/em> p\u0159i zad\u00e1v\u00e1n\u00ed pr\u00e1ce do SIS. R\u00e1mcovou podobu portfoli\u00ed ur\u010duje garant studijn\u00edho programu, konkr\u00e9tn\u00ed pak studuj\u00edc\u00ed ve spolupr\u00e1ci s vedouc\u00edm pr\u00e1ce. Ne ka\u017ed\u00fd typ portfolia se p\u0159itom m\u016f\u017ee uplatnit v ka\u017ed\u00e9m studijn\u00edm programu.<\/p>\n\n\n\n<h3 class=\"wp-block-heading\">T\u00e9ma a vedouc\u00ed pr\u00e1ce<\/h3>\n\n\n\n<p>Pro zpracov\u00e1n\u00ed z\u00e1v\u011bre\u010dn\u00e9 pr\u00e1ce pot\u0159ebuje\u0161 dv\u011b v\u011bci &#8211; <strong>t\u00e9ma<\/strong> a <strong>vedouc\u00edho pr\u00e1ce<\/strong>. Co nejd\u0159\u00edve (ide\u00e1ln\u011b b\u011bhem 2. ro\u010dn\u00edku Bc. studia a 1. ro\u010dn\u00edku NMgr. studia) si promysli t\u00e9ma pr\u00e1ce a oslov potenci\u00e1ln\u00edho vedouc\u00edho.<\/p>\n\n\n\n<p><strong>T\u00e9mata prac\u00ed <\/strong>jsou vypisov\u00e1na v SIS (modul <em>T\u00e9mata prac\u00ed (V\u00fdb\u011br pr\u00e1ce)<\/em>) nebo na str\u00e1nk\u00e1ch\/n\u00e1st\u011bnk\u00e1ch jednotliv\u00fdch kateder u dan\u00fdch vyu\u010duj\u00edc\u00edch. M\u016f\u017ee\u0161 zvolit p\u0159\u00edmo t\u00e9ma nab\u00edzen\u00e9, upravit si jej, \u010di p\u0159ij\u00edt s t\u00e9matem <strong>vlastn\u00edm<\/strong>. V p\u0159\u00edpad\u011b vlastn\u00edho t\u00e9matu je \u017e\u00e1douc\u00ed oslovit takov\u00e9ho vedouc\u00edho, kter\u00fd se tomuto t\u00e9matu profesn\u011b v\u011bnuje nebo m\u00e1 k n\u011bmu n\u011bjak\u00fdm zp\u016fsobem bl\u00edzko. T\u00e9ma pr\u00e1ce si vol z nab\u00eddky nebo vlastn\u00ed takov\u00e9, kter\u00e9mu alespo\u0148 trochu rozum\u00ed\u0161 a jeho zpracov\u00e1n\u00ed t\u011b bude alespo\u0148 \u010d\u00e1ste\u010dn\u011b bavit, aby ti \u0161la pr\u00e1ce co nejv\u00edc od ruky.<\/p>\n\n\n\n<p><strong>Vedouc\u00ed pr\u00e1ce<\/strong> (jinak t\u00e9\u017e \u0161kolitel), je \u010dlov\u011bk, kter\u00fd zpracov\u00e1n\u00ed z\u00e1v\u011bre\u010dn\u00e9 pr\u00e1ce povede, bude na n\u011bj dohl\u00ed\u017eet a orientuje se v dan\u00e9 oblasti. Nej\u010dast\u011bji se jedn\u00e1 o tv\u00e9ho vyu\u010duj\u00edc\u00edho, ale pr\u00e1ci ti m\u016f\u017ee v\u00e9st i katedern\u00ed doktorand nebo \u010dlov\u011bk mimo fakultu (se souhlasem vedouc\u00edho katedry). Jak bylo pops\u00e1no v\u00fd\u0161e, zvolit si m\u016f\u017ee\u0161 z nab\u00edzen\u00fdch t\u00e9mat nebo p\u0159ij\u00edt s t\u00e9matem vlastn\u00edm. Potenci\u00e1ln\u00edho vedouc\u00edho m\u016f\u017ee\u0161 kontaktovat s prosbou o veden\u00ed pr\u00e1ce skrze univerzitn\u00ed e-mail nebo jej oslovit osobn\u011b b\u011bhem konzulta\u010dn\u00edh hodin. V ide\u00e1ln\u00edm p\u0159\u00edpad\u011b tv\u00e9 \u017e\u00e1dosti vyhov\u00ed a za\u010dne f\u00e1ze zad\u00e1v\u00e1n\u00ed t\u00e9matu a vytv\u00e1\u0159en\u00ed pl\u00e1nu postupu. M\u016f\u017ee se ov\u0161em st\u00e1t, \u017ee vyu\u010duj\u00edc\u00ed bude nap\u0159. m\u00edt ji\u017e napln\u011bnou kapacitu prac\u00ed a t\u00edm p\u00e1dem t\u011b odm\u00edtne. Pokud se toto stane, mus\u00ed\u0161 hledat jin\u00e9ho vedouc\u00edho.<\/p>\n\n\n\n<h3 class=\"wp-block-heading\">Zad\u00e1n\u00ed pr\u00e1ce do SIS<\/h3>\n\n\n\n<p>Po dohod\u011b se \u0161kolitelem je mo\u017en\u00e9 p\u0159istoupit k&nbsp;<strong>zad\u00e1n\u00ed z\u00e1v\u011bre\u010dn\u00e9 pr\u00e1ce do SIS<\/strong> a&nbsp;jej\u00edmu samotn\u00e9mu zpracov\u00e1n\u00ed. Zad\u00e1n\u00ed pr\u00e1ce mus\u00ed obsahovat body uveden\u00e9 v \u010dl. 2 OPADu, tzn. n\u00e1zev t\u00e9matu pr\u00e1ce v \u010desk\u00e9m a anglick\u00e9m jazyce, jazyk pr\u00e1ce, jm\u00e9no vedouc\u00edho pr\u00e1ce, datum a akademick\u00fd rok zad\u00e1n\u00ed, typ pr\u00e1ce, z\u00e1sady pro vypracov\u00e1n\u00ed, doporu\u010den\u00fd seznam literatury. D\u00e1le se uv\u00e1d\u011bj\u00ed i kl\u00ed\u010dov\u00e1 slova v obou jazyc\u00edch a p\u0159edb\u011b\u017en\u00e1 n\u00e1pl\u0148 pr\u00e1ce. Tyto \u00fadaje zad\u00e1v\u00e1 do SIS vedouc\u00ed pr\u00e1ce ve spolupr\u00e1ci se studentem. Zad\u00e1n\u00ed je platn\u00e9 a\u017e pot\u00e9, co zadan\u00e9 zad\u00e1n\u00ed \u0161kolitelem schv\u00e1l\u00ed garant p\u0159\u00edslu\u0161n\u00e9ho studijn\u00edho programu a potvrd\u00ed studijn\u00ed odd\u011blen\u00ed. Na <strong>n\u011bkter\u00fdch<\/strong> katedr\u00e1ch st\u00e1le plat\u00ed, \u017ee zad\u00e1n\u00ed se 2\u00d7 vytiskne, podep\u00ed\u0161e\u0161 jej ty a vedouc\u00ed katedry a jednu kopii si ponech\u00e1v\u00e1\u0161. <strong>Formul\u00e1\u0159 zad\u00e1n\u00ed<\/strong> n\u011bkter\u00e9 katedry maj\u00ed, n\u011bkter\u00e9 ne, pro inspiraci m\u016f\u017ee\u0161 kouknout na <a href=\"https:\/\/it.pedf.cuni.cz\/studenti\/zav_prace\/?fbclid=IwY2xjawOeywJleHRuA2FlbQIxMABicmlkETF4SFQ5OWpvRmNhRHVFd3ZXc3J0YwZhcHBfaWQQMjIyMDM5MTc4ODIwMDg5MgABHuadLjmnLrlErKWgW9dftD5ipviw0r7oL2ngfbH6PpqT6hFdWZrrm4f90LTx_aem_vBiwfKo3bijOfbf1sLi9Aw\">formul\u00e1\u0159 katedry informatiky<\/a>.<\/p>\n\n\n\n<p>Jak ji\u017e bylo zm\u00edn\u011bno, podoba z\u00e1v\u011bre\u010dn\u00fdch prac\u00ed se v&nbsp;sou\u010dasnosti \u0159\u00edd\u00ed <a href=\"https:\/\/wwwmod.pedf.cuni.cz\/udeska\/files\/opatreni_dekana\/opad_28_2024_prace.pdf\">OPADem \u010d. 28\/2024<\/a>. To <strong>nestanovuje konkr\u00e9tn\u00ed term\u00edn<\/strong>, do kter\u00e9ho mus\u00ed zad\u00e1n\u00ed pr\u00e1ce b\u00fdt v&nbsp;SIS zaneseno, ale doporu\u010duje se ji m\u00edt zadanou nejpozd\u011bji <strong>3 m\u011bs\u00edce<\/strong> p\u0159ed pl\u00e1novan\u00fdm odevzd\u00e1n\u00edm.<\/p>\n\n\n\n<p>Pr\u00e1ce je <strong>definitivn\u011b <\/strong>zadan\u00e1 a\u017e po schv\u00e1len\u00ed garantem studijn\u00edho programu (zkontroluj si v SIS v modulu <em>St\u00e1tn\u00ed z\u00e1v\u011bre\u010dn\u00e9 zkou\u0161ky<\/em>).<\/p>\n\n\n\n<h3 class=\"wp-block-heading\">Postup vypracov\u00e1n\u00ed a n\u00e1le\u017eitosti z\u00e1v\u011bre\u010dn\u00e9 pr\u00e1ce<\/h3>\n\n\n\n<p>Samotn\u00e9 zpracov\u00e1n\u00ed pr\u00e1ce se \u0159\u00edd\u00ed podle domluvy s vedouc\u00edm. Je z\u00e1sadn\u00ed postup s vedouc\u00edm <strong>pravideln\u011b konzultovat<\/strong>, aby pr\u00e1ce kontrolovan\u011b sm\u011b\u0159ovala ke zd\u00e1rn\u00e9mu konci. <strong>Minim\u00e1ln\u00ed <\/strong>rozsah pr\u00e1ce, kter\u00fd je nutn\u00e9 splnit, je uveden v \u010dl. 6 OPADu. Po\u010det znak\u016f se rovn\u00e1 po\u010dtu \u00fahoz\u016f (tj. po\u010d\u00edtaj\u00ed se i mezery). Do rozsahu pr\u00e1ce se po\u010d\u00edt\u00e1 <strong>pouze vlastn\u00ed text od \u00favodu po z\u00e1v\u011br v\u010detn\u011b pozn\u00e1mek pod \u010darou<\/strong> (\u010dl. 6 odst. 1 OPADu). Dal\u0161\u00ed velmi d\u016fle\u017eitou \u010d\u00e1st\u00ed je \u010dl. 7 OPADu, kter\u00fd upravuje <strong>n\u00e1le\u017eitosti a \u010dlen\u011bn\u00ed z\u00e1v\u011bre\u010dn\u00e9 pr\u00e1ce<\/strong>. Tyto n\u00e1le\u017eitosti je nutn\u00e9 dodr\u017eet! K dodr\u017een\u00ed n\u00e1le\u017eitost\u00ed se rozhodn\u011b doporu\u010duje vyu\u017e\u00edt <strong><a href=\"https:\/\/pedf.cuni.cz\/PEDF-218.html\">\u0161ablony z\u00e1v\u011bre\u010dn\u00fdch prac\u00ed<\/a><\/strong>, kter\u00e9 maj\u00ed po\u017eadovan\u00e9 odd\u00edly s vysv\u011btlivkami a form\u00e1tov\u00e1n\u00ed textu ji\u017e p\u0159eddefinovan\u00e9.<\/p>\n\n\n\n<h3 class=\"wp-block-heading\">Zm\u011bna t\u00e9matu a vedouc\u00edho pr\u00e1ce<\/h3>\n\n\n\n<p>V od\u016fvodn\u011bn\u00fdch p\u0159\u00edpadech lze <strong>zm\u011bnit t\u00e9ma<\/strong> z\u00e1v\u011bre\u010dn\u00e9 pr\u00e1ce (\u010dl. 4) a vedouc\u00edho pr\u00e1ce. Lze tak u\u010dinit pod\u00e1n\u00edm <a href=\"https:\/\/pedf.cuni.cz\/PEDF-241-version1-zadost_obecna.pdf\">obecn\u00e9 \u017e\u00e1dosti <\/a>na podatelnu. D\u016fle\u017eit\u00e9 je \u017e\u00e1dost <strong>relevantn\u011b od\u016fvodnit<\/strong> a m\u00edt <strong>p\u0159eddomluvu<\/strong> se st\u00e1vaj\u00edc\u00edm vedouc\u00edm nebo nov\u00fdm, u kter\u00e9ho bude\u0161 nov\u00e9 t\u00e9ma ps\u00e1t. \u017d\u00e1dost pak vy\u0159izuje tv\u00e1 studijn\u00ed referentka, se kterou je <strong>vhodn\u00e9 ve\u0161ker\u00fd postup konzultovat<\/strong> <strong>a koordinovat<\/strong>. <\/p>\n\n\n\n<h3 class=\"wp-block-heading\">Zpracov\u00e1n\u00ed pr\u00e1ce v oboru minor<\/h3>\n\n\n\n<p>Obdobn\u011b lze \u017e\u00e1dat i o <strong><a href=\"https:\/\/wwwmod.pedf.cuni.cz\/udeska\/files\/opatreni_dekana\/opad_c._22022_podrobnosti_pro_vypisovani_zaverecnych_praci_ve_sdruzenem_studiu_pro_studenty.pdf\">zpracov\u00e1n\u00ed pr\u00e1ce v oboru minor<\/a><\/strong>. Sta\u010d\u00ed, kdy\u017e si pod\u00e1\u0161 <a href=\"https:\/\/wwwmod.pedf.cuni.cz\/udeska\/files\/opatreni_dekana\/opad_c._22022_podrobnosti_pro_vypisovani_zaverecnych_praci_ve_sdruzenem_studiu_pro_studenty.pdf\">p\u00edsemnou \u017e\u00e1dost<\/a>. K \u017e\u00e1dosti se vyjad\u0159uj\u00ed garanti obou studijn\u00edch program\u016f a rozhoduje o n\u00ed d\u011bkan. Tento krok si po\u0159\u00e1dn\u011b promysli, m\u011bj jasnou p\u0159edstavu o nov\u00e9m t\u00e9matu a p\u0159edb\u011b\u017en\u00fd souhlas potenci\u00e1ln\u00edho vedouc\u00edho pr\u00e1ce. Takt\u00e9\u017e po\u017e\u00e1dej o uzn\u00e1n\u00ed\/zaps\u00e1n\u00ed p\u0159edm\u011bt\u016f k z\u00e1v\u011bre\u010dn\u00e9 pr\u00e1ci na druh\u00e9m oboru. Prim\u00e1rn\u011b by \u010dlov\u011bk m\u011bl ps\u00e1t pr\u00e1ci ve sv\u00e9m studovan\u00e9m oboru\/oborech, ale existuje mo\u017enost ji ps\u00e1t i na <strong>jin\u00e9m oboru<\/strong>. Informuj se u sv\u00e9 studijn\u00ed referentky a na p\u0159\u00edslu\u0161n\u00e9 kated\u0159e.<\/p>\n\n\n\n<h3 class=\"wp-block-heading\">Vyu\u017eit\u00ed AI p\u0159i psan\u00ed pr\u00e1ce<\/h3>\n\n\n\n<p>P\u0159i psan\u00ed pr\u00e1ce je za ur\u010dit\u00fdch podm\u00ednek povoleno vyu\u017e\u00edvat n\u00e1stroj\u016f <strong>um\u011bl\u00e9 inteligence<\/strong> (\u010dl. 9). Jedn\u00e1 se nap\u0159\u00edklad o re\u0161er\u0161i zdroj\u016f, opravu pravopisu nebo \u00fapravu stylistiky. Pokud byla AI k t\u011bmto \u00fa\u010del\u016fm pou\u017eita, je pot\u0159eba vyu\u017eit\u00ed v textu pr\u00e1ce <strong>p\u0159iznat<\/strong>. Naopak <strong>nep\u0159\u00edpustn\u00e9 je vyu\u017e\u00edvat AI ke generov\u00e1n\u00ed vlastn\u00edho textu<\/strong>, aby byla zachov\u00e1na originalita a integrita vlastn\u00ed tvorby studenta. V takov\u00e9m p\u0159\u00edpad\u011b by se jednalo o plagi\u00e1t a hrozil by ti postih.<\/p>\n\n\n\n<h3 class=\"wp-block-heading\">P\u0159edm\u011bty vztahuj\u00edc\u00ed se k z\u00e1v\u011bre\u010dn\u00e9 pr\u00e1ci<\/h3>\n\n\n\n<p>P\u0159istoupen\u00ed k obhajob\u011b z\u00e1v\u011bre\u010dn\u00e9 pr\u00e1ce je podm\u00edn\u011bn\u00e9 <strong>spln\u011bn\u00edm p\u0159edm\u011bt\u016f v\u00e1\u017e\u00edc\u00edch se k z\u00e1v\u011bre\u010dn\u00e9 pr\u00e1ci<\/strong> (nap\u0159. u Bc. studia to jsou <em>Semin\u00e1\u0159 k p\u0159\u00edprav\u011b bakal\u00e1\u0159sk\u00e9 pr\u00e1ce <\/em> a <em>P\u0159\u00edprava a odevzd\u00e1n\u00ed bakal\u00e1\u0159sk\u00e9 pr\u00e1ce<\/em>). <strong>P\u0159edm\u011bt <em>P\u0159\u00edprava a odevzd\u00e1n\u00ed <\/em><\/strong>si zapisuje\u0161 pouze <strong>jednou <\/strong>b\u011bhem studia a je mo\u017en\u00e9 jej plnit i v n\u00e1sleduj\u00edc\u00edch letech. Pokud se ti nepoda\u0159\u00ed p\u0159edm\u011bt v semestru, ve kter\u00e9m sis p\u0159edm\u011bt zapsal\/a, splnit, <strong>automaticky<\/strong> se ti <strong>zap\u00ed\u0161e znovu do dal\u0161\u00edho semestru<\/strong> (v SIS se ti u n\u011bj jen objev\u00ed hv\u011bzdi\u010dka). P\u0159edm\u011bt ti jako spln\u011bn\u00fd zap\u00ed\u0161e do SIS tv\u016fj vedouc\u00ed pr\u00e1ce, jakmile pr\u00e1ci v SIS odevzd\u00e1\u0161. Jestli\u017ee u\u017e jsi splnil\/a p\u0159edm\u011bt <em>Semin\u00e1\u0159 k p\u0159\u00edprav\u011b<\/em> na oboru major a teprve pot\u00e9 se rozhodne\u0161 ps\u00e1t na oboru minor, je nutn\u00e9 si jej nechat uznat, p\u0159\u00edpadn\u011b zapsat ekvivalent na oboru minor po schv\u00e1len\u00ed \u017e\u00e1dosti zpracov\u00e1vat pr\u00e1ci v oboru minor (pozn. p\u0159i zm\u011bn\u011b psan\u00ed na oboru minor se m\u016f\u017ee st\u00e1t, \u017ee SIS ud\u011bl\u00e1 chybu a nenab\u00eddne ti k z\u00e1pisu p\u0159edm\u011bt na minoru &#8211; v takov\u00e9m p\u0159\u00edpad\u011b kontaktuj spr\u00e1vce SIS pana Svobodu ze Studijn\u00edho).<\/p>\n\n\n\n<h3 class=\"wp-block-heading\">Kontrola plagi\u00e1torstv\u00ed<\/h3>\n\n\n\n<p>P\u0159ed odevzd\u00e1n\u00edm si m\u016f\u017ee\u0161 zkontrolovat svou pr\u00e1ci syst\u00e9mem <strong>Turnitin<\/strong> podle tohoto <a href=\"https:\/\/helpdesksis.pedf.cuni.cz\/mod\/wiki\/view.php?pageid=222\">n\u00e1vodu<\/a> nebo tohoto <a href=\"https:\/\/elearning.cuni.cz\/wp-content\/uploads\/Navod_kontrola-Turnitin-SIS.pdf?fbclid=IwY2xjawRDMC1leHRuA2FlbQIxMABicmlkETFKOWdYMG1tRWhyRUdxdFhRc3J0YwZhcHBfaWQQMjIyMDM5MTc4ODIwMDg5MgABHu96EdshuBYxXFOm0viqxP_SlfGReN3S2DK4WJjl2DWrBY73swgEraXFlEdN_aem_fvLNqGp0b7kCET5UCAz9eA\">n\u00e1vodu<\/a>.<\/p>\n\n\n\n<h3 class=\"wp-block-heading\">Odevzd\u00e1n\u00ed pr\u00e1ce v SIS a ve fyzick\u00fdch kopi\u00edch<\/h3>\n\n\n\n<p>D\u00e1le je podm\u00edn\u011bna jej\u00edm <strong>odevzd\u00e1n\u00edm<\/strong> (tj. vlo\u017een\u00edm elektronick\u00e9 verze do SIS podle <a href=\"https:\/\/helpdesksis.pedf.cuni.cz\/mod\/wiki\/view.php?pageid=26\">n\u00e1vodu<\/a>) do term\u00ednu ur\u010den\u00e9ho harmonogramem a <b>zaps\u00e1n\u00edm p\u0159edm\u011btu <\/b><em><b>Obhajoba bakal\u00e1\u0159sk\u00e9<\/b><\/em><strong><em>\/diplomov\u00e9 pr\u00e1ce <\/em><\/strong>a <b>p\u0159ihl\u00e1\u0161en\u00edm se k term\u00ednu obhajoby<\/b> v SIS. P\u0159i odevzd\u00e1n\u00ed si <strong>dej pozor<\/strong>, abys vkl\u00e1dal\/a <strong>fin\u00e1ln\u00ed verze dokument\u016f<\/strong> a pr\u00e1ci odevzdal\/a ve form\u00e1tu <strong>PDF\/A<\/strong> (v\u00edce viz \u010dl. 10 OPADu). S exportem do PDF\/A ti pom\u016f\u017ee tento <a href=\"https:\/\/helpdesksis.pedf.cuni.cz\/mod\/wiki\/view.php?pageid=89\">n\u00e1vod<\/a>. N\u011bkter\u00e9 katedry takt\u00e9\u017e po\u017eaduj\u00ed odevzd\u00e1n\u00ed dvou fyzick\u00fdch v\u00fdtisk\u016f (nej\u010dast\u011bji sta\u010d\u00ed v krou\u017ekov\u00e9 vazb\u011b, kterou ti zhotov\u00ed ve Studovn\u011b) na sekretari\u00e1t katedry nebo p\u0159es podatelnu (jeden v\u00fdtisk pro vedouc\u00edho, jeden pro oponenta). P\u0159ed odevzd\u00e1n\u00edm pr\u00e1ce si ji m\u016f\u017ee\u0161 v SIS nechat <strong>zkontrolovat syst\u00e9mem Turnitin a\u017e 5x<\/strong> &#8211; mrkni na tento <a href=\"https:\/\/elearning.cuni.cz\/wp-content\/uploads\/Navod_kontrola-Turnitin-SIS.pdf?fbclid=IwY2xjawRHCt1leHRuA2FlbQIxMABicmlkETFVdm1zcXVRMTdWZXhpUE5Sc3J0YwZhcHBfaWQQMjIyMDM5MTc4ODIwMDg5MgABHup6BM-voejILe6xjjgBUyMYJbh4ZAESQ64JsbaReN_bPH869AXzSXP1M_3Q_aem_biPefCEL9CS1uLnZEXHwsw\">n\u00e1vod<\/a>. Po elektronick\u00e9m odevzd\u00e1n\u00ed prob\u011bhnou <strong>automaticky kontroly pr\u00e1ce na plagi\u00e1torstv\u00ed<\/strong>. P\u0159\u00edpadn\u00e9 shody s jin\u00fdmi dokumenty se posuzuj\u00ed individu\u00e1ln\u011b. Pokud je v\u0161e \u0159\u00e1dn\u011b citov\u00e1no a neops\u00e1no, je nalezen\u00e1 podobnost s jin\u00fdmi dokumenty v po\u0159\u00e1dku. V p\u0159\u00edpad\u011b prok\u00e1z\u00e1n\u00ed plagi\u00e1torstv\u00ed ti hroz\u00ed disciplin\u00e1rn\u00ed postih.<\/p>\n\n\n\n<h3 class=\"wp-block-heading\">Obhajoba pr\u00e1ce<\/h3>\n\n\n\n<p>Na ka\u017edou z\u00e1v\u011bre\u010dnou pr\u00e1ci jsou vypracov\u00e1ny dva <strong>posudky<\/strong> \u2013 vedouc\u00edm pr\u00e1ce a oponentem. Oba posudky ti mus\u00ed p\u0159ij\u00edt nejpozd\u011bji <strong>5 pracovn\u00edch<\/strong> dn\u00ed p\u0159ed obhajobou. V posudc\u00edch je tv\u00e1 pr\u00e1ce zhodnocena slovn\u011b a za\u0161krtnut\u00edm pol\u00ed\u010dek jednotliv\u00fdch krit\u00e9ri\u00ed, jsou navr\u017eeny ot\u00e1zky k obhajob\u011b a navr\u017eena zn\u00e1mka. Term\u00edn obhajoby a slo\u017een\u00ed komise ti p\u0159ijde do emailov\u00e9 schr\u00e1nky v dostate\u010dn\u00e9m \u010dasov\u00e9m p\u0159edstihu. Samotn\u00e1 obhajoba zahrnuje kr\u00e1tkou prezentaci pr\u00e1ce p\u0159ed komis\u00ed, zodpov\u011bzen\u00ed ot\u00e1zek v posudku vedouc\u00edho pr\u00e1ce a oponenta, reakci na jejich p\u0159ipom\u00ednky a n\u00e1slednou diskuzi. K obhajob\u011b je vhodn\u00e9 p\u0159ij\u00edt ve <strong>form\u00e1ln\u00edm oble\u010den\u00ed<\/strong> a vyjad\u0159ovat se <strong>kultivovan\u011b<\/strong>. Po rozprav\u011b nad prac\u00ed zasedne komise bez p\u0159\u00edtomnosti studenta a hlasuje o fin\u00e1ln\u00ed zn\u00e1mce. N\u00e1sledn\u011b je student pozv\u00e1n op\u011bt do m\u00edstnosti a zn\u00e1mka je mu sd\u011blena. O obhajob\u011b je p\u0159edsedou komise vytvo\u0159it Protokol o obhajob\u011b, kter\u00fd je v n\u00e1sleduj\u00edc\u00edch dnech spolu s textem pr\u00e1ce a posudky zv\u011b\u0159ejn\u011bn v <a href=\"https:\/\/dspace.cuni.cz\/handle\/20.500.11956\/1904\">Digit\u00e1ln\u00edm repozit\u00e1\u0159i UK<\/a>. Komise m\u016f\u017ee b\u011bhem obhajoby navrhnout pr\u00e1ci na fakultn\u00ed cenu <strong>AGON<\/strong> (v\u00edce informac\u00ed nalezne\u0161 na str\u00e1nce <a href=\"https:\/\/pages.pedf.cuni.cz\/pedinfo\/stipendia\/\">Stipendia<\/a>)<\/p>\n","protected":false},"excerpt":{"rendered":"<p>Souhrn\u00e9 informace o zad\u00e1v\u00e1n\u00ed, zpracov\u00e1n\u00ed a odevzd\u00e1n\u00ed z\u00e1v\u011bre\u010dn\u00fdch prac\u00ed obsahuje OPAD \u010d. 28\/2024 (opravdu d\u016fle\u017eit\u00e9 p\u0159e\u010d\u00edst). Dal\u0161\u00ed informace jsou uvedeny na str\u00e1nk\u00e1ch jednotliv\u00fdch kateder. Kter\u00e9ho vedouc\u00edho si vybrat nebo jak prob\u00edh\u00e1 obhajoba ti pomohou spolu\u017e\u00e1ci ve Studentech. N\u011bkter\u00e9 spolky takt\u00e9\u017e pravideln\u011b organizuj\u00ed workshopy k psan\u00ed z\u00e1v\u011bre\u010dn\u00fdch prac\u00ed. U\u017eite\u010dn\u00e9 n\u00e1vody nejen pro odevzd\u00e1n\u00ed pr\u00e1ce nalezne\u0161 na &hellip; <a href=\"https:\/\/pages.pedf.cuni.cz\/pedinfo\/zaverecne-prace\/\" class=\"more-link\">Pokra\u010dov\u00e1n\u00ed textu <span class=\"screen-reader-text\">Z\u00e1v\u011bre\u010dn\u00e9 pr\u00e1ce<\/span><\/a><\/p>\n","protected":false},"author":676,"featured_media":0,"parent":0,"menu_order":0,"comment_status":"closed","ping_status":"closed","template":"","meta":{"footnotes":""},"class_list":["post-1679","page","type-page","status-publish","hentry"],"_links":{"self":[{"href":"https:\/\/pages.pedf.cuni.cz\/pedinfo\/wp-json\/wp\/v2\/pages\/1679","targetHints":{"allow":["GET"]}}],"collection":[{"href":"https:\/\/pages.pedf.cuni.cz\/pedinfo\/wp-json\/wp\/v2\/pages"}],"about":[{"href":"https:\/\/pages.pedf.cuni.cz\/pedinfo\/wp-json\/wp\/v2\/types\/page"}],"author":[{"embeddable":true,"href":"https:\/\/pages.pedf.cuni.cz\/pedinfo\/wp-json\/wp\/v2\/users\/676"}],"replies":[{"embeddable":true,"href":"https:\/\/pages.pedf.cuni.cz\/pedinfo\/wp-json\/wp\/v2\/comments?post=1679"}],"version-history":[{"count":7,"href":"https:\/\/pages.pedf.cuni.cz\/pedinfo\/wp-json\/wp\/v2\/pages\/1679\/revisions"}],"predecessor-version":[{"id":2192,"href":"https:\/\/pages.pedf.cuni.cz\/pedinfo\/wp-json\/wp\/v2\/pages\/1679\/revisions\/2192"}],"wp:attachment":[{"href":"https:\/\/pages.pedf.cuni.cz\/pedinfo\/wp-json\/wp\/v2\/media?parent=1679"}],"curies":[{"name":"wp","href":"https:\/\/api.w.org\/{rel}","templated":true}]}}