{"id":1882,"date":"2025-06-27T20:28:18","date_gmt":"2025-06-27T18:28:18","guid":{"rendered":"https:\/\/pages.pedf.cuni.cz\/pedinfo\/?page_id=1882"},"modified":"2026-04-04T16:27:05","modified_gmt":"2026-04-04T14:27:05","slug":"prijeti-ke-studiu","status":"publish","type":"page","link":"https:\/\/pages.pedf.cuni.cz\/pedinfo\/prijeti-ke-studiu\/","title":{"rendered":"P\u0159ijet\u00ed ke studiu"},"content":{"rendered":"\n<p>Zda jsi byl\/a p\u0159ijat\/a ke studiu se dozv\u00ed\u0161 ve sv\u00e9 <a href=\"https:\/\/is.cuni.cz\/studium\/prijimacky\/index.php\">elektronick\u00e9 p\u0159ihl\u00e1\u0161ce<\/a> n\u00e1sledovn\u011b:<\/p>\n\n\n\n<ol class=\"wp-block-list\">\n<li>P\u0159ihl\u00e1s\u00ed\u0161 se do elektronick\u00e9 p\u0159ihl\u00e1\u0161ky<\/li>\n\n\n\n<li>Vybere\u0161 si konkr\u00e9tn\u00ed p\u0159ihl\u00e1\u0161ku v z\u00e1lo\u017ece <em>Moje p\u0159ihl\u00e1\u0161ky<\/em><\/li>\n\n\n\n<li>Klikne\u0161 na symbol <em>+<\/em> <strong><mark style=\"background-color:#fff\" class=\"has-inline-color has-medium-pink-color\">(A)<\/mark><\/strong> nebo na tla\u010d\u00edtko <em>Pr\u016fb\u011bh P\u0158<\/em> <strong><mark style=\"background-color:#fff\" class=\"has-inline-color has-medium-pink-color\">(B)<\/mark><\/strong><\/li>\n\n\n\n<li>V\u00fdsledek uvid\u00ed\u0161 v kolonce <em>Souhrn p\u0159ij\u00edmac\u00edho \u0159\u00edzen\u00ed<\/em> <strong><mark style=\"background-color:#fff\" class=\"has-inline-color has-medium-pink-color\">(C)<\/mark> <\/strong>nebo <em>Celkov\u00fd v\u00fdsledek<\/em> <strong><mark style=\"background-color:#fff\" class=\"has-inline-color has-medium-pink-color\">(D)<\/mark><\/strong>. Tam se Ti objev\u00ed texty <strong>&#8222;Podm\u00edne\u010dn\u00e9 p\u0159ijet\u00ed&#8220; <\/strong>a <strong>&#8222;Splnila\/a bodovou hranici nutnou pro p\u0159ijet\u00ed&#8220;<\/strong><\/li>\n<\/ol>\n\n\n\n<figure class=\"wp-block-image size-large is-resized\"><img loading=\"lazy\" decoding=\"async\" width=\"807\" height=\"1024\" src=\"https:\/\/pages.pedf.cuni.cz\/pedinfo\/files\/2025\/07\/Prijeti-je-studiu-807x1024.png\" alt=\"\" class=\"wp-image-1989\" style=\"width:530px;height:auto\" srcset=\"https:\/\/pages.pedf.cuni.cz\/pedinfo\/files\/2025\/07\/Prijeti-je-studiu-807x1024.png 807w, https:\/\/pages.pedf.cuni.cz\/pedinfo\/files\/2025\/07\/Prijeti-je-studiu-236x300.png 236w, https:\/\/pages.pedf.cuni.cz\/pedinfo\/files\/2025\/07\/Prijeti-je-studiu-118x150.png 118w, https:\/\/pages.pedf.cuni.cz\/pedinfo\/files\/2025\/07\/Prijeti-je-studiu.png 1067w\" sizes=\"auto, (max-width: 807px) 100vw, 807px\" \/><\/figure>\n\n\n\n<figure class=\"wp-block-image size-large is-resized\"><img loading=\"lazy\" decoding=\"async\" width=\"1024\" height=\"936\" src=\"https:\/\/pages.pedf.cuni.cz\/pedinfo\/files\/2025\/06\/e_zapis_nedolozil2-1024x936.jpg\" alt=\"\" class=\"wp-image-1955\" style=\"width:533px;height:auto\" srcset=\"https:\/\/pages.pedf.cuni.cz\/pedinfo\/files\/2025\/06\/e_zapis_nedolozil2-1024x936.jpg 1024w, https:\/\/pages.pedf.cuni.cz\/pedinfo\/files\/2025\/06\/e_zapis_nedolozil2-300x274.jpg 300w, https:\/\/pages.pedf.cuni.cz\/pedinfo\/files\/2025\/06\/e_zapis_nedolozil2-150x137.jpg 150w, https:\/\/pages.pedf.cuni.cz\/pedinfo\/files\/2025\/06\/e_zapis_nedolozil2.jpg 1075w\" sizes=\"auto, (max-width: 1024px) 100vw, 1024px\" \/><\/figure>\n\n\n\n<figure class=\"wp-block-image size-large is-resized\"><img loading=\"lazy\" decoding=\"async\" width=\"657\" height=\"1024\" src=\"https:\/\/pages.pedf.cuni.cz\/pedinfo\/files\/2025\/06\/e_zapis_nedolozil3-657x1024.jpg\" alt=\"\" class=\"wp-image-1957\" style=\"width:405px;height:auto\" srcset=\"https:\/\/pages.pedf.cuni.cz\/pedinfo\/files\/2025\/06\/e_zapis_nedolozil3-657x1024.jpg 657w, https:\/\/pages.pedf.cuni.cz\/pedinfo\/files\/2025\/06\/e_zapis_nedolozil3-193x300.jpg 193w, https:\/\/pages.pedf.cuni.cz\/pedinfo\/files\/2025\/06\/e_zapis_nedolozil3-96x150.jpg 96w, https:\/\/pages.pedf.cuni.cz\/pedinfo\/files\/2025\/06\/e_zapis_nedolozil3-986x1536.jpg 986w, https:\/\/pages.pedf.cuni.cz\/pedinfo\/files\/2025\/06\/e_zapis_nedolozil3.jpg 1079w\" sizes=\"auto, (max-width: 657px) 100vw, 657px\" \/><\/figure>\n\n\n\n<p><strong><mark class=\"has-inline-color has-medium-pink-color\">\u2192 krok 2 &#8211; <a href=\"https:\/\/pages.pedf.cuni.cz\/pedinfo\/doklad-o-vzdelani\/\">Doklad o vzd\u011bl\u00e1n\u00ed<\/a><\/mark><\/strong><\/p>\n\n\n\n<p><\/p>\n","protected":false},"excerpt":{"rendered":"<p>Zda jsi byl\/a p\u0159ijat\/a ke studiu se dozv\u00ed\u0161 ve sv\u00e9 elektronick\u00e9 p\u0159ihl\u00e1\u0161ce n\u00e1sledovn\u011b: \u2192 krok 2 &#8211; Doklad o vzd\u011bl\u00e1n\u00ed<\/p>\n","protected":false},"author":676,"featured_media":0,"parent":0,"menu_order":0,"comment_status":"closed","ping_status":"closed","template":"","meta":{"footnotes":""},"class_list":["post-1882","page","type-page","status-publish","hentry"],"_links":{"self":[{"href":"https:\/\/pages.pedf.cuni.cz\/pedinfo\/wp-json\/wp\/v2\/pages\/1882","targetHints":{"allow":["GET"]}}],"collection":[{"href":"https:\/\/pages.pedf.cuni.cz\/pedinfo\/wp-json\/wp\/v2\/pages"}],"about":[{"href":"https:\/\/pages.pedf.cuni.cz\/pedinfo\/wp-json\/wp\/v2\/types\/page"}],"author":[{"embeddable":true,"href":"https:\/\/pages.pedf.cuni.cz\/pedinfo\/wp-json\/wp\/v2\/users\/676"}],"replies":[{"embeddable":true,"href":"https:\/\/pages.pedf.cuni.cz\/pedinfo\/wp-json\/wp\/v2\/comments?post=1882"}],"version-history":[{"count":8,"href":"https:\/\/pages.pedf.cuni.cz\/pedinfo\/wp-json\/wp\/v2\/pages\/1882\/revisions"}],"predecessor-version":[{"id":2163,"href":"https:\/\/pages.pedf.cuni.cz\/pedinfo\/wp-json\/wp\/v2\/pages\/1882\/revisions\/2163"}],"wp:attachment":[{"href":"https:\/\/pages.pedf.cuni.cz\/pedinfo\/wp-json\/wp\/v2\/media?parent=1882"}],"curies":[{"name":"wp","href":"https:\/\/api.w.org\/{rel}","templated":true}]}}