{"id":1916,"date":"2025-06-27T21:56:31","date_gmt":"2025-06-27T19:56:31","guid":{"rendered":"https:\/\/pages.pedf.cuni.cz\/pedinfo\/?page_id=1916"},"modified":"2026-04-01T13:44:30","modified_gmt":"2026-04-01T11:44:30","slug":"zapis-do-studia","status":"publish","type":"page","link":"https:\/\/pages.pedf.cuni.cz\/pedinfo\/zapis-do-studia\/","title":{"rendered":"Z\u00e1pis do studia"},"content":{"rendered":"\n<p>Z\u00e1pis do studia obsahuje tyto kroky:<\/p>\n\n\n\n<ol class=\"wp-block-list\">\n<li>Vygenerov\u00e1n\u00ed z\u00e1pisov\u00e9ho listu<\/li>\n\n\n\n<li>Pod\u00e1n\u00ed \u017e\u00e1dosti o distan\u010dn\u00ed z\u00e1pis a odevzd\u00e1n\u00ed z\u00e1pisov\u00e9ho listu<\/li>\n\n\n\n<li>Obdr\u017een\u00ed ozn\u00e1men\u00ed o z\u00e1pisu<\/li>\n\n\n\n<li>Zisk studentsk\u00e9ho p\u0159\u00edstupu do Studijn\u00edho informa\u010dn\u00edho syst\u00e9mu (SIS)<\/li>\n<\/ol>\n\n\n\n<h3 class=\"wp-block-heading\">Vygenerov\u00e1n\u00ed z\u00e1pisov\u00e9ho listu<\/h3>\n\n\n\n<ol class=\"wp-block-list\">\n<li>P\u0159ihl\u00e1s\u00ed\u0161 se do&nbsp;<a href=\"https:\/\/is.cuni.cz\/studium\/prijimacky\/index.php?KEY=Az1\">elektronick\u00e9 p\u0159ihl\u00e1\u0161ky<\/a><\/li>\n\n\n\n<li>Vybere\u0161 si konkr\u00e9tn\u00ed p\u0159ihl\u00e1\u0161ku v z\u00e1lo\u017ece&nbsp;<em>Moje p\u0159ihl\u00e1\u0161ky<\/em><\/li>\n\n\n\n<li>Klikne\u0161 na tla\u010d\u00edtko&nbsp;<em>Pr\u016fb\u011bh P\u0158<\/em><\/li>\n\n\n\n<li>V odd\u00edle <em>Z\u00e1pis do studia ur\u010den na term\u00edn <\/em>klikne\u0161 na modr\u00fd text <strong>&#8222;Vygenerovat z\u00e1pisov\u00fd list&#8220;<\/strong> <strong><mark style=\"background-color:#fff\" class=\"has-inline-color has-medium-pink-color\">(A)<\/mark><\/strong><\/li>\n\n\n\n<li>Z\u00e1pisov\u00fd list vytiskne\u0161<\/li>\n\n\n\n<li>Provede\u0161 kontrolu \u00fadaj\u016f (\u010d\u00edslo bankovn\u00edho \u00fa\u010dtu nevypl\u0148uj)<\/li>\n\n\n\n<li>Z\u00e1pisov\u00fd list <strong>podep\u00ed\u0161e\u0161 <\/strong>(bez podpisu je dokument neplatn\u00fd a z\u00e1pis by se proto neprovedl)<\/li>\n\n\n\n<li>Z\u00e1pisov\u00fd list naskenuje\u0161\/ofot\u00ed\u0161<\/li>\n\n\n\n<li>Sken ulo\u017e\u00ed\u0161 do form\u00e1tu PDF<\/li>\n<\/ol>\n\n\n\n<figure class=\"wp-block-image size-large is-resized\"><img loading=\"lazy\" decoding=\"async\" width=\"741\" height=\"1024\" src=\"https:\/\/pages.pedf.cuni.cz\/pedinfo\/files\/2025\/06\/Vygenerovat-zapisovy-list-741x1024.png\" alt=\"\" class=\"wp-image-1942\" style=\"width:362px;height:auto\" srcset=\"https:\/\/pages.pedf.cuni.cz\/pedinfo\/files\/2025\/06\/Vygenerovat-zapisovy-list-741x1024.png 741w, https:\/\/pages.pedf.cuni.cz\/pedinfo\/files\/2025\/06\/Vygenerovat-zapisovy-list-217x300.png 217w, https:\/\/pages.pedf.cuni.cz\/pedinfo\/files\/2025\/06\/Vygenerovat-zapisovy-list-109x150.png 109w, https:\/\/pages.pedf.cuni.cz\/pedinfo\/files\/2025\/06\/Vygenerovat-zapisovy-list.png 1034w\" sizes=\"auto, (max-width: 741px) 100vw, 741px\" \/><\/figure>\n\n\n\n<h3 class=\"wp-block-heading\">Pod\u00e1n\u00ed \u017e\u00e1dosti o distan\u010dn\u00ed z\u00e1pis a odevzd\u00e1n\u00ed z\u00e1pisov\u00e9ho listu<\/h3>\n\n\n\n<p>Tento krok lze u\u010dinit <strong>pouze <\/strong>v term\u00ednech stanov\u00fdch <a href=\"https:\/\/pedf.cuni.cz\/PEDF-223.html\">harmonogramem<\/a>!<\/p>\n\n\n\n<ol class=\"wp-block-list\">\n<li>Klikne\u0161 na tla\u010d\u00edtko&nbsp;<em>Pr\u016fb\u011bh P\u0158<\/em><\/li>\n\n\n\n<li>V horn\u00ed li\u0161t\u011b p\u0159ihl\u00e1\u0161ky klikne\u0161 na z\u00e1lo\u017eku <em>\u017d\u00e1dosti<\/em> <strong><mark style=\"background-color:#fff\" class=\"has-inline-color has-medium-pink-color\">(B)<\/mark><\/strong><\/li>\n\n\n\n<li>V odd\u00edle <em>Podan\u00e9 \u017e\u00e1dosti <\/em>klikne\u0161 na tla\u010d\u00edtko <em>Podat novou \u017e\u00e1dost<\/em><\/li>\n\n\n\n<li>Jako <em>Typ <\/em>\u017e\u00e1dosti zvol\u00ed\u0161 <strong>&#8222;\u017d\u00e1dost o distan\u010dn\u00ed formu z\u00e1pisu&#8220;<\/strong> <strong><mark style=\"background-color:#fff\" class=\"has-inline-color has-medium-pink-color\">(C)<\/mark><\/strong><\/li>\n\n\n\n<li>Do <em>P\u0159\u00edlohy <\/em>nahraje\u0161 podepsan\u00fd Z\u00e1pisov\u00fd list v PDF <strong><mark style=\"background-color:#fff\" class=\"has-inline-color has-medium-pink-color\">(D)<\/mark><\/strong><\/li>\n\n\n\n<li>Klikne\u0161 na tla\u010d\u00edtko <em>Odeslat \u017e\u00e1dost<\/em><\/li>\n<\/ol>\n\n\n\n<figure class=\"wp-block-image size-large is-resized\"><img loading=\"lazy\" decoding=\"async\" width=\"1024\" height=\"999\" src=\"https:\/\/pages.pedf.cuni.cz\/pedinfo\/files\/2025\/06\/2_eZapis_zadosti-1024x999.jpg\" alt=\"\" class=\"wp-image-1936\" style=\"width:538px;height:auto\" srcset=\"https:\/\/pages.pedf.cuni.cz\/pedinfo\/files\/2025\/06\/2_eZapis_zadosti-1024x999.jpg 1024w, https:\/\/pages.pedf.cuni.cz\/pedinfo\/files\/2025\/06\/2_eZapis_zadosti-300x293.jpg 300w, https:\/\/pages.pedf.cuni.cz\/pedinfo\/files\/2025\/06\/2_eZapis_zadosti-150x146.jpg 150w, https:\/\/pages.pedf.cuni.cz\/pedinfo\/files\/2025\/06\/2_eZapis_zadosti.jpg 1075w\" sizes=\"auto, (max-width: 1024px) 100vw, 1024px\" \/><\/figure>\n\n\n\n<figure class=\"wp-block-image size-full is-resized\"><img loading=\"lazy\" decoding=\"async\" width=\"770\" height=\"923\" src=\"https:\/\/pages.pedf.cuni.cz\/pedinfo\/files\/2025\/06\/Zadost.png\" alt=\"\" class=\"wp-image-1943\" style=\"width:445px;height:auto\" srcset=\"https:\/\/pages.pedf.cuni.cz\/pedinfo\/files\/2025\/06\/Zadost.png 770w, https:\/\/pages.pedf.cuni.cz\/pedinfo\/files\/2025\/06\/Zadost-250x300.png 250w, https:\/\/pages.pedf.cuni.cz\/pedinfo\/files\/2025\/06\/Zadost-125x150.png 125w\" sizes=\"auto, (max-width: 770px) 100vw, 770px\" \/><\/figure>\n\n\n\n<h3 class=\"wp-block-heading\">Obdr\u017een\u00ed ozn\u00e1men\u00ed o z\u00e1pisu<\/h3>\n\n\n\n<p>Opravdu zapsan\u00fd\/\u00e1 bude\u0161 po obdr\u017een\u00ed <strong>informa\u010dn\u00edho e-mailu<\/strong>. Pokud by se objevil probl\u00e9m, Studijn\u00ed odd\u011blen\u00ed T\u011b bude kontaktovat.<\/p>\n\n\n\n<p>Schvalov\u00e1n\u00ed doklad\u016f a \u017e\u00e1dost\u00ed prob\u00edh\u00e1 pr\u016fb\u011b\u017en\u011b od nejstar\u0161\u00edch po nejnov\u011bj\u0161\u00ed a m\u016f\u017ee trvat n\u011bkolik pracovn\u00edch dn\u016f. Na Studijn\u00edm odd\u011blen\u00ed mus\u00ed v\u0161e jednotliv\u011b proj\u00edt a schv\u00e1lit.<\/p>\n\n\n\n<h3 class=\"wp-block-heading\">Zisk studenstk\u00e9ho p\u0159\u00edstupu do Studijn\u00ed informa\u010dn\u00edho syst\u00e9mu (SIS)<\/h3>\n\n\n\n<p>Nyn\u00ed si m\u016f\u017ee\u0161 <strong>aktivovat<\/strong> p\u0159\u00edstup do <a href=\"https:\/\/is.cuni.cz\/studium\/\">SIS<\/a>. SIS pot\u0159ebuje\u0161 zejm\u00e9na pro:<\/p>\n\n\n\n<ul class=\"wp-block-list\">\n<li>editaci osobn\u00edch \u00fadaj\u016f<\/li>\n\n\n\n<li><a href=\"https:\/\/helpdesksis.pedf.cuni.cz\/mod\/wiki\/view.php?pageid=56\" target=\"_blank\" rel=\"noreferrer noopener\">potvrzen\u00ed o studiu<\/a>&nbsp;(k tisku i v el. podob\u011b s ov\u011b\u0159en\u00fdm podpisem)<\/li>\n\n\n\n<li><a href=\"https:\/\/pages.pedf.cuni.cz\/zapisdopredmetu\/\" target=\"_blank\" rel=\"noreferrer noopener\">z\u00e1pis do p\u0159edm\u011bt\u016f<\/a>&nbsp;(tvorba rozvrhu)<\/li>\n\n\n\n<li>p\u0159ihla\u0161ov\u00e1n\u00ed ke zkou\u0161k\u00e1m atd.<\/li>\n<\/ul>\n\n\n\n<p>Do SIS se dostane\u0161 pomoc\u00ed <strong>\u010d\u00edsla osoby\/loginu<\/strong> (ne p\u0159es e-mailovou adresu). \u010c\u00edslo\/login&nbsp;najde\u0161 v elektronick\u00e9 p\u0159ihl\u00e1\u0161ce vpravo naho\u0159e po kliknut\u00ed na jm\u00e9no <strong><mark style=\"background-color:#fff\" class=\"has-inline-color has-medium-pink-color\">(E)<\/mark><\/strong>. Pokud m\u00e1\u0161 nebo jsi m\u011bl\/a studium na&nbsp;<strong>UK v jin\u00e9m programu<\/strong>, pou\u017eij <strong>st\u00e1vaj\u00edc\u00ed <\/strong>p\u0159ihla\u0161ovac\u00ed \u00fadaje. Pr\u016fkaz je platn\u00fd.<\/p>\n\n\n\n<figure class=\"wp-block-image size-large is-resized\"><img loading=\"lazy\" decoding=\"async\" width=\"1024\" height=\"969\" src=\"https:\/\/pages.pedf.cuni.cz\/pedinfo\/files\/2025\/07\/eZapis_pristup_do_SIS-1024x969.jpg\" alt=\"\" class=\"wp-image-1987\" style=\"width:394px;height:auto\" srcset=\"https:\/\/pages.pedf.cuni.cz\/pedinfo\/files\/2025\/07\/eZapis_pristup_do_SIS-1024x969.jpg 1024w, https:\/\/pages.pedf.cuni.cz\/pedinfo\/files\/2025\/07\/eZapis_pristup_do_SIS-300x284.jpg 300w, https:\/\/pages.pedf.cuni.cz\/pedinfo\/files\/2025\/07\/eZapis_pristup_do_SIS-150x142.jpg 150w, https:\/\/pages.pedf.cuni.cz\/pedinfo\/files\/2025\/07\/eZapis_pristup_do_SIS.jpg 1077w\" sizes=\"auto, (max-width: 1024px) 100vw, 1024px\" \/><\/figure>\n\n\n\n<p>Jestli\u017ee se Ti <strong>neda\u0159\u00ed<\/strong> do SIS <strong>p\u0159ihl\u00e1sit<\/strong>, vyzkou\u0161ej tyto odkazy: <a href=\"https:\/\/ldapuser.cuni.cz\/\/doc\" target=\"_blank\" rel=\"noreferrer noopener\">Nastaven\u00ed hesla p\u0159es web<\/a> a <a href=\"https:\/\/is.cuni.cz\/webapps\/index.php?controller=porad2querypublic&amp;action=run&amp;apl=sis&amp;tema=prihlaseni&amp;lang=cs\" target=\"_blank\" rel=\"noreferrer noopener\">SIS Poradna<\/a>.<\/p>\n\n\n\n<p>D\u00e1le si po\u0159\u00edd\u00ed\u0161 <a href=\"https:\/\/cuni.cz\/UK-1444.html\" target=\"_blank\" rel=\"noreferrer noopener\"><strong>studentsk\u00fd pr\u016fkaz<\/strong><\/a>. Ten m\u016f\u017ee\u0161 z\u00edskat a\u017e po aktivaci studentsk\u00e9ho \u00fa\u010dtu ve&nbsp;<a href=\"https:\/\/cuni.cz\/UK-3249.html\" target=\"_blank\" rel=\"noreferrer noopener\">v\u00fddejn\u00edm centru UK<\/a>. Z\u00edsk\u00e1\u0161 i&nbsp;<a href=\"https:\/\/ldapuser.cuni.cz\/\/doc\" target=\"_blank\" rel=\"noreferrer noopener\"><strong>ov\u011b\u0159en\u00e9 heslo<\/strong><\/a>, kter\u00e9 je nutn\u00e9 <strong>zm\u011bnit <\/strong>do <strong>5 dn\u016f<\/strong>!<\/p>\n\n\n\n<p>M\u016f\u017ee\u0161 se p\u0159ihl\u00e1sit do <a href=\"https:\/\/uvt.cuni.cz\/UVT-75.html\"><strong>wifi <\/strong>s\u00edt\u011b na vysok\u00fdch \u0161kol\u00e1ch <strong>Eduroam<\/strong><\/a>. P\u0159\u00edstup si nastav\u00ed\u0161 v <a href=\"https:\/\/ldapuser.cuni.cz\/\">Centr\u00e1ln\u00ed autentiza\u010dn\u00ed slu\u017eb\u011b UK (CAS)<\/a>.<\/p>\n\n\n\n<p><\/p>\n","protected":false},"excerpt":{"rendered":"<p>Z\u00e1pis do studia obsahuje tyto kroky: Vygenerov\u00e1n\u00ed z\u00e1pisov\u00e9ho listu Pod\u00e1n\u00ed \u017e\u00e1dosti o distan\u010dn\u00ed z\u00e1pis a odevzd\u00e1n\u00ed z\u00e1pisov\u00e9ho listu Tento krok lze u\u010dinit pouze v term\u00ednech stanov\u00fdch harmonogramem! Obdr\u017een\u00ed ozn\u00e1men\u00ed o z\u00e1pisu Opravdu zapsan\u00fd\/\u00e1 bude\u0161 po obdr\u017een\u00ed informa\u010dn\u00edho e-mailu. Pokud by se objevil probl\u00e9m, Studijn\u00ed odd\u011blen\u00ed T\u011b bude kontaktovat. Schvalov\u00e1n\u00ed doklad\u016f a \u017e\u00e1dost\u00ed prob\u00edh\u00e1 pr\u016fb\u011b\u017en\u011b od &hellip; <a href=\"https:\/\/pages.pedf.cuni.cz\/pedinfo\/zapis-do-studia\/\" class=\"more-link\">Pokra\u010dov\u00e1n\u00ed textu <span class=\"screen-reader-text\">Z\u00e1pis do studia<\/span><\/a><\/p>\n","protected":false},"author":676,"featured_media":0,"parent":0,"menu_order":0,"comment_status":"closed","ping_status":"closed","template":"","meta":{"footnotes":""},"class_list":["post-1916","page","type-page","status-publish","hentry"],"_links":{"self":[{"href":"https:\/\/pages.pedf.cuni.cz\/pedinfo\/wp-json\/wp\/v2\/pages\/1916","targetHints":{"allow":["GET"]}}],"collection":[{"href":"https:\/\/pages.pedf.cuni.cz\/pedinfo\/wp-json\/wp\/v2\/pages"}],"about":[{"href":"https:\/\/pages.pedf.cuni.cz\/pedinfo\/wp-json\/wp\/v2\/types\/page"}],"author":[{"embeddable":true,"href":"https:\/\/pages.pedf.cuni.cz\/pedinfo\/wp-json\/wp\/v2\/users\/676"}],"replies":[{"embeddable":true,"href":"https:\/\/pages.pedf.cuni.cz\/pedinfo\/wp-json\/wp\/v2\/comments?post=1916"}],"version-history":[{"count":8,"href":"https:\/\/pages.pedf.cuni.cz\/pedinfo\/wp-json\/wp\/v2\/pages\/1916\/revisions"}],"predecessor-version":[{"id":2155,"href":"https:\/\/pages.pedf.cuni.cz\/pedinfo\/wp-json\/wp\/v2\/pages\/1916\/revisions\/2155"}],"wp:attachment":[{"href":"https:\/\/pages.pedf.cuni.cz\/pedinfo\/wp-json\/wp\/v2\/media?parent=1916"}],"curies":[{"name":"wp","href":"https:\/\/api.w.org\/{rel}","templated":true}]}}