{"id":26,"date":"2016-05-21T18:28:03","date_gmt":"2016-05-21T16:28:03","guid":{"rendered":"http:\/\/pages.pedf.cuni.cz\/pedinfo\/?page_id=26"},"modified":"2025-06-27T20:20:21","modified_gmt":"2025-06-27T18:20:21","slug":"harmonogram-akademickeho-roku","status":"publish","type":"page","link":"https:\/\/pages.pedf.cuni.cz\/pedinfo\/harmonogram-akademickeho-roku\/","title":{"rendered":"Harmonogram akademick\u00e9ho roku"},"content":{"rendered":"<p><strong>Akademick\u00fd rok<\/strong> trv\u00e1 12 m\u011bs\u00edc\u016f, zahrnuje zimn\u00ed semestr, zimn\u00ed zkou\u0161kov\u00e9 obdob\u00ed, letn\u00ed semestr a letn\u00ed zkou\u0161kov\u00e9 obdob\u00ed. V\u00fduka za\u010d\u00edn\u00e1 v z\u00e1\u0159\u00ed. Term\u00edny, kter\u00e9 se t\u00fdkaj\u00ed z\u00e1pis\u016f, d\u011bkansk\u00fdch a rektorsk\u00fdch dn\u016f, zkou\u0161kov\u00fdch obdob\u00ed, v\u00fduky a dal\u0161\u00edch d\u016fle\u017eit\u00fdch dat, nalezne\u0161 v aktu\u00e1ln\u00edm <strong><a href=\"https:\/\/pedf.cuni.cz\/PEDF-606.html\">harmonogramu akademick\u00e9ho roku.<\/a><\/strong><\/p>\n","protected":false},"excerpt":{"rendered":"<p>Akademick\u00fd rok trv\u00e1 12 m\u011bs\u00edc\u016f, zahrnuje zimn\u00ed semestr, zimn\u00ed zkou\u0161kov\u00e9 obdob\u00ed, letn\u00ed semestr a letn\u00ed zkou\u0161kov\u00e9 obdob\u00ed. V\u00fduka za\u010d\u00edn\u00e1 v z\u00e1\u0159\u00ed. Term\u00edny, kter\u00e9 se t\u00fdkaj\u00ed z\u00e1pis\u016f, d\u011bkansk\u00fdch a rektorsk\u00fdch dn\u016f, zkou\u0161kov\u00fdch obdob\u00ed, v\u00fduky a dal\u0161\u00edch d\u016fle\u017eit\u00fdch dat, nalezne\u0161 v aktu\u00e1ln\u00edm harmonogramu akademick\u00e9ho roku.<\/p>\n","protected":false},"author":421,"featured_media":0,"parent":0,"menu_order":0,"comment_status":"closed","ping_status":"closed","template":"","meta":{"footnotes":""},"class_list":["post-26","page","type-page","status-publish","hentry"],"_links":{"self":[{"href":"https:\/\/pages.pedf.cuni.cz\/pedinfo\/wp-json\/wp\/v2\/pages\/26","targetHints":{"allow":["GET"]}}],"collection":[{"href":"https:\/\/pages.pedf.cuni.cz\/pedinfo\/wp-json\/wp\/v2\/pages"}],"about":[{"href":"https:\/\/pages.pedf.cuni.cz\/pedinfo\/wp-json\/wp\/v2\/types\/page"}],"author":[{"embeddable":true,"href":"https:\/\/pages.pedf.cuni.cz\/pedinfo\/wp-json\/wp\/v2\/users\/421"}],"replies":[{"embeddable":true,"href":"https:\/\/pages.pedf.cuni.cz\/pedinfo\/wp-json\/wp\/v2\/comments?post=26"}],"version-history":[{"count":15,"href":"https:\/\/pages.pedf.cuni.cz\/pedinfo\/wp-json\/wp\/v2\/pages\/26\/revisions"}],"predecessor-version":[{"id":1877,"href":"https:\/\/pages.pedf.cuni.cz\/pedinfo\/wp-json\/wp\/v2\/pages\/26\/revisions\/1877"}],"wp:attachment":[{"href":"https:\/\/pages.pedf.cuni.cz\/pedinfo\/wp-json\/wp\/v2\/media?parent=26"}],"curies":[{"name":"wp","href":"https:\/\/api.w.org\/{rel}","templated":true}]}}