{"id":3,"date":"2014-10-24T09:50:19","date_gmt":"2014-10-24T07:50:19","guid":{"rendered":"http:\/\/pages.pedf.cuni.cz\/pedinfo\/?page_id=3"},"modified":"2026-01-28T17:19:36","modified_gmt":"2026-01-28T16:19:36","slug":"uvodni-stranka","status":"publish","type":"page","link":"https:\/\/pages.pedf.cuni.cz\/pedinfo\/","title":{"rendered":"\u00davod"},"content":{"rendered":"<p class=\"-wm-MsoNormal\">V\u00e1\u017een\u00e9 studentky, v\u00e1\u017een\u00ed studenti,<\/p>\n<p class=\"-wm-MsoNormal\">v\u00edt\u00e1m V\u00e1s na Pedagogick\u00e9 fakult\u011b Univerzity Karlovy. Jsem r\u00e1d, \u017ee jste se rozhodli studovat pr\u00e1v\u011b na na\u0161\u00ed fakult\u011b.<\/p>\n<p class=\"-wm-MsoNormal\">Pedagogick\u00e1 fakulta je hrdou sou\u010d\u00e1st\u00ed a \u0161pi\u010dkov\u00fdm v\u011bdeck\u00fdm pracovi\u0161t\u011bm jedn\u00e9 z nejstar\u0161\u00edch evropsk\u00fdch univerzit, Univerzity Karlovy. Jej\u00ed absolventi p\u016fsob\u00ed na v\u0161ech \u00farovn\u00edch vzd\u011bl\u00e1vac\u00edho syst\u00e9mu, od mate\u0159sk\u00fdch \u0161kol a\u017e po univerzity, a hraj\u00ed kl\u00ed\u010dovou roli ve vzd\u011bl\u00e1v\u00e1n\u00ed budouc\u00edch generac\u00ed.<\/p>\n<p class=\"-wm-MsoNormal\">Na Pedagogick\u00e9 fakult\u011b se budete nejen vzd\u011bl\u00e1vat a rozv\u00edjet sv\u00e9 profesn\u00ed kompetence, ale stanete se tak\u00e9 \u010dleny na\u0161\u00ed akademick\u00e9 obce. Vyu\u017eijte v\u0161echny mo\u017enosti, kter\u00e9 \u010dlenstv\u00ed v\u00a0akademick\u00e9 obci p\u0159in\u00e1\u0161\u00ed. Zapojte se do studentsk\u00fdch spolk\u016f, komunitn\u00edch aktivit a projekt\u016f. Navazujte p\u0159\u00e1telstv\u00ed. P\u0159i studiu vznikaj\u00ed d\u016fle\u017eit\u00e9 profesn\u00ed i osobn\u00ed vztahy, z\u00a0nich\u017e mnoh\u00e9 z\u016fstanou i po dokon\u010den\u00ed studia. Vyu\u017eijte p\u0159\u00edle\u017eitosti a zva\u017ete mo\u017enost pobytu na zahrani\u010dn\u00ed st\u00e1\u017ei.<\/p>\n<p class=\"-wm-MsoNormal\">Studium m\u016f\u017ee p\u0159in\u00e9st tak\u00e9 r\u016fzn\u00e1 \u00faskal\u00ed. Pom\u00e1hejte t\u011bm, kte\u0159\u00ed to pot\u0159ebuj\u00ed, a nebojte se o pomoc po\u017e\u00e1dat, pokud ji budete pot\u0159ebovat.<\/p>\n<p class=\"-wm-MsoNormal\" style=\"text-align: left\">Do studia V\u00e1m p\u0159eji hodn\u011b \u0161t\u011bst\u00ed.<\/p>\n<p><img loading=\"lazy\" decoding=\"async\" class=\" wp-image-1553 alignnone\" src=\"https:\/\/pages.pedf.cuni.cz\/pedinfo\/files\/2024\/08\/dekan_jancarik-300x270.png\" alt=\"\" width=\"326\" height=\"293\" srcset=\"https:\/\/pages.pedf.cuni.cz\/pedinfo\/files\/2024\/08\/dekan_jancarik-300x270.png 300w, https:\/\/pages.pedf.cuni.cz\/pedinfo\/files\/2024\/08\/dekan_jancarik-1024x923.png 1024w, https:\/\/pages.pedf.cuni.cz\/pedinfo\/files\/2024\/08\/dekan_jancarik-150x135.png 150w, https:\/\/pages.pedf.cuni.cz\/pedinfo\/files\/2024\/08\/dekan_jancarik-1536x1384.png 1536w, https:\/\/pages.pedf.cuni.cz\/pedinfo\/files\/2024\/08\/dekan_jancarik.png 1799w\" sizes=\"auto, (max-width: 326px) 100vw, 326px\" \/><\/p>\n<p>doc. RNDr. Anton\u00edn Jan\u010da\u0159\u00edk, Ph.D.<br \/>\nd\u011bkan fakulty<\/p>\n<hr \/>\n<p><img loading=\"lazy\" decoding=\"async\" class=\"size-medium wp-image-700 alignright\" src=\"https:\/\/pages.pedf.cuni.cz\/pedinfo\/files\/2018\/08\/uvo-226x300.png\" alt=\"\" width=\"226\" height=\"300\" srcset=\"https:\/\/pages.pedf.cuni.cz\/pedinfo\/files\/2018\/08\/uvo-226x300.png 226w, https:\/\/pages.pedf.cuni.cz\/pedinfo\/files\/2018\/08\/uvo-113x150.png 113w, https:\/\/pages.pedf.cuni.cz\/pedinfo\/files\/2018\/08\/uvo-772x1024.png 772w, https:\/\/pages.pedf.cuni.cz\/pedinfo\/files\/2018\/08\/uvo.png 1198w\" sizes=\"auto, (max-width: 226px) 100vw, 226px\" \/><\/p>\n<p>Ahoj a v\u00edtej na fakult\u011b!<\/p>\n<p><span style=\"font-weight: 400\">Pr\u00e1v\u011b \u010dte\u0161 ji\u017e dev\u00e1t\u00e9<\/span><span style=\"font-weight: 400\">\u00a0<\/span><span style=\"font-weight: 400\">vyd\u00e1n\u00ed p\u0159\u00edru\u010dky pro prv\u00e1ky, kterou napsali \u2013 s podporou studijn\u00edch prod\u011bkan\u016f \u2013 studenti pro studenty.\u00a0<\/span><\/p>\n<p>V\u011bt\u0161ina z n\u00e1s, autor\u016f aktualizac\u00ed, byla p\u0159ed p\u00e1r lety taky v prv\u00e1ku. Tato p\u0159\u00edru\u010dka n\u00e1m pomohla p\u0159\u00edjemn\u011b a \u00fasp\u011b\u0161n\u011b za\u010d\u00edt a p\u0159e\u017e\u00edt studium na pe\u010f\u00e1ku, stejn\u011b jako v tom te\u010f (douf\u00e1me) pom\u016f\u017ee tob\u011b. N\u011bkte\u0159\u00ed z p\u016fvodn\u00edch autor\u016f ji\u017e se studiem skon\u010dili nebo s n\u00edm pomalu kon\u010d\u00ed. P\u0159esto pevn\u011b v\u011b\u0159\u00edme, \u017ee aktivita a z\u00e1pal student\u016f budou obohacovat fakultu i nad\u00e1le. O n\u011bkter\u00fdch studentsk\u00fdch akc\u00edch se m\u016f\u017ee\u0161 do\u010d\u00edst i tady v PedInfu.<\/p>\n<p>Fakulta a jej\u00ed fungov\u00e1n\u00ed se neust\u00e1le m\u011bn\u00ed, proto mohou b\u00fdt n\u011bkter\u00e9 informace v bro\u017eu\u0159e neaktu\u00e1ln\u00ed. Z toho d\u016fvodu je jist\u011bj\u0161\u00ed informovat se u sv\u00e9 studijn\u00ed referentky, vyu\u010duj\u00edc\u00edch a z\u00e1stupc\u016f kateder, kte\u0159\u00ed maj\u00ed aktu\u00e1ln\u00ed informace a dok\u00e1\u017e\u00ed c\u00edlen\u011b spr\u00e1vn\u011b poradit. V p\u0159\u00edpad\u011b, \u017ee naraz\u00ed\u0161 na neaktu\u00e1ln\u00ed informaci nebo m\u00e1\u0161 dotaz \u010di podn\u011bt pro zlep\u0161en\u00ed bro\u017eury, kontaktuj autora posledn\u00ed aktualizace.<\/p>\n<p style=\"text-align: right\"><a href=\"https:\/\/pages.pedf.cuni.cz\/pedinfo\/doslov-autori\/\">auto\u0159i<\/a><\/p>\n","protected":false},"excerpt":{"rendered":"<p>V\u00e1\u017een\u00e9 studentky, v\u00e1\u017een\u00ed studenti, v\u00edt\u00e1m V\u00e1s na Pedagogick\u00e9 fakult\u011b Univerzity Karlovy. Jsem r\u00e1d, \u017ee jste se rozhodli studovat pr\u00e1v\u011b na na\u0161\u00ed fakult\u011b. Pedagogick\u00e1 fakulta je hrdou sou\u010d\u00e1st\u00ed a \u0161pi\u010dkov\u00fdm v\u011bdeck\u00fdm pracovi\u0161t\u011bm jedn\u00e9 z nejstar\u0161\u00edch evropsk\u00fdch univerzit, Univerzity Karlovy. Jej\u00ed absolventi p\u016fsob\u00ed na v\u0161ech \u00farovn\u00edch vzd\u011bl\u00e1vac\u00edho syst\u00e9mu, od mate\u0159sk\u00fdch \u0161kol a\u017e po univerzity, a hraj\u00ed kl\u00ed\u010dovou &hellip; <a href=\"https:\/\/pages.pedf.cuni.cz\/pedinfo\/\" class=\"more-link\">Pokra\u010dov\u00e1n\u00ed textu <span class=\"screen-reader-text\">\u00davod<\/span><\/a><\/p>\n","protected":false},"author":1,"featured_media":0,"parent":0,"menu_order":0,"comment_status":"closed","ping_status":"closed","template":"","meta":{"footnotes":""},"class_list":["post-3","page","type-page","status-publish","hentry"],"_links":{"self":[{"href":"https:\/\/pages.pedf.cuni.cz\/pedinfo\/wp-json\/wp\/v2\/pages\/3","targetHints":{"allow":["GET"]}}],"collection":[{"href":"https:\/\/pages.pedf.cuni.cz\/pedinfo\/wp-json\/wp\/v2\/pages"}],"about":[{"href":"https:\/\/pages.pedf.cuni.cz\/pedinfo\/wp-json\/wp\/v2\/types\/page"}],"author":[{"embeddable":true,"href":"https:\/\/pages.pedf.cuni.cz\/pedinfo\/wp-json\/wp\/v2\/users\/1"}],"replies":[{"embeddable":true,"href":"https:\/\/pages.pedf.cuni.cz\/pedinfo\/wp-json\/wp\/v2\/comments?post=3"}],"version-history":[{"count":49,"href":"https:\/\/pages.pedf.cuni.cz\/pedinfo\/wp-json\/wp\/v2\/pages\/3\/revisions"}],"predecessor-version":[{"id":2143,"href":"https:\/\/pages.pedf.cuni.cz\/pedinfo\/wp-json\/wp\/v2\/pages\/3\/revisions\/2143"}],"wp:attachment":[{"href":"https:\/\/pages.pedf.cuni.cz\/pedinfo\/wp-json\/wp\/v2\/media?parent=3"}],"curies":[{"name":"wp","href":"https:\/\/api.w.org\/{rel}","templated":true}]}}