{"id":31,"date":"2016-05-21T18:28:20","date_gmt":"2016-05-21T16:28:20","guid":{"rendered":"http:\/\/pages.pedf.cuni.cz\/pedinfo\/?page_id=31"},"modified":"2026-03-24T09:22:29","modified_gmt":"2026-03-24T08:22:29","slug":"studijni-oddeleni","status":"publish","type":"page","link":"https:\/\/pages.pedf.cuni.cz\/pedinfo\/studijni-oddeleni\/","title":{"rendered":"Studijn\u00ed odd\u011blen\u00ed"},"content":{"rendered":"<p><strong><a href=\"http:\/\/pedf.cuni.cz\/PEDF-220.html\">Studijn\u00ed odd\u011blen\u00ed<\/a> <\/strong>nalezne\u0161 v prvn\u00edm pat\u0159e hlavn\u00ed budovy proti hlavn\u00edmu schodi\u0161ti. Na z\u00e1klad\u011b studovan\u00e9ho oboru je ti p\u0159id\u011blena studijn\u00ed referentka. Referentka ti pom\u016f\u017ee vy\u0159e\u0161it n\u011bkter\u00e9 z\u00e1le\u017eitosti spojen\u00e9 s tv\u00fdm studiem, proto se neboj na ni se sv\u00fdmi dotazy obracet. Pokud nebude v jej\u00ed kompetenci ti pomoct s konkr\u00e9tn\u00edm dotazem, nasm\u011bruje t\u011b ke kompetentn\u00ed osob\u011b. Jm\u00e9no sv\u00e9 referentky najde\u0161 v rozhodnut\u00ed o p\u0159ijet\u00ed, p\u0159\u00edpadn\u011b v SIS v modulu <em>Osobn\u00ed \u00fadaje a nastaven\u00ed<\/em>.<\/p>\n<p>K referentce m\u016f\u017ee\u0161 zav\u00edtat osobn\u011b (term\u00edn konzultace si zarezervuje\u0161 v <a href=\"https:\/\/outlook.office.com\/book\/Studijnoddlenkonzultace@cunicz.onmicrosoft.com\/s\/KABJOMpIQE2z99kiJuvO3Q2?ismsaljsauthenabled\">rezerva\u010dn\u00edm syst\u00e9mu<\/a>) nebo ji kontaktovat <a href=\"https:\/\/is.cuni.cz\/webapps\/whois2\/org\/1000517102738366\/?lang=cs\">e-mailem \u010di telefonicky<\/a>. \u00da\u0159edn\u00ed hodiny studijn\u00edho odd\u011blen\u00ed se zpravidla m\u011bn\u00ed v z\u00e1vislosti na \u010d\u00e1sti roku. Na za\u010d\u00e1tku akademick\u00e9ho roku je studijn\u00ed odd\u011blen\u00ed vyt\u00ed\u017een\u00e9, je tedy t\u0159eba po\u010d\u00edtat s del\u0161\u00ed \u010dekac\u00ed dobou. Naopak v pr\u016fb\u011bhu semestru jde vy\u0159izov\u00e1n\u00ed p\u0159\u00edjemn\u011b rychle.<\/p>\n","protected":false},"excerpt":{"rendered":"<p>Studijn\u00ed odd\u011blen\u00ed nalezne\u0161 v prvn\u00edm pat\u0159e hlavn\u00ed budovy proti hlavn\u00edmu schodi\u0161ti. Na z\u00e1klad\u011b studovan\u00e9ho oboru je ti p\u0159id\u011blena studijn\u00ed referentka. Referentka ti pom\u016f\u017ee vy\u0159e\u0161it n\u011bkter\u00e9 z\u00e1le\u017eitosti spojen\u00e9 s tv\u00fdm studiem, proto se neboj na ni se sv\u00fdmi dotazy obracet. Pokud nebude v jej\u00ed kompetenci ti pomoct s konkr\u00e9tn\u00edm dotazem, nasm\u011bruje t\u011b ke kompetentn\u00ed osob\u011b. Jm\u00e9no &hellip; <a href=\"https:\/\/pages.pedf.cuni.cz\/pedinfo\/studijni-oddeleni\/\" class=\"more-link\">Pokra\u010dov\u00e1n\u00ed textu <span class=\"screen-reader-text\">Studijn\u00ed odd\u011blen\u00ed<\/span><\/a><\/p>\n","protected":false},"author":421,"featured_media":0,"parent":0,"menu_order":2,"comment_status":"closed","ping_status":"closed","template":"","meta":{"footnotes":""},"class_list":["post-31","page","type-page","status-publish","hentry"],"_links":{"self":[{"href":"https:\/\/pages.pedf.cuni.cz\/pedinfo\/wp-json\/wp\/v2\/pages\/31","targetHints":{"allow":["GET"]}}],"collection":[{"href":"https:\/\/pages.pedf.cuni.cz\/pedinfo\/wp-json\/wp\/v2\/pages"}],"about":[{"href":"https:\/\/pages.pedf.cuni.cz\/pedinfo\/wp-json\/wp\/v2\/types\/page"}],"author":[{"embeddable":true,"href":"https:\/\/pages.pedf.cuni.cz\/pedinfo\/wp-json\/wp\/v2\/users\/421"}],"replies":[{"embeddable":true,"href":"https:\/\/pages.pedf.cuni.cz\/pedinfo\/wp-json\/wp\/v2\/comments?post=31"}],"version-history":[{"count":8,"href":"https:\/\/pages.pedf.cuni.cz\/pedinfo\/wp-json\/wp\/v2\/pages\/31\/revisions"}],"predecessor-version":[{"id":2152,"href":"https:\/\/pages.pedf.cuni.cz\/pedinfo\/wp-json\/wp\/v2\/pages\/31\/revisions\/2152"}],"wp:attachment":[{"href":"https:\/\/pages.pedf.cuni.cz\/pedinfo\/wp-json\/wp\/v2\/media?parent=31"}],"curies":[{"name":"wp","href":"https:\/\/api.w.org\/{rel}","templated":true}]}}