{"id":387,"date":"2016-06-21T09:13:01","date_gmt":"2016-06-21T07:13:01","guid":{"rendered":"http:\/\/pages.pedf.cuni.cz\/pedinfo\/?page_id=387"},"modified":"2025-06-27T20:22:58","modified_gmt":"2025-06-27T18:22:58","slug":"preruseni-studia","status":"publish","type":"page","link":"https:\/\/pages.pedf.cuni.cz\/pedinfo\/preruseni-studia\/","title":{"rendered":"P\u0159eru\u0161en\u00ed studia"},"content":{"rendered":"<p><em>Podrobn\u00e9 informace k dispozici v \u010dl. 6 <a href=\"https:\/\/cuni.cz\/UK-146.html#14\">Studijn\u00edho a zku\u0161ebn\u00edho \u0159\u00e1du<\/a>.<\/em><\/p>\n<p>Studium lze p\u0159eru\u0161it na z\u00e1klad\u011b p\u00edsemn\u00e9 \u017e\u00e1dosti v pr\u016fb\u011bhu studia <strong>nejd\u0159\u00edve po ukon\u010den\u00e9m prvn\u00edm \u00faseku, tj. po prvn\u00edm ro\u010dn\u00edku studia<\/strong>. V pr\u016fb\u011bhu prvn\u00edho ro\u010dn\u00edku studia m\u016f\u017ee\u0161 po\u017e\u00e1dat o p\u0159eru\u0161en\u00ed studia jen z <strong>velmi z\u00e1va\u017en\u00fdch<\/strong> a <strong>\u0159\u00e1dn\u011b dolo\u017een\u00fdch<\/strong> d\u016fvod\u016f (t\u011bhotenstv\u00ed, porod, mate\u0159stv\u00ed, rodi\u010dovstv\u00ed atd.). O p\u0159eru\u0161en\u00ed studia m\u016f\u017ee\u0161 po\u017e\u00e1dat <strong>opakovan\u011b<\/strong>. <strong>P\u0159\u00edpady<\/strong>, ve kter\u00fdch d\u011bkan \u017e\u00e1dosti o p\u0159eru\u0161en\u00ed studia <strong>vyhov\u00ed<\/strong>, jsou vyps\u00e1ny v \u010dl. 6 \u0158\u00e1du. Po ukon\u010den\u00ed p\u0159eru\u0161en\u00ed studia se mus\u00ed\u0161 op\u011btovn\u011b zapsat do studia. Pokud p\u0159eru\u0161\u00ed\u0161 studium, <strong>p\u0159est\u00e1v\u00e1\u0161 b\u00fdt studentem<\/strong> \u2013 ztr\u00e1c\u00ed\u0161 status studenta, nem\u016f\u017ee\u0161 se zapisovat k SZ, nem\u016f\u017ee\u0161 skl\u00e1dat zkou\u0161ky a st\u00e1t za tebe neplat\u00ed zdravotn\u00ed poji\u0161t\u011bn\u00ed.<\/p>\n<p>Formul\u00e1\u0159 o p\u0159eru\u0161en\u00ed studia je ke sta\u017een\u00ed na <a href=\"https:\/\/pedf.cuni.cz\/PEDF-241-version1-preruseni_stare_na_web.pdf\">webov\u00fdch str\u00e1nk\u00e1ch fakulty<\/a>.<\/p>\n<p>P\u0159eru\u0161en\u00ed i op\u011btovn\u00fd z\u00e1pis do studia <strong>\u0159e\u0161 se svou studijn\u00ed referentkou<\/strong>.<\/p>\n","protected":false},"excerpt":{"rendered":"<p>Podrobn\u00e9 informace k dispozici v \u010dl. 6 Studijn\u00edho a zku\u0161ebn\u00edho \u0159\u00e1du. Studium lze p\u0159eru\u0161it na z\u00e1klad\u011b p\u00edsemn\u00e9 \u017e\u00e1dosti v pr\u016fb\u011bhu studia nejd\u0159\u00edve po ukon\u010den\u00e9m prvn\u00edm \u00faseku, tj. po prvn\u00edm ro\u010dn\u00edku studia. V pr\u016fb\u011bhu prvn\u00edho ro\u010dn\u00edku studia m\u016f\u017ee\u0161 po\u017e\u00e1dat o p\u0159eru\u0161en\u00ed studia jen z velmi z\u00e1va\u017en\u00fdch a \u0159\u00e1dn\u011b dolo\u017een\u00fdch d\u016fvod\u016f (t\u011bhotenstv\u00ed, porod, mate\u0159stv\u00ed, rodi\u010dovstv\u00ed atd.). O &hellip; <a href=\"https:\/\/pages.pedf.cuni.cz\/pedinfo\/preruseni-studia\/\" class=\"more-link\">Pokra\u010dov\u00e1n\u00ed textu <span class=\"screen-reader-text\">P\u0159eru\u0161en\u00ed studia<\/span><\/a><\/p>\n","protected":false},"author":421,"featured_media":0,"parent":0,"menu_order":3,"comment_status":"closed","ping_status":"closed","template":"","meta":{"footnotes":""},"class_list":["post-387","page","type-page","status-publish","hentry"],"_links":{"self":[{"href":"https:\/\/pages.pedf.cuni.cz\/pedinfo\/wp-json\/wp\/v2\/pages\/387","targetHints":{"allow":["GET"]}}],"collection":[{"href":"https:\/\/pages.pedf.cuni.cz\/pedinfo\/wp-json\/wp\/v2\/pages"}],"about":[{"href":"https:\/\/pages.pedf.cuni.cz\/pedinfo\/wp-json\/wp\/v2\/types\/page"}],"author":[{"embeddable":true,"href":"https:\/\/pages.pedf.cuni.cz\/pedinfo\/wp-json\/wp\/v2\/users\/421"}],"replies":[{"embeddable":true,"href":"https:\/\/pages.pedf.cuni.cz\/pedinfo\/wp-json\/wp\/v2\/comments?post=387"}],"version-history":[{"count":21,"href":"https:\/\/pages.pedf.cuni.cz\/pedinfo\/wp-json\/wp\/v2\/pages\/387\/revisions"}],"predecessor-version":[{"id":1879,"href":"https:\/\/pages.pedf.cuni.cz\/pedinfo\/wp-json\/wp\/v2\/pages\/387\/revisions\/1879"}],"wp:attachment":[{"href":"https:\/\/pages.pedf.cuni.cz\/pedinfo\/wp-json\/wp\/v2\/media?parent=387"}],"curies":[{"name":"wp","href":"https:\/\/api.w.org\/{rel}","templated":true}]}}