{"id":50,"date":"2016-05-21T18:41:58","date_gmt":"2016-05-21T16:41:58","guid":{"rendered":"http:\/\/pages.pedf.cuni.cz\/pedinfo\/?page_id=50"},"modified":"2025-04-27T19:37:56","modified_gmt":"2025-04-27T17:37:56","slug":"hodnoceni-vyuky-studenty","status":"publish","type":"page","link":"https:\/\/pages.pedf.cuni.cz\/pedinfo\/hodnoceni-vyuky-studenty\/","title":{"rendered":"Hodnocen\u00ed v\u00fduky studenty"},"content":{"rendered":"<p>Studentsk\u00e9 hodnocen\u00ed <b>napom\u00e1h\u00e1 ke zlep\u0161en\u00ed v\u00fduky a\u00a0z\u00e1rove\u0148 slou\u017e\u00ed jako zp\u011btn\u00e1 vazba<\/b> pro vyu\u010duj\u00edc\u00ed i veden\u00ed kateder a fakulty. K efektivit\u011b ankety je nutn\u00e1 co nejvy\u0161\u0161\u00ed \u00fa\u010dast student\u016f: pokud hodnot\u00ed jen mal\u00e9 mno\u017estv\u00ed student\u016f, v\u00fdsledky ankety se nepova\u017euj\u00ed za reprezentativn\u00ed a v\u016fle ke zm\u011bn\u00e1m je men\u0161\u00ed.<\/p>\n<p><a href=\"http:\/\/evaluace.pedf.cuni.cz\"><strong>Hodnotit<\/strong><\/a> m\u016f\u017ee\u0161\u00a0dvakr\u00e1t za akademick\u00fd rok \u2013 v\u017edy na konci zimn\u00edho a letn\u00edho semestru. Tvoje koment\u00e1\u0159e jsou <strong>p\u0159\u00edsn\u011b anonymn\u00ed<\/strong> a nikdo na fakult\u011b nem\u00e1 mo\u017enost zjistit, \u017ee jsi koment\u00e1\u0159 napsal\/a ty (pokud se nepodep\u00ed\u0161e\u0161). Studentsk\u00e9 oborov\u00e9 rady a spolky tradi\u010dn\u011b p\u0159ipravuj\u00ed p\u0159ed hodnocen\u00edm motiva\u010dn\u00ed kampan\u011b, tak\u017ee na term\u00edn ur\u010dit\u011b nezapomene\u0161.<\/p>\n","protected":false},"excerpt":{"rendered":"<p>Studentsk\u00e9 hodnocen\u00ed napom\u00e1h\u00e1 ke zlep\u0161en\u00ed v\u00fduky a\u00a0z\u00e1rove\u0148 slou\u017e\u00ed jako zp\u011btn\u00e1 vazba pro vyu\u010duj\u00edc\u00ed i veden\u00ed kateder a fakulty. K efektivit\u011b ankety je nutn\u00e1 co nejvy\u0161\u0161\u00ed \u00fa\u010dast student\u016f: pokud hodnot\u00ed jen mal\u00e9 mno\u017estv\u00ed student\u016f, v\u00fdsledky ankety se nepova\u017euj\u00ed za reprezentativn\u00ed a v\u016fle ke zm\u011bn\u00e1m je men\u0161\u00ed. Hodnotit m\u016f\u017ee\u0161\u00a0dvakr\u00e1t za akademick\u00fd rok \u2013 v\u017edy na konci zimn\u00edho &hellip; <a href=\"https:\/\/pages.pedf.cuni.cz\/pedinfo\/hodnoceni-vyuky-studenty\/\" class=\"more-link\">Pokra\u010dov\u00e1n\u00ed textu <span class=\"screen-reader-text\">Hodnocen\u00ed v\u00fduky studenty<\/span><\/a><\/p>\n","protected":false},"author":421,"featured_media":0,"parent":0,"menu_order":4,"comment_status":"closed","ping_status":"closed","template":"","meta":{"footnotes":""},"class_list":["post-50","page","type-page","status-publish","hentry"],"_links":{"self":[{"href":"https:\/\/pages.pedf.cuni.cz\/pedinfo\/wp-json\/wp\/v2\/pages\/50","targetHints":{"allow":["GET"]}}],"collection":[{"href":"https:\/\/pages.pedf.cuni.cz\/pedinfo\/wp-json\/wp\/v2\/pages"}],"about":[{"href":"https:\/\/pages.pedf.cuni.cz\/pedinfo\/wp-json\/wp\/v2\/types\/page"}],"author":[{"embeddable":true,"href":"https:\/\/pages.pedf.cuni.cz\/pedinfo\/wp-json\/wp\/v2\/users\/421"}],"replies":[{"embeddable":true,"href":"https:\/\/pages.pedf.cuni.cz\/pedinfo\/wp-json\/wp\/v2\/comments?post=50"}],"version-history":[{"count":10,"href":"https:\/\/pages.pedf.cuni.cz\/pedinfo\/wp-json\/wp\/v2\/pages\/50\/revisions"}],"predecessor-version":[{"id":1728,"href":"https:\/\/pages.pedf.cuni.cz\/pedinfo\/wp-json\/wp\/v2\/pages\/50\/revisions\/1728"}],"wp:attachment":[{"href":"https:\/\/pages.pedf.cuni.cz\/pedinfo\/wp-json\/wp\/v2\/media?parent=50"}],"curies":[{"name":"wp","href":"https:\/\/api.w.org\/{rel}","templated":true}]}}