{"id":55,"date":"2016-05-21T19:42:13","date_gmt":"2016-05-21T17:42:13","guid":{"rendered":"http:\/\/pages.pedf.cuni.cz\/pedinfo\/?page_id=55"},"modified":"2025-07-18T11:03:04","modified_gmt":"2025-07-18T09:03:04","slug":"informace-online","status":"publish","type":"page","link":"https:\/\/pages.pedf.cuni.cz\/pedinfo\/informace-online\/","title":{"rendered":"Informace online"},"content":{"rendered":"<p><em>D\u016fle\u017eit\u00e9 informace a p\u0159edpisy lze nal\u00e9zt na str\u00e1nk\u00e1ch <a href=\"http:\/\/www.cuni.cz\">univerzity<\/a>, zaj\u00edmavosti a aktuality pak na jej\u00edm <a href=\"https:\/\/www.facebook.com\/UniverzitaKarlova\">Facebooku<\/a> a <a href=\"https:\/\/www.instagram.com\/unikarlova\/?hl=cs\">Instagramu<\/a> \u010di v magaz\u00ednu <a href=\"https:\/\/www.ukforum.cz\/\">Forum<\/a>.<\/em><\/p>\n<p>Sv\u016fj <a href=\"https:\/\/pedf.cuni.cz\/PEDF-1.html\"><strong>web<\/strong><\/a> m\u00e1 samoz\u0159ejm\u011b i Pedagogick\u00e1 fakulta. Aktu\u00e1ln\u00ed d\u011bn\u00ed je mo\u017en\u00e9 sledovat takt\u00e9\u017e na jej\u00edm ofici\u00e1ln\u00edm \u00fa\u010dtu na platform\u00e1ch <strong><a href=\"https:\/\/www.facebook.com\/pedf.cuni\">Facebook<\/a><\/strong>, <a href=\"https:\/\/www.instagram.com\/pedf_unikarlova\/?hl=cs\"><strong>Instagram<\/strong><\/a>, <a href=\"https:\/\/www.youtube.com\/channel\/UCYY1m1Jx1Xpen3fiZ9nr_FA\"><strong>YouTube<\/strong><\/a>, <strong><a href=\"https:\/\/cz.linkedin.com\/school\/pedfuk\/\">LinkedIn<\/a><\/strong>,\u00a0<strong><a href=\"https:\/\/bsky.app\/profile\/pedf.unikarlova.cuni.cz\">Bluesky<\/a><\/strong>, <strong><a href=\"https:\/\/www.flickr.com\/photos\/145636261@N02\/albums\">Flickr <\/a><\/strong>a <a href=\"https:\/\/open.spotify.com\/show\/343tLHUDoe83OBM07ddO7t\"><strong>Spotify<\/strong><\/a>.\u00a0Na Facebooku se nach\u00e1z\u00ed i n\u011bkolik <i>neform\u00e1ln\u00edch<\/i>, av\u0161ak u\u017eite\u010dn\u00fdch skupin v re\u017eii student\u016f:<\/p>\n<ul>\n<li><a href=\"https:\/\/www.facebook.com\/groups\/6261656160617519\"><strong>Prv\u00e1ci PedF UK<\/strong><\/a> &#8211; aktu\u00e1ln\u00ed skupina pro prv\u00e1ky 2025\/2026<\/li>\n<li><a href=\"https:\/\/www.facebook.com\/groups\/192463387560890\/\"><strong>Studenti PedF UK<\/strong><\/a> &#8211; obecn\u00e9 dotazy a z\u00e1le\u017eitosti od student\u016f pro studenty, n\u00e1kup\/prodej studijn\u00edch materi\u00e1l\u016f, <span class=\"TrackChangeTextInsertion TrackedChange  BCX0 SCXW127282512\"><span class=\"TextRun  BCX0 SCXW127282512\" lang=\"CS-CZ\" xml:lang=\"CS-CZ\" data-contrast=\"none\"><span class=\"NormalTextRun  BCX0 SCXW127282512\">hled\u00e1n\u00ed spolubydl\u00edc\u00edch z fakulty<\/span><\/span><\/span><\/li>\n<li><strong><a href=\"https:\/\/www.facebook.com\/groups\/755799564880657\/\">Pueblo<\/a>\u00a0<\/strong>&#8211; spolky, SORky, tuto\u0159i, sen\u00e1to\u0159i PedF UK<\/li>\n<li><a href=\"https:\/\/www.facebook.com\/groups\/1588495108069916\/\"><strong>PedF UK Jobs<\/strong><\/a> &#8211; pracovn\u00ed nab\u00eddky<\/li>\n<\/ul>\n<p>V\u011bci t\u00fdkaj\u00edc\u00ed se konkr\u00e9tn\u00edch studijn\u00edch program\u016f studenti obvykle prob\u00edraj\u00ed v samostatn\u00fdch skupin\u00e1ch, kter\u00e9 si sami zalo\u017e\u00ed. <span style=\"font-weight: 400\">N\u00e1zev skupiny je v\u011bt\u0161inou ve form\u00e1tu <em>N\u00e1zev oboru PedF UK 2025\/2026<\/em>. <\/span><\/p>\n<p><span style=\"font-weight: 400\">Existuje tak\u00e9 skupina <\/span><strong><a href=\"https:\/\/www.facebook.com\/groups\/809193209455305\/\">Pr\u00e1ce na fakult\u011b<\/a><\/strong><span style=\"font-weight: 400\">, kam zam\u011bstnanci Odd\u011blen\u00ed komunikace a marketingu publikuj\u00ed nab\u00eddky mo\u017en\u00e9 jednor\u00e1zov\u00e9 pr\u00e1ce na akc\u00edch p\u0159\u00edmo na fakult\u011b.<\/span><\/p>\n<p>Novinky ze sv\u00e9 <strong>katedry<\/strong> (nap\u0159\u00edklad zm\u011bny konzulta\u010dn\u00edch hodin, nov\u011b vydan\u00e9 publikace, akce katedry) m\u016f\u017ee\u0161 sledovat na p\u0159\u00edslu\u0161n\u00e9m katedern\u00edm webu a u n\u011bkter\u00fdch i na jejich soci\u00e1ln\u00edch s\u00edt\u00edch.<\/p>\n<p>Pro organizaci studia se hod\u00ed <strong><a href=\"https:\/\/pedf.cuni.cz\/PEDF-216.html\">studijn\u00ed pl\u00e1ny Karolinka<\/a><\/strong>. Tento p\u0159ehled je vhodn\u00e9 si proj\u00edt zejm\u00e9na p\u0159ed z\u00e1pisem p\u0159edm\u011bt\u016f, dozv\u00ed\u0161 se tak, co t\u011b \u010dek\u00e1 a\u00a0na\u010d se m\u016f\u017ee\u0161 t\u011b\u0161it.<\/p>\n<p>Vyu\u010duj\u00edc\u00ed sd\u00edl\u00ed v\u00fdukov\u00e9 materi\u00e1ly prost\u0159ednictv\u00edm <a href=\"https:\/\/dl.cuni.cz\/\"><strong>platforem<\/strong><\/a> jako Moodle nebo MS Teams.<\/p>\n<p><a href=\"https:\/\/helpdesksis.pedf.cuni.cz\/\"><strong>Helpdesk<\/strong><\/a> neslou\u017e\u00ed jen k \u0159e\u0161en\u00ed probl\u00e9m\u016f s informa\u010dn\u00edm syst\u00e9mem. Prost\u0159ednictv\u00edm n\u011bj si tak\u00e9 m\u016f\u017ee\u0161 nechat pos\u00edlat novinky od studijn\u00edho odd\u011blen\u00ed (nap\u0159. o r\u016fzn\u00fdch fakultn\u00edch ud\u00e1lostech, zru\u0161en\u00ed v\u00fduky,\u2026). K tomu ti poslou\u017e\u00ed p\u0159ehledn\u00fd <a href=\"https:\/\/pedf.cuni.cz\/PEDF-390.html\"><strong>n\u00e1vod<\/strong><\/a>.<\/p>\n<p>Informace technick\u00e9ho r\u00e1zu jsou k nalezen\u00ed na str\u00e1nk\u00e1ch <a href=\"https:\/\/sit.pedf.cuni.cz\/\"><strong>St\u0159ediska informa\u010dn\u00edch technologi\u00ed<\/strong><\/a> &#8211; SIT.<\/p>\n","protected":false},"excerpt":{"rendered":"<p>D\u016fle\u017eit\u00e9 informace a p\u0159edpisy lze nal\u00e9zt na str\u00e1nk\u00e1ch univerzity, zaj\u00edmavosti a aktuality pak na jej\u00edm Facebooku a Instagramu \u010di v magaz\u00ednu Forum. Sv\u016fj web m\u00e1 samoz\u0159ejm\u011b i Pedagogick\u00e1 fakulta. Aktu\u00e1ln\u00ed d\u011bn\u00ed je mo\u017en\u00e9 sledovat takt\u00e9\u017e na jej\u00edm ofici\u00e1ln\u00edm \u00fa\u010dtu na platform\u00e1ch Facebook, Instagram, YouTube, LinkedIn,\u00a0Bluesky, Flickr a Spotify.\u00a0Na Facebooku se nach\u00e1z\u00ed i n\u011bkolik neform\u00e1ln\u00edch, av\u0161ak &hellip; <a href=\"https:\/\/pages.pedf.cuni.cz\/pedinfo\/informace-online\/\" class=\"more-link\">Pokra\u010dov\u00e1n\u00ed textu <span class=\"screen-reader-text\">Informace online<\/span><\/a><\/p>\n","protected":false},"author":421,"featured_media":0,"parent":0,"menu_order":0,"comment_status":"closed","ping_status":"closed","template":"","meta":{"footnotes":""},"class_list":["post-55","page","type-page","status-publish","hentry"],"_links":{"self":[{"href":"https:\/\/pages.pedf.cuni.cz\/pedinfo\/wp-json\/wp\/v2\/pages\/55","targetHints":{"allow":["GET"]}}],"collection":[{"href":"https:\/\/pages.pedf.cuni.cz\/pedinfo\/wp-json\/wp\/v2\/pages"}],"about":[{"href":"https:\/\/pages.pedf.cuni.cz\/pedinfo\/wp-json\/wp\/v2\/types\/page"}],"author":[{"embeddable":true,"href":"https:\/\/pages.pedf.cuni.cz\/pedinfo\/wp-json\/wp\/v2\/users\/421"}],"replies":[{"embeddable":true,"href":"https:\/\/pages.pedf.cuni.cz\/pedinfo\/wp-json\/wp\/v2\/comments?post=55"}],"version-history":[{"count":39,"href":"https:\/\/pages.pedf.cuni.cz\/pedinfo\/wp-json\/wp\/v2\/pages\/55\/revisions"}],"predecessor-version":[{"id":2030,"href":"https:\/\/pages.pedf.cuni.cz\/pedinfo\/wp-json\/wp\/v2\/pages\/55\/revisions\/2030"}],"wp:attachment":[{"href":"https:\/\/pages.pedf.cuni.cz\/pedinfo\/wp-json\/wp\/v2\/media?parent=55"}],"curies":[{"name":"wp","href":"https:\/\/api.w.org\/{rel}","templated":true}]}}