{"id":740,"date":"2018-08-16T12:16:51","date_gmt":"2018-08-16T10:16:51","guid":{"rendered":"http:\/\/pages.pedf.cuni.cz\/pedinfo\/?page_id=740"},"modified":"2024-09-12T21:46:01","modified_gmt":"2024-09-12T19:46:01","slug":"mapka-hlavni-budovy","status":"publish","type":"page","link":"https:\/\/pages.pedf.cuni.cz\/pedinfo\/mapka-hlavni-budovy\/","title":{"rendered":"Mapka hlavn\u00ed budovy"},"content":{"rendered":"<p><a href=\"https:\/\/pages.pedf.cuni.cz\/pedinfo\/files\/2018\/08\/m_ut.png\"><img loading=\"lazy\" decoding=\"async\" class=\"aligncenter size-large wp-image-750\" src=\"https:\/\/pages.pedf.cuni.cz\/pedinfo\/files\/2018\/08\/m_ut-1024x634.png\" alt=\"\" width=\"660\" height=\"409\" srcset=\"https:\/\/pages.pedf.cuni.cz\/pedinfo\/files\/2018\/08\/m_ut-1024x634.png 1024w, https:\/\/pages.pedf.cuni.cz\/pedinfo\/files\/2018\/08\/m_ut-150x93.png 150w, https:\/\/pages.pedf.cuni.cz\/pedinfo\/files\/2018\/08\/m_ut-300x186.png 300w, https:\/\/pages.pedf.cuni.cz\/pedinfo\/files\/2018\/08\/m_ut-825x510.png 825w, https:\/\/pages.pedf.cuni.cz\/pedinfo\/files\/2018\/08\/m_ut.png 1199w\" sizes=\"auto, (max-width: 660px) 100vw, 660px\" \/><\/a><img loading=\"lazy\" decoding=\"async\" class=\"aligncenter wp-image-808 size-large\" src=\"https:\/\/pages.pedf.cuni.cz\/pedinfo\/files\/2019\/08\/p\u0159\u00edzem\u00ed-1024x692.png\" alt=\"\" width=\"660\" height=\"446\" srcset=\"https:\/\/pages.pedf.cuni.cz\/pedinfo\/files\/2019\/08\/p\u0159\u00edzem\u00ed-1024x692.png 1024w, https:\/\/pages.pedf.cuni.cz\/pedinfo\/files\/2019\/08\/p\u0159\u00edzem\u00ed-150x101.png 150w, https:\/\/pages.pedf.cuni.cz\/pedinfo\/files\/2019\/08\/p\u0159\u00edzem\u00ed-300x203.png 300w\" sizes=\"auto, (max-width: 660px) 100vw, 660px\" \/><\/p>\n<p><a href=\"https:\/\/pages.pedf.cuni.cz\/pedinfo\/files\/2018\/08\/m_1.png\"><img loading=\"lazy\" decoding=\"async\" class=\"aligncenter size-large wp-image-745\" src=\"https:\/\/pages.pedf.cuni.cz\/pedinfo\/files\/2018\/08\/m_1-1024x702.png\" alt=\"\" width=\"660\" height=\"452\" srcset=\"https:\/\/pages.pedf.cuni.cz\/pedinfo\/files\/2018\/08\/m_1-1024x702.png 1024w, https:\/\/pages.pedf.cuni.cz\/pedinfo\/files\/2018\/08\/m_1-150x103.png 150w, https:\/\/pages.pedf.cuni.cz\/pedinfo\/files\/2018\/08\/m_1-300x206.png 300w, https:\/\/pages.pedf.cuni.cz\/pedinfo\/files\/2018\/08\/m_1.png 1200w\" sizes=\"auto, (max-width: 660px) 100vw, 660px\" \/><\/a><\/p>\n<p><a href=\"https:\/\/pages.pedf.cuni.cz\/pedinfo\/files\/2018\/08\/m_2.png\"><img loading=\"lazy\" decoding=\"async\" class=\"aligncenter size-large wp-image-747\" src=\"https:\/\/pages.pedf.cuni.cz\/pedinfo\/files\/2018\/08\/m_2-1024x726.png\" alt=\"\" width=\"660\" height=\"468\" srcset=\"https:\/\/pages.pedf.cuni.cz\/pedinfo\/files\/2018\/08\/m_2-1024x726.png 1024w, https:\/\/pages.pedf.cuni.cz\/pedinfo\/files\/2018\/08\/m_2-150x106.png 150w, https:\/\/pages.pedf.cuni.cz\/pedinfo\/files\/2018\/08\/m_2-300x213.png 300w, https:\/\/pages.pedf.cuni.cz\/pedinfo\/files\/2018\/08\/m_2.png 1200w\" sizes=\"auto, (max-width: 660px) 100vw, 660px\" \/><\/a><\/p>\n<p><a href=\"https:\/\/pages.pedf.cuni.cz\/pedinfo\/files\/2018\/08\/m_3.png\"><img loading=\"lazy\" decoding=\"async\" class=\"aligncenter size-large wp-image-748\" src=\"https:\/\/pages.pedf.cuni.cz\/pedinfo\/files\/2018\/08\/m_3-1024x622.png\" alt=\"\" width=\"660\" height=\"401\" srcset=\"https:\/\/pages.pedf.cuni.cz\/pedinfo\/files\/2018\/08\/m_3-1024x622.png 1024w, https:\/\/pages.pedf.cuni.cz\/pedinfo\/files\/2018\/08\/m_3-150x91.png 150w, https:\/\/pages.pedf.cuni.cz\/pedinfo\/files\/2018\/08\/m_3-300x182.png 300w, https:\/\/pages.pedf.cuni.cz\/pedinfo\/files\/2018\/08\/m_3.png 1200w\" sizes=\"auto, (max-width: 660px) 100vw, 660px\" \/><\/a><\/p>\n<p><a href=\"https:\/\/pages.pedf.cuni.cz\/pedinfo\/files\/2018\/08\/m_4.png\"><img loading=\"lazy\" decoding=\"async\" class=\"aligncenter size-large wp-image-749\" src=\"https:\/\/pages.pedf.cuni.cz\/pedinfo\/files\/2018\/08\/m_4-1024x652.png\" alt=\"\" width=\"660\" height=\"420\" srcset=\"https:\/\/pages.pedf.cuni.cz\/pedinfo\/files\/2018\/08\/m_4-1024x652.png 1024w, https:\/\/pages.pedf.cuni.cz\/pedinfo\/files\/2018\/08\/m_4-150x96.png 150w, https:\/\/pages.pedf.cuni.cz\/pedinfo\/files\/2018\/08\/m_4-300x191.png 300w, https:\/\/pages.pedf.cuni.cz\/pedinfo\/files\/2018\/08\/m_4.png 1201w\" sizes=\"auto, (max-width: 660px) 100vw, 660px\" \/><\/a><\/p>\n","protected":false},"excerpt":{"rendered":"","protected":false},"author":421,"featured_media":0,"parent":0,"menu_order":5,"comment_status":"closed","ping_status":"closed","template":"","meta":{"footnotes":""},"class_list":["post-740","page","type-page","status-publish","hentry"],"_links":{"self":[{"href":"https:\/\/pages.pedf.cuni.cz\/pedinfo\/wp-json\/wp\/v2\/pages\/740","targetHints":{"allow":["GET"]}}],"collection":[{"href":"https:\/\/pages.pedf.cuni.cz\/pedinfo\/wp-json\/wp\/v2\/pages"}],"about":[{"href":"https:\/\/pages.pedf.cuni.cz\/pedinfo\/wp-json\/wp\/v2\/types\/page"}],"author":[{"embeddable":true,"href":"https:\/\/pages.pedf.cuni.cz\/pedinfo\/wp-json\/wp\/v2\/users\/421"}],"replies":[{"embeddable":true,"href":"https:\/\/pages.pedf.cuni.cz\/pedinfo\/wp-json\/wp\/v2\/comments?post=740"}],"version-history":[{"count":6,"href":"https:\/\/pages.pedf.cuni.cz\/pedinfo\/wp-json\/wp\/v2\/pages\/740\/revisions"}],"predecessor-version":[{"id":1628,"href":"https:\/\/pages.pedf.cuni.cz\/pedinfo\/wp-json\/wp\/v2\/pages\/740\/revisions\/1628"}],"wp:attachment":[{"href":"https:\/\/pages.pedf.cuni.cz\/pedinfo\/wp-json\/wp\/v2\/media?parent=740"}],"curies":[{"name":"wp","href":"https:\/\/api.w.org\/{rel}","templated":true}]}}