{"id":92,"date":"2016-05-21T19:47:35","date_gmt":"2016-05-21T17:47:35","guid":{"rendered":"http:\/\/pages.pedf.cuni.cz\/pedinfo\/?page_id=92"},"modified":"2025-12-09T21:51:03","modified_gmt":"2025-12-09T20:51:03","slug":"stipendia","status":"publish","type":"page","link":"https:\/\/pages.pedf.cuni.cz\/pedinfo\/stipendia\/","title":{"rendered":"Stipendia"},"content":{"rendered":"<p><i>Kompletn\u00ed informace o\u00a0stipendi\u00edch lze naj\u00edt ve <\/i><a href=\"http:\/\/www.cuni.cz\/UK-146.html#16\"><i>Stipendijn\u00edm \u0159\u00e1du univerzity<\/i><\/a><i> a\u00a0ve fakultn\u00edch <\/i><a href=\"https:\/\/www.cuni.cz\/UK-8427.html\"><i>Pravidlech pro p\u0159izn\u00e1v\u00e1n\u00ed stipendi\u00ed<\/i><\/a><i>.<\/i><\/p>\n<p><a href=\"https:\/\/pedf.cuni.cz\/PEDF-1520.html\"><strong>Stipendium<\/strong><\/a> ozna\u010duje finan\u010dn\u00ed podporu, kterou mohou studenti b\u011bhem bakal\u00e1\u0159sk\u00e9ho, magistersk\u00e9ho i doktorsk\u00e9ho studia na z\u00e1klad\u011b r\u016fzn\u00fdch krit\u00e9ri\u00ed z\u00edskat. Pro v\u00fdplatu stipendi\u00ed je nutn\u00e9 m\u00edt v SIS v modulu <em>Osobn\u00ed \u00fadaje<\/em> uveden\u00e9 <strong>bankovn\u00ed spojen\u00ed<\/strong>. Stipendia z prost\u0159edk\u016f vysok\u00fdch \u0161kol jsou <strong>osvobozena<\/strong> od dan\u011b z p\u0159\u00edjm\u016f fyzick\u00fdch osob.<\/p>\n<p><strong>P\u0159ehled ve\u0161ker\u00fdch stipendi\u00ed<\/strong> nalezne\u0161 v <a href=\"https:\/\/pedf.cuni.cz\/PEDF-1520.html\">tabulce na fakultn\u00edm webu<\/a>.<\/p>\n<h4>Prosp\u011bchov\u00e9 stipendium<\/h4>\n<p>Za vynikaj\u00edc\u00ed studijn\u00ed v\u00fdsledky m\u016f\u017ee\u0161 z\u00edskat <a href=\"https:\/\/pedf.cuni.cz\/PEDF-1520.html\"><strong>prosp\u011bchov\u00e9 stipendium<\/strong><\/a>. Stipendium se p\u0159izn\u00e1v\u00e1 automaticky, tak\u017ee o n\u011bj nen\u00ed pot\u0159eba \u017e\u00e1dat. Pro p\u0159izn\u00e1n\u00ed je pot\u0159eba z\u00edskat minim\u00e1ln\u011b\u00a0<strong>60\u00a0<\/strong>kredit\u016f za AR a dosahovat pr\u016fm\u011bru nejv\u00fd\u0161e\u00a0<strong>1,50<\/strong>. Za ka\u017ed\u00fd z\u00edskan\u00fd kredit nav\u00edc se pr\u016fm\u011br sni\u017euje o 0,01, za ka\u017ed\u00fd zapsan\u00fd nespln\u011bn\u00fd kredit se p\u0159i\u010d\u00edt\u00e1 0,01. \u010c\u00edm ni\u017e\u0161\u00ed m\u00e1\u0161 celkov\u00fd pr\u016fm\u011br, t\u00edm vy\u0161\u0161\u00ed je \u0161ance, \u017ee stipendium z\u00edsk\u00e1\u0161.<\/p>\n<h4>Stipendium za vynikaj\u00edc\u00ed v\u00fdsledky v bakal\u00e1\u0159sk\u00e9m studiu<\/h4>\n<p>Jestli\u017ee se ti poda\u0159\u00ed\u00a0<strong>absolvovat s vyznamen\u00e1n\u00edm<\/strong> <strong>bakal\u00e1\u0159sk\u00e9 studium <\/strong>(tuto skute\u010dnost zjist\u00ed\u0161 v SIS modul <em>Osobn\u00ed \u00fadaje<\/em> + dostane\u0161 na promoci \u010derven\u00fd diplom), m\u00e1\u0161 n\u00e1rok na toto stipendium. Narozd\u00edl od prosp\u011bchov\u00e9 stipendia je\u00a0<strong>nutn\u00e9\u00a0<\/strong>si o n\u011bj\u00a0<strong>za\u017e\u00e1dat do 31. 10. aktu\u00e1ln\u00edho akademick\u00e9ho roku<\/strong>. Na podatelnu proto odevzd\u00e1\u0161 obecnou \u017e\u00e1dost, ve kter\u00e9 uvede\u0161, \u017ee v souladu s \u010dl. 3\u00a0<em>Pravidel pro p\u0159izn\u00e1v\u00e1n\u00ed stipendi\u00ed\u00a0<\/em>\u017e\u00e1d\u00e1\u0161 o p\u0159izn\u00e1n\u00ed tohoto stipendia. Pokud jsi bakal\u00e1\u0159sk\u00e9 studium absolvoval\/a na PedF UK, nen\u00ed pot\u0159eba ji\u017e nic dokl\u00e1dat. V jin\u00e9m p\u0159\u00edpad\u011b je pot\u0159eba dolo\u017eit potvrzen\u00ed o absolvov\u00e1n\u00ed s vyznamen\u00e1n\u00edm na jin\u00e9 V\u0160. \u017d\u00e1dost je pot\u0159eba podat co nejd\u0159\u00edve po n\u00e1stupu do navazuj\u00edc\u00edho magistersk\u00e9ho studia.<\/p>\n<h4>Ubytovac\u00ed stipendium<\/h4>\n<p>Dal\u0161\u00ed mo\u017enost je z\u00edsk\u00e1n\u00ed stipendia na <strong><a href=\"https:\/\/cuni.cz\/UK-4315.html\">podporu ubytov\u00e1n\u00ed<\/a>.<\/strong> \u017d\u00e1dost o stipendium se pod\u00e1v\u00e1 p\u0159es <a href=\"https:\/\/is.cuni.cz\/webapps\/\">Webov\u00e9 aplikace UK<\/a> na za\u010d\u00e1tku akademick\u00e9ho roku (\u017e\u00e1dost lze podat kdykoli b\u011bhem roku, ale p\u0159ijde\u0161 tak o stipendium za uplynul\u00e9 m\u011bs\u00edce). Po p\u0159izn\u00e1n\u00ed stipendia je \u017e\u00e1dost platn\u00e1 a\u017e do konce akademick\u00e9ho roku. V\u00fdplata stipendia prob\u00edh\u00e1 \u010dtvrtletn\u011b za p\u0159edchoz\u00ed 3 m\u011bs\u00edce. Toto stipendium <strong>neplat\u00ed<\/strong> pro studenty s trval\u00fdm pobytem v <strong>Praze<\/strong>. P\u0159i \u017e\u00e1dosti o z\u00e1kladn\u00ed ubytovac\u00ed stipendium nen\u00ed pot\u0159eba nic dokl\u00e1dat, v p\u0159\u00edpad\u011b n\u00e1roku na vy\u0161\u0161\u00ed stupe\u0148 stipendia je t\u0159eba tento n\u00e1rok od\u016fvodnit p\u0159ilo\u017een\u00edm souboru, kter\u00fd n\u00e1rok potvrzuje.<\/p>\n<h4>AGON<\/h4>\n<p>Fakultn\u00ed cena, kter\u00e1 se ud\u011bluje za <strong>mimo\u0159\u00e1dn\u011b zda\u0159il\u00e9 z\u00e1v\u011bre\u010dn\u00e9 pr\u00e1ce<\/strong>. N\u00e1vrh na ud\u011blen\u00ed ceny AGON zpravidla navrhuje <strong>vedouc\u00ed pr\u00e1ce<\/strong> na z\u00e1klad\u011b sv\u00e9ho p\u0159esv\u011bd\u010den\u00ed nebo se souhlasem komise po obhajob\u011b pr\u00e1ce (komise se b\u011bhem obhajoby m\u016f\u017ee usn\u00e9st, \u017ee by pr\u00e1ce m\u011bla b\u00fdt navr\u017eena na cenu AGON). AGON m\u00e1 nyn\u00ed oproti d\u0159\u00edv\u011bj\u0161ku sout\u011b\u017en\u00ed podobu, tzn. \u017ee navr\u017een\u00e9 pr\u00e1ce jsou rozd\u011bleny do 7 t\u00e9matick\u00fdch oblast\u00ed podle zam\u011b\u0159en\u00ed a v ka\u017ed\u00e9 oblasti se vyhla\u0161uj\u00ed prvn\u00ed 3 m\u00edsta. Pokud se tv\u00e9 pr\u00e1ci poda\u0159\u00ed usp\u011bt, obdr\u017e\u00ed\u0161 jednor\u00e1zovou <strong>finan\u010dn\u00ed odm\u011bnu<\/strong> (ni\u017e\u0161\u00ed tis\u00edce korun) a <strong>certifik\u00e1t\u00a0<\/strong>v elektronick\u00e9 i p\u00edsemn\u00e9 podob\u011b.<\/p>\n<h4>Soci\u00e1ln\u00ed stipendium<\/h4>\n<p>N\u011bkte\u0159\u00ed studenti mohou takt\u00e9\u017e elektronicky za\u017e\u00e1dat o\u00a0<strong>soci\u00e1ln\u00ed stipendium<\/strong>. Za\u017e\u00e1dat lze jak o <a href=\"https:\/\/cuni.cz\/UK-4316.html\">univerzitn\u00ed<\/a>, tak o <a href=\"https:\/\/pedf.cuni.cz\/PEDF-1520.html\">fakultn\u00ed<\/a>.<\/p>\n<h4>Dal\u0161\u00ed stipendia<\/h4>\n<p>Dal\u0161\u00ed formou stipendia je <a href=\"https:\/\/pedf.cuni.cz\/PEDF-1520.html\"><strong>stipendium \u00fa\u010delov\u00e9<\/strong><\/a>, kter\u00e9 lze z\u00edskat nap\u0159\u00edklad na podporu vlastn\u00edho v\u00fdzkumu \u010di projektu prost\u0159ednictv\u00edm studentsk\u00e9ho v\u011bdeck\u00e9ho grantu (i na bakal\u00e1\u0159sk\u00e9m stupni studia), za reprezentaci fakulty na sportovn\u00edch sout\u011b\u017e\u00edch nebo konferenc\u00edch, za pr\u00e1ci na fakultn\u00edch pracovi\u0161t\u00edch (katedry, odd\u011blen\u00ed apod.) nebo za mimo\u0159\u00e1dn\u00e9 studentsk\u00e9 a ob\u010dansk\u00e9 aktivity.<\/p>\n<p>Za pr\u00e1ci na fakult\u011b (nap\u0159. pomoc na kated\u0159e, p\u0159\u00edprava konferenc\u00ed, DOD atp.) ti n\u00e1le\u017e\u00ed odm\u011bna ve form\u011b stipendia pro\u00a0<a href=\"https:\/\/pedf.cuni.cz\/PEDF-1520.html\"><strong>studentsk\u00e9 pomocn\u00e9 s\u00edly<\/strong><\/a>.<\/p>\n<p>Pokud se rozhodne\u0161 studovat na n\u011bkter\u00e9 z presti\u017en\u00edch zahrani\u010dn\u00edch univerzit, m\u016f\u017ee ti s pokryt\u00edm n\u00e1klad\u016f na studium pomoci <strong><a href=\"https:\/\/pedf.cuni.cz\/PEDF-1520.html\">stipendium prof. Heluse<\/a><\/strong>.<\/p>\n<p>Obdr\u017eet m\u016f\u017ee\u0161 takt\u00e9\u017e\u00a0<strong><a href=\"https:\/\/pedf.cuni.cz\/PEDF-1520.html\">mimo\u0159\u00e1dnou cenu d\u011bkana<\/a>\u00a0<\/strong>nap\u0159. za z\u00e1chranu \u017eivota, mimo\u0159\u00e1dn\u00fd p\u0159\u00ednos fakult\u011b atp.<\/p>\n<h2>Studenti doktorsk\u00e9ho studia<\/h2>\n<p>Studenti tohoto programu mohou obdr\u017eet <strong><a href=\"https:\/\/pedf.cuni.cz\/PEDF-1520.html\">stipendium<\/a><\/strong>:<\/p>\n<ul>\n<li>za v\u010dasn\u00e9 ukon\u010den\u00ed doktorsk\u00e9ho studia<\/li>\n<li>za v\u00fdbornou pr\u00e1ci v doktorsk\u00e9m studiu<\/li>\n<li>Karla Jane\u010dka<\/li>\n<\/ul>\n","protected":false},"excerpt":{"rendered":"<p>Kompletn\u00ed informace o\u00a0stipendi\u00edch lze naj\u00edt ve Stipendijn\u00edm \u0159\u00e1du univerzity a\u00a0ve fakultn\u00edch Pravidlech pro p\u0159izn\u00e1v\u00e1n\u00ed stipendi\u00ed. Stipendium ozna\u010duje finan\u010dn\u00ed podporu, kterou mohou studenti b\u011bhem bakal\u00e1\u0159sk\u00e9ho, magistersk\u00e9ho i doktorsk\u00e9ho studia na z\u00e1klad\u011b r\u016fzn\u00fdch krit\u00e9ri\u00ed z\u00edskat. Pro v\u00fdplatu stipendi\u00ed je nutn\u00e9 m\u00edt v SIS v modulu Osobn\u00ed \u00fadaje uveden\u00e9 bankovn\u00ed spojen\u00ed. Stipendia z prost\u0159edk\u016f vysok\u00fdch \u0161kol jsou osvobozena &hellip; <a href=\"https:\/\/pages.pedf.cuni.cz\/pedinfo\/stipendia\/\" class=\"more-link\">Pokra\u010dov\u00e1n\u00ed textu <span class=\"screen-reader-text\">Stipendia<\/span><\/a><\/p>\n","protected":false},"author":421,"featured_media":0,"parent":0,"menu_order":5,"comment_status":"closed","ping_status":"closed","template":"","meta":{"footnotes":""},"class_list":["post-92","page","type-page","status-publish","hentry"],"_links":{"self":[{"href":"https:\/\/pages.pedf.cuni.cz\/pedinfo\/wp-json\/wp\/v2\/pages\/92","targetHints":{"allow":["GET"]}}],"collection":[{"href":"https:\/\/pages.pedf.cuni.cz\/pedinfo\/wp-json\/wp\/v2\/pages"}],"about":[{"href":"https:\/\/pages.pedf.cuni.cz\/pedinfo\/wp-json\/wp\/v2\/types\/page"}],"author":[{"embeddable":true,"href":"https:\/\/pages.pedf.cuni.cz\/pedinfo\/wp-json\/wp\/v2\/users\/421"}],"replies":[{"embeddable":true,"href":"https:\/\/pages.pedf.cuni.cz\/pedinfo\/wp-json\/wp\/v2\/comments?post=92"}],"version-history":[{"count":29,"href":"https:\/\/pages.pedf.cuni.cz\/pedinfo\/wp-json\/wp\/v2\/pages\/92\/revisions"}],"predecessor-version":[{"id":2116,"href":"https:\/\/pages.pedf.cuni.cz\/pedinfo\/wp-json\/wp\/v2\/pages\/92\/revisions\/2116"}],"wp:attachment":[{"href":"https:\/\/pages.pedf.cuni.cz\/pedinfo\/wp-json\/wp\/v2\/media?parent=92"}],"curies":[{"name":"wp","href":"https:\/\/api.w.org\/{rel}","templated":true}]}}