{"id":95,"date":"2016-05-21T19:47:49","date_gmt":"2016-05-21T17:47:49","guid":{"rendered":"http:\/\/pages.pedf.cuni.cz\/pedinfo\/?page_id=95"},"modified":"2024-09-12T21:33:53","modified_gmt":"2024-09-12T19:33:53","slug":"slovnicek","status":"publish","type":"page","link":"https:\/\/pages.pedf.cuni.cz\/pedinfo\/slovnicek\/","title":{"rendered":"Slovn\u00ed\u010dek"},"content":{"rendered":"<ul>\n<li><b>akademick\u00fd sen\u00e1t (AS) <\/b>\u2013 samospr\u00e1vn\u00fd zastupitelsk\u00fd org\u00e1n fakulty; AS PedF UK m\u00e1 24 \u010dlen\u016f, polovinu z\u00a0nich tvo\u0159\u00ed studenti<\/li>\n<li><b>CAS <\/b>\u2013 <a href=\"https:\/\/ldapuser.cuni.cz\/\/\">Centr\u00e1ln\u00ed autentiza\u010dn\u00ed slu\u017eba<\/a>; zaji\u0161\u0165uje p\u0159\u00edstup do jin\u00fdch rozhran\u00ed (SIS, knihovn\u00ed katalog\u2026) pomoc\u00ed univerzitn\u00edho loginu a\u00a0hesla; na str\u00e1nk\u00e1ch <a href=\"http:\/\/cas.cuni.cz\/\">cas.cuni.cz<\/a> lze toto heslo m\u011bnit<\/li>\n<li><b>d\u011bkan<\/b> \u2013 akademick\u00fd funkcion\u00e1\u0159 stoj\u00edc\u00ed v \u010dele fakulty; sou\u010dasn\u00fdm d\u011bkanem PedF UK je doc. RNDr. Anton\u00edn Jan\u010da\u0159\u00edk, Ph.D.<\/li>\n<li><b>Karolinka <\/b>\u2013 studijn\u00ed pl\u00e1ny; rozpis p\u0159edm\u011bt\u016f, kter\u00e9 se pln\u00ed v\u00a0r\u00e1mci konkr\u00e9tn\u00edho oboru<\/li>\n<li><b>katedra<\/b> \u2013 pracovi\u0161t\u011b fakulty zaji\u0161\u0165uj\u00edc\u00ed v\u00fduku (zejm\u00e9na ur\u010dit\u00e9ho oboru) a\u00a0odbornou a\u00a0v\u011bdeckou \u010dinnost<\/li>\n<li><b>korekvizita <\/b>\u2013 p\u0159edm\u011bt, na jeho\u017e spln\u011bn\u00ed z\u00e1vis\u00ed <i>uzn\u00e1n\u00ed dal\u0161\u00edho p\u0159edm\u011btu za spln\u011bn\u00fd<\/i><\/li>\n<li><b>kredity<\/b> \u2013 standardizovan\u00e9 body, kter\u00e9 z\u00edsk\u00e1v\u00e1\u0161 za pln\u011bn\u00ed p\u0159edm\u011bt\u016f<\/li>\n<li><b>menza <\/b>\u2013 vysoko\u0161kolsk\u00e1 j\u00eddelna<\/li>\n<li><a href=\"https:\/\/dl.cuni.cz\/\"><b>Moodle <\/b><\/a>\u2013 online v\u00fdukov\u00e9 prost\u0159ed\u00ed<\/li>\n<li><b>paralelka<\/b> <span style=\"font-weight: 400\">\u2013<\/span><span style=\"font-weight: 400\"> dal\u0161\u00ed rozvrhov\u00fd l\u00edstek, ve kter\u00e9m prob\u00edh\u00e1 p\u0159edm\u011bt (p\u0159ev\u00e1\u017en\u011b semin\u00e1\u0159e a cvi\u010den\u00ed)<\/span><\/li>\n<li><b>pomv\u011bd <\/b>\u2013 student, kter\u00fd p\u016fsob\u00ed v\u00a0ur\u010dit\u00e9 \u010d\u00e1sti fakulty jako pomocn\u00e1 s\u00edla a\u00a0je odm\u011b\u0148ov\u00e1n formou stipendia (nap\u0159. student asistuj\u00edc\u00ed v\u00a0laborato\u0159\u00edch katedry chemie)<\/li>\n<li><b>prerekvizita <\/b>\u2013 p\u0159edm\u011bt, na jeho\u017e spln\u011bn\u00ed z\u00e1vis\u00ed <i>zaps\u00e1n\u00ed <\/i>dal\u0161\u00edho p\u0159edm\u011btu<\/li>\n<li><b>pr\u016fkaz studenta<\/b> (\u201eISIC\u201c, \u201ekarta studenta\u201c) \u2013 karta slou\u017e\u00edc\u00ed ke tv\u00e9 identifikaci, jako elektronick\u00e1 pen\u011b\u017eenka (placen\u00ed v menze, tisk\u2026), pro p\u0159\u00edstup do budov \u010di jejich \u010d\u00e1st\u00ed; m\u016f\u017ee (ale nemus\u00ed) zahrnovat zpoplatn\u011bnou licenci ISIC<\/li>\n<li><b>rektor<\/b> \u2013 akademick\u00fd funkcion\u00e1\u0159 stoj\u00edc\u00ed v \u010dele univerzity; sou\u010dasnou rektorkou Univerzity Karlovy je prof. MUDr. Milena Kr\u00e1l\u00ed\u010dkov\u00e1, Ph.D.<\/li>\n<li><b>SOR <\/b>\u2013 studentsk\u00e1 oborov\u00e1 rada<\/li>\n<li><b>SIS <\/b>\u2013 <a href=\"https:\/\/is.cuni.cz\/studium\/index.php\">Studijn\u00ed informa\u010dn\u00ed syst\u00e9m<\/a>\u00a0\u2013 webov\u00e9 rozhran\u00ed slou\u017e\u00edc\u00ed k administraci studia (z\u00e1pis p\u0159edm\u011bt\u016f \u010di zkou\u0161ek, studentsk\u00e9 hodnocen\u00ed v\u00fduky\u2026); podporu pro n\u011bj poskytuje <a href=\"https:\/\/helpdesksis.pedf.cuni.cz\/\"><b>Helpdesk SIS<\/b><\/a><\/li>\n<li><b>SIT <\/b>\u2013 St\u0159edisko informa\u010dn\u00edch technologi\u00ed; odd\u011blen\u00ed fakulty, kter\u00e9 se star\u00e1 o\u00a0po\u010d\u00edta\u010de, projektory a\u00a0dal\u0161\u00ed p\u0159\u00edstrojov\u00e9 vybaven\u00ed, m\u00e1 na starosti p\u0159ipojen\u00ed k\u00a0internetu, str\u00e1nky fakulty, Office 365\u2026<\/li>\n<li><b>studentsk\u00fd tutor<\/b> \u2013 student PedF, kter\u00fd pom\u00e1h\u00e1 (nejen) student\u016fm 1. ro\u010dn\u00edk\u016f l\u00e9pe se zorientovat v prost\u0159ed\u00ed fakulty a vysoko\u0161kolsk\u00e9m studiu<\/li>\n<li><b>sylabus <\/b>\u2013 soupis u\u010diva (\u010di \u010dasov\u00fd rozvrh vyu\u010dovan\u00fdch t\u00e9mat) v r\u00e1mci ur\u010dit\u00e9ho p\u0159edm\u011btu<\/li>\n<li><b>univerzitn\u00ed login<\/b> \u2013 \u010d\u00edslo osoby (je k nalezen\u00ed na pr\u016fkazu studenta pod fotografi\u00ed, tzv. UK\u010cO) \u010di p\u00edsmenn\u00e1 zkratka jm\u00e9na; slou\u017e\u00ed spole\u010dn\u011b s heslem k p\u0159ihl\u00e1\u0161en\u00ed do CAS, SIS apod.<\/li>\n<li><b>zp\u016fsoby zakon\u010den\u00ed p\u0159edm\u011btu<\/b>\n<ul>\n<li><b>zkou\u0161ka <\/b>\u2013 zpravidla b\u00fdv\u00e1 \u00fastn\u00ed \u010di p\u00edsemn\u00e1, pro jej\u00ed pln\u011bn\u00ed n\u011bkdy mus\u00ed\u0161 m\u00edt z\u00e1po\u010det<\/li>\n<li><b>klasifikovan\u00fd z\u00e1po\u010det<\/b> \u2013 zkou\u0161ka schovan\u00e1 pod jin\u00fd n\u00e1zev<\/li>\n<li><b>z\u00e1po\u010det <\/b>\u2013 n\u011bkter\u00e9 p\u0159edm\u011bty zakon\u010duje, u\u00a0jin\u00fdch je n\u00e1sledovan\u00fd zkou\u0161kou; obvykle se ud\u011bluje za doch\u00e1zku, spln\u011bn\u00ed pr\u016fb\u011b\u017en\u00fdch test\u016f \u010di p\u0159ezkou\u0161en\u00ed<\/li>\n<\/ul>\n<\/li>\n<\/ul>\n","protected":false},"excerpt":{"rendered":"<p>akademick\u00fd sen\u00e1t (AS) \u2013 samospr\u00e1vn\u00fd zastupitelsk\u00fd org\u00e1n fakulty; AS PedF UK m\u00e1 24 \u010dlen\u016f, polovinu z\u00a0nich tvo\u0159\u00ed studenti CAS \u2013 Centr\u00e1ln\u00ed autentiza\u010dn\u00ed slu\u017eba; zaji\u0161\u0165uje p\u0159\u00edstup do jin\u00fdch rozhran\u00ed (SIS, knihovn\u00ed katalog\u2026) pomoc\u00ed univerzitn\u00edho loginu a\u00a0hesla; na str\u00e1nk\u00e1ch cas.cuni.cz lze toto heslo m\u011bnit d\u011bkan \u2013 akademick\u00fd funkcion\u00e1\u0159 stoj\u00edc\u00ed v \u010dele fakulty; sou\u010dasn\u00fdm d\u011bkanem PedF UK je &hellip; <a href=\"https:\/\/pages.pedf.cuni.cz\/pedinfo\/slovnicek\/\" class=\"more-link\">Pokra\u010dov\u00e1n\u00ed textu <span class=\"screen-reader-text\">Slovn\u00ed\u010dek<\/span><\/a><\/p>\n","protected":false},"author":421,"featured_media":0,"parent":0,"menu_order":0,"comment_status":"closed","ping_status":"closed","template":"","meta":{"footnotes":""},"class_list":["post-95","page","type-page","status-publish","hentry"],"_links":{"self":[{"href":"https:\/\/pages.pedf.cuni.cz\/pedinfo\/wp-json\/wp\/v2\/pages\/95","targetHints":{"allow":["GET"]}}],"collection":[{"href":"https:\/\/pages.pedf.cuni.cz\/pedinfo\/wp-json\/wp\/v2\/pages"}],"about":[{"href":"https:\/\/pages.pedf.cuni.cz\/pedinfo\/wp-json\/wp\/v2\/types\/page"}],"author":[{"embeddable":true,"href":"https:\/\/pages.pedf.cuni.cz\/pedinfo\/wp-json\/wp\/v2\/users\/421"}],"replies":[{"embeddable":true,"href":"https:\/\/pages.pedf.cuni.cz\/pedinfo\/wp-json\/wp\/v2\/comments?post=95"}],"version-history":[{"count":25,"href":"https:\/\/pages.pedf.cuni.cz\/pedinfo\/wp-json\/wp\/v2\/pages\/95\/revisions"}],"predecessor-version":[{"id":1601,"href":"https:\/\/pages.pedf.cuni.cz\/pedinfo\/wp-json\/wp\/v2\/pages\/95\/revisions\/1601"}],"wp:attachment":[{"href":"https:\/\/pages.pedf.cuni.cz\/pedinfo\/wp-json\/wp\/v2\/media?parent=95"}],"curies":[{"name":"wp","href":"https:\/\/api.w.org\/{rel}","templated":true}]}}