{"id":98,"date":"2016-05-21T19:48:11","date_gmt":"2016-05-21T17:48:11","guid":{"rendered":"http:\/\/pages.pedf.cuni.cz\/pedinfo\/?page_id=98"},"modified":"2025-06-25T14:58:37","modified_gmt":"2025-06-25T12:58:37","slug":"doslov-autori","status":"publish","type":"page","link":"https:\/\/pages.pedf.cuni.cz\/pedinfo\/doslov-autori\/","title":{"rendered":"Doslov, auto\u0159i"},"content":{"rendered":"<p>Pokud v\u00e1m rady zpracovan\u00e9 v\u00a0t\u00e9to p\u0159\u00edru\u010dce neposta\u010d\u00ed a pokud to bude v\u00a0na\u0161ich sil\u00e1ch, pokus\u00ed se v\u00e1m osazenstvo vr\u00e1tnice ochotn\u011b poradit.<\/p>\n<p>Mysl\u00edm si, \u017ee vr\u00e1tnice by m\u011bla b\u00fdt vizitkou \u0161koly, nen\u00ed proto na\u0161\u00edm c\u00edlem se na studenty mra\u010dit, p\u0159\u00edpadn\u011b je n\u011bjak zbyte\u010dn\u011b pou\u010dovat \u010di peskovat. P\u0159i vyzved\u00e1v\u00e1n\u00ed a vracen\u00ed kl\u00ed\u010d\u016f od \u0161atn\u00edch sk\u0159\u00edn\u011bk to chce jen trochu trp\u011blivosti, pokud je u\u00a0ok\u00e9nka fronta \u2013 p\u0159ednost maj\u00ed vyu\u010duj\u00edc\u00ed, kte\u0159\u00ed si tu vyzved\u00e1vaj\u00ed kl\u00ed\u010de od u\u010deben. Vr\u00e1tnice se tak\u00e9 nepou\u017e\u00edv\u00e1 k\u00a0p\u0159ed\u00e1v\u00e1n\u00ed vzkaz\u016f a materi\u00e1l\u016f. Na druhou stranu slou\u017e\u00ed jako <i>ztr\u00e1ty a n\u00e1lezy<\/i>, tak\u017ee se tu leckter\u00fd majitel m\u016f\u017ee znovu radostn\u011b shledat se sv\u00fdmi nalezen\u00fdmi v\u011bcmi, kdy\u017e se o n\u011b p\u0159ihl\u00e1s\u00ed.<\/p>\n<p>V\u0161em student\u016fm p\u0159ejeme t\u00edmto \u0161\u0165astn\u00e9 vykro\u010den\u00ed do akademick\u00e9ho roku a co nejm\u00e9n\u011b pot\u00ed\u017e\u00ed (rad\u011bji \u017e\u00e1dn\u00e9) p\u0159i studiu na na\u0161\u00ed \u0161kole. Na brzkou vid\u011bnou!<\/p>\n<p style=\"text-align: right\">kolektiv vr\u00e1tn\u00fdch PedF UK<\/p>\n<h2>Autor aktualizace pro akademick\u00fd rok 2025\/2026<\/h2>\n<ul>\n<li>Ladislav Lejbl<\/li>\n<\/ul>\n<h2>Emeritn\u00ed auto\u0159i<\/h2>\n<ul>\n<li>Tom\u00e1\u0161 Kebert<\/li>\n<li>Daniel Pra\u017e\u00e1k<\/li>\n<li>Daniela \u010cechov\u00e1<\/li>\n<li>Veronika Vohl\u00eddkov\u00e1<\/li>\n<li>Eli\u0161ka And\u011blov\u00e1<span class=\"TextRun  BCX0 SCXW70465178\" lang=\"CS-CZ\" xml:lang=\"CS-CZ\" data-contrast=\"none\"><span class=\"NormalTextRun  BCX0 SCXW70465178\">\u00a0<\/span><\/span><span class=\"TextRun  BCX0 SCXW70465178\" lang=\"CS-CZ\" xml:lang=\"CS-CZ\" data-contrast=\"none\"><span class=\"NormalTextRun  BCX0 SCXW70465178\">\u2013 ilustrace<\/span><\/span><\/li>\n<li>Veronika M\u00fcllerov\u00e1<\/li>\n<li>Martina Vladykov\u00e1<\/li>\n<\/ul>\n<p><a href=\"http:\/\/fb.com\/drosophila\"><img loading=\"lazy\" decoding=\"async\" class=\"wp-image-176 size-medium aligncenter\" src=\"https:\/\/pages.pedf.cuni.cz\/pedinfo\/files\/2016\/05\/path4593-300x108.png\" alt=\"\" width=\"300\" height=\"108\" srcset=\"https:\/\/pages.pedf.cuni.cz\/pedinfo\/files\/2016\/05\/path4593-300x108.png 300w, https:\/\/pages.pedf.cuni.cz\/pedinfo\/files\/2016\/05\/path4593-768x277.png 768w, https:\/\/pages.pedf.cuni.cz\/pedinfo\/files\/2016\/05\/path4593.png 815w\" sizes=\"auto, (max-width: 300px) 100vw, 300px\" \/><\/a><\/p>\n<p><a href=\"http:\/\/fb.com\/StudentskySpolekAgora\"><img loading=\"lazy\" decoding=\"async\" class=\"wp-image-668 aligncenter\" src=\"https:\/\/pages.pedf.cuni.cz\/pedinfo\/files\/2018\/08\/ago-300x229.png\" alt=\"\" width=\"200\" height=\"153\" srcset=\"https:\/\/pages.pedf.cuni.cz\/pedinfo\/files\/2018\/08\/ago-300x229.png 300w, https:\/\/pages.pedf.cuni.cz\/pedinfo\/files\/2018\/08\/ago-150x114.png 150w, https:\/\/pages.pedf.cuni.cz\/pedinfo\/files\/2018\/08\/ago.png 1000w\" sizes=\"auto, (max-width: 200px) 100vw, 200px\" \/><\/a><\/p>\n<p><a href=\"https:\/\/www.facebook.com\/dvorkypedfuk\"><img loading=\"lazy\" decoding=\"async\" class=\"size-medium wp-image-1656 aligncenter\" src=\"https:\/\/pages.pedf.cuni.cz\/pedinfo\/files\/2024\/11\/Profilova-fotka-na-FB-1-300x300.png\" alt=\"\" width=\"300\" height=\"300\" srcset=\"https:\/\/pages.pedf.cuni.cz\/pedinfo\/files\/2024\/11\/Profilova-fotka-na-FB-1-300x300.png 300w, https:\/\/pages.pedf.cuni.cz\/pedinfo\/files\/2024\/11\/Profilova-fotka-na-FB-1-1024x1024.png 1024w, https:\/\/pages.pedf.cuni.cz\/pedinfo\/files\/2024\/11\/Profilova-fotka-na-FB-1-150x150.png 150w, https:\/\/pages.pedf.cuni.cz\/pedinfo\/files\/2024\/11\/Profilova-fotka-na-FB-1-1536x1536.png 1536w, https:\/\/pages.pedf.cuni.cz\/pedinfo\/files\/2024\/11\/Profilova-fotka-na-FB-1.png 2048w\" sizes=\"auto, (max-width: 300px) 100vw, 300px\" \/><\/a><\/p>\n<p><a href=\"https:\/\/otevreno.org\/\"><img loading=\"lazy\" decoding=\"async\" class=\"aligncenter wp-image-669 size-medium\" src=\"https:\/\/pages.pedf.cuni.cz\/pedinfo\/files\/2018\/08\/ote-300x46.png\" alt=\"\" width=\"300\" height=\"46\" srcset=\"https:\/\/pages.pedf.cuni.cz\/pedinfo\/files\/2018\/08\/ote-300x46.png 300w, https:\/\/pages.pedf.cuni.cz\/pedinfo\/files\/2018\/08\/ote-150x23.png 150w, https:\/\/pages.pedf.cuni.cz\/pedinfo\/files\/2018\/08\/ote.png 1000w\" sizes=\"auto, (max-width: 300px) 100vw, 300px\" \/><\/a><\/p>\n","protected":false},"excerpt":{"rendered":"<p>Pokud v\u00e1m rady zpracovan\u00e9 v\u00a0t\u00e9to p\u0159\u00edru\u010dce neposta\u010d\u00ed a pokud to bude v\u00a0na\u0161ich sil\u00e1ch, pokus\u00ed se v\u00e1m osazenstvo vr\u00e1tnice ochotn\u011b poradit. Mysl\u00edm si, \u017ee vr\u00e1tnice by m\u011bla b\u00fdt vizitkou \u0161koly, nen\u00ed proto na\u0161\u00edm c\u00edlem se na studenty mra\u010dit, p\u0159\u00edpadn\u011b je n\u011bjak zbyte\u010dn\u011b pou\u010dovat \u010di peskovat. P\u0159i vyzved\u00e1v\u00e1n\u00ed a vracen\u00ed kl\u00ed\u010d\u016f od \u0161atn\u00edch sk\u0159\u00edn\u011bk to chce jen &hellip; <a href=\"https:\/\/pages.pedf.cuni.cz\/pedinfo\/doslov-autori\/\" class=\"more-link\">Pokra\u010dov\u00e1n\u00ed textu <span class=\"screen-reader-text\">Doslov, auto\u0159i<\/span><\/a><\/p>\n","protected":false},"author":421,"featured_media":0,"parent":0,"menu_order":0,"comment_status":"closed","ping_status":"closed","template":"","meta":{"footnotes":""},"class_list":["post-98","page","type-page","status-publish","hentry"],"_links":{"self":[{"href":"https:\/\/pages.pedf.cuni.cz\/pedinfo\/wp-json\/wp\/v2\/pages\/98","targetHints":{"allow":["GET"]}}],"collection":[{"href":"https:\/\/pages.pedf.cuni.cz\/pedinfo\/wp-json\/wp\/v2\/pages"}],"about":[{"href":"https:\/\/pages.pedf.cuni.cz\/pedinfo\/wp-json\/wp\/v2\/types\/page"}],"author":[{"embeddable":true,"href":"https:\/\/pages.pedf.cuni.cz\/pedinfo\/wp-json\/wp\/v2\/users\/421"}],"replies":[{"embeddable":true,"href":"https:\/\/pages.pedf.cuni.cz\/pedinfo\/wp-json\/wp\/v2\/comments?post=98"}],"version-history":[{"count":21,"href":"https:\/\/pages.pedf.cuni.cz\/pedinfo\/wp-json\/wp\/v2\/pages\/98\/revisions"}],"predecessor-version":[{"id":1845,"href":"https:\/\/pages.pedf.cuni.cz\/pedinfo\/wp-json\/wp\/v2\/pages\/98\/revisions\/1845"}],"wp:attachment":[{"href":"https:\/\/pages.pedf.cuni.cz\/pedinfo\/wp-json\/wp\/v2\/media?parent=98"}],"curies":[{"name":"wp","href":"https:\/\/api.w.org\/{rel}","templated":true}]}}