{"id":3,"date":"2014-10-24T09:50:19","date_gmt":"2014-10-24T09:50:19","guid":{"rendered":"http:\/\/pages.pedf.cuni.cz\/poradny\/?page_id=3"},"modified":"2022-10-31T18:59:13","modified_gmt":"2022-10-31T17:59:13","slug":"uvodni-stranka","status":"publish","type":"page","link":"https:\/\/pages.pedf.cuni.cz\/poradny\/","title":{"rendered":"\u00davod"},"content":{"rendered":"<p>Str\u00e1naka Akademick\u00e9 poradny byla p\u0159esunnuta na nov\u00e9 str\u00e1nky:<\/p>\n<blockquote class=\"wp-embedded-content\" data-secret=\"SporAVGTeu\"><p><a href=\"https:\/\/pages.pedf.cuni.cz\/poradna\/\">\u00davodn\u00ed str\u00e1nka<\/a><\/p><\/blockquote>\n<p><iframe loading=\"lazy\" class=\"wp-embedded-content\" sandbox=\"allow-scripts\" security=\"restricted\" style=\"position: absolute; clip: rect(1px, 1px, 1px, 1px);\" title=\"&#8222;\u00davodn\u00ed str\u00e1nka&#8220; &#8212; Akademick\u00e1 poradna\" src=\"https:\/\/pages.pedf.cuni.cz\/poradna\/embed\/#?secret=x9D9ou0RDC#?secret=SporAVGTeu\" data-secret=\"SporAVGTeu\" width=\"600\" height=\"338\" frameborder=\"0\" marginwidth=\"0\" marginheight=\"0\" scrolling=\"no\"><\/iframe><\/p>\n","protected":false},"excerpt":{"rendered":"<p>Str\u00e1naka Akademick\u00e9 poradny byla p\u0159esunnuta na nov\u00e9 str\u00e1nky: \u00davodn\u00ed str\u00e1nka<\/p>\n","protected":false},"author":1,"featured_media":0,"parent":0,"menu_order":0,"comment_status":"closed","ping_status":"open","template":"","meta":{"footnotes":""},"class_list":["post-3","page","type-page","status-publish","hentry"],"_links":{"self":[{"href":"https:\/\/pages.pedf.cuni.cz\/poradny\/wp-json\/wp\/v2\/pages\/3","targetHints":{"allow":["GET"]}}],"collection":[{"href":"https:\/\/pages.pedf.cuni.cz\/poradny\/wp-json\/wp\/v2\/pages"}],"about":[{"href":"https:\/\/pages.pedf.cuni.cz\/poradny\/wp-json\/wp\/v2\/types\/page"}],"author":[{"embeddable":true,"href":"https:\/\/pages.pedf.cuni.cz\/poradny\/wp-json\/wp\/v2\/users\/1"}],"replies":[{"embeddable":true,"href":"https:\/\/pages.pedf.cuni.cz\/poradny\/wp-json\/wp\/v2\/comments?post=3"}],"version-history":[{"count":21,"href":"https:\/\/pages.pedf.cuni.cz\/poradny\/wp-json\/wp\/v2\/pages\/3\/revisions"}],"predecessor-version":[{"id":443,"href":"https:\/\/pages.pedf.cuni.cz\/poradny\/wp-json\/wp\/v2\/pages\/3\/revisions\/443"}],"wp:attachment":[{"href":"https:\/\/pages.pedf.cuni.cz\/poradny\/wp-json\/wp\/v2\/media?parent=3"}],"curies":[{"name":"wp","href":"https:\/\/api.w.org\/{rel}","templated":true}]}}