{"id":27,"date":"2018-03-18T15:30:02","date_gmt":"2018-03-18T14:30:02","guid":{"rendered":"http:\/\/pages.pedf.cuni.cz\/prevzd\/?page_id=27"},"modified":"2018-04-07T14:50:55","modified_gmt":"2018-04-07T12:50:55","slug":"harmonogram","status":"publish","type":"page","link":"https:\/\/pages.pedf.cuni.cz\/prevzd\/harmonogram\/","title":{"rendered":"Harmonogram"},"content":{"rendered":"<ul class=\"list-pages-shortcode child-pages\"><li class=\"page_item page-item-67\"><a href=\"https:\/\/pages.pedf.cuni.cz\/prevzd\/harmonogram\/harmonogram-klicovych-aktivit\/\">Harmonogram kl\u00ed\u010dov\u00fdch aktivit<\/a><\/li>\n<li class=\"page_item page-item-68\"><a href=\"https:\/\/pages.pedf.cuni.cz\/prevzd\/harmonogram\/harmonogram-podaktivit-projektu\/\">Harmonogram podaktivit projektu<\/a><\/li>\n<\/ul>\n","protected":false},"excerpt":{"rendered":"","protected":false},"author":1,"featured_media":0,"parent":0,"menu_order":0,"comment_status":"closed","ping_status":"closed","template":"","meta":{"footnotes":""},"class_list":["post-27","page","type-page","status-publish","hentry"],"_links":{"self":[{"href":"https:\/\/pages.pedf.cuni.cz\/prevzd\/wp-json\/wp\/v2\/pages\/27","targetHints":{"allow":["GET"]}}],"collection":[{"href":"https:\/\/pages.pedf.cuni.cz\/prevzd\/wp-json\/wp\/v2\/pages"}],"about":[{"href":"https:\/\/pages.pedf.cuni.cz\/prevzd\/wp-json\/wp\/v2\/types\/page"}],"author":[{"embeddable":true,"href":"https:\/\/pages.pedf.cuni.cz\/prevzd\/wp-json\/wp\/v2\/users\/1"}],"replies":[{"embeddable":true,"href":"https:\/\/pages.pedf.cuni.cz\/prevzd\/wp-json\/wp\/v2\/comments?post=27"}],"version-history":[{"count":6,"href":"https:\/\/pages.pedf.cuni.cz\/prevzd\/wp-json\/wp\/v2\/pages\/27\/revisions"}],"predecessor-version":[{"id":71,"href":"https:\/\/pages.pedf.cuni.cz\/prevzd\/wp-json\/wp\/v2\/pages\/27\/revisions\/71"}],"wp:attachment":[{"href":"https:\/\/pages.pedf.cuni.cz\/prevzd\/wp-json\/wp\/v2\/media?parent=27"}],"curies":[{"name":"wp","href":"https:\/\/api.w.org\/{rel}","templated":true}]}}