{"id":283,"date":"2020-01-27T11:59:41","date_gmt":"2020-01-27T10:59:41","guid":{"rendered":"http:\/\/pages.pedf.cuni.cz\/prevzd\/?page_id=283"},"modified":"2020-02-17T11:08:14","modified_gmt":"2020-02-17T10:08:14","slug":"vizualni-identita-logo-prezencni-listiny-prezentace","status":"publish","type":"page","link":"https:\/\/pages.pedf.cuni.cz\/prevzd\/pro-resitele\/vizualni-identita-logo-prezencni-listiny-prezentace\/","title":{"rendered":"Vizu\u00e1ln\u00ed identita (logo, prezen\u010dn\u00ed listiny, prezentace)"},"content":{"rendered":"","protected":false},"excerpt":{"rendered":"","protected":false},"author":35,"featured_media":0,"parent":299,"menu_order":2,"comment_status":"closed","ping_status":"closed","template":"","meta":{"footnotes":""},"class_list":["post-283","page","type-page","status-publish","hentry"],"_links":{"self":[{"href":"https:\/\/pages.pedf.cuni.cz\/prevzd\/wp-json\/wp\/v2\/pages\/283","targetHints":{"allow":["GET"]}}],"collection":[{"href":"https:\/\/pages.pedf.cuni.cz\/prevzd\/wp-json\/wp\/v2\/pages"}],"about":[{"href":"https:\/\/pages.pedf.cuni.cz\/prevzd\/wp-json\/wp\/v2\/types\/page"}],"author":[{"embeddable":true,"href":"https:\/\/pages.pedf.cuni.cz\/prevzd\/wp-json\/wp\/v2\/users\/35"}],"replies":[{"embeddable":true,"href":"https:\/\/pages.pedf.cuni.cz\/prevzd\/wp-json\/wp\/v2\/comments?post=283"}],"version-history":[{"count":6,"href":"https:\/\/pages.pedf.cuni.cz\/prevzd\/wp-json\/wp\/v2\/pages\/283\/revisions"}],"predecessor-version":[{"id":304,"href":"https:\/\/pages.pedf.cuni.cz\/prevzd\/wp-json\/wp\/v2\/pages\/283\/revisions\/304"}],"up":[{"embeddable":true,"href":"https:\/\/pages.pedf.cuni.cz\/prevzd\/wp-json\/wp\/v2\/pages\/299"}],"wp:attachment":[{"href":"https:\/\/pages.pedf.cuni.cz\/prevzd\/wp-json\/wp\/v2\/media?parent=283"}],"curies":[{"name":"wp","href":"https:\/\/api.w.org\/{rel}","templated":true}]}}