{"id":3,"date":"2014-10-24T09:50:19","date_gmt":"2014-10-24T09:50:19","guid":{"rendered":"http:\/\/pages.pedf.cuni.cz\/prevzd\/?page_id=3"},"modified":"2020-11-07T16:33:13","modified_gmt":"2020-11-07T15:33:13","slug":"uvodni-stranka","status":"publish","type":"page","link":"https:\/\/pages.pedf.cuni.cz\/prevzd\/","title":{"rendered":""},"content":{"rendered":"<h3>O projektu<\/h3>\n<p style=\"text-align: justify;\">Projekt vytvo\u0159\u00ed podm\u00ednky pro kvalitn\u011bj\u0161\u00ed p\u0159\u00edpravu budouc\u00edch u\u010ditel\u016f na PedF UK, je zam\u011b\u0159en na zkvalitn\u011bn\u00ed ji\u017e existuj\u00edc\u00edch aktivit i na zaveden\u00ed vybran\u00fdch koncep\u010dn\u00edch prom\u011bn a inovac\u00ed. Konkr\u00e9tn\u011b se bude v\u011bnovat praktick\u00e9 p\u0159\u00edprav\u011b budouc\u00edch u\u010ditel\u016f (tj. pedagogick\u00fdm a oborov\u00fdm prax\u00edm), propojov\u00e1n\u00ed teoretick\u00e9 a praktick\u00e9 v\u00fduky budouc\u00edch u\u010ditel\u016f (nap\u0159. rozvoj osobnostn\u011b-soci\u00e1ln\u00edch kompetenc\u00ed), realizaci v\u00fdzkumn\u00fdch aktivit v pregradu\u00e1ln\u00edm vzd\u011bl\u00e1v\u00e1n\u00ed (nap\u0159. ak\u010dn\u00ed v\u00fdzkum, v\u00fdzkum zam\u011b\u0159en\u00fd na absolventy) a zvy\u0161ov\u00e1n\u00ed kvality pr\u00e1ce V\u0160 u\u010ditel\u016f.<\/p>\n<p style=\"text-align: justify;\">Registra\u010dn\u00ed \u010d\u00edslo projektu CZ.02.3.68\/0.0\/0.0\/16_038\/0006965.<\/p>\n<p><strong>Fyzick\u00e1 realizace projektu<\/strong><\/p>\n<ul>\n<li>Zah\u00e1jen\u00ed: 1. 1. 2018<\/li>\n<li>Ukon\u010den\u00ed: 31.12.2020<\/li>\n<li>P\u0159edpokl\u00e1dan\u00e1 doba trv\u00e1n\u00ed (v m\u011bs\u00edc\u00edch): 36,00<\/li>\n<\/ul>\n<p>&nbsp;<\/p>\n<p><strong>Konference Podpora pregradu\u00e1ln\u00edho vzd\u011bl\u00e1v\u00e1n\u00ed na PedF UK \u2013 p\u0159edstaven\u00ed v\u00fdstup\u016f projektu<\/strong><\/p>\n<p>online 24. a 25. listopadu 2020<\/p>\n<p><a href=\"https:\/\/pages.pedf.cuni.cz\/prevzd\/konference-2\/\">Program a p\u0159ihla\u0161ov\u00e1n\u00ed na konferenci ZDE<\/a><\/p>\n<p><em>Konference se kon\u00e1 pod z\u00e1\u0161titou prof. PaedDr. Radky Wildov\u00e9, CSc., prorektorky Univerzity Karlovy pro koncepci a kvalitu vzd\u011bl\u00e1vac\u00ed \u010dinnosti. <\/em><\/p>\n<p><em>Uv\u00edt\u00e1 akademick\u00e9 pracovn\u00edky, kte\u0159\u00ed se pod\u00edlej\u00ed na pedagogicko-psychologick\u00e9 p\u0159\u00edprav\u011b, oborov\u00e9 didaktiky, u\u010ditele fakultn\u00edch \u0161kol, studenty i dal\u0161\u00ed z\u00e1jemce o inovace v pregradu\u00e1ln\u00edm vzd\u011bl\u00e1v\u00e1n\u00ed u\u010ditel\u016f.<\/em><\/p>\n","protected":false},"excerpt":{"rendered":"<p>O projektu Projekt vytvo\u0159\u00ed podm\u00ednky pro kvalitn\u011bj\u0161\u00ed p\u0159\u00edpravu budouc\u00edch u\u010ditel\u016f na PedF UK, je zam\u011b\u0159en na zkvalitn\u011bn\u00ed ji\u017e existuj\u00edc\u00edch aktivit i na zaveden\u00ed vybran\u00fdch koncep\u010dn\u00edch prom\u011bn a inovac\u00ed. Konkr\u00e9tn\u011b se bude v\u011bnovat praktick\u00e9 p\u0159\u00edprav\u011b budouc\u00edch u\u010ditel\u016f (tj. pedagogick\u00fdm a oborov\u00fdm<\/p>\n","protected":false},"author":1,"featured_media":0,"parent":0,"menu_order":0,"comment_status":"closed","ping_status":"closed","template":"","meta":{"footnotes":""},"class_list":["post-3","page","type-page","status-publish","hentry"],"_links":{"self":[{"href":"https:\/\/pages.pedf.cuni.cz\/prevzd\/wp-json\/wp\/v2\/pages\/3","targetHints":{"allow":["GET"]}}],"collection":[{"href":"https:\/\/pages.pedf.cuni.cz\/prevzd\/wp-json\/wp\/v2\/pages"}],"about":[{"href":"https:\/\/pages.pedf.cuni.cz\/prevzd\/wp-json\/wp\/v2\/types\/page"}],"author":[{"embeddable":true,"href":"https:\/\/pages.pedf.cuni.cz\/prevzd\/wp-json\/wp\/v2\/users\/1"}],"replies":[{"embeddable":true,"href":"https:\/\/pages.pedf.cuni.cz\/prevzd\/wp-json\/wp\/v2\/comments?post=3"}],"version-history":[{"count":25,"href":"https:\/\/pages.pedf.cuni.cz\/prevzd\/wp-json\/wp\/v2\/pages\/3\/revisions"}],"predecessor-version":[{"id":324,"href":"https:\/\/pages.pedf.cuni.cz\/prevzd\/wp-json\/wp\/v2\/pages\/3\/revisions\/324"}],"wp:attachment":[{"href":"https:\/\/pages.pedf.cuni.cz\/prevzd\/wp-json\/wp\/v2\/media?parent=3"}],"curies":[{"name":"wp","href":"https:\/\/api.w.org\/{rel}","templated":true}]}}