{"id":35,"date":"2018-03-18T15:31:25","date_gmt":"2018-03-18T14:31:25","guid":{"rendered":"http:\/\/pages.pedf.cuni.cz\/prevzd\/?page_id=35"},"modified":"2019-05-09T11:09:21","modified_gmt":"2019-05-09T09:09:21","slug":"kontakty","status":"publish","type":"page","link":"https:\/\/pages.pedf.cuni.cz\/prevzd\/kontakty\/","title":{"rendered":"Kontakty"},"content":{"rendered":"<table>\n<tbody>\n<tr>\n<td><strong>Hlavn\u00ed mana\u017eer projektu<\/strong><\/td>\n<td>Ing. Lucie \u010cern\u00e1, <a href=\"mailto:lucie.cerna@pedf.cuni.cz\">lucie.cerna@pedf.cuni.cz<\/a><\/td>\n<\/tr>\n<tr>\n<td><strong>Asistent projektu<\/strong><\/td>\n<td>Ing. Lucie Ponicov\u00e1, <a href=\"mailto:lucie.ponicova@gmail.com\">lucie.ponicova@gmail.com<\/a><\/td>\n<\/tr>\n<tr>\n<td><strong>Finan\u010dn\u00ed mana\u017eer<\/strong><\/td>\n<td>Ing. Jana Ful\u00ednov\u00e1, <a href=\"mailto:jana.fulinova@pedf.cuni.cz\">jana.fulinova@pedf.cuni.cz<\/a><\/td>\n<\/tr>\n<tr>\n<td><strong>Kl\u00ed\u010dov\u00e1 aktivita KA02<\/strong><\/td>\n<td>Ing. Karol\u00edna Duschinsk\u00e1, Ph.D., <a href=\"mailto:karlina.duschinska@pedf.cuni.cz\">karlina.duschinska@pedf.cuni.cz<\/a><\/td>\n<\/tr>\n<tr>\n<td><strong>Kl\u00ed\u010dov\u00e1 aktivita KA03<\/strong><\/td>\n<td>PhDr. Karel Star\u00fd, Ph.D., <a href=\"mailto:karel.stary@pedf.cuni.cz\">karel.stary@pedf.cuni.cz<\/a><\/td>\n<\/tr>\n<tr>\n<td><strong>Kl\u00ed\u010dov\u00e1 aktivita KA04<\/strong><\/td>\n<td>PhDr. Jana Star\u00e1, Ph.D., <a href=\"mailto:jana.stara@pedf.cuni.cz\">jana.stara@pedf.cuni.cz<\/a><\/td>\n<\/tr>\n<tr>\n<td><strong>Kl\u00ed\u010dov\u00e1 aktivita KA05<\/strong><\/td>\n<td>PhDr. David Greger, Ph.D., <a href=\"mailto:david.greger@pedf.cuni.cz\">david.greger@pedf.cuni.cz<\/a><\/td>\n<\/tr>\n<tr>\n<td><strong>Webmaster<\/strong><\/td>\n<td>Ing. Krist\u00fdna Tu\u010dkov\u00e1, <a href=\"mailto:kristyna.tuckova@pedf.cuni.cz\">kristyna.tuckova@pedf.cuni.cz<\/a><\/td>\n<\/tr>\n<\/tbody>\n<\/table>\n<p>&nbsp;<\/p>\n<p><strong>Dal\u0161\u00ed informace o projektu jsou na t\u011bchto m\u00edstech:<\/strong><\/p>\n<p>Z\u00e1kladn\u00ed informace: <a href=\"https:\/\/www.pedf.cuni.cz\/PEDF-785.html\" target=\"_blank\" rel=\"noopener noreferrer\">https:\/\/www.pedf.cuni.cz\/PEDF-785.html<\/a><\/p>\n<p>Popisn\u00e9 informace: <a href=\"https:\/\/pedf.cuni.cz\/PEDF-1539.html\" target=\"_blank\" rel=\"noopener noreferrer\">https:\/\/pedf.cuni.cz\/PEDF-1539.html<\/a><\/p>\n","protected":false},"excerpt":{"rendered":"<p>Hlavn\u00ed mana\u017eer projektu Ing. Lucie \u010cern\u00e1, lucie.cerna@pedf.cuni.cz Asistent projektu Ing. Lucie Ponicov\u00e1, lucie.ponicova@gmail.com Finan\u010dn\u00ed mana\u017eer Ing. Jana Ful\u00ednov\u00e1, jana.fulinova@pedf.cuni.cz Kl\u00ed\u010dov\u00e1 aktivita KA02 Ing. Karol\u00edna Duschinsk\u00e1, Ph.D., karlina.duschinska@pedf.cuni.cz Kl\u00ed\u010dov\u00e1 aktivita KA03 PhDr. Karel Star\u00fd, Ph.D., karel.stary@pedf.cuni.cz Kl\u00ed\u010dov\u00e1 aktivita KA04 PhDr. Jana<\/p>\n","protected":false},"author":1,"featured_media":0,"parent":0,"menu_order":0,"comment_status":"closed","ping_status":"closed","template":"","meta":{"footnotes":""},"class_list":["post-35","page","type-page","status-publish","hentry"],"_links":{"self":[{"href":"https:\/\/pages.pedf.cuni.cz\/prevzd\/wp-json\/wp\/v2\/pages\/35","targetHints":{"allow":["GET"]}}],"collection":[{"href":"https:\/\/pages.pedf.cuni.cz\/prevzd\/wp-json\/wp\/v2\/pages"}],"about":[{"href":"https:\/\/pages.pedf.cuni.cz\/prevzd\/wp-json\/wp\/v2\/types\/page"}],"author":[{"embeddable":true,"href":"https:\/\/pages.pedf.cuni.cz\/prevzd\/wp-json\/wp\/v2\/users\/1"}],"replies":[{"embeddable":true,"href":"https:\/\/pages.pedf.cuni.cz\/prevzd\/wp-json\/wp\/v2\/comments?post=35"}],"version-history":[{"count":4,"href":"https:\/\/pages.pedf.cuni.cz\/prevzd\/wp-json\/wp\/v2\/pages\/35\/revisions"}],"predecessor-version":[{"id":142,"href":"https:\/\/pages.pedf.cuni.cz\/prevzd\/wp-json\/wp\/v2\/pages\/35\/revisions\/142"}],"wp:attachment":[{"href":"https:\/\/pages.pedf.cuni.cz\/prevzd\/wp-json\/wp\/v2\/media?parent=35"}],"curies":[{"name":"wp","href":"https:\/\/api.w.org\/{rel}","templated":true}]}}