{"id":59,"date":"2018-03-18T16:08:01","date_gmt":"2018-03-18T15:08:01","guid":{"rendered":"http:\/\/pages.pedf.cuni.cz\/prevzd\/?page_id=59"},"modified":"2019-07-28T23:18:04","modified_gmt":"2019-07-28T21:18:04","slug":"ka03-zvysovani-kvality-prace-vysokoskolskych-ucitelu","status":"publish","type":"page","link":"https:\/\/pages.pedf.cuni.cz\/prevzd\/klicove-aktivity\/ka03-zvysovani-kvality-prace-vysokoskolskych-ucitelu\/","title":{"rendered":"KA03 &#8211; Zvy\u0161ov\u00e1n\u00ed kvality pr\u00e1ce vysoko\u0161kolsk\u00fdch u\u010ditel\u016f"},"content":{"rendered":"<p><a href=\"https:\/\/pages.pedf.cuni.cz\/prevzd\/files\/2019\/07\/20190611_1534391.jpg\"><style id=\"bwg-style-0\">    #bwg_container1_0 #bwg_container2_0 .bwg-container-0.bwg-standard-thumbnails {      width: 1254px;              justify-content: center;        margin:0 auto !important;              background-color: rgba(255, 255, 255, 0.00);            padding-left: 4px;      padding-top: 4px;      max-width: 100%;            }        #bwg_container1_0 #bwg_container2_0 .bwg-container-0.bwg-standard-thumbnails .bwg-item {    justify-content: flex-start;      max-width: 250px;          }    #bwg_container1_0 #bwg_container2_0 .bwg-container-0.bwg-standard-thumbnails .bwg-item a {       margin-right: 4px;       margin-bottom: 4px;    }    #bwg_container1_0 #bwg_container2_0 .bwg-container-0.bwg-standard-thumbnails .bwg-item0 {      padding: 0px;            background-color:rgba(0,0,0, 0.30);      border: 0px none #CCCCCC;      opacity: 1.00;      border-radius: 0;      box-shadow: ;    }    #bwg_container1_0 #bwg_container2_0 .bwg-container-0.bwg-standard-thumbnails .bwg-item1 img {      max-height: none;      max-width: none;      padding: 0 !important;    }         @media only screen and (min-width: 480px) {\t\t#bwg_container1_0 #bwg_container2_0 .bwg-container-0.bwg-standard-thumbnails .bwg-item1 img {\t\t\t-webkit-transition: all .3s; transition: all .3s;\t\t}\t\t#bwg_container1_0 #bwg_container2_0 .bwg-container-0.bwg-standard-thumbnails .bwg-item1 img:hover {\t\t\t-ms-transform: scale(1.08);\t\t\t-webkit-transform: scale(1.08);\t\t\ttransform: scale(1.08);\t\t}\t\t\t\t.bwg-standard-thumbnails .bwg-zoom-effect .bwg-zoom-effect-overlay {\t\t\t\t\t\tbackground-color:rgba(0,0,0, 0.3);\t\t}\t\t.bwg-standard-thumbnails .bwg-zoom-effect:hover img {\t\t\t-ms-transform: scale(1.08);\t\t\t-webkit-transform: scale(1.08);\t\t\ttransform: scale(1.08);\t\t}\t\t      }\t    #bwg_container1_0 #bwg_container2_0 .bwg-container-0.bwg-standard-thumbnails .bwg-item1 {      padding-top: 56%;    }        #bwg_container1_0 #bwg_container2_0 .bwg-container-0.bwg-standard-thumbnails .bwg-title1 {      position: absolute;      top: 0;      z-index: 100;      width: 100%;      height: 100%;      display: flex;      justify-content: center;      align-content: center;      flex-direction: column;      opacity: 0;    }\t      #bwg_container1_0 #bwg_container2_0 .bwg-container-0.bwg-standard-thumbnails .bwg-title2,    #bwg_container1_0 #bwg_container2_0 .bwg-container-0.bwg-standard-thumbnails .bwg-ecommerce2 {      color: #FFFFFF;      font-family: Ubuntu;      font-size: 16px;      font-weight: bold;      padding: 2px;      text-shadow: ;      max-height: 100%;    }    #bwg_container1_0 #bwg_container2_0 .bwg-container-0.bwg-standard-thumbnails .bwg-thumb-description span {    color: #323A45;    font-family: Ubuntu;    font-size: 12px;    max-height: 100%;    word-wrap: break-word;    }    #bwg_container1_0 #bwg_container2_0 .bwg-container-0.bwg-standard-thumbnails .bwg-play-icon2 {      font-size: 32px;    }    #bwg_container1_0 #bwg_container2_0 .bwg-container-0.bwg-standard-thumbnails .bwg-ecommerce2 {      font-size: 19.2px;      color: #323A45;    }    <\/style>    <div id=\"bwg_container1_0\"         class=\"bwg_container bwg_thumbnail bwg_thumbnails \"         data-right-click-protection=\"0\"         data-bwg=\"0\"         data-scroll=\"0\"         data-gallery-type=\"thumbnails\"         data-gallery-view-type=\"thumbnails\"         data-current-url=\"\/prevzd\/wp-json\/wp\/v2\/pages\/59\"         data-lightbox-url=\"https:\/\/pages.pedf.cuni.cz\/prevzd\/wp-admin\/admin-ajax.php?action=GalleryBox&#038;current_view=0&#038;gallery_id=2&#038;tag=0&#038;theme_id=1&#038;shortcode_id=4&#038;sort_by=order&#038;order_by=asc&#038;current_url=%2Fprevzd%2Fwp-json%2Fwp%2Fv2%2Fpages%2F59\"         data-gallery-id=\"2\"         data-popup-width=\"800\"         data-popup-height=\"500\"         data-is-album=\"gallery\"         data-buttons-position=\"bottom\">      <div id=\"bwg_container2_0\">             <div id=\"ajax_loading_0\" class=\"bwg_loading_div_1\">      <div class=\"bwg_loading_div_2\">        <div class=\"bwg_loading_div_3\">          <div id=\"loading_div_0\" class=\"bwg_spider_ajax_loading\">          <\/div>        <\/div>      <\/div>    <\/div>            <form id=\"gal_front_form_0\"              class=\"bwg-hidden\"              method=\"post\"              action=\"#\"              data-current=\"0\"              data-shortcode-id=\"4\"              data-gallery-type=\"thumbnails\"              data-gallery-id=\"2\"              data-tag=\"0\"              data-album-id=\"0\"              data-theme-id=\"1\"              data-ajax-url=\"https:\/\/pages.pedf.cuni.cz\/prevzd\/wp-admin\/admin-ajax.php?action=bwg_frontend_data\">          <div id=\"bwg_container3_0\" class=\"bwg-background bwg-background-0\">                <div data-max-count=\"5\"         data-thumbnail-width=\"250\"         data-bwg=\"0\"         data-gallery-id=\"2\"         data-lightbox-url=\"https:\/\/pages.pedf.cuni.cz\/prevzd\/wp-admin\/admin-ajax.php?action=GalleryBox&amp;current_view=0&amp;gallery_id=2&amp;tag=0&amp;theme_id=1&amp;shortcode_id=4&amp;sort_by=order&amp;order_by=asc&amp;current_url=%2Fprevzd%2Fwp-json%2Fwp%2Fv2%2Fpages%2F59\"         id=\"bwg_thumbnails_0\"         class=\"bwg-container-0 bwg-thumbnails bwg-standard-thumbnails bwg-container bwg-border-box\">            <div class=\"bwg-item\">        <a class=\"bwg-a  bwg_lightbox\"  data-image-id=\"14\" href=\"https:\/\/pages.pedf.cuni.cz\/prevzd\/files\/photo-gallery\/imported_from_media_libray\/20190611_1534391.jpg?bwg=1564348635\" data-elementor-open-lightbox=\"no\">                <div class=\"bwg-item0 \">          <div class=\"bwg-item1 bwg-zoom-effect\">            <div class=\"bwg-item2\">              <img decoding=\"async\" class=\"skip-lazy bwg_standart_thumb_img_0 \"                   data-id=\"14\"                   data-width=\"\"                   data-height=\"\"                   data-src=\"https:\/\/pages.pedf.cuni.cz\/prevzd\/files\/photo-gallery\/imported_from_media_libray\/thumb\/20190611_1534391.jpg?bwg=1564348635\"                   src=\"https:\/\/pages.pedf.cuni.cz\/prevzd\/files\/photo-gallery\/imported_from_media_libray\/thumb\/20190611_1534391.jpg?bwg=1564348635\"                   alt=\"KA03 \u2013 Zvy\u0161ov\u00e1n\u00ed kvality pr\u00e1ce vysoko\u0161kolsk\u00fdch u\u010ditel\u016f\"                   title=\"KA03 \u2013 Zvy\u0161ov\u00e1n\u00ed kvality pr\u00e1ce vysoko\u0161kolsk\u00fdch u\u010ditel\u016f\" \/>            <\/div>            <div class=\"bwg-zoom-effect-overlay\">              <div class=\"bwg-title1\"><div class=\"bwg-title2\">KA03 \u2013 Zvy\u0161ov\u00e1n\u00ed kvality pr\u00e1ce vysoko\u0161kolsk\u00fdch u\u010ditel\u016f<\/div><\/div>                                        <\/div>          <\/div>        <\/div>                        <\/a>              <\/div>            <div class=\"bwg-item\">        <a class=\"bwg-a  bwg_lightbox\"  data-image-id=\"13\" href=\"https:\/\/pages.pedf.cuni.cz\/prevzd\/files\/photo-gallery\/imported_from_media_libray\/20190611_1532401.jpg?bwg=1564348635\" data-elementor-open-lightbox=\"no\">                <div class=\"bwg-item0 \">          <div class=\"bwg-item1 bwg-zoom-effect\">            <div class=\"bwg-item2\">              <img decoding=\"async\" class=\"skip-lazy bwg_standart_thumb_img_0 \"                   data-id=\"13\"                   data-width=\"\"                   data-height=\"\"                   data-src=\"https:\/\/pages.pedf.cuni.cz\/prevzd\/files\/photo-gallery\/imported_from_media_libray\/thumb\/20190611_1532401.jpg?bwg=1564348635\"                   src=\"https:\/\/pages.pedf.cuni.cz\/prevzd\/files\/photo-gallery\/imported_from_media_libray\/thumb\/20190611_1532401.jpg?bwg=1564348635\"                   alt=\"KA03 \u2013 Zvy\u0161ov\u00e1n\u00ed kvality pr\u00e1ce vysoko\u0161kolsk\u00fdch u\u010ditel\u016f\"                   title=\"KA03 \u2013 Zvy\u0161ov\u00e1n\u00ed kvality pr\u00e1ce vysoko\u0161kolsk\u00fdch u\u010ditel\u016f\" \/>            <\/div>            <div class=\"bwg-zoom-effect-overlay\">              <div class=\"bwg-title1\"><div class=\"bwg-title2\">KA03 \u2013 Zvy\u0161ov\u00e1n\u00ed kvality pr\u00e1ce vysoko\u0161kolsk\u00fdch u\u010ditel\u016f<\/div><\/div>                                        <\/div>          <\/div>        <\/div>                        <\/a>              <\/div>            <div class=\"bwg-item\">        <a class=\"bwg-a  bwg_lightbox\"  data-image-id=\"12\" href=\"https:\/\/pages.pedf.cuni.cz\/prevzd\/files\/photo-gallery\/imported_from_media_libray\/20190611_1535451.jpg?bwg=1564348635\" data-elementor-open-lightbox=\"no\">                <div class=\"bwg-item0 \">          <div class=\"bwg-item1 bwg-zoom-effect\">            <div class=\"bwg-item2\">              <img decoding=\"async\" class=\"skip-lazy bwg_standart_thumb_img_0 \"                   data-id=\"12\"                   data-width=\"\"                   data-height=\"\"                   data-src=\"https:\/\/pages.pedf.cuni.cz\/prevzd\/files\/photo-gallery\/imported_from_media_libray\/thumb\/20190611_1535451.jpg?bwg=1564348635\"                   src=\"https:\/\/pages.pedf.cuni.cz\/prevzd\/files\/photo-gallery\/imported_from_media_libray\/thumb\/20190611_1535451.jpg?bwg=1564348635\"                   alt=\"KA03 \u2013 Zvy\u0161ov\u00e1n\u00ed kvality pr\u00e1ce vysoko\u0161kolsk\u00fdch u\u010ditel\u016f\"                   title=\"KA03 \u2013 Zvy\u0161ov\u00e1n\u00ed kvality pr\u00e1ce vysoko\u0161kolsk\u00fdch u\u010ditel\u016f\" \/>            <\/div>            <div class=\"bwg-zoom-effect-overlay\">              <div class=\"bwg-title1\"><div class=\"bwg-title2\">KA03 \u2013 Zvy\u0161ov\u00e1n\u00ed kvality pr\u00e1ce vysoko\u0161kolsk\u00fdch u\u010ditel\u016f<\/div><\/div>                                        <\/div>          <\/div>        <\/div>                        <\/a>              <\/div>          <\/div>    <style>      \/*pagination styles*\/      #bwg_container1_0 #bwg_container2_0 .tablenav-pages_0 {\t\t\t\ttext-align: center;\t\t\t\tfont-size: 12px;\t\t\t\tfont-family: Ubuntu;\t\t\t\tfont-weight: bold;\t\t\t\tcolor: #666666;\t\t\t\tmargin: 6px 0 4px;\t\t\t\tdisplay: block;      }      @media only screen and (max-width : 320px) {      #bwg_container1_0 #bwg_container2_0 .displaying-num_0 {     \t display: none;      }      }      #bwg_container1_0 #bwg_container2_0 .displaying-num_0 {\t\t\t\tfont-size: 12px;\t\t\t\tfont-family: Ubuntu;\t\t\t\tfont-weight: bold;\t\t\t\tcolor: #666666;\t\t\t\tmargin-right: 10px;\t\t\t\tvertical-align: middle;      }      #bwg_container1_0 #bwg_container2_0 .paging-input_0 {\t\t\t\tfont-size: 12px;\t\t\t\tfont-family: Ubuntu;\t\t\t\tfont-weight: bold;\t\t\t\tcolor: #666666;\t\t\t\tvertical-align: middle;      }      #bwg_container1_0 #bwg_container2_0 .tablenav-pages_0 a.disabled,      #bwg_container1_0 #bwg_container2_0 .tablenav-pages_0 a.disabled:hover,      #bwg_container1_0 #bwg_container2_0 .tablenav-pages_0 a.disabled:focus,\t\t\t#bwg_container1_0 #bwg_container2_0 .tablenav-pages_0 input.bwg_current_page {\t\t\t\tcursor: default;\t\t\t\tcolor: rgba(102, 102, 102, 0.5);      }      #bwg_container1_0 #bwg_container2_0 .tablenav-pages_0 a,      #bwg_container1_0 #bwg_container2_0 .tablenav-pages_0 input.bwg_current_page {\t\t\t\tcursor: pointer;\t\t\t\ttext-align: center;\t\t\t\tfont-size: 12px;\t\t\t\tfont-family: Ubuntu;\t\t\t\tfont-weight: bold;\t\t\t\tcolor: #666666;\t\t\t\ttext-decoration: none;\t\t\t\tpadding: 3px 6px;\t\t\t\tmargin: 0;\t\t\t\tborder-radius: 0;\t\t\t\tborder-style: solid;\t\t\t\tborder-width: 1px;\t\t\t\tborder-color: #E3E3E3;\t\t\t\t\t\t\t\tbackground-color: rgba(255, 255, 255, 1.00);\t\t\t\tbox-shadow: 0;\t\t\t\ttransition: all 0.3s ease 0s;-webkit-transition: all 0.3s ease 0s;      }      <\/style>      <span class=\"bwg_nav_cont_0\">              <div class=\"tablenav-pages_0\">                  <\/div>                <input type=\"hidden\" id=\"page_number_0\" name=\"page_number_0\" value=\"1\" \/>      <script type=\"text\/javascript\">        if( jQuery('.bwg_nav_cont_0').length > 1 ) {          jQuery('.bwg_nav_cont_0').first().remove()        }        function spider_page_0(cur, x, y, load_more) {          if (typeof load_more == \"undefined\") {            var load_more = false;          }          if (jQuery(cur).hasClass('disabled')) {            return false;          }          var items_county_0 = 1;          switch (y) {            case 1:              if (x >= items_county_0) {                document.getElementById('page_number_0').value = items_county_0;              }              else {                document.getElementById('page_number_0').value = x + 1;              }              break;            case 2:              document.getElementById('page_number_0').value = items_county_0;              break;            case -1:              if (x == 1) {                document.getElementById('page_number_0').value = 1;              }              else {                document.getElementById('page_number_0').value = x - 1;              }              break;            case -2:              document.getElementById('page_number_0').value = 1;              break;\t\t\t\t\t\tcase 0:              document.getElementById('page_number_0').value = x;              break;            default:              document.getElementById('page_number_0').value = 1;          }          bwg_ajax('gal_front_form_0', '0', 'bwg_thumbnails_0', '0', '', 'gallery', 0, '', '', load_more, '', 1);        }                    jQuery('.first-page-0').on('click', function () {              spider_page_0(this, 1, -2, 'numeric');              return false;            });            jQuery('.prev-page-0').on('click', function () {              spider_page_0(this, 1, -1, 'numeric');              return false;            });            jQuery('.next-page-0').on('click', function () {              spider_page_0(this, 1, 1, 'numeric');              return false;            });            jQuery('.last-page-0').on('click', function () {              spider_page_0(this, 1, 2, 'numeric');              return false;            });        \t\t\t\t\/* Change page on input enter. *\/        function bwg_change_page_0( e, that ) {          if (  e.key == 'Enter' ) {            var to_page = parseInt(jQuery(that).val());            var pages_count = jQuery(that).parents(\".pagination-links\").data(\"pages-count\");            var current_url_param = jQuery(that).attr('data-url-info');            if (to_page > pages_count) {              to_page = 1;            }\t \t\t\t\t\t\t\t\t\t\t\t\tspider_page_0(this, to_page, 0, 'numeric');\t\t\t\t\t\t\treturn false;\t\t\t\t\t\t          }          return true;        }        jQuery('.bwg_load_btn_0').on('click', function () {            spider_page_0(this, 1, 1, true);            return false;        });      <\/script>      <\/span>                <\/div>        <\/form>        <style>          #bwg_container1_0 #bwg_container2_0 #spider_popup_overlay_0 {          background-color: #EEEEEE;          opacity: 0.60;          }          <\/style>        <div id=\"bwg_spider_popup_loading_0\" class=\"bwg_spider_popup_loading\"><\/div>        <div id=\"spider_popup_overlay_0\" class=\"spider_popup_overlay\" onclick=\"spider_destroypopup(1000)\"><\/div>        <input type=\"hidden\" id=\"bwg_random_seed_0\" value=\"45244108\">                <\/div>    <\/div>    <script>      if (document.readyState === 'complete') {        if( typeof bwg_main_ready == 'function' ) {          if ( jQuery(\"#bwg_container1_0\").height() ) {            bwg_main_ready(jQuery(\"#bwg_container1_0\"));          }        }      } else {        document.addEventListener('DOMContentLoaded', function() {          if( typeof bwg_main_ready == 'function' ) {            if ( jQuery(\"#bwg_container1_0\").height() ) {             bwg_main_ready(jQuery(\"#bwg_container1_0\"));            }          }        });      }    <\/script>    <\/p>\n<p><\/a><\/p>\n<table width=\"500\">\n<tbody>\n<tr>\n<td style=\"background-color: #77cc6d;\" nowrap=\"nowrap\"><strong>\u00a0Tv\u016frci v\u00fdukov\u00fdch materi\u00e1l\u016f v AJ<\/strong><\/td>\n<td style=\"background-color: #77cc6d;\"><strong>Katedra<\/strong><\/td>\n<\/tr>\n<tr>\n<td>Francov\u00e1 Veronika<\/td>\n<td>KPSy<\/td>\n<\/tr>\n<tr>\n<td>Gajdo\u0161\u00edkov\u00e1 Pavla<\/td>\n<td>KVV<\/td>\n<\/tr>\n<tr>\n<td>Horsk\u00e1 Petra<\/td>\n<td>KPPPg<\/td>\n<\/tr>\n<tr>\n<td>Chroustov\u00e1 Kate\u0159ina<\/td>\n<td>KCHDCH<\/td>\n<\/tr>\n<tr>\n<td>Kales Josef<\/td>\n<td>KDDD<\/td>\n<\/tr>\n<tr>\n<td>Kr\u00e1tk\u00e1 Jana<\/td>\n<td>KPPPg<\/td>\n<\/tr>\n<tr>\n<td>Kursch Martin<\/td>\n<td>KAMV<\/td>\n<\/tr>\n<tr>\n<td>Lukavsk\u00e1 Kate\u0159ina<\/td>\n<td>KPsy<\/td>\n<\/tr>\n<tr>\n<td>N\u011bmec Zbyn\u011bk<\/td>\n<td>KSpg<\/td>\n<\/tr>\n<tr>\n<td>N\u011bme\u010dkov\u00e1 Linda<\/td>\n<td>KBES<\/td>\n<\/tr>\n<tr>\n<td>Novotn\u00e1 Kate\u0159ina<\/td>\n<td>\u00daVRV<\/td>\n<\/tr>\n<tr>\n<td>P\u00e1chov\u00e1 Anna<\/td>\n<td>KPsy<\/td>\n<\/tr>\n<tr>\n<td>P\u011bni\u010dka Jaroslav<\/td>\n<td>KPPPg<\/td>\n<\/tr>\n<tr>\n<td>Selcuk Hasan<\/td>\n<td>KPg<\/td>\n<\/tr>\n<tr>\n<td>Scheithauerov\u00e1 Lenka<\/td>\n<td>KPg<\/td>\n<\/tr>\n<tr>\n<td>Sl\u00e1dkov\u00e1 Kate\u0159ina<\/td>\n<td>KDDD<\/td>\n<\/tr>\n<tr>\n<td>Svato\u0161ov\u00e1 Zuzana<\/td>\n<td>KVV<\/td>\n<\/tr>\n<tr>\n<td>Svobodov\u00e1 Zuzana<\/td>\n<td>KAMV<\/td>\n<\/tr>\n<tr>\n<td>\u0160\u0165astn\u00fd V\u00edt<\/td>\n<td>\u00daVRV<\/td>\n<\/tr>\n<tr>\n<td>Topolovsk\u00e1 Tereza<\/td>\n<td>KAJL<\/td>\n<\/tr>\n<tr>\n<td>Zamboj Michal<\/td>\n<td>KMDM<\/td>\n<\/tr>\n<tr>\n<td>Zicha Zbyn\u011bk<\/td>\n<td>KOVF<\/td>\n<\/tr>\n<\/tbody>\n<\/table>\n<p>&nbsp;<\/p>\n<table width=\"500\">\n<tbody>\n<tr>\n<td style=\"background-color: #77cc6d;\"><strong>Mento\u0159i <\/strong><\/td>\n<td style=\"background-color: #77cc6d;\"><strong>Katedra<\/strong><\/td>\n<td style=\"background-color: #77cc6d;\"><strong>Mentorovan\u00fd<\/strong><\/td>\n<\/tr>\n<tr>\n<td>Andreska Jan<\/td>\n<td>Katedra biologie a environment\u00e1ln\u00edch studi\u00ed<\/td>\n<td>dr. Jana Sk\u00fdbov\u00e1<\/td>\n<\/tr>\n<tr>\n<td>B\u00edlek Martin<\/td>\n<td>Katedra chemie a didaktiky chemie<\/td>\n<td>dr. Martin Rusek<\/td>\n<\/tr>\n<tr>\n<td>\u010cervinkov\u00e1 Poesov\u00e1 Krist\u00fdna<\/td>\n<td>Katedra anglick\u00e9ho jazyka a literatury<\/td>\n<td>dr. Barbora P\u011bni\u010dkov\u00e1<\/td>\n<\/tr>\n<tr>\n<td>Duschinsk\u00e1 Karolina<\/td>\n<td>Katedra pedagogiky<\/td>\n<td>Mgr. Alena Thorovsk\u00e1<\/td>\n<\/tr>\n<tr>\n<td>Ehler Edvard<\/td>\n<td>Katedra biologie a environment\u00e1ln\u00edch studi\u00ed<\/td>\n<td>dr. Dagmar \u0158\u00edhov\u00e1<\/td>\n<\/tr>\n<tr>\n<td>Fulkov\u00e1 Marie<\/td>\n<td>Katedra v\u00fdtvarn\u00e9 v\u00fdchovy<\/td>\n<td>MgA. Jan Pfeiffer<\/td>\n<\/tr>\n<tr>\n<td>Charv\u00e1tov\u00e1 Kate\u0159ina<\/td>\n<td>Katedra d\u011bjin a didaktiky d\u011bjepisu<\/td>\n<td>Mgr. Josef Kales<\/td>\n<\/tr>\n<tr>\n<td>Jan\u010da\u0159\u00edk Anton\u00edn<\/td>\n<td>Katedra matematiky a didaktiky matematiky<\/td>\n<td>Mgr. Radka Havl\u00ed\u010dkov\u00e1<\/td>\n<\/tr>\n<tr>\n<td>Kitzbergerov\u00e1 Leonora<\/td>\n<td>Katedra v\u00fdtvarn\u00e9 v\u00fdchovy<\/td>\n<td>MgA. Pavla Gajdo\u0161\u00edkov\u00e1<\/td>\n<\/tr>\n<tr>\n<td>Kodej\u0161ka Milo\u0161<\/td>\n<td>Katedra hudebn\u00ed v\u00fdchovy<\/td>\n<td>Dr. Milena Kmentov\u00e1<\/td>\n<\/tr>\n<tr>\n<td>Kr\u010dm\u00e1\u0159ov\u00e1 Tereza<\/td>\n<td>Katedra preprim\u00e1rn\u00ed a prim\u00e1rn\u00ed pedagogiky<\/td>\n<td>Mgr. Jaroslav P\u011bni\u010dka<\/td>\n<\/tr>\n<tr>\n<td>Loudov\u00e1 Stralczynsk\u00e1 Barbora<\/td>\n<td>Katedra preprim\u00e1rn\u00ed a prim\u00e1rn\u00ed pedagogiky<\/td>\n<td>Mgr. Eva Ryb\u00e1rov\u00e1<\/td>\n<\/tr>\n<tr>\n<td>List\u00edkov\u00e1 Ren\u00e1ta<\/td>\n<td>Katedra francouzsk\u00e9ho jazyka a literatury<\/td>\n<td>Mgr. Ji\u0159\u00ed Jan\u010d\u00edk<\/td>\n<\/tr>\n<tr>\n<td>Pavlasov\u00e1 Lenka<\/td>\n<td>Katedra biologie a environment\u00e1ln\u00edch studi\u00ed<\/td>\n<td>Dr. Lucie Hlav\u00e1\u010dov\u00e1<\/td>\n<\/tr>\n<tr>\n<td>Ryb\u00e1k David<\/td>\n<td>Katedra ob\u010dansk\u00e9 v\u00fdchovy a filosofie<\/td>\n<td>dr. Andrea Fleischerov\u00e1<\/td>\n<\/tr>\n<tr>\n<td>\u0160i\u0161ka Jan<\/td>\n<td>Katedra speci\u00e1ln\u00ed pedagogiky<\/td>\n<td>dr. Tereza Hradilov\u00e1<\/td>\n<\/tr>\n<tr>\n<td>\u0160t\u00edpek Ji\u0159\u00ed<\/td>\n<td>Katedra informa\u010dn\u00edch technologi\u00ed a technick\u00e9 v\u00fdchovy<\/td>\n<td>dr. Petra Va\u0148kov\u00e1<\/td>\n<\/tr>\n<tr>\n<td>Vo\u0148kov\u00e1 Hana<\/td>\n<td>Katedra pedagogiky<\/td>\n<td>Mgr. Ond\u0159ej Papajoanu<\/td>\n<\/tr>\n<tr>\n<td>Vete\u0161ka Jaroslav<\/td>\n<td>Katedra andragogiky a managementu vzd\u011bl\u00e1v\u00e1n\u00ed<\/td>\n<td>dr. Martin Kursch<\/td>\n<\/tr>\n<tr>\n<td>Walterov\u00e1 Eli\u0161ka<\/td>\n<td>\u00dastav v\u00fdzkumu a rozvoje vzd\u011bl\u00e1v\u00e1n\u00ed<\/td>\n<td>dr. V\u00edt \u0160\u0165astn\u00fd<\/td>\n<\/tr>\n<\/tbody>\n<\/table>\n<p>&nbsp;<\/p>\n<table width=\"500\">\n<tbody>\n<tr>\n<td style=\"background-color: #77cc6d;\" nowrap=\"nowrap\"><strong>Metodici formativn\u00edho hodnocen\u00ed <\/strong><\/td>\n<td style=\"background-color: #77cc6d;\"><strong>\u00a0Katedra<\/strong><\/td>\n<\/tr>\n<tr>\n<td>Gajdo\u0161\u00edkov\u00e1 Pavla<\/td>\n<td>Katedra v\u00fdtvarn\u00e9 v\u00fdchovy<\/td>\n<\/tr>\n<tr>\n<td>Kone\u010dn\u00fd Jakub<\/td>\n<td>Katedra rusistiky a lingvodidaktiky<\/td>\n<\/tr>\n<tr>\n<td>Ku\u010derov\u00e1 Olga<\/td>\n<td>Katedra psychologie<\/td>\n<\/tr>\n<tr>\n<td>Mar\u00e1dov\u00e1 Eva<\/td>\n<td>Katedra speci\u00e1ln\u00ed pedagogiky<\/td>\n<\/tr>\n<tr>\n<td>Nov\u00e1k Jaroslav<\/td>\n<td>Katedra informa\u010dn\u00edch technologi\u00ed a technick\u00e9 v\u00fdchovy<\/td>\n<\/tr>\n<tr>\n<td>Novotn\u00e1 Kate\u0159ina<\/td>\n<td>\u00dastav v\u00fdzkumu a rozvoje vzd\u011bl\u00e1v\u00e1n\u00ed<\/td>\n<\/tr>\n<tr>\n<td>Paulov\u010d\u00e1kov\u00e1 Lucie<\/td>\n<td>Katedra andragogiky a managementu vzd\u011bl\u00e1v\u00e1n\u00ed<\/td>\n<\/tr>\n<tr>\n<td>Pavlasov\u00e1 Lenka<\/td>\n<td>Katedra biologie a environment\u00e1ln\u00edch studi\u00ed<\/td>\n<\/tr>\n<tr>\n<td>Rusek Martin<\/td>\n<td>Katedra chemie a didaktiky chemie<\/td>\n<\/tr>\n<tr>\n<td>Trojan V\u00e1clav<\/td>\n<td>\u00dastav profesn\u00edho rozvoje pracovn\u00edk\u016f ve \u0161kolstv\u00ed<\/td>\n<\/tr>\n<tr>\n<td>Vallin Petra<\/td>\n<td>Katedra preprim\u00e1rn\u00ed a prim\u00e1rn\u00ed pedagogiky<\/td>\n<\/tr>\n<tr>\n<td>Voj\u00ed\u0159 Karel<\/td>\n<td>Katedra chemie a didaktiky chemie<\/td>\n<\/tr>\n<\/tbody>\n<\/table>\n","protected":false},"excerpt":{"rendered":"<p>\u00a0Tv\u016frci v\u00fdukov\u00fdch materi\u00e1l\u016f v AJ Katedra Francov\u00e1 Veronika KPSy Gajdo\u0161\u00edkov\u00e1 Pavla KVV Horsk\u00e1 Petra KPPPg Chroustov\u00e1 Kate\u0159ina KCHDCH Kales Josef KDDD Kr\u00e1tk\u00e1 Jana KPPPg Kursch Martin KAMV Lukavsk\u00e1 Kate\u0159ina KPsy N\u011bmec Zbyn\u011bk KSpg N\u011bme\u010dkov\u00e1 Linda KBES Novotn\u00e1 Kate\u0159ina \u00daVRV P\u00e1chov\u00e1<\/p>\n","protected":false},"author":1,"featured_media":0,"parent":29,"menu_order":3,"comment_status":"closed","ping_status":"closed","template":"","meta":{"footnotes":""},"class_list":["post-59","page","type-page","status-publish","hentry"],"_links":{"self":[{"href":"https:\/\/pages.pedf.cuni.cz\/prevzd\/wp-json\/wp\/v2\/pages\/59","targetHints":{"allow":["GET"]}}],"collection":[{"href":"https:\/\/pages.pedf.cuni.cz\/prevzd\/wp-json\/wp\/v2\/pages"}],"about":[{"href":"https:\/\/pages.pedf.cuni.cz\/prevzd\/wp-json\/wp\/v2\/types\/page"}],"author":[{"embeddable":true,"href":"https:\/\/pages.pedf.cuni.cz\/prevzd\/wp-json\/wp\/v2\/users\/1"}],"replies":[{"embeddable":true,"href":"https:\/\/pages.pedf.cuni.cz\/prevzd\/wp-json\/wp\/v2\/comments?post=59"}],"version-history":[{"count":5,"href":"https:\/\/pages.pedf.cuni.cz\/prevzd\/wp-json\/wp\/v2\/pages\/59\/revisions"}],"predecessor-version":[{"id":195,"href":"https:\/\/pages.pedf.cuni.cz\/prevzd\/wp-json\/wp\/v2\/pages\/59\/revisions\/195"}],"up":[{"embeddable":true,"href":"https:\/\/pages.pedf.cuni.cz\/prevzd\/wp-json\/wp\/v2\/pages\/29"}],"wp:attachment":[{"href":"https:\/\/pages.pedf.cuni.cz\/prevzd\/wp-json\/wp\/v2\/media?parent=59"}],"curies":[{"name":"wp","href":"https:\/\/api.w.org\/{rel}","templated":true}]}}