{"id":67,"date":"2018-04-07T14:49:44","date_gmt":"2018-04-07T12:49:44","guid":{"rendered":"http:\/\/pages.pedf.cuni.cz\/prevzd\/?page_id=67"},"modified":"2018-04-07T15:00:51","modified_gmt":"2018-04-07T13:00:51","slug":"harmonogram-klicovych-aktivit","status":"publish","type":"page","link":"https:\/\/pages.pedf.cuni.cz\/prevzd\/harmonogram\/harmonogram-klicovych-aktivit\/","title":{"rendered":"Harmonogram kl\u00ed\u010dov\u00fdch aktivit"},"content":{"rendered":"<table width=\"624\">\n<tbody>\n<tr>\n<td width=\"171\"><strong>Rok realizace projektu<\/strong><\/td>\n<td colspan=\"12\" width=\"453\"><strong>2018<\/strong><\/td>\n<\/tr>\n<tr>\n<td width=\"171\"><strong>M\u011bs\u00edc<\/strong><\/td>\n<td width=\"37\"><strong>I.<\/strong><\/td>\n<td width=\"38\"><strong>II.<\/strong><\/td>\n<td width=\"38\"><strong>III.<\/strong><\/td>\n<td width=\"38\"><strong>IV.<\/strong><\/td>\n<td width=\"38\"><strong>V.<\/strong><\/td>\n<td width=\"38\"><strong>VI.<\/strong><\/td>\n<td width=\"38\"><strong>VII.<\/strong><\/td>\n<td width=\"39\"><strong>VIII.<\/strong><\/td>\n<td width=\"38\"><strong>IX.<\/strong><\/td>\n<td width=\"37\"><strong>X.<\/strong><\/td>\n<td width=\"38\"><strong>XI.<\/strong><\/td>\n<td width=\"38\"><strong>XII.<\/strong><\/td>\n<\/tr>\n<tr>\n<td width=\"171\">KA01 &#8211; \u0158\u00edzen\u00ed projektu<\/td>\n<td style=\"background-color: #ffed78; width: 37px;\" width=\"37\">X<\/td>\n<td style=\"background-color: #ffed78; width: 37px;\" width=\"38\">X<\/td>\n<td style=\"background-color: #ffed78; width: 37px;\" width=\"38\">X<\/td>\n<td style=\"background-color: #ffed78; width: 37px;\" width=\"38\">X<\/td>\n<td style=\"background-color: #ffed78; width: 37px;\" width=\"38\">X<\/td>\n<td style=\"background-color: #ffed78; width: 37px;\" width=\"38\">X<\/td>\n<td style=\"background-color: #ffed78; width: 37px;\" width=\"38\">X<\/td>\n<td style=\"background-color: #ffed78; width: 37px;\" width=\"39\">X<\/td>\n<td style=\"background-color: #ffed78; width: 37px;\" width=\"38\">X<\/td>\n<td style=\"background-color: #ffed78; width: 37px;\" width=\"37\">X<\/td>\n<td style=\"background-color: #ffed78; width: 37px;\" width=\"38\">X<\/td>\n<td style=\"background-color: #ffed78; width: 37px;\" width=\"38\">X<\/td>\n<\/tr>\n<tr>\n<td width=\"171\">KA02 &#8211; Zvy\u0161ov\u00e1n\u00ed kvality praktick\u00e9 p\u0159\u00edpravy student\u016f-budouc\u00edch u\u010ditel\u016f<\/td>\n<td style=\"background-color: #ff8f5c; width: 37px;\" width=\"37\">X<\/td>\n<td style=\"background-color: #ff8f5c; width: 37px;\" width=\"38\">X<\/td>\n<td style=\"background-color: #ff8f5c; width: 37px;\" width=\"38\">X<\/td>\n<td style=\"background-color: #ff8f5c; width: 37px;\" width=\"38\">X<\/td>\n<td style=\"background-color: #ff8f5c; width: 37px;\" width=\"38\">X<\/td>\n<td style=\"background-color: #ff8f5c; width: 37px;\" width=\"38\">X<\/td>\n<td style=\"background-color: #ff8f5c; width: 37px;\" width=\"38\">X<\/td>\n<td style=\"background-color: #ff8f5c; width: 37px;\" width=\"39\">X<\/td>\n<td style=\"background-color: #ff8f5c; width: 37px;\" width=\"38\">X<\/td>\n<td style=\"background-color: #ff8f5c; width: 37px;\" width=\"37\">X<\/td>\n<td style=\"background-color: #ff8f5c; width: 37px;\" width=\"38\">X<\/td>\n<td style=\"background-color: #ff8f5c; width: 37px;\" width=\"38\">X<\/td>\n<\/tr>\n<tr>\n<td width=\"171\">KA03 &#8211; Zvy\u0161ov\u00e1n\u00ed kvality pr\u00e1ce vysoko\u0161kolsk\u00fdch u\u010ditel\u016f<\/td>\n<td style=\"background-color: #8fc5ff; width: 37px;\" width=\"37\">X<\/td>\n<td style=\"background-color: #8fc5ff; width: 37px;\" width=\"38\">X<\/td>\n<td style=\"background-color: #8fc5ff; width: 37px;\" width=\"38\">X<\/td>\n<td style=\"background-color: #8fc5ff; width: 37px;\" width=\"38\">X<\/td>\n<td style=\"background-color: #8fc5ff; width: 37px;\" width=\"38\">X<\/td>\n<td style=\"background-color: #8fc5ff; width: 37px;\" width=\"38\">X<\/td>\n<td style=\"background-color: #8fc5ff; width: 37px;\" width=\"38\">X<\/td>\n<td style=\"background-color: #8fc5ff; width: 37px;\" width=\"39\">X<\/td>\n<td style=\"background-color: #8fc5ff; width: 37px;\" width=\"38\">X<\/td>\n<td style=\"background-color: #8fc5ff; width: 37px;\" width=\"37\">X<\/td>\n<td style=\"background-color: #8fc5ff; width: 37px;\" width=\"38\">X<\/td>\n<td style=\"background-color: #8fc5ff; width: 37px;\" width=\"38\">X<\/td>\n<\/tr>\n<tr>\n<td width=\"171\">KA04 &#8211; Rozvoj kompetenc\u00ed student\u016f-budouc\u00edch u\u010ditel\u016f propojov\u00e1n\u00edm teoretick\u00e9 a praktick\u00e9 v\u00fduky<\/td>\n<td style=\"background-color: #fc606d; width: 37px;\" width=\"37\">X<\/td>\n<td style=\"background-color: #fc606d; width: 37px;\" width=\"38\">X<\/td>\n<td style=\"background-color: #fc606d; width: 37px;\" width=\"38\">X<\/td>\n<td style=\"background-color: #fc606d; width: 37px;\" width=\"38\">X<\/td>\n<td style=\"background-color: #fc606d; width: 37px;\" width=\"38\">X<\/td>\n<td style=\"background-color: #fc606d; width: 37px;\" width=\"38\">X<\/td>\n<td style=\"background-color: #fc606d; width: 37px;\" width=\"38\">X<\/td>\n<td style=\"background-color: #fc606d; width: 37px;\" width=\"39\">X<\/td>\n<td style=\"background-color: #fc606d; width: 37px;\" width=\"38\">X<\/td>\n<td style=\"background-color: #fc606d; width: 37px;\" width=\"37\">X<\/td>\n<td style=\"background-color: #fc606d; width: 37px;\" width=\"38\">X<\/td>\n<td style=\"background-color: #fc606d; width: 37px;\" width=\"38\">X<\/td>\n<\/tr>\n<tr>\n<td width=\"171\">KA05 &#8211; Realizace ak\u010dn\u00edho v\u00fdzkumu na \u0161kol\u00e1ch a v\u00fdzkum\u016f student\u016f a absolvent\u016f PedF UK<\/td>\n<td style=\"background-color: #d5ff73; width: 37px;\" width=\"37\">X<\/td>\n<td style=\"background-color: #d5ff73; width: 37px;\" width=\"38\">X<\/td>\n<td style=\"background-color: #d5ff73; width: 37px;\" width=\"38\">X<\/td>\n<td style=\"background-color: #d5ff73; width: 37px;\" width=\"38\">X<\/td>\n<td style=\"background-color: #d5ff73; width: 37px;\" width=\"38\">X<\/td>\n<td style=\"background-color: #d5ff73; width: 37px;\" width=\"38\">X<\/td>\n<td style=\"background-color: #d5ff73; width: 37px;\" width=\"38\">X<\/td>\n<td style=\"background-color: #d5ff73; width: 37px;\" width=\"39\">X<\/td>\n<td style=\"background-color: #d5ff73; width: 37px;\" width=\"38\">X<\/td>\n<td style=\"background-color: #d5ff73; width: 37px;\" width=\"37\">X<\/td>\n<td style=\"background-color: #d5ff73; width: 37px;\" width=\"38\">X<\/td>\n<td style=\"background-color: #d5ff73; width: 37px;\" width=\"38\">X<\/td>\n<\/tr>\n<\/tbody>\n<\/table>\n<table width=\"624\">\n<tbody>\n<tr>\n<td width=\"171\"><strong>Rok realizace projektu<\/strong><\/td>\n<td colspan=\"12\" width=\"453\"><strong>2019<\/strong><\/td>\n<\/tr>\n<tr>\n<td width=\"171\"><strong>M\u011bs\u00edc<\/strong><\/td>\n<td width=\"37\"><strong>I.<\/strong><\/td>\n<td width=\"38\"><strong>II.<\/strong><\/td>\n<td width=\"38\"><strong>III.<\/strong><\/td>\n<td width=\"38\"><strong>IV.<\/strong><\/td>\n<td width=\"38\"><strong>V.<\/strong><\/td>\n<td width=\"38\"><strong>VI.<\/strong><\/td>\n<td width=\"38\"><strong>VII.<\/strong><\/td>\n<td width=\"39\"><strong>VIII.<\/strong><\/td>\n<td width=\"38\"><strong>IX.<\/strong><\/td>\n<td width=\"37\"><strong>X.<\/strong><\/td>\n<td width=\"38\"><strong>XI.<\/strong><\/td>\n<td width=\"38\"><strong>XII.<\/strong><\/td>\n<\/tr>\n<tr>\n<td width=\"171\">KA01 &#8211; \u0158\u00edzen\u00ed projektu<\/td>\n<td style=\"background-color: #ffed78; width: 37px;\" width=\"37\">X<\/td>\n<td style=\"background-color: #ffed78; width: 37px;\" width=\"38\">X<\/td>\n<td style=\"background-color: #ffed78; width: 37px;\" width=\"38\">X<\/td>\n<td style=\"background-color: #ffed78; width: 37px;\" width=\"38\">X<\/td>\n<td style=\"background-color: #ffed78; width: 37px;\" width=\"38\">X<\/td>\n<td style=\"background-color: #ffed78; width: 37px;\" width=\"38\">X<\/td>\n<td style=\"background-color: #ffed78; width: 37px;\" width=\"38\">X<\/td>\n<td style=\"background-color: #ffed78; width: 37px;\" width=\"39\">X<\/td>\n<td style=\"background-color: #ffed78; width: 37px;\" width=\"38\">X<\/td>\n<td style=\"background-color: #ffed78; width: 37px;\" width=\"37\">X<\/td>\n<td style=\"background-color: #ffed78; width: 37px;\" width=\"38\">X<\/td>\n<td style=\"background-color: #ffed78; width: 37px;\" width=\"38\">X<\/td>\n<\/tr>\n<tr>\n<td width=\"171\">KA02 &#8211; Zvy\u0161ov\u00e1n\u00ed kvality praktick\u00e9 p\u0159\u00edpravy student\u016f-budouc\u00edch u\u010ditel\u016f<\/td>\n<td style=\"width: 37px; background-color: #ff8f5c;\" width=\"37\">X<\/td>\n<td style=\"width: 37px; background-color: #ff8f5c;\" width=\"38\">X<\/td>\n<td style=\"width: 37px; background-color: #ff8f5c;\" width=\"38\">X<\/td>\n<td style=\"width: 37px; background-color: #ff8f5c;\" width=\"38\">X<\/td>\n<td style=\"width: 37px; background-color: #ff8f5c;\" width=\"38\">X<\/td>\n<td style=\"width: 37px; background-color: #ff8f5c;\" width=\"38\">X<\/td>\n<td style=\"width: 37px; background-color: #ff8f5c;\" width=\"38\">X<\/td>\n<td style=\"width: 37px; background-color: #ff8f5c;\" width=\"39\">X<\/td>\n<td style=\"width: 37px; background-color: #ff8f5c;\" width=\"38\">X<\/td>\n<td style=\"width: 37px; background-color: #ff8f5c;\" width=\"37\">X<\/td>\n<td style=\"width: 37px; background-color: #ff8f5c;\" width=\"38\">X<\/td>\n<td style=\"width: 37px; background-color: #ff8f5c;\" width=\"38\">X<\/td>\n<\/tr>\n<tr>\n<td width=\"171\">KA03 &#8211; Zvy\u0161ov\u00e1n\u00ed kvality pr\u00e1ce vysoko\u0161kolsk\u00fdch u\u010ditel\u016f<\/td>\n<td style=\"background-color: #8fc5ff; width: 37px;\" width=\"37\">X<\/td>\n<td style=\"background-color: #8fc5ff; width: 37px;\" width=\"38\">X<\/td>\n<td style=\"background-color: #8fc5ff; width: 37px;\" width=\"38\">X<\/td>\n<td style=\"background-color: #8fc5ff; width: 37px;\" width=\"38\">X<\/td>\n<td style=\"background-color: #8fc5ff; width: 37px;\" width=\"38\">X<\/td>\n<td style=\"background-color: #8fc5ff; width: 37px;\" width=\"38\">X<\/td>\n<td style=\"background-color: #8fc5ff; width: 37px;\" width=\"38\">X<\/td>\n<td style=\"background-color: #8fc5ff; width: 37px;\" width=\"39\">X<\/td>\n<td style=\"background-color: #8fc5ff; width: 37px;\" width=\"38\">X<\/td>\n<td style=\"background-color: #8fc5ff; width: 37px;\" width=\"37\">X<\/td>\n<td style=\"background-color: #8fc5ff; width: 37px;\" width=\"38\">X<\/td>\n<td style=\"background-color: #8fc5ff; width: 37px;\" width=\"38\">X<\/td>\n<\/tr>\n<tr>\n<td width=\"171\">KA04 &#8211; Rozvoj kompetenc\u00ed student\u016f-budouc\u00edch u\u010ditel\u016f propojov\u00e1n\u00edm teoretick\u00e9 a praktick\u00e9 v\u00fduky<\/td>\n<td style=\"background-color: #fc606d; width: 37px;\" width=\"37\">X<\/td>\n<td style=\"background-color: #fc606d; width: 37px;\" width=\"38\">X<\/td>\n<td style=\"background-color: #fc606d; width: 37px;\" width=\"38\">X<\/td>\n<td style=\"background-color: #fc606d; width: 37px;\" width=\"38\">X<\/td>\n<td style=\"background-color: #fc606d; width: 37px;\" width=\"38\">X<\/td>\n<td style=\"background-color: #fc606d; width: 37px;\" width=\"38\">X<\/td>\n<td style=\"background-color: #fc606d; width: 37px;\" width=\"38\">X<\/td>\n<td style=\"background-color: #fc606d; width: 37px;\" width=\"39\">X<\/td>\n<td style=\"background-color: #fc606d; width: 37px;\" width=\"38\">X<\/td>\n<td style=\"background-color: #fc606d; width: 37px;\" width=\"37\">X<\/td>\n<td style=\"background-color: #fc606d; width: 37px;\" width=\"38\">X<\/td>\n<td style=\"background-color: #fc606d; width: 37px;\" width=\"38\">X<\/td>\n<\/tr>\n<tr>\n<td width=\"171\">KA05 &#8211; Realizace ak\u010dn\u00edho v\u00fdzkumu na \u0161kol\u00e1ch a v\u00fdzkum\u016f student\u016f a absolvent\u016f PedF UK<\/td>\n<td style=\"background-color: #d5ff73; width: 37px;\" width=\"37\">X<\/td>\n<td style=\"background-color: #d5ff73; width: 37px;\" width=\"38\">X<\/td>\n<td style=\"background-color: #d5ff73; width: 37px;\" width=\"38\">X<\/td>\n<td style=\"background-color: #d5ff73; width: 37px;\" width=\"38\">X<\/td>\n<td style=\"background-color: #d5ff73; width: 37px;\" width=\"38\">X<\/td>\n<td style=\"background-color: #d5ff73; width: 37px;\" width=\"38\">X<\/td>\n<td style=\"background-color: #d5ff73; width: 37px;\" width=\"38\">X<\/td>\n<td style=\"background-color: #d5ff73; width: 37px;\" width=\"39\">X<\/td>\n<td style=\"background-color: #d5ff73; width: 37px;\" width=\"38\">X<\/td>\n<td style=\"background-color: #d5ff73; width: 37px;\" width=\"37\">X<\/td>\n<td style=\"background-color: #d5ff73; width: 37px;\" width=\"38\">X<\/td>\n<td style=\"background-color: #d5ff73; width: 37px;\" width=\"38\">X<\/td>\n<\/tr>\n<\/tbody>\n<\/table>\n<table width=\"624\">\n<tbody>\n<tr>\n<td width=\"171\"><strong>Rok realizace projektu<\/strong><\/td>\n<td colspan=\"12\" width=\"453\"><strong>2020<\/strong><\/td>\n<\/tr>\n<tr>\n<td width=\"171\"><strong>M\u011bs\u00edc<\/strong><\/td>\n<td width=\"37\"><strong>I.<\/strong><\/td>\n<td width=\"38\"><strong>II.<\/strong><\/td>\n<td width=\"38\"><strong>III.<\/strong><\/td>\n<td width=\"38\"><strong>IV.<\/strong><\/td>\n<td width=\"38\"><strong>V.<\/strong><\/td>\n<td width=\"38\"><strong>VI.<\/strong><\/td>\n<td width=\"38\"><strong>VII.<\/strong><\/td>\n<td width=\"39\"><strong>VIII.<\/strong><\/td>\n<td width=\"38\"><strong>IX.<\/strong><\/td>\n<td width=\"37\"><strong>X.<\/strong><\/td>\n<td width=\"38\"><strong>XI.<\/strong><\/td>\n<td width=\"38\"><strong>XII.<\/strong><\/td>\n<\/tr>\n<tr>\n<td width=\"171\">KA01 &#8211; \u0158\u00edzen\u00ed projektu<\/td>\n<td style=\"background-color: #ffed78; width: 37px;\" width=\"37\">X<\/td>\n<td style=\"background-color: #ffed78; width: 37px;\" width=\"38\">X<\/td>\n<td style=\"background-color: #ffed78; width: 37px;\" width=\"38\">X<\/td>\n<td style=\"background-color: #ffed78; width: 37px;\" width=\"38\">X<\/td>\n<td style=\"background-color: #ffed78; width: 37px;\" width=\"38\">X<\/td>\n<td style=\"background-color: #ffed78; width: 37px;\" width=\"38\">X<\/td>\n<td width=\"38\"><\/td>\n<td width=\"39\"><\/td>\n<td width=\"38\"><\/td>\n<td width=\"37\"><\/td>\n<td width=\"38\"><\/td>\n<td width=\"38\"><\/td>\n<\/tr>\n<tr>\n<td width=\"171\">KA02 &#8211; Zvy\u0161ov\u00e1n\u00ed kvality praktick\u00e9 p\u0159\u00edpravy student\u016f-budouc\u00edch u\u010ditel\u016f<\/td>\n<td style=\"background-color: #ff8f5c; width: 37px;\" width=\"37\">X<\/td>\n<td style=\"background-color: #ff8f5c; width: 37px;\" width=\"38\">X<\/td>\n<td style=\"background-color: #ff8f5c; width: 37px;\" width=\"38\">X<\/td>\n<td style=\"background-color: #ff8f5c; width: 37px;\" width=\"38\">X<\/td>\n<td style=\"background-color: #ff8f5c; width: 37px;\" width=\"38\">X<\/td>\n<td style=\"background-color: #ff8f5c; width: 37px;\" width=\"38\">X<\/td>\n<td width=\"38\"><\/td>\n<td width=\"39\"><\/td>\n<td width=\"38\"><\/td>\n<td width=\"37\"><\/td>\n<td width=\"38\"><\/td>\n<td width=\"38\"><\/td>\n<\/tr>\n<tr>\n<td width=\"171\">KA03 &#8211; Zvy\u0161ov\u00e1n\u00ed kvality pr\u00e1ce vysoko\u0161kolsk\u00fdch u\u010ditel\u016f<\/td>\n<td style=\"background-color: #8fc5ff; width: 37px;\" width=\"37\">X<\/td>\n<td style=\"background-color: #8fc5ff; width: 37px;\" width=\"38\">X<\/td>\n<td style=\"background-color: #8fc5ff; width: 37px;\" width=\"38\">X<\/td>\n<td style=\"background-color: #8fc5ff; width: 37px;\" width=\"38\">X<\/td>\n<td style=\"background-color: #8fc5ff; width: 37px;\" width=\"38\">X<\/td>\n<td style=\"background-color: #8fc5ff; width: 37px;\" width=\"38\">X<\/td>\n<td width=\"38\"><\/td>\n<td width=\"39\"><\/td>\n<td width=\"38\"><\/td>\n<td width=\"37\"><\/td>\n<td width=\"38\"><\/td>\n<td width=\"38\"><\/td>\n<\/tr>\n<tr>\n<td width=\"171\">KA04 &#8211; Rozvoj kompetenc\u00ed student\u016f-budouc\u00edch u\u010ditel\u016f propojov\u00e1n\u00edm teoretick\u00e9 a praktick\u00e9 v\u00fduky<\/td>\n<td style=\"background-color: #fc606d; width: 37px;\" width=\"37\">X<\/td>\n<td style=\"background-color: #fc606d; width: 37px;\" width=\"38\">X<\/td>\n<td style=\"background-color: #fc606d; width: 37px;\" width=\"38\">X<\/td>\n<td style=\"background-color: #fc606d; width: 37px;\" width=\"38\">X<\/td>\n<td style=\"background-color: #fc606d; width: 37px;\" width=\"38\">X<\/td>\n<td style=\"background-color: #fc606d; width: 37px;\" width=\"38\">X<\/td>\n<td width=\"38\"><\/td>\n<td width=\"39\"><\/td>\n<td width=\"38\"><\/td>\n<td width=\"37\"><\/td>\n<td width=\"38\"><\/td>\n<td width=\"38\"><\/td>\n<\/tr>\n<tr>\n<td width=\"171\">KA05 &#8211; Realizace ak\u010dn\u00edho v\u00fdzkumu na \u0161kol\u00e1ch a v\u00fdzkum\u016f student\u016f a absolvent\u016f PedF UK<\/td>\n<td style=\"background-color: #d5ff73; width: 37px;\" width=\"37\">X<\/td>\n<td style=\"background-color: #d5ff73; width: 37px;\" width=\"38\">X<\/td>\n<td style=\"background-color: #d5ff73; width: 37px;\" width=\"38\">X<\/td>\n<td style=\"background-color: #d5ff73; width: 37px;\" width=\"38\">X<\/td>\n<td style=\"background-color: #d5ff73; width: 37px;\" width=\"38\">X<\/td>\n<td style=\"background-color: #d5ff73; width: 37px;\" width=\"38\">X<\/td>\n<td width=\"38\"><\/td>\n<td width=\"39\"><\/td>\n<td width=\"38\"><\/td>\n<td width=\"37\"><\/td>\n<td width=\"38\"><\/td>\n<td width=\"38\"><\/td>\n<\/tr>\n<\/tbody>\n<\/table>\n<p>M\u011bs\u00edc\/m\u011bs\u00edce, v\u00a0n\u011bm\u017e\/nich\u017e bude dan\u00e1 kl\u00ed\u010dov\u00e1 aktivita realizov\u00e1na, jsou ozna\u010deny k\u0159\u00ed\u017ekem. Povinnou aktivitu \u0158\u00edzen\u00ed projektu nen\u00ed nutn\u00e9 do harmonogramu uv\u00e1d\u011bt, zde se p\u0159edpokl\u00e1d\u00e1, \u017ee bude prob\u00edhat po celou dobu realizace projektu.<\/p>\n","protected":false},"excerpt":{"rendered":"<p>Rok realizace projektu 2018 M\u011bs\u00edc I. II. III. IV. V. VI. VII. VIII. IX. X. XI. XII. KA01 &#8211; \u0158\u00edzen\u00ed projektu X X X X X X X X X X X X KA02 &#8211; Zvy\u0161ov\u00e1n\u00ed kvality praktick\u00e9 p\u0159\u00edpravy student\u016f-budouc\u00edch<\/p>\n","protected":false},"author":1,"featured_media":0,"parent":27,"menu_order":0,"comment_status":"closed","ping_status":"closed","template":"","meta":{"footnotes":""},"class_list":["post-67","page","type-page","status-publish","hentry"],"_links":{"self":[{"href":"https:\/\/pages.pedf.cuni.cz\/prevzd\/wp-json\/wp\/v2\/pages\/67","targetHints":{"allow":["GET"]}}],"collection":[{"href":"https:\/\/pages.pedf.cuni.cz\/prevzd\/wp-json\/wp\/v2\/pages"}],"about":[{"href":"https:\/\/pages.pedf.cuni.cz\/prevzd\/wp-json\/wp\/v2\/types\/page"}],"author":[{"embeddable":true,"href":"https:\/\/pages.pedf.cuni.cz\/prevzd\/wp-json\/wp\/v2\/users\/1"}],"replies":[{"embeddable":true,"href":"https:\/\/pages.pedf.cuni.cz\/prevzd\/wp-json\/wp\/v2\/comments?post=67"}],"version-history":[{"count":3,"href":"https:\/\/pages.pedf.cuni.cz\/prevzd\/wp-json\/wp\/v2\/pages\/67\/revisions"}],"predecessor-version":[{"id":73,"href":"https:\/\/pages.pedf.cuni.cz\/prevzd\/wp-json\/wp\/v2\/pages\/67\/revisions\/73"}],"up":[{"embeddable":true,"href":"https:\/\/pages.pedf.cuni.cz\/prevzd\/wp-json\/wp\/v2\/pages\/27"}],"wp:attachment":[{"href":"https:\/\/pages.pedf.cuni.cz\/prevzd\/wp-json\/wp\/v2\/media?parent=67"}],"curies":[{"name":"wp","href":"https:\/\/api.w.org\/{rel}","templated":true}]}}